{"id":9991,"date":"2025-04-13T10:05:47","date_gmt":"2025-04-13T10:05:47","guid":{"rendered":"https:\/\/docelimaoloja.com.br\/?post_type=product&#038;p=9991"},"modified":"2025-04-14T10:35:27","modified_gmt":"2025-04-14T10:35:27","slug":"mente-sa-em-corpo-sano","status":"publish","type":"product","link":"https:\/\/docelimaoloja.com.br\/en\/product\/mente-sa-em-corpo-sano\/","title":{"rendered":"Mente S\u00e3 em Corpo Sano"},"content":{"rendered":"<p>Este DUO \u00e9 para fortalecer o seu templo &#8211; corpo SANO e mente SANA &#8211; para realizar suas metas e sonhos de transforma\u00e7\u00f5es e crescimentos. Totalizando mais de 100 receitas veganas e o coador para o preparo de sucos, leites e queijos.<\/p>\n<p>Sim, muita informa\u00e7\u00e3o conceitual tanto sobre nutri\u00e7\u00e3o, bioqu\u00edmica e biof\u00edsica do c\u00e9rebro, como de sustentabilidade e caminhos para um futuro pr\u00f3spero: pessoal e planet\u00e1rio.<\/p>\n<p>E saber e n\u00e3o fazer \u00e9 o mesmo que n\u00e3o saber. Ent\u00e3o: vamos aprender e praticar com seguran\u00e7a e assertividade?<\/p>\n<p>O poder do C\u00e9rebro e da Mente (2\u00aa edi\u00e7\u00e3o) \u00e9 um Guia pr\u00e1tico para a sua Sa\u00fade Mental, Emocional e Ps\u00edquica\u2026<br \/>\nE isso tudo TODOS MERECEM. Sem separar por g\u00eanero, ra\u00e7a ou cor. Como o sol que ilumina a todos, este Guia iluminar\u00e1 voc\u00ea como um TODO deste universo que nos cobra por mais consci\u00eancia, discernimento, e m\u00faltiplas intelig\u00eancias.<br \/>\nEste \u00e9 o livro\u2026 E uma dica: n\u00e3o empreste, pois n\u00e3o te devolver\u00e3o\u2026<\/p>\n<p><strong>No livro Cad\u00ea o leite que estava aqui?<\/strong>, Concei\u00e7\u00e3o Trucom traz conceitos de latic\u00ednios veganos, muitas dicas e 70 receitas de leites, mamadeiras, refei\u00e7\u00f5es matinais, queijos firmes e cremosos, iogurtes, sobremesas l\u00e1cteas, sorvetes, molhos, doces e salgados. Tamb\u00e9m de bolos, quiches, rocamboles, massas e at\u00e9 porpetas\u2026 Tudo sem lactose ou case\u00edna, 100% vegetal e saud\u00e1vel!<\/p>\n<p>Assista a seguir nosso v\u00eddeo sobre o livro: Cad\u00ea o leite que estava AQUI?<\/p>\n<p><iframe loading=\"lazy\" title=\"Livros em Revista - &quot;Cad\u00ea o Leite que Estava Aqui?&quot; e &quot;O poder da Linha\u00e7a&quot;, de Concei\u00e7\u00e3o Trucom\" width=\"500\" height=\"281\" src=\"https:\/\/www.youtube.com\/embed\/m7g3bipX5dg?start=3&#038;feature=oembed\" frameborder=\"0\" allow=\"accelerometer; autoplay; clipboard-write; encrypted-media; gyroscope; picture-in-picture; web-share\" referrerpolicy=\"strict-origin-when-cross-origin\" allowfullscreen><\/iframe><\/p>\n<p>&nbsp;<\/p>","protected":false},"excerpt":{"rendered":"<p>Bora cuidar do corpo e da mente?<\/p>\n<p>Descubra como fortalecer seu corpo e mente de forma natural.<\/p>\n<p>Com essa dupla de guias pr\u00e1ticos voc\u00ea ter\u00e1 acesso a mais de 100 receitas veganas, testes, exerc\u00edcios e pr\u00e1ticas divertidas para uma maior qualidade de vida e bem estar.<\/p>\n<p>De forma simples e descomplicada, voc\u00ea aprender\u00e1 a fortalecer seu corpo e mente para realizar suas metas e sonhos de transforma\u00e7\u00f5es e crescimentos.<\/p>\n<p>Est\u00e1 inclu\u00eddo no combo:<\/p>\n<ul>\n<li>01 livro Cad\u00ea o leite que estava AQUI? (Concei\u00e7\u00e3o Trucom)<\/li>\n<li>01 livro Mente e C\u00e9rebro Poderosos (Concei\u00e7\u00e3o Trucom)<\/li>\n<li>01 PF1\u00a0 (coador em voil para o preparo de sucos, leites, g\u00e9is e queijos)<\/li>\n<\/ul>\n<p>&nbsp;<\/p>","protected":false},"featured_media":10120,"comment_status":"open","ping_status":"closed","template":"","meta":[],"product_brand":[],"product_cat":[896,125,124,936],"product_tag":[],"class_list":{"0":"post-9991","1":"product","2":"type-product","3":"status-publish","4":"has-post-thumbnail","6":"product_cat-cade-o-leite","7":"product_cat-combos-e-promocoes","8":"product_cat-livros-proprios-conceicao-trucom","9":"product_cat-livros-e-combos-com-livros","11":"first","12":"instock","13":"sale","14":"shipping-taxable","15":"purchasable","16":"product-type-simple"},"yoast_head":"<!-- This site is optimized with the Yoast SEO plugin v27.4 - https:\/\/yoast.com\/product\/yoast-seo-wordpress\/ -->\n<title>Mente S\u00e3 em Corpo Sano - Loja Doce Limao<\/title>\n<meta name=\"description\" content=\"Este DUO \u00e9 para fortalecer o seu templo - corpo SANO e mente SANA - para realizar suas metas e sonhos de transforma\u00e7\u00f5es e crescimentos. Totalizando mais de 100 receitas veganas e o coador para o preparo de sucos, leites e queijos.\" \/>\n<meta name=\"robots\" content=\"index, follow, max-snippet:-1, max-image-preview:large, max-video-preview:-1\" \/>\n<link rel=\"canonical\" href=\"https:\/\/docelimaoloja.com.br\/en\/product\/mente-sa-em-corpo-sano\/\" \/>\n<meta property=\"og:locale\" content=\"en_US\" \/>\n<meta property=\"og:type\" content=\"article\" \/>\n<meta property=\"og:title\" content=\"Mente S\u00e3 em Corpo Sano - Loja Doce Limao\" \/>\n<meta property=\"og:description\" content=\"Este DUO \u00e9 para fortalecer o seu templo - corpo SANO e mente SANA - para realizar suas metas e sonhos de transforma\u00e7\u00f5es e crescimentos. Totalizando mais de 100 receitas veganas e o coador para o preparo de sucos, leites e queijos.\" \/>\n<meta property=\"og:url\" content=\"https:\/\/docelimaoloja.com.br\/en\/product\/mente-sa-em-corpo-sano\/\" \/>\n<meta property=\"og:site_name\" content=\"Loja Doce Limao\" \/>\n<meta property=\"article:modified_time\" content=\"2025-04-14T10:35:27+00:00\" \/>\n<meta property=\"og:image\" content=\"https:\/\/docelimaoloja.com.br\/wp-content\/uploads\/2021\/10\/combo-mente-sa-corpo-sao.jpg\" \/>\n\t<meta property=\"og:image:width\" content=\"1080\" \/>\n\t<meta property=\"og:image:height\" content=\"1080\" \/>\n\t<meta property=\"og:image:type\" content=\"image\/jpeg\" \/>\n<meta name=\"twitter:card\" content=\"summary_large_image\" \/>\n<meta name=\"twitter:label1\" content=\"Est. reading time\" \/>\n\t<meta name=\"twitter:data1\" content=\"2 minutes\" \/>\n<script type=\"application\/ld+json\" class=\"yoast-schema-graph\">{\"@context\":\"https:\\\/\\\/schema.org\",\"@graph\":[{\"@type\":\"WebPage\",\"@id\":\"https:\\\/\\\/docelimaoloja.com.br\\\/produto\\\/mente-sa-em-corpo-sano\\\/\",\"url\":\"https:\\\/\\\/docelimaoloja.com.br\\\/produto\\\/mente-sa-em-corpo-sano\\\/\",\"name\":\"Mente S\u00e3 em Corpo Sano - Loja Doce Limao\",\"isPartOf\":{\"@id\":\"https:\\\/\\\/docelimaoloja.com.br\\\/#website\"},\"primaryImageOfPage\":{\"@id\":\"https:\\\/\\\/docelimaoloja.com.br\\\/produto\\\/mente-sa-em-corpo-sano\\\/#primaryimage\"},\"image\":{\"@id\":\"https:\\\/\\\/docelimaoloja.com.br\\\/produto\\\/mente-sa-em-corpo-sano\\\/#primaryimage\"},\"thumbnailUrl\":\"https:\\\/\\\/docelimaoloja.com.br\\\/wp-content\\\/uploads\\\/2021\\\/10\\\/combo-mente-sa-corpo-sao.jpg\",\"datePublished\":\"2025-04-13T10:05:47+00:00\",\"dateModified\":\"2025-04-14T10:35:27+00:00\",\"description\":\"Este DUO \u00e9 para fortalecer o seu templo - corpo SANO e mente SANA - para realizar suas metas e sonhos de transforma\u00e7\u00f5es e crescimentos. Totalizando mais de 100 receitas veganas e o coador para o preparo de sucos, leites e queijos.\",\"breadcrumb\":{\"@id\":\"https:\\\/\\\/docelimaoloja.com.br\\\/produto\\\/mente-sa-em-corpo-sano\\\/#breadcrumb\"},\"inLanguage\":\"en-US\",\"potentialAction\":[{\"@type\":\"ReadAction\",\"target\":[\"https:\\\/\\\/docelimaoloja.com.br\\\/produto\\\/mente-sa-em-corpo-sano\\\/\"]}]},{\"@type\":\"ImageObject\",\"inLanguage\":\"en-US\",\"@id\":\"https:\\\/\\\/docelimaoloja.com.br\\\/produto\\\/mente-sa-em-corpo-sano\\\/#primaryimage\",\"url\":\"https:\\\/\\\/docelimaoloja.com.br\\\/wp-content\\\/uploads\\\/2021\\\/10\\\/combo-mente-sa-corpo-sao.jpg\",\"contentUrl\":\"https:\\\/\\\/docelimaoloja.com.br\\\/wp-content\\\/uploads\\\/2021\\\/10\\\/combo-mente-sa-corpo-sao.jpg\",\"width\":1080,\"height\":1080},{\"@type\":\"BreadcrumbList\",\"@id\":\"https:\\\/\\\/docelimaoloja.com.br\\\/produto\\\/mente-sa-em-corpo-sano\\\/#breadcrumb\",\"itemListElement\":[{\"@type\":\"ListItem\",\"position\":1,\"name\":\"In\u00edcio\",\"item\":\"https:\\\/\\\/docelimaoloja.com.br\\\/\"},{\"@type\":\"ListItem\",\"position\":2,\"name\":\"Loja Virtual\",\"item\":\"https:\\\/\\\/docelimaoloja.com.br\\\/loja-virtual\\\/\"},{\"@type\":\"ListItem\",\"position\":3,\"name\":\"Mente S\u00e3 em Corpo Sano\"}]},{\"@type\":\"WebSite\",\"@id\":\"https:\\\/\\\/docelimaoloja.com.br\\\/#website\",\"url\":\"https:\\\/\\\/docelimaoloja.com.br\\\/\",\"name\":\"Loja Doce Limao\",\"description\":\"Loja Natural\",\"publisher\":{\"@id\":\"https:\\\/\\\/docelimaoloja.com.br\\\/#organization\"},\"potentialAction\":[{\"@type\":\"SearchAction\",\"target\":{\"@type\":\"EntryPoint\",\"urlTemplate\":\"https:\\\/\\\/docelimaoloja.com.br\\\/?s={search_term_string}\"},\"query-input\":{\"@type\":\"PropertyValueSpecification\",\"valueRequired\":true,\"valueName\":\"search_term_string\"}}],\"inLanguage\":\"en-US\"},{\"@type\":\"Organization\",\"@id\":\"https:\\\/\\\/docelimaoloja.com.br\\\/#organization\",\"name\":\"Loja Doce Limao\",\"url\":\"https:\\\/\\\/docelimaoloja.com.br\\\/\",\"logo\":{\"@type\":\"ImageObject\",\"inLanguage\":\"en-US\",\"@id\":\"https:\\\/\\\/docelimaoloja.com.br\\\/#\\\/schema\\\/logo\\\/image\\\/\",\"url\":\"https:\\\/\\\/docelimaoloja.com.br\\\/wp-content\\\/uploads\\\/2020\\\/08\\\/logo-doce-limao.png\",\"contentUrl\":\"https:\\\/\\\/docelimaoloja.com.br\\\/wp-content\\\/uploads\\\/2020\\\/08\\\/logo-doce-limao.png\",\"width\":1280,\"height\":653,\"caption\":\"Loja Doce Limao\"},\"image\":{\"@id\":\"https:\\\/\\\/docelimaoloja.com.br\\\/#\\\/schema\\\/logo\\\/image\\\/\"}}]}<\/script>\n<!-- \/ Yoast SEO plugin. -->","yoast_head_json":{"title":"Mente S\u00e3 em Corpo Sano - Loja Doce Limao","description":"Este DUO \u00e9 para fortalecer o seu templo - corpo SANO e mente SANA - para realizar suas metas e sonhos de transforma\u00e7\u00f5es e crescimentos. Totalizando mais de 100 receitas veganas e o coador para o preparo de sucos, leites e queijos.","robots":{"index":"index","follow":"follow","max-snippet":"max-snippet:-1","max-image-preview":"max-image-preview:large","max-video-preview":"max-video-preview:-1"},"canonical":"https:\/\/docelimaoloja.com.br\/en\/product\/mente-sa-em-corpo-sano\/","og_locale":"en_US","og_type":"article","og_title":"Mente S\u00e3 em Corpo Sano - Loja Doce Limao","og_description":"Este DUO \u00e9 para fortalecer o seu templo - corpo SANO e mente SANA - para realizar suas metas e sonhos de transforma\u00e7\u00f5es e crescimentos. Totalizando mais de 100 receitas veganas e o coador para o preparo de sucos, leites e queijos.","og_url":"https:\/\/docelimaoloja.com.br\/en\/product\/mente-sa-em-corpo-sano\/","og_site_name":"Loja Doce Limao","article_modified_time":"2025-04-14T10:35:27+00:00","og_image":[{"width":1080,"height":1080,"url":"https:\/\/docelimaoloja.com.br\/wp-content\/uploads\/2021\/10\/combo-mente-sa-corpo-sao.jpg","type":"image\/jpeg"}],"twitter_card":"summary_large_image","twitter_misc":{"Est. reading time":"2 minutes"},"schema":{"@context":"https:\/\/schema.org","@graph":[{"@type":"WebPage","@id":"https:\/\/docelimaoloja.com.br\/produto\/mente-sa-em-corpo-sano\/","url":"https:\/\/docelimaoloja.com.br\/produto\/mente-sa-em-corpo-sano\/","name":"Mente S\u00e3 em Corpo Sano - Loja Doce Limao","isPartOf":{"@id":"https:\/\/docelimaoloja.com.br\/#website"},"primaryImageOfPage":{"@id":"https:\/\/docelimaoloja.com.br\/produto\/mente-sa-em-corpo-sano\/#primaryimage"},"image":{"@id":"https:\/\/docelimaoloja.com.br\/produto\/mente-sa-em-corpo-sano\/#primaryimage"},"thumbnailUrl":"https:\/\/docelimaoloja.com.br\/wp-content\/uploads\/2021\/10\/combo-mente-sa-corpo-sao.jpg","datePublished":"2025-04-13T10:05:47+00:00","dateModified":"2025-04-14T10:35:27+00:00","description":"Este DUO \u00e9 para fortalecer o seu templo - corpo SANO e mente SANA - para realizar suas metas e sonhos de transforma\u00e7\u00f5es e crescimentos. Totalizando mais de 100 receitas veganas e o coador para o preparo de sucos, leites e queijos.","breadcrumb":{"@id":"https:\/\/docelimaoloja.com.br\/produto\/mente-sa-em-corpo-sano\/#breadcrumb"},"inLanguage":"en-US","potentialAction":[{"@type":"ReadAction","target":["https:\/\/docelimaoloja.com.br\/produto\/mente-sa-em-corpo-sano\/"]}]},{"@type":"ImageObject","inLanguage":"en-US","@id":"https:\/\/docelimaoloja.com.br\/produto\/mente-sa-em-corpo-sano\/#primaryimage","url":"https:\/\/docelimaoloja.com.br\/wp-content\/uploads\/2021\/10\/combo-mente-sa-corpo-sao.jpg","contentUrl":"https:\/\/docelimaoloja.com.br\/wp-content\/uploads\/2021\/10\/combo-mente-sa-corpo-sao.jpg","width":1080,"height":1080},{"@type":"BreadcrumbList","@id":"https:\/\/docelimaoloja.com.br\/produto\/mente-sa-em-corpo-sano\/#breadcrumb","itemListElement":[{"@type":"ListItem","position":1,"name":"In\u00edcio","item":"https:\/\/docelimaoloja.com.br\/"},{"@type":"ListItem","position":2,"name":"Loja Virtual","item":"https:\/\/docelimaoloja.com.br\/loja-virtual\/"},{"@type":"ListItem","position":3,"name":"Mente S\u00e3 em Corpo Sano"}]},{"@type":"WebSite","@id":"https:\/\/docelimaoloja.com.br\/#website","url":"https:\/\/docelimaoloja.com.br\/","name":"Loja Doce Limao","description":"Loja Natural","publisher":{"@id":"https:\/\/docelimaoloja.com.br\/#organization"},"potentialAction":[{"@type":"SearchAction","target":{"@type":"EntryPoint","urlTemplate":"https:\/\/docelimaoloja.com.br\/?s={search_term_string}"},"query-input":{"@type":"PropertyValueSpecification","valueRequired":true,"valueName":"search_term_string"}}],"inLanguage":"en-US"},{"@type":"Organization","@id":"https:\/\/docelimaoloja.com.br\/#organization","name":"Loja Doce Limao","url":"https:\/\/docelimaoloja.com.br\/","logo":{"@type":"ImageObject","inLanguage":"en-US","@id":"https:\/\/docelimaoloja.com.br\/#\/schema\/logo\/image\/","url":"https:\/\/docelimaoloja.com.br\/wp-content\/uploads\/2020\/08\/logo-doce-limao.png","contentUrl":"https:\/\/docelimaoloja.com.br\/wp-content\/uploads\/2020\/08\/logo-doce-limao.png","width":1280,"height":653,"caption":"Loja Doce Limao"},"image":{"@id":"https:\/\/docelimaoloja.com.br\/#\/schema\/logo\/image\/"}}]}},"_links":{"self":[{"href":"https:\/\/docelimaoloja.com.br\/en\/wp-json\/wp\/v2\/product\/9991","targetHints":{"allow":["GET"]}}],"collection":[{"href":"https:\/\/docelimaoloja.com.br\/en\/wp-json\/wp\/v2\/product"}],"about":[{"href":"https:\/\/docelimaoloja.com.br\/en\/wp-json\/wp\/v2\/types\/product"}],"replies":[{"embeddable":true,"href":"https:\/\/docelimaoloja.com.br\/en\/wp-json\/wp\/v2\/comments?post=9991"}],"wp:featuredmedia":[{"embeddable":true,"href":"https:\/\/docelimaoloja.com.br\/en\/wp-json\/wp\/v2\/media\/10120"}],"wp:attachment":[{"href":"https:\/\/docelimaoloja.com.br\/en\/wp-json\/wp\/v2\/media?parent=9991"}],"wp:term":[{"taxonomy":"product_brand","embeddable":true,"href":"https:\/\/docelimaoloja.com.br\/en\/wp-json\/wp\/v2\/product_brand?post=9991"},{"taxonomy":"product_cat","embeddable":true,"href":"https:\/\/docelimaoloja.com.br\/en\/wp-json\/wp\/v2\/product_cat?post=9991"},{"taxonomy":"product_tag","embeddable":true,"href":"https:\/\/docelimaoloja.com.br\/en\/wp-json\/wp\/v2\/product_tag?post=9991"}],"curies":[{"name":"wp","href":"https:\/\/api.w.org\/{rel}","templated":true}]}}