{"id":7633,"date":"2021-03-31T18:22:24","date_gmt":"2021-03-31T18:22:24","guid":{"rendered":"https:\/\/docelimaoloja.com.br\/?post_type=product&#038;p=7633"},"modified":"2024-02-06T14:20:15","modified_gmt":"2024-02-06T14:20:15","slug":"sinergia-ansiedade-insonia-rollon","status":"publish","type":"product","link":"https:\/\/docelimaoloja.com.br\/en\/product\/sinergia-ansiedade-insonia-rollon\/","title":{"rendered":"Sinergia Ansiedade e Ins\u00f4nia rollon"},"content":{"rendered":"<p><strong>Aten\u00e7\u00e3o:<\/strong> Uso Externo = est\u00edmulo olfativo<\/p>\n<p><strong>Fun\u00e7\u00e3o:<\/strong> harmonizar, equilibrar e relaxar tens\u00f5es (f\u00edsico, emocional e mental). Conferir serenidade e maior lucidez para poder encontrar as melhores solu\u00e7\u00f5es aos desafios da vida. Durante o dia trata a ansiedade e \u00e0 noite trata a ins\u00f4nia, ou melhor, a qualidade do sono.<\/p>\n<p align=\"justify\"><strong>Formas de uso:<\/strong><br \/>\n&#8211; Durante o dia usar nas t\u00eamporas, atr\u00e1s das orelhas e nuca, ou num len\u00e7o de papel a cada 2-3 horas;<\/p>\n<p>&#8211; Na crise &#8211; passe num len\u00e7o de papel ou de algod\u00e3o e cheire procurando respirar num ritmo consciente de aprofundamento e relaxamento. Inspire em 4 tempos, segure 4 tempos, expire em 4 tempos, segure 4 tempos. Repita esta sequ\u00eancia por 3 a 5 minutos;<\/p>\n<p>&#8211; Antes de dormir e ao longo da noite: passe no travesseiro e realize a respira\u00e7\u00e3o indicada acima. Inspire falando ou pensando (paz, serenidade, sa\u00fade e alegria de viver), ao expirar fale ou pense em 4 coisas que deseja desapegar (por exemplo: ansiedade, rumin\u00e2ncia, tristeza, baixa estima). Caso acorde no meio da noite repita tudo isso;<\/p>\n<p>Aten\u00e7\u00e3o: evite usar enquanto dirige ou realiza a\u00e7\u00f5es que exigem extrema aten\u00e7\u00e3o.<\/p>","protected":false},"excerpt":{"rendered":"<p><strong>Aten\u00e7\u00e3o:<\/strong> Uso Externo = est\u00edmulo olfativo<\/p>\n<p><strong>Composi\u00e7\u00e3o:<\/strong><br \/>\nBase hidratante &#8211; azeite de baba\u00e7u + \u00f3leo de girassol.<br \/>\nAtivos arom\u00e1ticos &#8211; \u00d3leos essenciais de lavanda + lim\u00e3o tahiti + laranja doce.<\/p>\n<p><strong>Fun\u00e7\u00e3o:<\/strong> harmonizar, equilibrar e relaxar tens\u00f5es (f\u00edsico, emocional e mental). Conferir serenidade e maior lucidez para poder encontrar as melhores solu\u00e7\u00f5es aos desafios da vida. Durante o dia trata a ansiedade e \u00e0 noite trata a ins\u00f4nia, ou melhor, a qualidade do sono.<\/p>\n<p><strong>Embalagem:<\/strong> vidro \u00e2mbar com 10 ml e tampa rollon.<\/p>","protected":false},"featured_media":7645,"comment_status":"open","ping_status":"closed","template":"","meta":[],"product_brand":[],"product_cat":[786,791],"product_tag":[],"class_list":{"0":"post-7633","1":"product","2":"type-product","3":"status-publish","4":"has-post-thumbnail","6":"product_cat-aromaterapia","7":"product_cat-oleos-de-massagem","9":"first","10":"instock","11":"shipping-taxable","12":"purchasable","13":"product-type-simple"},"yoast_head":"<!-- This site is optimized with the Yoast SEO plugin v27.4 - https:\/\/yoast.com\/product\/yoast-seo-wordpress\/ -->\n<title>Sinergia Ansiedade e Ins\u00f4nia rollon - Loja Doce Limao<\/title>\n<meta name=\"description\" content=\"Sinergia Ansiedade &amp; Ins\u00f4nia. Mantenha na bolsa, escrit\u00f3rio e cabeceira da cama.\" \/>\n<meta name=\"robots\" content=\"index, follow, max-snippet:-1, max-image-preview:large, max-video-preview:-1\" \/>\n<link rel=\"canonical\" href=\"https:\/\/docelimaoloja.com.br\/en\/product\/sinergia-ansiedade-insonia-rollon\/\" \/>\n<meta property=\"og:locale\" content=\"en_US\" \/>\n<meta property=\"og:type\" content=\"article\" \/>\n<meta property=\"og:title\" content=\"Sinergia Ansiedade e Ins\u00f4nia rollon - Loja Doce Limao\" \/>\n<meta property=\"og:description\" content=\"Sinergia Ansiedade &amp; Ins\u00f4nia. Mantenha na bolsa, escrit\u00f3rio e cabeceira da cama.\" \/>\n<meta property=\"og:url\" content=\"https:\/\/docelimaoloja.com.br\/en\/product\/sinergia-ansiedade-insonia-rollon\/\" \/>\n<meta property=\"og:site_name\" content=\"Loja Doce Limao\" \/>\n<meta property=\"article:modified_time\" content=\"2024-02-06T14:20:15+00:00\" \/>\n<meta property=\"og:image\" content=\"https:\/\/docelimaoloja.com.br\/wp-content\/uploads\/2021\/03\/sinergia-capilar.jpg\" \/>\n\t<meta property=\"og:image:width\" content=\"600\" \/>\n\t<meta property=\"og:image:height\" content=\"600\" \/>\n\t<meta property=\"og:image:type\" content=\"image\/jpeg\" \/>\n<meta name=\"twitter:card\" content=\"summary_large_image\" \/>\n<meta name=\"twitter:label1\" content=\"Est. reading time\" \/>\n\t<meta name=\"twitter:data1\" content=\"2 minutes\" \/>\n<script type=\"application\/ld+json\" class=\"yoast-schema-graph\">{\"@context\":\"https:\\\/\\\/schema.org\",\"@graph\":[{\"@type\":\"WebPage\",\"@id\":\"https:\\\/\\\/docelimaoloja.com.br\\\/produto\\\/sinergia-ansiedade-insonia-rollon\\\/\",\"url\":\"https:\\\/\\\/docelimaoloja.com.br\\\/produto\\\/sinergia-ansiedade-insonia-rollon\\\/\",\"name\":\"Sinergia Ansiedade e Ins\u00f4nia rollon - Loja Doce Limao\",\"isPartOf\":{\"@id\":\"https:\\\/\\\/docelimaoloja.com.br\\\/#website\"},\"primaryImageOfPage\":{\"@id\":\"https:\\\/\\\/docelimaoloja.com.br\\\/produto\\\/sinergia-ansiedade-insonia-rollon\\\/#primaryimage\"},\"image\":{\"@id\":\"https:\\\/\\\/docelimaoloja.com.br\\\/produto\\\/sinergia-ansiedade-insonia-rollon\\\/#primaryimage\"},\"thumbnailUrl\":\"https:\\\/\\\/docelimaoloja.com.br\\\/wp-content\\\/uploads\\\/2021\\\/03\\\/sinergia-capilar.jpg\",\"datePublished\":\"2021-03-31T18:22:24+00:00\",\"dateModified\":\"2024-02-06T14:20:15+00:00\",\"description\":\"Sinergia Ansiedade & Ins\u00f4nia. Mantenha na bolsa, escrit\u00f3rio e cabeceira da cama.\",\"breadcrumb\":{\"@id\":\"https:\\\/\\\/docelimaoloja.com.br\\\/produto\\\/sinergia-ansiedade-insonia-rollon\\\/#breadcrumb\"},\"inLanguage\":\"en-US\",\"potentialAction\":[{\"@type\":\"ReadAction\",\"target\":[\"https:\\\/\\\/docelimaoloja.com.br\\\/produto\\\/sinergia-ansiedade-insonia-rollon\\\/\"]}]},{\"@type\":\"ImageObject\",\"inLanguage\":\"en-US\",\"@id\":\"https:\\\/\\\/docelimaoloja.com.br\\\/produto\\\/sinergia-ansiedade-insonia-rollon\\\/#primaryimage\",\"url\":\"https:\\\/\\\/docelimaoloja.com.br\\\/wp-content\\\/uploads\\\/2021\\\/03\\\/sinergia-capilar.jpg\",\"contentUrl\":\"https:\\\/\\\/docelimaoloja.com.br\\\/wp-content\\\/uploads\\\/2021\\\/03\\\/sinergia-capilar.jpg\",\"width\":600,\"height\":600},{\"@type\":\"BreadcrumbList\",\"@id\":\"https:\\\/\\\/docelimaoloja.com.br\\\/produto\\\/sinergia-ansiedade-insonia-rollon\\\/#breadcrumb\",\"itemListElement\":[{\"@type\":\"ListItem\",\"position\":1,\"name\":\"In\u00edcio\",\"item\":\"https:\\\/\\\/docelimaoloja.com.br\\\/\"},{\"@type\":\"ListItem\",\"position\":2,\"name\":\"Loja Virtual\",\"item\":\"https:\\\/\\\/docelimaoloja.com.br\\\/loja-virtual\\\/\"},{\"@type\":\"ListItem\",\"position\":3,\"name\":\"Sinergia Ansiedade e Ins\u00f4nia rollon\"}]},{\"@type\":\"WebSite\",\"@id\":\"https:\\\/\\\/docelimaoloja.com.br\\\/#website\",\"url\":\"https:\\\/\\\/docelimaoloja.com.br\\\/\",\"name\":\"Loja Doce Limao\",\"description\":\"Loja Natural\",\"publisher\":{\"@id\":\"https:\\\/\\\/docelimaoloja.com.br\\\/#organization\"},\"potentialAction\":[{\"@type\":\"SearchAction\",\"target\":{\"@type\":\"EntryPoint\",\"urlTemplate\":\"https:\\\/\\\/docelimaoloja.com.br\\\/?s={search_term_string}\"},\"query-input\":{\"@type\":\"PropertyValueSpecification\",\"valueRequired\":true,\"valueName\":\"search_term_string\"}}],\"inLanguage\":\"en-US\"},{\"@type\":\"Organization\",\"@id\":\"https:\\\/\\\/docelimaoloja.com.br\\\/#organization\",\"name\":\"Loja Doce Limao\",\"url\":\"https:\\\/\\\/docelimaoloja.com.br\\\/\",\"logo\":{\"@type\":\"ImageObject\",\"inLanguage\":\"en-US\",\"@id\":\"https:\\\/\\\/docelimaoloja.com.br\\\/#\\\/schema\\\/logo\\\/image\\\/\",\"url\":\"https:\\\/\\\/docelimaoloja.com.br\\\/wp-content\\\/uploads\\\/2020\\\/08\\\/logo-doce-limao.png\",\"contentUrl\":\"https:\\\/\\\/docelimaoloja.com.br\\\/wp-content\\\/uploads\\\/2020\\\/08\\\/logo-doce-limao.png\",\"width\":1280,\"height\":653,\"caption\":\"Loja Doce Limao\"},\"image\":{\"@id\":\"https:\\\/\\\/docelimaoloja.com.br\\\/#\\\/schema\\\/logo\\\/image\\\/\"}}]}<\/script>\n<!-- \/ Yoast SEO plugin. -->","yoast_head_json":{"title":"Sinergia Ansiedade e Ins\u00f4nia rollon - Loja Doce Limao","description":"Sinergia Ansiedade & Ins\u00f4nia. Mantenha na bolsa, escrit\u00f3rio e cabeceira da cama.","robots":{"index":"index","follow":"follow","max-snippet":"max-snippet:-1","max-image-preview":"max-image-preview:large","max-video-preview":"max-video-preview:-1"},"canonical":"https:\/\/docelimaoloja.com.br\/en\/product\/sinergia-ansiedade-insonia-rollon\/","og_locale":"en_US","og_type":"article","og_title":"Sinergia Ansiedade e Ins\u00f4nia rollon - Loja Doce Limao","og_description":"Sinergia Ansiedade & Ins\u00f4nia. Mantenha na bolsa, escrit\u00f3rio e cabeceira da cama.","og_url":"https:\/\/docelimaoloja.com.br\/en\/product\/sinergia-ansiedade-insonia-rollon\/","og_site_name":"Loja Doce Limao","article_modified_time":"2024-02-06T14:20:15+00:00","og_image":[{"width":600,"height":600,"url":"https:\/\/docelimaoloja.com.br\/wp-content\/uploads\/2021\/03\/sinergia-capilar.jpg","type":"image\/jpeg"}],"twitter_card":"summary_large_image","twitter_misc":{"Est. reading time":"2 minutes"},"schema":{"@context":"https:\/\/schema.org","@graph":[{"@type":"WebPage","@id":"https:\/\/docelimaoloja.com.br\/produto\/sinergia-ansiedade-insonia-rollon\/","url":"https:\/\/docelimaoloja.com.br\/produto\/sinergia-ansiedade-insonia-rollon\/","name":"Sinergia Ansiedade e Ins\u00f4nia rollon - Loja Doce Limao","isPartOf":{"@id":"https:\/\/docelimaoloja.com.br\/#website"},"primaryImageOfPage":{"@id":"https:\/\/docelimaoloja.com.br\/produto\/sinergia-ansiedade-insonia-rollon\/#primaryimage"},"image":{"@id":"https:\/\/docelimaoloja.com.br\/produto\/sinergia-ansiedade-insonia-rollon\/#primaryimage"},"thumbnailUrl":"https:\/\/docelimaoloja.com.br\/wp-content\/uploads\/2021\/03\/sinergia-capilar.jpg","datePublished":"2021-03-31T18:22:24+00:00","dateModified":"2024-02-06T14:20:15+00:00","description":"Sinergia Ansiedade & Ins\u00f4nia. Mantenha na bolsa, escrit\u00f3rio e cabeceira da cama.","breadcrumb":{"@id":"https:\/\/docelimaoloja.com.br\/produto\/sinergia-ansiedade-insonia-rollon\/#breadcrumb"},"inLanguage":"en-US","potentialAction":[{"@type":"ReadAction","target":["https:\/\/docelimaoloja.com.br\/produto\/sinergia-ansiedade-insonia-rollon\/"]}]},{"@type":"ImageObject","inLanguage":"en-US","@id":"https:\/\/docelimaoloja.com.br\/produto\/sinergia-ansiedade-insonia-rollon\/#primaryimage","url":"https:\/\/docelimaoloja.com.br\/wp-content\/uploads\/2021\/03\/sinergia-capilar.jpg","contentUrl":"https:\/\/docelimaoloja.com.br\/wp-content\/uploads\/2021\/03\/sinergia-capilar.jpg","width":600,"height":600},{"@type":"BreadcrumbList","@id":"https:\/\/docelimaoloja.com.br\/produto\/sinergia-ansiedade-insonia-rollon\/#breadcrumb","itemListElement":[{"@type":"ListItem","position":1,"name":"In\u00edcio","item":"https:\/\/docelimaoloja.com.br\/"},{"@type":"ListItem","position":2,"name":"Loja Virtual","item":"https:\/\/docelimaoloja.com.br\/loja-virtual\/"},{"@type":"ListItem","position":3,"name":"Sinergia Ansiedade e Ins\u00f4nia rollon"}]},{"@type":"WebSite","@id":"https:\/\/docelimaoloja.com.br\/#website","url":"https:\/\/docelimaoloja.com.br\/","name":"Loja Doce Limao","description":"Loja Natural","publisher":{"@id":"https:\/\/docelimaoloja.com.br\/#organization"},"potentialAction":[{"@type":"SearchAction","target":{"@type":"EntryPoint","urlTemplate":"https:\/\/docelimaoloja.com.br\/?s={search_term_string}"},"query-input":{"@type":"PropertyValueSpecification","valueRequired":true,"valueName":"search_term_string"}}],"inLanguage":"en-US"},{"@type":"Organization","@id":"https:\/\/docelimaoloja.com.br\/#organization","name":"Loja Doce Limao","url":"https:\/\/docelimaoloja.com.br\/","logo":{"@type":"ImageObject","inLanguage":"en-US","@id":"https:\/\/docelimaoloja.com.br\/#\/schema\/logo\/image\/","url":"https:\/\/docelimaoloja.com.br\/wp-content\/uploads\/2020\/08\/logo-doce-limao.png","contentUrl":"https:\/\/docelimaoloja.com.br\/wp-content\/uploads\/2020\/08\/logo-doce-limao.png","width":1280,"height":653,"caption":"Loja Doce Limao"},"image":{"@id":"https:\/\/docelimaoloja.com.br\/#\/schema\/logo\/image\/"}}]}},"_links":{"self":[{"href":"https:\/\/docelimaoloja.com.br\/en\/wp-json\/wp\/v2\/product\/7633","targetHints":{"allow":["GET"]}}],"collection":[{"href":"https:\/\/docelimaoloja.com.br\/en\/wp-json\/wp\/v2\/product"}],"about":[{"href":"https:\/\/docelimaoloja.com.br\/en\/wp-json\/wp\/v2\/types\/product"}],"replies":[{"embeddable":true,"href":"https:\/\/docelimaoloja.com.br\/en\/wp-json\/wp\/v2\/comments?post=7633"}],"wp:featuredmedia":[{"embeddable":true,"href":"https:\/\/docelimaoloja.com.br\/en\/wp-json\/wp\/v2\/media\/7645"}],"wp:attachment":[{"href":"https:\/\/docelimaoloja.com.br\/en\/wp-json\/wp\/v2\/media?parent=7633"}],"wp:term":[{"taxonomy":"product_brand","embeddable":true,"href":"https:\/\/docelimaoloja.com.br\/en\/wp-json\/wp\/v2\/product_brand?post=7633"},{"taxonomy":"product_cat","embeddable":true,"href":"https:\/\/docelimaoloja.com.br\/en\/wp-json\/wp\/v2\/product_cat?post=7633"},{"taxonomy":"product_tag","embeddable":true,"href":"https:\/\/docelimaoloja.com.br\/en\/wp-json\/wp\/v2\/product_tag?post=7633"}],"curies":[{"name":"wp","href":"https:\/\/api.w.org\/{rel}","templated":true}]}}