{"id":7446,"date":"2022-09-25T21:19:39","date_gmt":"2022-09-25T21:19:39","guid":{"rendered":"https:\/\/docelimaoloja.com.br\/?post_type=product&#038;p=7446"},"modified":"2025-09-24T17:38:13","modified_gmt":"2025-09-24T17:38:13","slug":"sal-flocado-integral-e-artesanal-1kg","status":"publish","type":"product","link":"https:\/\/docelimaoloja.com.br\/en\/product\/sal-flocado-integral-e-artesanal-1kg\/","title":{"rendered":"Sal PREMIUM &#8211; Magn\u00e9sio PLUS"},"content":{"rendered":"<p>Todo sal \u00e9 marinho, mas o ideal \u00e9 que seja fresco e n\u00e3o rochoso\u2026<\/p>\n<p>Porque o sal fresco \u00e9 quando realmente podemos chamar de Salus \u2013 Deusa Romana da Sa\u00fade<i>.<\/i><\/p>\n<p style=\"text-align: center\"><i>O sal fresco, artesanal e integral <strong>N\u00c3O\u00a0<\/strong>\u00e9 lavado, aditivado ou empilhado.<br \/>\nPorque o empilhamento gera lixiviamento (drenagem dos sais sol\u00faveis em \u00e1gua<br \/>\ncomo os citados abaixo) e empedramento.<br \/>\nSais frescos s\u00e3o FLOCADOS, jamais em pedras.<br \/>\n<\/i><\/p>\n<p style=\"text-align: left\">Por sua riqueza em sais de magn\u00e9sio e pot\u00e1ssio (hidrosc\u00f3picos) trata-se de um sal \u2018MELADO\u2019 ideal ser usado em finaliza\u00e7\u00f5es ou em formula\u00e7\u00f5es de fitosais, quando integramos a este sal polimineral a riqueza de fitos presentes em especiarias, plantas, frutas e cascas c\u00edtricas.<\/p>\n<p>Indicado tamb\u00e9m para a Cosm\u00e9tica Natural e em f\u00f3rmulas da Farm\u00e1cia Viva!<\/p>\n<p>Um dos benef\u00edcios deste nosso sal INTEGRAL \u00e9 a apresenta\u00e7\u00e3o de uma menor taxa de s\u00f3dio, evitando problemas como a reten\u00e7\u00e3o de l\u00edquidos e o ganho de peso.<\/p>\n<p>Para conferir mais informa\u00e7\u00f5es sobre nosso Sal Premium e\u00a0 ensaios anal\u00edticos acesse: <a href=\"https:\/\/www.docelimao.com.br\/site\/de-bem-com-o-planeta\/agricultor-e-consumidor-conscientes\/3443-sal-premium-ensaios-analiticos.html\" target=\"_blank\" rel=\"noopener\">https:\/\/www.docelimao.com.br\/site\/de-bem-com-o-planeta\/agricultor-e-consumidor-conscientes\/3443-sal-premium-ensaios-analiticos.html<\/a><\/p>\n<p><strong>ATEN\u00c7\u00c3O: produto sem aditiva\u00e7\u00e3o de IODO.<\/strong><\/p>\n<p>Assista a seguir o v\u00eddeo sobre nossos Fito Sais:<\/p>\n<div class=\"iframe-container\">\n<p><iframe loading=\"lazy\" src=\"https:\/\/www.youtube.com\/embed\/R5DGnemHXCM?si=IfiPSXIlQSxpuMUR\" width=\"560\" height=\"315\" frameborder=\"0\" allowfullscreen=\"allowfullscreen\"><\/iframe><\/p>\n<\/div>","protected":false},"excerpt":{"rendered":"<p>Sal fresco, integral e artesanal. Flocado, n\u00e3o lavado, n\u00e3o mo\u00eddo. Co-produto da Flor de Sal, produzido pela CimSal que fica em Areia Branca, munic\u00edpio de Mossor\u00f3\/RN.<\/p>\n<p><strong>Aten\u00e7\u00e3o:<\/strong> Com 50% mais de riqueza em magn\u00e9sio, sua apar\u00eancia \u00e9 mais amarelada e melada, j\u00e1 que o cloreto de magn\u00e9sio em presen\u00e7a da umidade confere um toque de oleosidade a este sal.<\/p>\n<p><strong>Sal isento de aditivos, entre eles o iodato aditivado.<\/strong><\/p>\n<p><span style=\"color: #0000ff\"><strong>Importante lembrar que todos os nossos Fito Sais s\u00e3o produzidos a partir deste Sal PREMIUM.<\/strong><\/span><\/p>\n<p>Polimineral ou Sal M (maior riqueza em magn\u00e9sio e pot\u00e1ssio): menor teor de s\u00f3dio, evitando problemas como a reten\u00e7\u00e3o de l\u00edquidos e o ganho de peso.<\/p>\n<p>Cada embalagem cont\u00e9m 1000 gramas.<\/p>\n<p>M\u00e1ximo de 2 pacotes por compra<\/p>\n<p><a href=\"https:\/\/docelimaoloja.com.br\/wp-content\/uploads\/2022\/09\/selo-sal-costa-do-sol-rn.png\"><img loading=\"lazy\" decoding=\"async\" class=\"alignnone wp-image-14076\" src=\"https:\/\/docelimaoloja.com.br\/wp-content\/uploads\/2022\/09\/selo-sal-costa-do-sol-rn-300x51.png\" alt=\"\" width=\"253\" height=\"43\" srcset=\"https:\/\/docelimaoloja.com.br\/wp-content\/uploads\/2022\/09\/selo-sal-costa-do-sol-rn-300x51.png 300w, https:\/\/docelimaoloja.com.br\/wp-content\/uploads\/2022\/09\/selo-sal-costa-do-sol-rn.png 444w\" sizes=\"auto, (max-width: 253px) 100vw, 253px\" \/><\/a><\/p>","protected":false},"featured_media":23520,"comment_status":"open","ping_status":"closed","template":"","meta":[],"product_brand":[],"product_cat":[847],"product_tag":[545,245,246,875],"class_list":{"0":"post-7446","1":"product","2":"type-product","3":"status-publish","4":"has-post-thumbnail","6":"product_cat-fito-sais","7":"product_tag-sal-da-vida","8":"product_tag-sal-integral","9":"product_tag-sal-marinho","10":"product_tag-sea-salt","12":"first","13":"instock","14":"shipping-taxable","15":"purchasable","16":"product-type-simple"},"yoast_head":"<!-- This site is optimized with the Yoast SEO plugin v27.6 - https:\/\/yoast.com\/product\/yoast-seo-wordpress\/ -->\n<title>Sal PREMIUM - Magn\u00e9sio PLUS - Loja Doce Limao<\/title>\n<meta name=\"description\" content=\"Sal integral e artesanal. Fresco e flocado. N\u00e3o lavado, n\u00e3o mo\u00eddo, n\u00e3o aditivado. Por sua riqueza em magn\u00e9sio e pot\u00e1ssio \u00e9 um sal MELADO, tamb\u00e9m indicado para a Cosm\u00e9tica Natural e f\u00f3rmulas da Farm\u00e1cia Viva.\" \/>\n<meta name=\"robots\" content=\"index, follow, max-snippet:-1, max-image-preview:large, max-video-preview:-1\" \/>\n<link rel=\"canonical\" href=\"https:\/\/docelimaoloja.com.br\/en\/product\/sal-flocado-integral-e-artesanal-1kg\/\" \/>\n<meta property=\"og:locale\" content=\"en_US\" \/>\n<meta property=\"og:type\" content=\"article\" \/>\n<meta property=\"og:title\" content=\"Sal PREMIUM - Magn\u00e9sio PLUS - Loja Doce Limao\" \/>\n<meta property=\"og:description\" content=\"Sal integral e artesanal. Fresco e flocado. N\u00e3o lavado, n\u00e3o mo\u00eddo, n\u00e3o aditivado. Por sua riqueza em magn\u00e9sio e pot\u00e1ssio \u00e9 um sal MELADO, tamb\u00e9m indicado para a Cosm\u00e9tica Natural e f\u00f3rmulas da Farm\u00e1cia Viva.\" \/>\n<meta property=\"og:url\" content=\"https:\/\/docelimaoloja.com.br\/en\/product\/sal-flocado-integral-e-artesanal-1kg\/\" \/>\n<meta property=\"og:site_name\" content=\"Loja Doce Limao\" \/>\n<meta property=\"article:modified_time\" content=\"2025-09-24T17:38:13+00:00\" \/>\n<meta property=\"og:image\" content=\"https:\/\/docelimaoloja.com.br\/wp-content\/uploads\/2022\/09\/PREMIUM-MG-PLUS.jpeg\" \/>\n\t<meta property=\"og:image:width\" content=\"1200\" \/>\n\t<meta property=\"og:image:height\" content=\"1600\" \/>\n\t<meta property=\"og:image:type\" content=\"image\/jpeg\" \/>\n<meta name=\"twitter:card\" content=\"summary_large_image\" \/>\n<meta name=\"twitter:label1\" content=\"Est. reading time\" \/>\n\t<meta name=\"twitter:data1\" content=\"2 minutes\" \/>\n<script type=\"application\/ld+json\" class=\"yoast-schema-graph\">{\"@context\":\"https:\\\/\\\/schema.org\",\"@graph\":[{\"@type\":\"WebPage\",\"@id\":\"https:\\\/\\\/docelimaoloja.com.br\\\/produto\\\/sal-flocado-integral-e-artesanal-1kg\\\/\",\"url\":\"https:\\\/\\\/docelimaoloja.com.br\\\/produto\\\/sal-flocado-integral-e-artesanal-1kg\\\/\",\"name\":\"Sal PREMIUM - Magn\u00e9sio PLUS - Loja Doce Limao\",\"isPartOf\":{\"@id\":\"https:\\\/\\\/docelimaoloja.com.br\\\/#website\"},\"primaryImageOfPage\":{\"@id\":\"https:\\\/\\\/docelimaoloja.com.br\\\/produto\\\/sal-flocado-integral-e-artesanal-1kg\\\/#primaryimage\"},\"image\":{\"@id\":\"https:\\\/\\\/docelimaoloja.com.br\\\/produto\\\/sal-flocado-integral-e-artesanal-1kg\\\/#primaryimage\"},\"thumbnailUrl\":\"https:\\\/\\\/docelimaoloja.com.br\\\/wp-content\\\/uploads\\\/2022\\\/09\\\/PREMIUM-MG-PLUS.jpeg\",\"datePublished\":\"2022-09-25T21:19:39+00:00\",\"dateModified\":\"2025-09-24T17:38:13+00:00\",\"description\":\"Sal integral e artesanal. Fresco e flocado. N\u00e3o lavado, n\u00e3o mo\u00eddo, n\u00e3o aditivado. Por sua riqueza em magn\u00e9sio e pot\u00e1ssio \u00e9 um sal MELADO, tamb\u00e9m indicado para a Cosm\u00e9tica Natural e f\u00f3rmulas da Farm\u00e1cia Viva.\",\"breadcrumb\":{\"@id\":\"https:\\\/\\\/docelimaoloja.com.br\\\/produto\\\/sal-flocado-integral-e-artesanal-1kg\\\/#breadcrumb\"},\"inLanguage\":\"en-US\",\"potentialAction\":[{\"@type\":\"ReadAction\",\"target\":[\"https:\\\/\\\/docelimaoloja.com.br\\\/produto\\\/sal-flocado-integral-e-artesanal-1kg\\\/\"]}]},{\"@type\":\"ImageObject\",\"inLanguage\":\"en-US\",\"@id\":\"https:\\\/\\\/docelimaoloja.com.br\\\/produto\\\/sal-flocado-integral-e-artesanal-1kg\\\/#primaryimage\",\"url\":\"https:\\\/\\\/docelimaoloja.com.br\\\/wp-content\\\/uploads\\\/2022\\\/09\\\/PREMIUM-MG-PLUS.jpeg\",\"contentUrl\":\"https:\\\/\\\/docelimaoloja.com.br\\\/wp-content\\\/uploads\\\/2022\\\/09\\\/PREMIUM-MG-PLUS.jpeg\",\"width\":1200,\"height\":1600},{\"@type\":\"BreadcrumbList\",\"@id\":\"https:\\\/\\\/docelimaoloja.com.br\\\/produto\\\/sal-flocado-integral-e-artesanal-1kg\\\/#breadcrumb\",\"itemListElement\":[{\"@type\":\"ListItem\",\"position\":1,\"name\":\"In\u00edcio\",\"item\":\"https:\\\/\\\/docelimaoloja.com.br\\\/\"},{\"@type\":\"ListItem\",\"position\":2,\"name\":\"Loja Virtual\",\"item\":\"https:\\\/\\\/docelimaoloja.com.br\\\/loja-virtual\\\/\"},{\"@type\":\"ListItem\",\"position\":3,\"name\":\"Sal PREMIUM &#8211; Magn\u00e9sio PLUS\"}]},{\"@type\":\"WebSite\",\"@id\":\"https:\\\/\\\/docelimaoloja.com.br\\\/#website\",\"url\":\"https:\\\/\\\/docelimaoloja.com.br\\\/\",\"name\":\"Loja Doce Limao\",\"description\":\"Loja Natural\",\"publisher\":{\"@id\":\"https:\\\/\\\/docelimaoloja.com.br\\\/#organization\"},\"potentialAction\":[{\"@type\":\"SearchAction\",\"target\":{\"@type\":\"EntryPoint\",\"urlTemplate\":\"https:\\\/\\\/docelimaoloja.com.br\\\/?s={search_term_string}\"},\"query-input\":{\"@type\":\"PropertyValueSpecification\",\"valueRequired\":true,\"valueName\":\"search_term_string\"}}],\"inLanguage\":\"en-US\"},{\"@type\":\"Organization\",\"@id\":\"https:\\\/\\\/docelimaoloja.com.br\\\/#organization\",\"name\":\"Loja Doce Limao\",\"url\":\"https:\\\/\\\/docelimaoloja.com.br\\\/\",\"logo\":{\"@type\":\"ImageObject\",\"inLanguage\":\"en-US\",\"@id\":\"https:\\\/\\\/docelimaoloja.com.br\\\/#\\\/schema\\\/logo\\\/image\\\/\",\"url\":\"https:\\\/\\\/docelimaoloja.com.br\\\/wp-content\\\/uploads\\\/2020\\\/08\\\/logo-doce-limao.png\",\"contentUrl\":\"https:\\\/\\\/docelimaoloja.com.br\\\/wp-content\\\/uploads\\\/2020\\\/08\\\/logo-doce-limao.png\",\"width\":1280,\"height\":653,\"caption\":\"Loja Doce Limao\"},\"image\":{\"@id\":\"https:\\\/\\\/docelimaoloja.com.br\\\/#\\\/schema\\\/logo\\\/image\\\/\"}}]}<\/script>\n<!-- \/ Yoast SEO plugin. -->","yoast_head_json":{"title":"Sal PREMIUM - Magn\u00e9sio PLUS - Loja Doce Limao","description":"Sal integral e artesanal. Fresco e flocado. N\u00e3o lavado, n\u00e3o mo\u00eddo, n\u00e3o aditivado. Por sua riqueza em magn\u00e9sio e pot\u00e1ssio \u00e9 um sal MELADO, tamb\u00e9m indicado para a Cosm\u00e9tica Natural e f\u00f3rmulas da Farm\u00e1cia Viva.","robots":{"index":"index","follow":"follow","max-snippet":"max-snippet:-1","max-image-preview":"max-image-preview:large","max-video-preview":"max-video-preview:-1"},"canonical":"https:\/\/docelimaoloja.com.br\/en\/product\/sal-flocado-integral-e-artesanal-1kg\/","og_locale":"en_US","og_type":"article","og_title":"Sal PREMIUM - Magn\u00e9sio PLUS - Loja Doce Limao","og_description":"Sal integral e artesanal. Fresco e flocado. N\u00e3o lavado, n\u00e3o mo\u00eddo, n\u00e3o aditivado. Por sua riqueza em magn\u00e9sio e pot\u00e1ssio \u00e9 um sal MELADO, tamb\u00e9m indicado para a Cosm\u00e9tica Natural e f\u00f3rmulas da Farm\u00e1cia Viva.","og_url":"https:\/\/docelimaoloja.com.br\/en\/product\/sal-flocado-integral-e-artesanal-1kg\/","og_site_name":"Loja Doce Limao","article_modified_time":"2025-09-24T17:38:13+00:00","og_image":[{"width":1200,"height":1600,"url":"https:\/\/docelimaoloja.com.br\/wp-content\/uploads\/2022\/09\/PREMIUM-MG-PLUS.jpeg","type":"image\/jpeg"}],"twitter_card":"summary_large_image","twitter_misc":{"Est. reading time":"2 minutes"},"schema":{"@context":"https:\/\/schema.org","@graph":[{"@type":"WebPage","@id":"https:\/\/docelimaoloja.com.br\/produto\/sal-flocado-integral-e-artesanal-1kg\/","url":"https:\/\/docelimaoloja.com.br\/produto\/sal-flocado-integral-e-artesanal-1kg\/","name":"Sal PREMIUM - Magn\u00e9sio PLUS - Loja Doce Limao","isPartOf":{"@id":"https:\/\/docelimaoloja.com.br\/#website"},"primaryImageOfPage":{"@id":"https:\/\/docelimaoloja.com.br\/produto\/sal-flocado-integral-e-artesanal-1kg\/#primaryimage"},"image":{"@id":"https:\/\/docelimaoloja.com.br\/produto\/sal-flocado-integral-e-artesanal-1kg\/#primaryimage"},"thumbnailUrl":"https:\/\/docelimaoloja.com.br\/wp-content\/uploads\/2022\/09\/PREMIUM-MG-PLUS.jpeg","datePublished":"2022-09-25T21:19:39+00:00","dateModified":"2025-09-24T17:38:13+00:00","description":"Sal integral e artesanal. Fresco e flocado. N\u00e3o lavado, n\u00e3o mo\u00eddo, n\u00e3o aditivado. Por sua riqueza em magn\u00e9sio e pot\u00e1ssio \u00e9 um sal MELADO, tamb\u00e9m indicado para a Cosm\u00e9tica Natural e f\u00f3rmulas da Farm\u00e1cia Viva.","breadcrumb":{"@id":"https:\/\/docelimaoloja.com.br\/produto\/sal-flocado-integral-e-artesanal-1kg\/#breadcrumb"},"inLanguage":"en-US","potentialAction":[{"@type":"ReadAction","target":["https:\/\/docelimaoloja.com.br\/produto\/sal-flocado-integral-e-artesanal-1kg\/"]}]},{"@type":"ImageObject","inLanguage":"en-US","@id":"https:\/\/docelimaoloja.com.br\/produto\/sal-flocado-integral-e-artesanal-1kg\/#primaryimage","url":"https:\/\/docelimaoloja.com.br\/wp-content\/uploads\/2022\/09\/PREMIUM-MG-PLUS.jpeg","contentUrl":"https:\/\/docelimaoloja.com.br\/wp-content\/uploads\/2022\/09\/PREMIUM-MG-PLUS.jpeg","width":1200,"height":1600},{"@type":"BreadcrumbList","@id":"https:\/\/docelimaoloja.com.br\/produto\/sal-flocado-integral-e-artesanal-1kg\/#breadcrumb","itemListElement":[{"@type":"ListItem","position":1,"name":"In\u00edcio","item":"https:\/\/docelimaoloja.com.br\/"},{"@type":"ListItem","position":2,"name":"Loja Virtual","item":"https:\/\/docelimaoloja.com.br\/loja-virtual\/"},{"@type":"ListItem","position":3,"name":"Sal PREMIUM &#8211; Magn\u00e9sio PLUS"}]},{"@type":"WebSite","@id":"https:\/\/docelimaoloja.com.br\/#website","url":"https:\/\/docelimaoloja.com.br\/","name":"Loja Doce Limao","description":"Loja Natural","publisher":{"@id":"https:\/\/docelimaoloja.com.br\/#organization"},"potentialAction":[{"@type":"SearchAction","target":{"@type":"EntryPoint","urlTemplate":"https:\/\/docelimaoloja.com.br\/?s={search_term_string}"},"query-input":{"@type":"PropertyValueSpecification","valueRequired":true,"valueName":"search_term_string"}}],"inLanguage":"en-US"},{"@type":"Organization","@id":"https:\/\/docelimaoloja.com.br\/#organization","name":"Loja Doce Limao","url":"https:\/\/docelimaoloja.com.br\/","logo":{"@type":"ImageObject","inLanguage":"en-US","@id":"https:\/\/docelimaoloja.com.br\/#\/schema\/logo\/image\/","url":"https:\/\/docelimaoloja.com.br\/wp-content\/uploads\/2020\/08\/logo-doce-limao.png","contentUrl":"https:\/\/docelimaoloja.com.br\/wp-content\/uploads\/2020\/08\/logo-doce-limao.png","width":1280,"height":653,"caption":"Loja Doce Limao"},"image":{"@id":"https:\/\/docelimaoloja.com.br\/#\/schema\/logo\/image\/"}}]}},"_links":{"self":[{"href":"https:\/\/docelimaoloja.com.br\/en\/wp-json\/wp\/v2\/product\/7446","targetHints":{"allow":["GET"]}}],"collection":[{"href":"https:\/\/docelimaoloja.com.br\/en\/wp-json\/wp\/v2\/product"}],"about":[{"href":"https:\/\/docelimaoloja.com.br\/en\/wp-json\/wp\/v2\/types\/product"}],"replies":[{"embeddable":true,"href":"https:\/\/docelimaoloja.com.br\/en\/wp-json\/wp\/v2\/comments?post=7446"}],"wp:featuredmedia":[{"embeddable":true,"href":"https:\/\/docelimaoloja.com.br\/en\/wp-json\/wp\/v2\/media\/23520"}],"wp:attachment":[{"href":"https:\/\/docelimaoloja.com.br\/en\/wp-json\/wp\/v2\/media?parent=7446"}],"wp:term":[{"taxonomy":"product_brand","embeddable":true,"href":"https:\/\/docelimaoloja.com.br\/en\/wp-json\/wp\/v2\/product_brand?post=7446"},{"taxonomy":"product_cat","embeddable":true,"href":"https:\/\/docelimaoloja.com.br\/en\/wp-json\/wp\/v2\/product_cat?post=7446"},{"taxonomy":"product_tag","embeddable":true,"href":"https:\/\/docelimaoloja.com.br\/en\/wp-json\/wp\/v2\/product_tag?post=7446"}],"curies":[{"name":"wp","href":"https:\/\/api.w.org\/{rel}","templated":true}]}}