{"id":6518,"date":"2021-02-02T13:41:34","date_gmt":"2021-02-02T13:41:34","guid":{"rendered":"https:\/\/docelimaoloja.com.br\/?post_type=product&#038;p=6518"},"modified":"2023-01-24T10:42:58","modified_gmt":"2023-01-24T10:42:58","slug":"oleo-essencial-de-lavandin-grosso","status":"publish","type":"product","link":"https:\/\/docelimaoloja.com.br\/en\/product\/oleo-essencial-de-lavandin-grosso\/","title":{"rendered":"\u00d3leo essencial de Lavandin Grosso"},"content":{"rendered":"<p><strong>Composi\u00e7\u00e3o:<\/strong> 100% \u00f3leo essencial (OE) extra\u00eddo das flores por processo de destila\u00e7\u00e3o. Aroma Floral e canforado.<\/p>\n<p>Muito semelhante \u00e0 lavanda, que floresce em altitudes e temperaturas mais baixas; o lavandin \u00e9 uma planta mais r\u00fastica, que floresce em menores altitudes e resiste mais ao calor.<\/p>\n<p><strong>Fun\u00e7\u00f5es:<\/strong> SOCORRER RELAXANDO. Reduzir o estresse, a ansiedade e melhorar a qualidade do sono. Auxiliar no tratamento de medos, traumas, melancolia e tens\u00e3o nervosa. Bactericida, cicatrizante e regenerador celular. Vasodilatadora reduz enxaquecas, hemorroidas, herpes, dores em geral e hipertens\u00e3o. Reduz flatul\u00eancia, c\u00f3lica e desarmonias da TPM. Auxilia no parto (somente ap\u00f3s os 3 meses de gesta\u00e7\u00e3o) e p\u00f3s-parto. Para crian\u00e7as acalma e relaxa.<\/p>\n<p><strong>Formas de uso: <\/strong>\u2013 No ambiente em que circula use de 5 a 10 gotas em um difusor el\u00e9trico ou de vela. Ou seja, para cada 1 m\u00b2 de \u00e1rea do c\u00f4modo, use 1 gota deste OE.<\/p>\n<p>\u2013 No borrifador, use 10 gotas\/100 ml de \u00e1lcool 10%.<\/p>\n<p>\u2013 Em sinergias de massagem.<\/p>\n<p>\u2013 Por \u00faltimo no aromatizador pessoal.<\/p>\n<p><strong>Cuidados Importantes:<\/strong> Evite contato direto com a pele e mantenha ao abrigo da luz, calor e fora do alcance de crian\u00e7as.<\/p>","protected":false},"excerpt":{"rendered":"<p><strong>Composi\u00e7\u00e3o:<\/strong> 100% \u00f3leo essencial (OE) extra\u00eddo das flores por processo de destila\u00e7\u00e3o. Aroma Floral e canforado.<\/p>\n<p><strong>Fun\u00e7\u00e3o:<\/strong> Relaxar, tranquilizar e reduzir ansiedades.<\/p>\n<p><strong>Embalagem:<\/strong> frasco de vidro \u00e2mbar com 10 ml (330 gotas) e tampa gotejadora.<\/p>","protected":false},"featured_media":6547,"comment_status":"open","ping_status":"closed","template":"","meta":[],"product_brand":[],"product_cat":[786,132],"product_tag":[409,407,408,223,397,402,364,403,401,390,392,214,159,372,405,406,400,404,391,398,336,395,393,396,394,399],"class_list":{"0":"post-6518","1":"product","2":"type-product","3":"status-publish","4":"has-post-thumbnail","6":"product_cat-aromaterapia","7":"product_cat-oleos-essenciais","8":"product_tag-acalma-criancas","9":"product_tag-auxilia-no-parto","10":"product_tag-auxilia-no-pos-parto","11":"product_tag-bactericida","12":"product_tag-cicatrizante","13":"product_tag-comabate-a-dores-em-geral","14":"product_tag-combate-a-herpes","15":"product_tag-combate-a-hipertensao","16":"product_tag-combate-hemorroidas","17":"product_tag-lavanda-bulgaria","18":"product_tag-melhora-a-qualidade-do-sono","19":"product_tag-oleo-essencial","20":"product_tag-oleos-essenciais","21":"product_tag-reduz-a-ansiedade","22":"product_tag-reduz-a-colica","23":"product_tag-reduz-desarmonias-da-tpm","24":"product_tag-reduz-enxaquecas","25":"product_tag-reduz-flatulencia","26":"product_tag-reduz-o-estresse","27":"product_tag-regenerador-celular","28":"product_tag-relaxante","29":"product_tag-tratamento-da-melancolia","30":"product_tag-tratamento-de-medos","31":"product_tag-tratamento-de-tensao-nervosa","32":"product_tag-tratamento-de-traumas","33":"product_tag-vasodilatadora","35":"first","36":"instock","37":"sale","38":"shipping-taxable","39":"purchasable","40":"product-type-simple"},"yoast_head":"<!-- This site is optimized with the Yoast SEO plugin v27.5 - https:\/\/yoast.com\/product\/yoast-seo-wordpress\/ -->\n<title>\u00d3leo essencial de Lavandin Grosso - Loja Doce Limao<\/title>\n<meta name=\"description\" content=\"Aroma Floral e canforado. Sua olfata\u00e7\u00e3o age: Socorrer Relaxando &amp; Tranquiliza e reduz ansiedades. Indicado para pessoas impacientes, deprimidas e insones.\" \/>\n<meta name=\"robots\" content=\"index, follow, max-snippet:-1, max-image-preview:large, max-video-preview:-1\" \/>\n<link rel=\"canonical\" href=\"https:\/\/docelimaoloja.com.br\/en\/product\/oleo-essencial-de-lavandin-grosso\/\" \/>\n<meta property=\"og:locale\" content=\"en_US\" \/>\n<meta property=\"og:type\" content=\"article\" \/>\n<meta property=\"og:title\" content=\"\u00d3leo essencial de Lavandin Grosso - Loja Doce Limao\" \/>\n<meta property=\"og:description\" content=\"Aroma Floral e canforado. Sua olfata\u00e7\u00e3o age: Socorrer Relaxando &amp; Tranquiliza e reduz ansiedades. Indicado para pessoas impacientes, deprimidas e insones.\" \/>\n<meta property=\"og:url\" content=\"https:\/\/docelimaoloja.com.br\/en\/product\/oleo-essencial-de-lavandin-grosso\/\" \/>\n<meta property=\"og:site_name\" content=\"Loja Doce Limao\" \/>\n<meta property=\"article:modified_time\" content=\"2023-01-24T10:42:58+00:00\" \/>\n<meta property=\"og:image\" content=\"https:\/\/docelimaoloja.com.br\/wp-content\/uploads\/2021\/02\/lavandi-grosso.jpg\" \/>\n\t<meta property=\"og:image:width\" content=\"900\" \/>\n\t<meta property=\"og:image:height\" content=\"900\" \/>\n\t<meta property=\"og:image:type\" content=\"image\/jpeg\" \/>\n<meta name=\"twitter:card\" content=\"summary_large_image\" \/>\n<meta name=\"twitter:label1\" content=\"Est. reading time\" \/>\n\t<meta name=\"twitter:data1\" content=\"2 minutes\" \/>\n<script type=\"application\/ld+json\" class=\"yoast-schema-graph\">{\"@context\":\"https:\\\/\\\/schema.org\",\"@graph\":[{\"@type\":\"WebPage\",\"@id\":\"https:\\\/\\\/docelimaoloja.com.br\\\/produto\\\/oleo-essencial-de-lavandin-grosso\\\/\",\"url\":\"https:\\\/\\\/docelimaoloja.com.br\\\/produto\\\/oleo-essencial-de-lavandin-grosso\\\/\",\"name\":\"\u00d3leo essencial de Lavandin Grosso - Loja Doce Limao\",\"isPartOf\":{\"@id\":\"https:\\\/\\\/docelimaoloja.com.br\\\/#website\"},\"primaryImageOfPage\":{\"@id\":\"https:\\\/\\\/docelimaoloja.com.br\\\/produto\\\/oleo-essencial-de-lavandin-grosso\\\/#primaryimage\"},\"image\":{\"@id\":\"https:\\\/\\\/docelimaoloja.com.br\\\/produto\\\/oleo-essencial-de-lavandin-grosso\\\/#primaryimage\"},\"thumbnailUrl\":\"https:\\\/\\\/docelimaoloja.com.br\\\/wp-content\\\/uploads\\\/2021\\\/02\\\/lavandi-grosso.jpg\",\"datePublished\":\"2021-02-02T13:41:34+00:00\",\"dateModified\":\"2023-01-24T10:42:58+00:00\",\"description\":\"Aroma Floral e canforado. Sua olfata\u00e7\u00e3o age: Socorrer Relaxando & Tranquiliza e reduz ansiedades. Indicado para pessoas impacientes, deprimidas e insones.\",\"breadcrumb\":{\"@id\":\"https:\\\/\\\/docelimaoloja.com.br\\\/produto\\\/oleo-essencial-de-lavandin-grosso\\\/#breadcrumb\"},\"inLanguage\":\"en-US\",\"potentialAction\":[{\"@type\":\"ReadAction\",\"target\":[\"https:\\\/\\\/docelimaoloja.com.br\\\/produto\\\/oleo-essencial-de-lavandin-grosso\\\/\"]}]},{\"@type\":\"ImageObject\",\"inLanguage\":\"en-US\",\"@id\":\"https:\\\/\\\/docelimaoloja.com.br\\\/produto\\\/oleo-essencial-de-lavandin-grosso\\\/#primaryimage\",\"url\":\"https:\\\/\\\/docelimaoloja.com.br\\\/wp-content\\\/uploads\\\/2021\\\/02\\\/lavandi-grosso.jpg\",\"contentUrl\":\"https:\\\/\\\/docelimaoloja.com.br\\\/wp-content\\\/uploads\\\/2021\\\/02\\\/lavandi-grosso.jpg\",\"width\":900,\"height\":900,\"caption\":\"lavandi-grosso\"},{\"@type\":\"BreadcrumbList\",\"@id\":\"https:\\\/\\\/docelimaoloja.com.br\\\/produto\\\/oleo-essencial-de-lavandin-grosso\\\/#breadcrumb\",\"itemListElement\":[{\"@type\":\"ListItem\",\"position\":1,\"name\":\"In\u00edcio\",\"item\":\"https:\\\/\\\/docelimaoloja.com.br\\\/\"},{\"@type\":\"ListItem\",\"position\":2,\"name\":\"Loja Virtual\",\"item\":\"https:\\\/\\\/docelimaoloja.com.br\\\/loja-virtual\\\/\"},{\"@type\":\"ListItem\",\"position\":3,\"name\":\"\u00d3leo essencial de Lavandin Grosso\"}]},{\"@type\":\"WebSite\",\"@id\":\"https:\\\/\\\/docelimaoloja.com.br\\\/#website\",\"url\":\"https:\\\/\\\/docelimaoloja.com.br\\\/\",\"name\":\"Loja Doce Limao\",\"description\":\"Loja Natural\",\"publisher\":{\"@id\":\"https:\\\/\\\/docelimaoloja.com.br\\\/#organization\"},\"potentialAction\":[{\"@type\":\"SearchAction\",\"target\":{\"@type\":\"EntryPoint\",\"urlTemplate\":\"https:\\\/\\\/docelimaoloja.com.br\\\/?s={search_term_string}\"},\"query-input\":{\"@type\":\"PropertyValueSpecification\",\"valueRequired\":true,\"valueName\":\"search_term_string\"}}],\"inLanguage\":\"en-US\"},{\"@type\":\"Organization\",\"@id\":\"https:\\\/\\\/docelimaoloja.com.br\\\/#organization\",\"name\":\"Loja Doce Limao\",\"url\":\"https:\\\/\\\/docelimaoloja.com.br\\\/\",\"logo\":{\"@type\":\"ImageObject\",\"inLanguage\":\"en-US\",\"@id\":\"https:\\\/\\\/docelimaoloja.com.br\\\/#\\\/schema\\\/logo\\\/image\\\/\",\"url\":\"https:\\\/\\\/docelimaoloja.com.br\\\/wp-content\\\/uploads\\\/2020\\\/08\\\/logo-doce-limao.png\",\"contentUrl\":\"https:\\\/\\\/docelimaoloja.com.br\\\/wp-content\\\/uploads\\\/2020\\\/08\\\/logo-doce-limao.png\",\"width\":1280,\"height\":653,\"caption\":\"Loja Doce Limao\"},\"image\":{\"@id\":\"https:\\\/\\\/docelimaoloja.com.br\\\/#\\\/schema\\\/logo\\\/image\\\/\"}}]}<\/script>\n<!-- \/ Yoast SEO plugin. -->","yoast_head_json":{"title":"\u00d3leo essencial de Lavandin Grosso - Loja Doce Limao","description":"Aroma Floral e canforado. Sua olfata\u00e7\u00e3o age: Socorrer Relaxando & Tranquiliza e reduz ansiedades. Indicado para pessoas impacientes, deprimidas e insones.","robots":{"index":"index","follow":"follow","max-snippet":"max-snippet:-1","max-image-preview":"max-image-preview:large","max-video-preview":"max-video-preview:-1"},"canonical":"https:\/\/docelimaoloja.com.br\/en\/product\/oleo-essencial-de-lavandin-grosso\/","og_locale":"en_US","og_type":"article","og_title":"\u00d3leo essencial de Lavandin Grosso - Loja Doce Limao","og_description":"Aroma Floral e canforado. Sua olfata\u00e7\u00e3o age: Socorrer Relaxando & Tranquiliza e reduz ansiedades. Indicado para pessoas impacientes, deprimidas e insones.","og_url":"https:\/\/docelimaoloja.com.br\/en\/product\/oleo-essencial-de-lavandin-grosso\/","og_site_name":"Loja Doce Limao","article_modified_time":"2023-01-24T10:42:58+00:00","og_image":[{"width":900,"height":900,"url":"https:\/\/docelimaoloja.com.br\/wp-content\/uploads\/2021\/02\/lavandi-grosso.jpg","type":"image\/jpeg"}],"twitter_card":"summary_large_image","twitter_misc":{"Est. reading time":"2 minutes"},"schema":{"@context":"https:\/\/schema.org","@graph":[{"@type":"WebPage","@id":"https:\/\/docelimaoloja.com.br\/produto\/oleo-essencial-de-lavandin-grosso\/","url":"https:\/\/docelimaoloja.com.br\/produto\/oleo-essencial-de-lavandin-grosso\/","name":"\u00d3leo essencial de Lavandin Grosso - Loja Doce Limao","isPartOf":{"@id":"https:\/\/docelimaoloja.com.br\/#website"},"primaryImageOfPage":{"@id":"https:\/\/docelimaoloja.com.br\/produto\/oleo-essencial-de-lavandin-grosso\/#primaryimage"},"image":{"@id":"https:\/\/docelimaoloja.com.br\/produto\/oleo-essencial-de-lavandin-grosso\/#primaryimage"},"thumbnailUrl":"https:\/\/docelimaoloja.com.br\/wp-content\/uploads\/2021\/02\/lavandi-grosso.jpg","datePublished":"2021-02-02T13:41:34+00:00","dateModified":"2023-01-24T10:42:58+00:00","description":"Aroma Floral e canforado. Sua olfata\u00e7\u00e3o age: Socorrer Relaxando & Tranquiliza e reduz ansiedades. Indicado para pessoas impacientes, deprimidas e insones.","breadcrumb":{"@id":"https:\/\/docelimaoloja.com.br\/produto\/oleo-essencial-de-lavandin-grosso\/#breadcrumb"},"inLanguage":"en-US","potentialAction":[{"@type":"ReadAction","target":["https:\/\/docelimaoloja.com.br\/produto\/oleo-essencial-de-lavandin-grosso\/"]}]},{"@type":"ImageObject","inLanguage":"en-US","@id":"https:\/\/docelimaoloja.com.br\/produto\/oleo-essencial-de-lavandin-grosso\/#primaryimage","url":"https:\/\/docelimaoloja.com.br\/wp-content\/uploads\/2021\/02\/lavandi-grosso.jpg","contentUrl":"https:\/\/docelimaoloja.com.br\/wp-content\/uploads\/2021\/02\/lavandi-grosso.jpg","width":900,"height":900,"caption":"lavandi-grosso"},{"@type":"BreadcrumbList","@id":"https:\/\/docelimaoloja.com.br\/produto\/oleo-essencial-de-lavandin-grosso\/#breadcrumb","itemListElement":[{"@type":"ListItem","position":1,"name":"In\u00edcio","item":"https:\/\/docelimaoloja.com.br\/"},{"@type":"ListItem","position":2,"name":"Loja Virtual","item":"https:\/\/docelimaoloja.com.br\/loja-virtual\/"},{"@type":"ListItem","position":3,"name":"\u00d3leo essencial de Lavandin Grosso"}]},{"@type":"WebSite","@id":"https:\/\/docelimaoloja.com.br\/#website","url":"https:\/\/docelimaoloja.com.br\/","name":"Loja Doce Limao","description":"Loja Natural","publisher":{"@id":"https:\/\/docelimaoloja.com.br\/#organization"},"potentialAction":[{"@type":"SearchAction","target":{"@type":"EntryPoint","urlTemplate":"https:\/\/docelimaoloja.com.br\/?s={search_term_string}"},"query-input":{"@type":"PropertyValueSpecification","valueRequired":true,"valueName":"search_term_string"}}],"inLanguage":"en-US"},{"@type":"Organization","@id":"https:\/\/docelimaoloja.com.br\/#organization","name":"Loja Doce Limao","url":"https:\/\/docelimaoloja.com.br\/","logo":{"@type":"ImageObject","inLanguage":"en-US","@id":"https:\/\/docelimaoloja.com.br\/#\/schema\/logo\/image\/","url":"https:\/\/docelimaoloja.com.br\/wp-content\/uploads\/2020\/08\/logo-doce-limao.png","contentUrl":"https:\/\/docelimaoloja.com.br\/wp-content\/uploads\/2020\/08\/logo-doce-limao.png","width":1280,"height":653,"caption":"Loja Doce Limao"},"image":{"@id":"https:\/\/docelimaoloja.com.br\/#\/schema\/logo\/image\/"}}]}},"_links":{"self":[{"href":"https:\/\/docelimaoloja.com.br\/en\/wp-json\/wp\/v2\/product\/6518","targetHints":{"allow":["GET"]}}],"collection":[{"href":"https:\/\/docelimaoloja.com.br\/en\/wp-json\/wp\/v2\/product"}],"about":[{"href":"https:\/\/docelimaoloja.com.br\/en\/wp-json\/wp\/v2\/types\/product"}],"replies":[{"embeddable":true,"href":"https:\/\/docelimaoloja.com.br\/en\/wp-json\/wp\/v2\/comments?post=6518"}],"wp:featuredmedia":[{"embeddable":true,"href":"https:\/\/docelimaoloja.com.br\/en\/wp-json\/wp\/v2\/media\/6547"}],"wp:attachment":[{"href":"https:\/\/docelimaoloja.com.br\/en\/wp-json\/wp\/v2\/media?parent=6518"}],"wp:term":[{"taxonomy":"product_brand","embeddable":true,"href":"https:\/\/docelimaoloja.com.br\/en\/wp-json\/wp\/v2\/product_brand?post=6518"},{"taxonomy":"product_cat","embeddable":true,"href":"https:\/\/docelimaoloja.com.br\/en\/wp-json\/wp\/v2\/product_cat?post=6518"},{"taxonomy":"product_tag","embeddable":true,"href":"https:\/\/docelimaoloja.com.br\/en\/wp-json\/wp\/v2\/product_tag?post=6518"}],"curies":[{"name":"wp","href":"https:\/\/api.w.org\/{rel}","templated":true}]}}