{"id":6464,"date":"2024-10-20T16:18:57","date_gmt":"2024-10-20T16:18:57","guid":{"rendered":"https:\/\/docelimaoloja.com.br\/?post_type=product&#038;p=6464"},"modified":"2025-01-20T23:04:43","modified_gmt":"2025-01-20T23:04:43","slug":"serum","status":"publish","type":"product","link":"https:\/\/docelimaoloja.com.br\/en\/product\/serum\/","title":{"rendered":"Sinergia azeites para preparo S\u00e9rum gel linha\u00e7a"},"content":{"rendered":"<p>Criei este S\u00e9rum &#8211; que \u00e9 uma emuls\u00e3o \u00e1gua e \u00f3leo &#8211;\u00a0 a base de gel de linha\u00e7a faz muito tempo. No come\u00e7o era somente um LEAVE IN para cabelos cacheados, secos ou sem volume.<br \/>\nDepois comecei a usar como creme repelente de insetos e at\u00e9 para manter o corpo hidratado e protegido na praia ou na rua&#8230;<\/p>\n<p>Mas com adi\u00e7\u00e3o desta Sinergia a base de azeites de abacate + baba\u00e7u, tornou-se um tratamento profundo, porque estes azeites finos t\u00eam a propriedade de penetrar at\u00e9 a terceira camada da derme, levando junto os \u00f3leos essenciais e outros ativos que se deseje acrescentar na f\u00f3rmula&#8230;<\/p>\n<p><span style=\"font-size: 1rem\">A base que voc\u00ea est\u00e1 adquirindo j\u00e1 vem com o \u00f3leo essencial de lavandin grosso que relaxa e acalma ansiedades, regenera, cuida de dores e luxa\u00e7\u00f5es, mas tamb\u00e9m tem um aroma muito agrad\u00e1vel.<\/span><\/p>\n<p><strong>Para peles jovens recomendo usar 30 ml<\/strong> (2 colheres de sopa) desta Sinergia Base S\u00e9rum para cada 200 ml de gel de linha\u00e7a.<br \/>\n<strong>Para peles maduras recomendo usar 50 ml<\/strong> (3 colheres generosas de sopa) desta Sinergia Base S\u00e9rum para cada 200 ml de gel de linha\u00e7a.<\/p>\n<p><span style=\"font-size: 1rem\">Aprenda como se prepara o gel da linha\u00e7a no video dispon\u00edvel nessa p\u00e1gina (ao lado da foto do produto)<\/span><\/p>\n<p><strong>Ingredientes S\u00e9rum:<\/strong> para cada 200 ml de Gel de Linha\u00e7a acrescente 1 colher (sopa) de azeite de abacate + 1 colher (sopa) de azeite de baba\u00e7u (ou de coco grau cosm\u00e9tico = sem odor).<br \/>\n<strong>Opcional<\/strong>: acrescentar 3 gotas de cada um dos seguintes \u00f3leos essenciais que trabalham as energias do feminino: lavanda, ger\u00e2nio, s\u00e1lvia e manjerona.<\/p>\n<p>Assista a receita do gel de linha\u00e7a no video abaixo:<\/p>\n<div class=\"iframe-container\">\n<p><iframe loading=\"lazy\" src=\"https:\/\/www.youtube.com\/embed\/riVBtSvcUaI?si=-hc1L4KFW2_H1TVW\" width=\"560\" height=\"315\" frameborder=\"0\" allowfullscreen=\"allowfullscreen\"><\/iframe><\/p>\n<\/div>","protected":false},"excerpt":{"rendered":"<p>O S\u00e9rum (uma emuls\u00e3o \u00e1gua e \u00f3leo) que desenvolvi \u00e0 base do gel de linha\u00e7a (fase aquosa) \u00e9 um verdadeiro sucesso. <span style=\"color: #ff0000\"><strong>O gel de linha\u00e7a \u00e9 voc\u00ea que prepara. <\/strong><\/span>Mas na hora de comprar os ingredientes da fra\u00e7\u00e3o oleosa todos encontram dificuldade.<\/p>\n<p>Esta Base cont\u00e9m 50% Azeite de abacate + 50% Azeite de baba\u00e7u. E j\u00e1 vem com uma proposta arom\u00e1tica bem delicada: lavandin grosso (relaxa e regenera)<\/p>\n<p>Frasco pet \u00e2mbar com <strong>150 ml da Sinergia Base Oleosa (azeites)<\/strong>.<br \/>\nValidade 2 anos<\/p>\n<p><span style=\"color: #ff0000\"><strong>O gel de linha\u00e7a \u00e9 voc\u00ea que prepara. <\/strong><\/span>\u00a0(role para baixo para ver o v\u00eddeo com a receita de preparo).<\/p>\n<p>Rende o preparo de 3 a 5 receitas de S\u00c9RUM com 200 ml cada.<\/p>\n<p>Um pedido de desculpas: somos contra embalagens pl\u00e1sticas, mas postar livros com vidros grandes pode dar perda total. Importante: ap\u00f3s usar n\u00e3o jogue esta embalagem pet fora: use para outros prop\u00f3sitos OK?<\/p>","protected":false},"featured_media":9988,"comment_status":"open","ping_status":"closed","template":"","meta":[],"product_brand":[],"product_cat":[786,791,15],"product_tag":[],"class_list":{"0":"post-6464","1":"product","2":"type-product","3":"status-publish","4":"has-post-thumbnail","6":"product_cat-aromaterapia","7":"product_cat-oleos-de-massagem","8":"product_cat-sem-categoria","10":"first","11":"instock","12":"shipping-taxable","13":"purchasable","14":"product-type-simple"},"yoast_head":"<!-- This site is optimized with the Yoast SEO plugin v27.4 - https:\/\/yoast.com\/product\/yoast-seo-wordpress\/ -->\n<title>Sinergia azeites para preparo S\u00e9rum gel linha\u00e7a - Loja Doce Limao<\/title>\n<meta name=\"description\" content=\"Esta base do s\u00e9run gel de linha\u00e7a cont\u00e9m 50% Azeite de abacate + 50% Azeite de baba\u00e7u. E j\u00e1 vem com uma proposta arom\u00e1tica bem delicada: lavandin grosso.\" \/>\n<meta name=\"robots\" content=\"index, follow, max-snippet:-1, max-image-preview:large, max-video-preview:-1\" \/>\n<link rel=\"canonical\" href=\"https:\/\/docelimaoloja.com.br\/en\/product\/serum\/\" \/>\n<meta property=\"og:locale\" content=\"en_US\" \/>\n<meta property=\"og:type\" content=\"article\" \/>\n<meta property=\"og:title\" content=\"Sinergia azeites para preparo S\u00e9rum gel linha\u00e7a - Loja Doce Limao\" \/>\n<meta property=\"og:description\" content=\"Esta base do s\u00e9run gel de linha\u00e7a cont\u00e9m 50% Azeite de abacate + 50% Azeite de baba\u00e7u. E j\u00e1 vem com uma proposta arom\u00e1tica bem delicada: lavandin grosso.\" \/>\n<meta property=\"og:url\" content=\"https:\/\/docelimaoloja.com.br\/en\/product\/serum\/\" \/>\n<meta property=\"og:site_name\" content=\"Loja Doce Limao\" \/>\n<meta property=\"article:modified_time\" content=\"2025-01-20T23:04:43+00:00\" \/>\n<meta property=\"og:image\" content=\"https:\/\/docelimaoloja.com.br\/wp-content\/uploads\/2021\/02\/cosmetico-serun.jpg\" \/>\n\t<meta property=\"og:image:width\" content=\"800\" \/>\n\t<meta property=\"og:image:height\" content=\"800\" \/>\n\t<meta property=\"og:image:type\" content=\"image\/jpeg\" \/>\n<meta name=\"twitter:card\" content=\"summary_large_image\" \/>\n<meta name=\"twitter:label1\" content=\"Est. reading time\" \/>\n\t<meta name=\"twitter:data1\" content=\"2 minutes\" \/>\n<script type=\"application\/ld+json\" class=\"yoast-schema-graph\">{\"@context\":\"https:\\\/\\\/schema.org\",\"@graph\":[{\"@type\":\"WebPage\",\"@id\":\"https:\\\/\\\/docelimaoloja.com.br\\\/produto\\\/serum\\\/\",\"url\":\"https:\\\/\\\/docelimaoloja.com.br\\\/produto\\\/serum\\\/\",\"name\":\"Sinergia azeites para preparo S\u00e9rum gel linha\u00e7a - Loja Doce Limao\",\"isPartOf\":{\"@id\":\"https:\\\/\\\/docelimaoloja.com.br\\\/#website\"},\"primaryImageOfPage\":{\"@id\":\"https:\\\/\\\/docelimaoloja.com.br\\\/produto\\\/serum\\\/#primaryimage\"},\"image\":{\"@id\":\"https:\\\/\\\/docelimaoloja.com.br\\\/produto\\\/serum\\\/#primaryimage\"},\"thumbnailUrl\":\"https:\\\/\\\/docelimaoloja.com.br\\\/wp-content\\\/uploads\\\/2021\\\/02\\\/cosmetico-serun.jpg\",\"datePublished\":\"2024-10-20T16:18:57+00:00\",\"dateModified\":\"2025-01-20T23:04:43+00:00\",\"description\":\"Esta base do s\u00e9run gel de linha\u00e7a cont\u00e9m 50% Azeite de abacate + 50% Azeite de baba\u00e7u. E j\u00e1 vem com uma proposta arom\u00e1tica bem delicada: lavandin grosso.\",\"breadcrumb\":{\"@id\":\"https:\\\/\\\/docelimaoloja.com.br\\\/produto\\\/serum\\\/#breadcrumb\"},\"inLanguage\":\"en-US\",\"potentialAction\":[{\"@type\":\"ReadAction\",\"target\":[\"https:\\\/\\\/docelimaoloja.com.br\\\/produto\\\/serum\\\/\"]}]},{\"@type\":\"ImageObject\",\"inLanguage\":\"en-US\",\"@id\":\"https:\\\/\\\/docelimaoloja.com.br\\\/produto\\\/serum\\\/#primaryimage\",\"url\":\"https:\\\/\\\/docelimaoloja.com.br\\\/wp-content\\\/uploads\\\/2021\\\/02\\\/cosmetico-serun.jpg\",\"contentUrl\":\"https:\\\/\\\/docelimaoloja.com.br\\\/wp-content\\\/uploads\\\/2021\\\/02\\\/cosmetico-serun.jpg\",\"width\":800,\"height\":800},{\"@type\":\"BreadcrumbList\",\"@id\":\"https:\\\/\\\/docelimaoloja.com.br\\\/produto\\\/serum\\\/#breadcrumb\",\"itemListElement\":[{\"@type\":\"ListItem\",\"position\":1,\"name\":\"In\u00edcio\",\"item\":\"https:\\\/\\\/docelimaoloja.com.br\\\/\"},{\"@type\":\"ListItem\",\"position\":2,\"name\":\"Loja Virtual\",\"item\":\"https:\\\/\\\/docelimaoloja.com.br\\\/loja-virtual\\\/\"},{\"@type\":\"ListItem\",\"position\":3,\"name\":\"Sinergia azeites para preparo S\u00e9rum gel linha\u00e7a\"}]},{\"@type\":\"WebSite\",\"@id\":\"https:\\\/\\\/docelimaoloja.com.br\\\/#website\",\"url\":\"https:\\\/\\\/docelimaoloja.com.br\\\/\",\"name\":\"Loja Doce Limao\",\"description\":\"Loja Natural\",\"publisher\":{\"@id\":\"https:\\\/\\\/docelimaoloja.com.br\\\/#organization\"},\"potentialAction\":[{\"@type\":\"SearchAction\",\"target\":{\"@type\":\"EntryPoint\",\"urlTemplate\":\"https:\\\/\\\/docelimaoloja.com.br\\\/?s={search_term_string}\"},\"query-input\":{\"@type\":\"PropertyValueSpecification\",\"valueRequired\":true,\"valueName\":\"search_term_string\"}}],\"inLanguage\":\"en-US\"},{\"@type\":\"Organization\",\"@id\":\"https:\\\/\\\/docelimaoloja.com.br\\\/#organization\",\"name\":\"Loja Doce Limao\",\"url\":\"https:\\\/\\\/docelimaoloja.com.br\\\/\",\"logo\":{\"@type\":\"ImageObject\",\"inLanguage\":\"en-US\",\"@id\":\"https:\\\/\\\/docelimaoloja.com.br\\\/#\\\/schema\\\/logo\\\/image\\\/\",\"url\":\"https:\\\/\\\/docelimaoloja.com.br\\\/wp-content\\\/uploads\\\/2020\\\/08\\\/logo-doce-limao.png\",\"contentUrl\":\"https:\\\/\\\/docelimaoloja.com.br\\\/wp-content\\\/uploads\\\/2020\\\/08\\\/logo-doce-limao.png\",\"width\":1280,\"height\":653,\"caption\":\"Loja Doce Limao\"},\"image\":{\"@id\":\"https:\\\/\\\/docelimaoloja.com.br\\\/#\\\/schema\\\/logo\\\/image\\\/\"}}]}<\/script>\n<!-- \/ Yoast SEO plugin. -->","yoast_head_json":{"title":"Sinergia azeites para preparo S\u00e9rum gel linha\u00e7a - Loja Doce Limao","description":"Esta base do s\u00e9run gel de linha\u00e7a cont\u00e9m 50% Azeite de abacate + 50% Azeite de baba\u00e7u. E j\u00e1 vem com uma proposta arom\u00e1tica bem delicada: lavandin grosso.","robots":{"index":"index","follow":"follow","max-snippet":"max-snippet:-1","max-image-preview":"max-image-preview:large","max-video-preview":"max-video-preview:-1"},"canonical":"https:\/\/docelimaoloja.com.br\/en\/product\/serum\/","og_locale":"en_US","og_type":"article","og_title":"Sinergia azeites para preparo S\u00e9rum gel linha\u00e7a - Loja Doce Limao","og_description":"Esta base do s\u00e9run gel de linha\u00e7a cont\u00e9m 50% Azeite de abacate + 50% Azeite de baba\u00e7u. E j\u00e1 vem com uma proposta arom\u00e1tica bem delicada: lavandin grosso.","og_url":"https:\/\/docelimaoloja.com.br\/en\/product\/serum\/","og_site_name":"Loja Doce Limao","article_modified_time":"2025-01-20T23:04:43+00:00","og_image":[{"width":800,"height":800,"url":"https:\/\/docelimaoloja.com.br\/wp-content\/uploads\/2021\/02\/cosmetico-serun.jpg","type":"image\/jpeg"}],"twitter_card":"summary_large_image","twitter_misc":{"Est. reading time":"2 minutes"},"schema":{"@context":"https:\/\/schema.org","@graph":[{"@type":"WebPage","@id":"https:\/\/docelimaoloja.com.br\/produto\/serum\/","url":"https:\/\/docelimaoloja.com.br\/produto\/serum\/","name":"Sinergia azeites para preparo S\u00e9rum gel linha\u00e7a - Loja Doce Limao","isPartOf":{"@id":"https:\/\/docelimaoloja.com.br\/#website"},"primaryImageOfPage":{"@id":"https:\/\/docelimaoloja.com.br\/produto\/serum\/#primaryimage"},"image":{"@id":"https:\/\/docelimaoloja.com.br\/produto\/serum\/#primaryimage"},"thumbnailUrl":"https:\/\/docelimaoloja.com.br\/wp-content\/uploads\/2021\/02\/cosmetico-serun.jpg","datePublished":"2024-10-20T16:18:57+00:00","dateModified":"2025-01-20T23:04:43+00:00","description":"Esta base do s\u00e9run gel de linha\u00e7a cont\u00e9m 50% Azeite de abacate + 50% Azeite de baba\u00e7u. E j\u00e1 vem com uma proposta arom\u00e1tica bem delicada: lavandin grosso.","breadcrumb":{"@id":"https:\/\/docelimaoloja.com.br\/produto\/serum\/#breadcrumb"},"inLanguage":"en-US","potentialAction":[{"@type":"ReadAction","target":["https:\/\/docelimaoloja.com.br\/produto\/serum\/"]}]},{"@type":"ImageObject","inLanguage":"en-US","@id":"https:\/\/docelimaoloja.com.br\/produto\/serum\/#primaryimage","url":"https:\/\/docelimaoloja.com.br\/wp-content\/uploads\/2021\/02\/cosmetico-serun.jpg","contentUrl":"https:\/\/docelimaoloja.com.br\/wp-content\/uploads\/2021\/02\/cosmetico-serun.jpg","width":800,"height":800},{"@type":"BreadcrumbList","@id":"https:\/\/docelimaoloja.com.br\/produto\/serum\/#breadcrumb","itemListElement":[{"@type":"ListItem","position":1,"name":"In\u00edcio","item":"https:\/\/docelimaoloja.com.br\/"},{"@type":"ListItem","position":2,"name":"Loja Virtual","item":"https:\/\/docelimaoloja.com.br\/loja-virtual\/"},{"@type":"ListItem","position":3,"name":"Sinergia azeites para preparo S\u00e9rum gel linha\u00e7a"}]},{"@type":"WebSite","@id":"https:\/\/docelimaoloja.com.br\/#website","url":"https:\/\/docelimaoloja.com.br\/","name":"Loja Doce Limao","description":"Loja Natural","publisher":{"@id":"https:\/\/docelimaoloja.com.br\/#organization"},"potentialAction":[{"@type":"SearchAction","target":{"@type":"EntryPoint","urlTemplate":"https:\/\/docelimaoloja.com.br\/?s={search_term_string}"},"query-input":{"@type":"PropertyValueSpecification","valueRequired":true,"valueName":"search_term_string"}}],"inLanguage":"en-US"},{"@type":"Organization","@id":"https:\/\/docelimaoloja.com.br\/#organization","name":"Loja Doce Limao","url":"https:\/\/docelimaoloja.com.br\/","logo":{"@type":"ImageObject","inLanguage":"en-US","@id":"https:\/\/docelimaoloja.com.br\/#\/schema\/logo\/image\/","url":"https:\/\/docelimaoloja.com.br\/wp-content\/uploads\/2020\/08\/logo-doce-limao.png","contentUrl":"https:\/\/docelimaoloja.com.br\/wp-content\/uploads\/2020\/08\/logo-doce-limao.png","width":1280,"height":653,"caption":"Loja Doce Limao"},"image":{"@id":"https:\/\/docelimaoloja.com.br\/#\/schema\/logo\/image\/"}}]}},"_links":{"self":[{"href":"https:\/\/docelimaoloja.com.br\/en\/wp-json\/wp\/v2\/product\/6464","targetHints":{"allow":["GET"]}}],"collection":[{"href":"https:\/\/docelimaoloja.com.br\/en\/wp-json\/wp\/v2\/product"}],"about":[{"href":"https:\/\/docelimaoloja.com.br\/en\/wp-json\/wp\/v2\/types\/product"}],"replies":[{"embeddable":true,"href":"https:\/\/docelimaoloja.com.br\/en\/wp-json\/wp\/v2\/comments?post=6464"}],"wp:featuredmedia":[{"embeddable":true,"href":"https:\/\/docelimaoloja.com.br\/en\/wp-json\/wp\/v2\/media\/9988"}],"wp:attachment":[{"href":"https:\/\/docelimaoloja.com.br\/en\/wp-json\/wp\/v2\/media?parent=6464"}],"wp:term":[{"taxonomy":"product_brand","embeddable":true,"href":"https:\/\/docelimaoloja.com.br\/en\/wp-json\/wp\/v2\/product_brand?post=6464"},{"taxonomy":"product_cat","embeddable":true,"href":"https:\/\/docelimaoloja.com.br\/en\/wp-json\/wp\/v2\/product_cat?post=6464"},{"taxonomy":"product_tag","embeddable":true,"href":"https:\/\/docelimaoloja.com.br\/en\/wp-json\/wp\/v2\/product_tag?post=6464"}],"curies":[{"name":"wp","href":"https:\/\/api.w.org\/{rel}","templated":true}]}}