{"id":6463,"date":"2021-06-06T16:17:25","date_gmt":"2021-06-06T16:17:25","guid":{"rendered":"https:\/\/docelimaoloja.com.br\/?post_type=product&#038;p=6463"},"modified":"2025-06-07T21:37:49","modified_gmt":"2025-06-07T21:37:49","slug":"perfume-hidratante","status":"publish","type":"product","link":"https:\/\/docelimaoloja.com.br\/en\/product\/perfume-hidratante\/","title":{"rendered":"Perfume Hidratante rollon"},"content":{"rendered":"<p>Uma f\u00f3rmula m\u00e1gica que relaxa, refresca e ao mesmo tempo nos coloca em estado de medita\u00e7\u00e3o e presen\u00e7a.<\/p>\n<p>Sua beleza e aroma por voc\u00ea.<\/p>\n<p>O ideal \u00e9 mant\u00ea-lo na bolsa ou de f\u00e1cil acesso, para usar a todo momento que sentir ansiedade, fadiga ou desvitalizada. Tamb\u00e9m quando desejar alegria, encantos e sentir-se tratada e cheirosa.<\/p>\n<p>Ideal usar atr\u00e1s das orelhas, nas t\u00eamporas, entre as sobrancelhas, na nuca&#8230; Tamb\u00e9m no colo (gl\u00e2ndula timo) e axilas. Adoro usar entorno dos l\u00e1bios.<\/p>\n<p>Enfim, hidrate-se, rejuvenes\u00e7a, equilibre-se e sinta-se muito cheirosa&#8230; com delicadeza!<\/p>","protected":false},"excerpt":{"rendered":"<p><strong>Composi\u00e7\u00e3o:<\/strong><br \/>\nBase hidratante \u2013 azeite de baba\u00e7u + azeite de baba\u00e7u + \u00f3leo de girassol.<br \/>\nAtivos arom\u00e1ticos \u2013 Lavandin + Mentha Arvensis + Ylang-ylang.<\/p>\n<p><strong>Fun\u00e7\u00e3o:\u00a0<\/strong>relaxa, regenera, refresca, eleva o astral, te coloca no AQUI E AGORA, hidrata e cuida da juventude da pele, pela presen\u00e7a dos azeites de abacate e de baba\u00e7u e \u00f3leo de girassol.<\/p>\n<p>Embalagem: vidro \u00e2mbar com 10 ml e tampa rollon.<\/p>","protected":false},"featured_media":6519,"comment_status":"open","ping_status":"closed","template":"","meta":[],"product_brand":[],"product_cat":[786,791],"product_tag":[],"class_list":{"0":"post-6463","1":"product","2":"type-product","3":"status-publish","4":"has-post-thumbnail","6":"product_cat-aromaterapia","7":"product_cat-oleos-de-massagem","9":"first","10":"instock","11":"shipping-taxable","12":"purchasable","13":"product-type-simple"},"yoast_head":"<!-- This site is optimized with the Yoast SEO plugin v27.4 - https:\/\/yoast.com\/product\/yoast-seo-wordpress\/ -->\n<title>Perfume Hidratante rollon - Loja Doce Limao<\/title>\n<meta name=\"description\" content=\"Perfume hidratante numa embalagem rollon para usar na bolsa. Relaxa, refresca e trata a pele. Sua beleza por voc\u00ea!\" \/>\n<meta name=\"robots\" content=\"index, follow, max-snippet:-1, max-image-preview:large, max-video-preview:-1\" \/>\n<link rel=\"canonical\" href=\"https:\/\/docelimaoloja.com.br\/en\/product\/perfume-hidratante\/\" \/>\n<meta property=\"og:locale\" content=\"en_US\" \/>\n<meta property=\"og:type\" content=\"article\" \/>\n<meta property=\"og:title\" content=\"Perfume Hidratante rollon - Loja Doce Limao\" \/>\n<meta property=\"og:description\" content=\"Perfume hidratante numa embalagem rollon para usar na bolsa. Relaxa, refresca e trata a pele. Sua beleza por voc\u00ea!\" \/>\n<meta property=\"og:url\" content=\"https:\/\/docelimaoloja.com.br\/en\/product\/perfume-hidratante\/\" \/>\n<meta property=\"og:site_name\" content=\"Loja Doce Limao\" \/>\n<meta property=\"article:modified_time\" content=\"2025-06-07T21:37:49+00:00\" \/>\n<meta property=\"og:image\" content=\"https:\/\/docelimaoloja.com.br\/wp-content\/uploads\/2021\/01\/perfume-hidratante.png\" \/>\n\t<meta property=\"og:image:width\" content=\"800\" \/>\n\t<meta property=\"og:image:height\" content=\"800\" \/>\n\t<meta property=\"og:image:type\" content=\"image\/png\" \/>\n<meta name=\"twitter:card\" content=\"summary_large_image\" \/>\n<meta name=\"twitter:label1\" content=\"Est. reading time\" \/>\n\t<meta name=\"twitter:data1\" content=\"1 minute\" \/>\n<script type=\"application\/ld+json\" class=\"yoast-schema-graph\">{\"@context\":\"https:\\\/\\\/schema.org\",\"@graph\":[{\"@type\":\"WebPage\",\"@id\":\"https:\\\/\\\/docelimaoloja.com.br\\\/produto\\\/perfume-hidratante\\\/\",\"url\":\"https:\\\/\\\/docelimaoloja.com.br\\\/produto\\\/perfume-hidratante\\\/\",\"name\":\"Perfume Hidratante rollon - Loja Doce Limao\",\"isPartOf\":{\"@id\":\"https:\\\/\\\/docelimaoloja.com.br\\\/#website\"},\"primaryImageOfPage\":{\"@id\":\"https:\\\/\\\/docelimaoloja.com.br\\\/produto\\\/perfume-hidratante\\\/#primaryimage\"},\"image\":{\"@id\":\"https:\\\/\\\/docelimaoloja.com.br\\\/produto\\\/perfume-hidratante\\\/#primaryimage\"},\"thumbnailUrl\":\"https:\\\/\\\/docelimaoloja.com.br\\\/wp-content\\\/uploads\\\/2021\\\/01\\\/perfume-hidratante.png\",\"datePublished\":\"2021-06-06T16:17:25+00:00\",\"dateModified\":\"2025-06-07T21:37:49+00:00\",\"description\":\"Perfume hidratante numa embalagem rollon para usar na bolsa. Relaxa, refresca e trata a pele. Sua beleza por voc\u00ea!\",\"breadcrumb\":{\"@id\":\"https:\\\/\\\/docelimaoloja.com.br\\\/produto\\\/perfume-hidratante\\\/#breadcrumb\"},\"inLanguage\":\"en-US\",\"potentialAction\":[{\"@type\":\"ReadAction\",\"target\":[\"https:\\\/\\\/docelimaoloja.com.br\\\/produto\\\/perfume-hidratante\\\/\"]}]},{\"@type\":\"ImageObject\",\"inLanguage\":\"en-US\",\"@id\":\"https:\\\/\\\/docelimaoloja.com.br\\\/produto\\\/perfume-hidratante\\\/#primaryimage\",\"url\":\"https:\\\/\\\/docelimaoloja.com.br\\\/wp-content\\\/uploads\\\/2021\\\/01\\\/perfume-hidratante.png\",\"contentUrl\":\"https:\\\/\\\/docelimaoloja.com.br\\\/wp-content\\\/uploads\\\/2021\\\/01\\\/perfume-hidratante.png\",\"width\":800,\"height\":800,\"caption\":\"perfume-hidratante\"},{\"@type\":\"BreadcrumbList\",\"@id\":\"https:\\\/\\\/docelimaoloja.com.br\\\/produto\\\/perfume-hidratante\\\/#breadcrumb\",\"itemListElement\":[{\"@type\":\"ListItem\",\"position\":1,\"name\":\"In\u00edcio\",\"item\":\"https:\\\/\\\/docelimaoloja.com.br\\\/\"},{\"@type\":\"ListItem\",\"position\":2,\"name\":\"Loja Virtual\",\"item\":\"https:\\\/\\\/docelimaoloja.com.br\\\/loja-virtual\\\/\"},{\"@type\":\"ListItem\",\"position\":3,\"name\":\"Perfume Hidratante rollon\"}]},{\"@type\":\"WebSite\",\"@id\":\"https:\\\/\\\/docelimaoloja.com.br\\\/#website\",\"url\":\"https:\\\/\\\/docelimaoloja.com.br\\\/\",\"name\":\"Loja Doce Limao\",\"description\":\"Loja Natural\",\"publisher\":{\"@id\":\"https:\\\/\\\/docelimaoloja.com.br\\\/#organization\"},\"potentialAction\":[{\"@type\":\"SearchAction\",\"target\":{\"@type\":\"EntryPoint\",\"urlTemplate\":\"https:\\\/\\\/docelimaoloja.com.br\\\/?s={search_term_string}\"},\"query-input\":{\"@type\":\"PropertyValueSpecification\",\"valueRequired\":true,\"valueName\":\"search_term_string\"}}],\"inLanguage\":\"en-US\"},{\"@type\":\"Organization\",\"@id\":\"https:\\\/\\\/docelimaoloja.com.br\\\/#organization\",\"name\":\"Loja Doce Limao\",\"url\":\"https:\\\/\\\/docelimaoloja.com.br\\\/\",\"logo\":{\"@type\":\"ImageObject\",\"inLanguage\":\"en-US\",\"@id\":\"https:\\\/\\\/docelimaoloja.com.br\\\/#\\\/schema\\\/logo\\\/image\\\/\",\"url\":\"https:\\\/\\\/docelimaoloja.com.br\\\/wp-content\\\/uploads\\\/2020\\\/08\\\/logo-doce-limao.png\",\"contentUrl\":\"https:\\\/\\\/docelimaoloja.com.br\\\/wp-content\\\/uploads\\\/2020\\\/08\\\/logo-doce-limao.png\",\"width\":1280,\"height\":653,\"caption\":\"Loja Doce Limao\"},\"image\":{\"@id\":\"https:\\\/\\\/docelimaoloja.com.br\\\/#\\\/schema\\\/logo\\\/image\\\/\"}}]}<\/script>\n<!-- \/ Yoast SEO plugin. -->","yoast_head_json":{"title":"Perfume Hidratante rollon - Loja Doce Limao","description":"Perfume hidratante numa embalagem rollon para usar na bolsa. Relaxa, refresca e trata a pele. Sua beleza por voc\u00ea!","robots":{"index":"index","follow":"follow","max-snippet":"max-snippet:-1","max-image-preview":"max-image-preview:large","max-video-preview":"max-video-preview:-1"},"canonical":"https:\/\/docelimaoloja.com.br\/en\/product\/perfume-hidratante\/","og_locale":"en_US","og_type":"article","og_title":"Perfume Hidratante rollon - Loja Doce Limao","og_description":"Perfume hidratante numa embalagem rollon para usar na bolsa. Relaxa, refresca e trata a pele. Sua beleza por voc\u00ea!","og_url":"https:\/\/docelimaoloja.com.br\/en\/product\/perfume-hidratante\/","og_site_name":"Loja Doce Limao","article_modified_time":"2025-06-07T21:37:49+00:00","og_image":[{"width":800,"height":800,"url":"https:\/\/docelimaoloja.com.br\/wp-content\/uploads\/2021\/01\/perfume-hidratante.png","type":"image\/png"}],"twitter_card":"summary_large_image","twitter_misc":{"Est. reading time":"1 minute"},"schema":{"@context":"https:\/\/schema.org","@graph":[{"@type":"WebPage","@id":"https:\/\/docelimaoloja.com.br\/produto\/perfume-hidratante\/","url":"https:\/\/docelimaoloja.com.br\/produto\/perfume-hidratante\/","name":"Perfume Hidratante rollon - Loja Doce Limao","isPartOf":{"@id":"https:\/\/docelimaoloja.com.br\/#website"},"primaryImageOfPage":{"@id":"https:\/\/docelimaoloja.com.br\/produto\/perfume-hidratante\/#primaryimage"},"image":{"@id":"https:\/\/docelimaoloja.com.br\/produto\/perfume-hidratante\/#primaryimage"},"thumbnailUrl":"https:\/\/docelimaoloja.com.br\/wp-content\/uploads\/2021\/01\/perfume-hidratante.png","datePublished":"2021-06-06T16:17:25+00:00","dateModified":"2025-06-07T21:37:49+00:00","description":"Perfume hidratante numa embalagem rollon para usar na bolsa. Relaxa, refresca e trata a pele. Sua beleza por voc\u00ea!","breadcrumb":{"@id":"https:\/\/docelimaoloja.com.br\/produto\/perfume-hidratante\/#breadcrumb"},"inLanguage":"en-US","potentialAction":[{"@type":"ReadAction","target":["https:\/\/docelimaoloja.com.br\/produto\/perfume-hidratante\/"]}]},{"@type":"ImageObject","inLanguage":"en-US","@id":"https:\/\/docelimaoloja.com.br\/produto\/perfume-hidratante\/#primaryimage","url":"https:\/\/docelimaoloja.com.br\/wp-content\/uploads\/2021\/01\/perfume-hidratante.png","contentUrl":"https:\/\/docelimaoloja.com.br\/wp-content\/uploads\/2021\/01\/perfume-hidratante.png","width":800,"height":800,"caption":"perfume-hidratante"},{"@type":"BreadcrumbList","@id":"https:\/\/docelimaoloja.com.br\/produto\/perfume-hidratante\/#breadcrumb","itemListElement":[{"@type":"ListItem","position":1,"name":"In\u00edcio","item":"https:\/\/docelimaoloja.com.br\/"},{"@type":"ListItem","position":2,"name":"Loja Virtual","item":"https:\/\/docelimaoloja.com.br\/loja-virtual\/"},{"@type":"ListItem","position":3,"name":"Perfume Hidratante rollon"}]},{"@type":"WebSite","@id":"https:\/\/docelimaoloja.com.br\/#website","url":"https:\/\/docelimaoloja.com.br\/","name":"Loja Doce Limao","description":"Loja Natural","publisher":{"@id":"https:\/\/docelimaoloja.com.br\/#organization"},"potentialAction":[{"@type":"SearchAction","target":{"@type":"EntryPoint","urlTemplate":"https:\/\/docelimaoloja.com.br\/?s={search_term_string}"},"query-input":{"@type":"PropertyValueSpecification","valueRequired":true,"valueName":"search_term_string"}}],"inLanguage":"en-US"},{"@type":"Organization","@id":"https:\/\/docelimaoloja.com.br\/#organization","name":"Loja Doce Limao","url":"https:\/\/docelimaoloja.com.br\/","logo":{"@type":"ImageObject","inLanguage":"en-US","@id":"https:\/\/docelimaoloja.com.br\/#\/schema\/logo\/image\/","url":"https:\/\/docelimaoloja.com.br\/wp-content\/uploads\/2020\/08\/logo-doce-limao.png","contentUrl":"https:\/\/docelimaoloja.com.br\/wp-content\/uploads\/2020\/08\/logo-doce-limao.png","width":1280,"height":653,"caption":"Loja Doce Limao"},"image":{"@id":"https:\/\/docelimaoloja.com.br\/#\/schema\/logo\/image\/"}}]}},"_links":{"self":[{"href":"https:\/\/docelimaoloja.com.br\/en\/wp-json\/wp\/v2\/product\/6463","targetHints":{"allow":["GET"]}}],"collection":[{"href":"https:\/\/docelimaoloja.com.br\/en\/wp-json\/wp\/v2\/product"}],"about":[{"href":"https:\/\/docelimaoloja.com.br\/en\/wp-json\/wp\/v2\/types\/product"}],"replies":[{"embeddable":true,"href":"https:\/\/docelimaoloja.com.br\/en\/wp-json\/wp\/v2\/comments?post=6463"}],"wp:featuredmedia":[{"embeddable":true,"href":"https:\/\/docelimaoloja.com.br\/en\/wp-json\/wp\/v2\/media\/6519"}],"wp:attachment":[{"href":"https:\/\/docelimaoloja.com.br\/en\/wp-json\/wp\/v2\/media?parent=6463"}],"wp:term":[{"taxonomy":"product_brand","embeddable":true,"href":"https:\/\/docelimaoloja.com.br\/en\/wp-json\/wp\/v2\/product_brand?post=6463"},{"taxonomy":"product_cat","embeddable":true,"href":"https:\/\/docelimaoloja.com.br\/en\/wp-json\/wp\/v2\/product_cat?post=6463"},{"taxonomy":"product_tag","embeddable":true,"href":"https:\/\/docelimaoloja.com.br\/en\/wp-json\/wp\/v2\/product_tag?post=6463"}],"curies":[{"name":"wp","href":"https:\/\/api.w.org\/{rel}","templated":true}]}}