{"id":5610,"date":"2020-12-07T17:55:47","date_gmt":"2020-12-07T17:55:47","guid":{"rendered":"https:\/\/docelimaoloja.com.br\/?post_type=product&#038;p=5610"},"modified":"2024-11-27T13:25:48","modified_gmt":"2024-11-27T13:25:48","slug":"fito-sais","status":"publish","type":"product","link":"https:\/\/docelimaoloja.com.br\/en\/product\/fito-sais\/","title":{"rendered":"Kit 5 Fito Sais Terap\u00eauticos"},"content":{"rendered":"<p><em><strong>O PRINC\u00cdPIO VITAL <\/strong><\/em><\/p>\n<p><em>Todo alimento tem um Princ\u00edpio Vital, que \u00e9 determinante de sua express\u00e3o, for\u00e7a e atua\u00e7\u00e3o em nossos corpos. O Princ\u00edpio Vital se refere \u00e0 for\u00e7a de vida contida no alimento. Alimentos frescos, plantados e colhidos no tempo certo, em solo f\u00e9rtil, s\u00e3o plenos em seus Princ\u00edpios Vitais, que nos beneficiam mais do que os que foram plantados fora da esta\u00e7\u00e3o, amadurecidos rapidamente e\/ou consumidos depois de um tempo maior de armazenagem. <\/em><\/p>\n<p><strong>Por que FITOSAIS?<\/strong><\/p>\n<p>Porque o uso de plantas, como as listadas a seguir, ir\u00e3o ampliar, em sinergia, as potencias do sal integral e delas mesmas. Sinergia significa que 2 + 2 \u00e9 maior que 5&#8230;<\/p>\n<p>&#8211; As especiarias, riqu\u00edssimas em fitos antioxidantes, antiinflamat\u00f3rios, adstringentes, aromas, sabores, digestivas e por a\u00ed vamos;<\/p>\n<p>&#8211; As ra\u00edzes e tub\u00e9rculos, riqu\u00edssimas nestes mesmos fitos, mas tamb\u00e9m de minerais: macro e micro (oligominerais);<\/p>\n<p>&#8211; E todas as plantas aqui sugeridas nas f\u00f3rmulas dos fitosais s\u00e3o ricas de aromas (\u00f3leos essenciais) e sabores para l\u00e1 de ex\u00f3ticos, especiais&#8230;<\/p>\n<p><em>Invadindo o tema \u2018mineraliza\u00e7\u00e3o humana\u2019 muito bem estudado pelo Jerry Brunetti, venho dar minha singela conclus\u00e3o, sugest\u00e3o e alerta; para que busquemos praticar, valorizar e incentivar que mais e mais agricultores familiares pratiquem t\u00e9cnicas de cultivo mais agroecol\u00f3gicas. <\/em><\/p>\n<p><em>Tamb\u00e9m que busquemos pelo consumo de um sal mais integral, artesanal e fresco, que contenha maior pluralidade destes minerais, mas que para maior assimila\u00e7\u00e3o dependem da associa\u00e7\u00e3o com alimentos que fa\u00e7am a sua quela\u00e7\u00e3o. No caso, estamos falando dos \u00e1cidos c\u00edtricos e m\u00e1lico, presentes nas frutas c\u00edtricas, em especial nos lim\u00f5es de todas as variedades: tahiti, cravo, galego e siciliano. Incluso as variedades mais r\u00fasticas que encontramos em biomas como restingas, mata atl\u00e2ntica, cerrado e amaz\u00f4nico: os lim\u00f5es PANC.<\/em><\/p>\n<p><strong>Importante lembrar que todos os Fito Sais que produzimos s\u00e3o feitos a partir do nosso Sal PREMIUM.<\/strong><\/p>\n<p>Para conferir mais informa\u00e7\u00f5es sobre nosso Sal Premium e\u00a0 ensaios anal\u00edticos acesse: <a href=\"https:\/\/www.docelimao.com.br\/site\/de-bem-com-o-planeta\/agricultor-e-consumidor-conscientes\/3443-sal-premium-ensaios-analiticos.html\" target=\"_blank\" rel=\"noopener\">https:\/\/www.docelimao.com.br\/site\/de-bem-com-o-planeta\/agricultor-e-consumidor-conscientes\/3443-sal-premium-ensaios-analiticos.html<\/a><\/p>\n<p>Assista a seguir o v\u00eddeo sobre nossos Fito Sais:<\/p>\n<div class=\"iframe-container\">\n<p><iframe loading=\"lazy\" src=\"https:\/\/www.youtube.com\/embed\/R5DGnemHXCM?si=IfiPSXIlQSxpuMUR\" width=\"560\" height=\"315\" frameborder=\"0\" allowfullscreen=\"allowfullscreen\"><\/iframe><\/p>\n<\/div>","protected":false},"excerpt":{"rendered":"<p>Nossos FitoSais Medicinais s\u00e3o oriundos de pequenas produ\u00e7\u00f5es limitadas com as 10 op\u00e7\u00f5es de plantas + especiarias abaixo. Produ\u00e7\u00e3o limitada! At\u00e9 acabar o estoque&#8230;<\/p>\n<p>O sal integral de base \u00e9 o<strong> nosso Sal PREMIUM, <\/strong>artesanal e flocado da Costa do Sal\/RN. As plantas s\u00e3o idealmente org\u00e2nicas ou agroecol\u00f3gicas. Nosso sal marinho<strong>\u00a0n\u00e3o passa pelo<\/strong>\u00a0<strong>processo de lavagem, refinamento e aditiva\u00e7\u00e3o: <\/strong>por isso tem mais minerais. Pode ser usado como um substituto do sal comum na prepara\u00e7\u00e3o e tempero de alimentos, diminuindo a quantidade de s\u00f3dio e aumentando o consumo de minerais.<\/p>\n<p>Um dos benef\u00edcios dos nossos FitoSais \u00e9 ser polimineral e menor teor de s\u00f3dio (cerca de 50%), evitando problemas como a reten\u00e7\u00e3o de l\u00edquidos e o ganho de peso.<\/p>\n<p>Cada tubete cont\u00e9m 20 gramas.<\/p>\n<p>Voc\u00ea compra 4 e leva + 1 Lemon Pepper de presente.<\/p>\n<ol>\n<li style=\"list-style-type: none\">\n<ol>\n<li>Lemon Pepper: carca\u00e7as inteiras de lim\u00e3o (FERMENTADAS) + pimenta calabresa + sal integral e artesanal<br \/>\nFun\u00e7\u00e3o: Digestiva<\/li>\n<li>Beterraba + gengibre + suco lim\u00e3o + sal integral e artesanal<br \/>\nFun\u00e7\u00e3o: Fogachos e anemias<\/li>\n<li>Aipo + suco lim\u00e3o + sal integral e artesanal<br \/>\nFun\u00e7\u00e3o: Detox, antioxidante e mineralizante<\/li>\n<li>Inhame + a\u00e7afr\u00e3o + pimenta negra + salsa + suco lim\u00e3o + sal integral e artesanal<br \/>\nFun\u00e7\u00e3o: Imunidade<\/li>\n<li>Alho + folhas abacate + suco lim\u00e3o + sal integral e artesanal<br \/>\nFun\u00e7\u00e3o: Digest\u00e3o e anti-gases (carminativo)<\/li>\n<li>Repolho Roxo + lim\u00e3o inteiro (casca e suco) + a\u00e7afr\u00e3o da terra + sal integral e artesanal<br \/>\nFun\u00e7\u00e3o: Antioxidante e Anti-C\u00e2ncer<\/li>\n<li>Cebola Roxa + semente de sarraceno + suco de lim\u00e3o + sal integral e artesanal<br \/>\nFun\u00e7\u00e3o: antiviral<\/li>\n<li>Caro\u00e7o de abacate (germinado) + folhas de abacateiro + suco de lim\u00e3o + sal integral e artesanal<br \/>\nFun\u00e7\u00e3o: Modular hipertens\u00e3o<\/li>\n<li>Aroeira (sementes + folhas) + <span style=\"font-size: 1rem\">suco de lim\u00e3o + sal integral e artesanal<br \/>\n<\/span><span style=\"font-size: 1rem\">Fun\u00e7\u00e3o: inti-inflamat\u00f3ria<\/span><\/li>\n<\/ol>\n<\/li>\n<\/ol>\n<p>&nbsp;<\/p>\n<p style=\"line-height: 1.71429;margin-bottom: 1.71429rem;font-weight: 400\">S\u00e3o kits com 4 destas 9 op\u00e7\u00f5es de forma aleat\u00f3ria. Confia: voc\u00ea receber\u00e1 os que mais precisas!<br \/>\nE sempre vai 1 Lemon Pepper de presente: del\u00edrio dos deuses!<\/p>\n<p>Ideal para ter 1 na bolsa, 1 no carro, 1 no escrit\u00f3rio e outro em casa.<br \/>\n<strong style=\"font-size: 1rem\">Importante lembrar que todos os Fito Sais que produzimos s\u00e3o feitos a partir do nosso Sal PREMIUM.<\/strong><\/p>\n<p>Aproveite essa promo\u00e7\u00e3o e adquira agora mesmo seus FitoSais terap\u00eauticos para real\u00e7ar sabores, aproveitando sua pureza, sabor natural e teor nutritivo!<\/p>\n<p><a href=\"https:\/\/docelimaoloja.com.br\/wp-content\/uploads\/2022\/09\/selo-sal-costa-do-sol-rn.png\"><img loading=\"lazy\" decoding=\"async\" class=\"alignnone size-medium wp-image-14076\" src=\"https:\/\/docelimaoloja.com.br\/wp-content\/uploads\/2022\/09\/selo-sal-costa-do-sol-rn-300x51.png\" alt=\"\" width=\"300\" height=\"51\" srcset=\"https:\/\/docelimaoloja.com.br\/wp-content\/uploads\/2022\/09\/selo-sal-costa-do-sol-rn-300x51.png 300w, https:\/\/docelimaoloja.com.br\/wp-content\/uploads\/2022\/09\/selo-sal-costa-do-sol-rn.png 444w\" sizes=\"auto, (max-width: 300px) 100vw, 300px\" \/><\/a><\/p>","protected":false},"featured_media":9609,"comment_status":"open","ping_status":"closed","template":"","meta":[],"product_brand":[],"product_cat":[847],"product_tag":[],"class_list":{"0":"post-5610","1":"product","2":"type-product","3":"status-publish","4":"has-post-thumbnail","6":"product_cat-fito-sais","8":"first","9":"instock","10":"sale","11":"shipping-taxable","12":"purchasable","13":"product-type-simple"},"yoast_head":"<!-- This site is optimized with the Yoast SEO plugin v27.4 - https:\/\/yoast.com\/product\/yoast-seo-wordpress\/ -->\n<title>Kit 5 Fito Sais Terap\u00eauticos - Loja Doce Limao<\/title>\n<meta name=\"description\" content=\"Por que FITOSAIS? Porque o uso de plantas, como as listadas a seguir, ir\u00e3o ampliar, em sinergia, as potencias do sal integral e delas mesmas. Sinergia significa que 2 + 2 \u00e9 maior que 5... - As especiarias, riqu\u00edssimas em fitos antioxidantes, antiinflamat\u00f3rios, adstringentes, aromas, sabores, digestivas e por a\u00ed vamos; - As ra\u00edzes e tub\u00e9rculos, riqu\u00edssimas nestes mesmos fitos, mas tamb\u00e9m de minerais: macro e micro (oligominerais); - E todas as plantas aqui sugeridas nas f\u00f3rmulas dos fitosais s\u00e3o ricas de aromas (\u00f3leos essenciais) e sabores para l\u00e1 de ex\u00f3ticos, especiais...\" \/>\n<meta name=\"robots\" content=\"index, follow, max-snippet:-1, max-image-preview:large, max-video-preview:-1\" \/>\n<link rel=\"canonical\" href=\"https:\/\/docelimaoloja.com.br\/en\/product\/fito-sais\/\" \/>\n<meta property=\"og:locale\" content=\"en_US\" \/>\n<meta property=\"og:type\" content=\"article\" \/>\n<meta property=\"og:title\" content=\"Kit 5 Fito Sais Terap\u00eauticos - Loja Doce Limao\" \/>\n<meta property=\"og:description\" content=\"Por que FITOSAIS? Porque o uso de plantas, como as listadas a seguir, ir\u00e3o ampliar, em sinergia, as potencias do sal integral e delas mesmas. Sinergia significa que 2 + 2 \u00e9 maior que 5... - As especiarias, riqu\u00edssimas em fitos antioxidantes, antiinflamat\u00f3rios, adstringentes, aromas, sabores, digestivas e por a\u00ed vamos; - As ra\u00edzes e tub\u00e9rculos, riqu\u00edssimas nestes mesmos fitos, mas tamb\u00e9m de minerais: macro e micro (oligominerais); - E todas as plantas aqui sugeridas nas f\u00f3rmulas dos fitosais s\u00e3o ricas de aromas (\u00f3leos essenciais) e sabores para l\u00e1 de ex\u00f3ticos, especiais...\" \/>\n<meta property=\"og:url\" content=\"https:\/\/docelimaoloja.com.br\/en\/product\/fito-sais\/\" \/>\n<meta property=\"og:site_name\" content=\"Loja Doce Limao\" \/>\n<meta property=\"article:modified_time\" content=\"2024-11-27T13:25:48+00:00\" \/>\n<meta property=\"og:image\" content=\"https:\/\/docelimaoloja.com.br\/wp-content\/uploads\/2021\/09\/fito-sais.jpeg\" \/>\n\t<meta property=\"og:image:width\" content=\"1200\" \/>\n\t<meta property=\"og:image:height\" content=\"1280\" \/>\n\t<meta property=\"og:image:type\" content=\"image\/jpeg\" \/>\n<meta name=\"twitter:card\" content=\"summary_large_image\" \/>\n<meta name=\"twitter:label1\" content=\"Est. reading time\" \/>\n\t<meta name=\"twitter:data1\" content=\"2 minutes\" \/>\n<script type=\"application\/ld+json\" class=\"yoast-schema-graph\">{\"@context\":\"https:\\\/\\\/schema.org\",\"@graph\":[{\"@type\":\"WebPage\",\"@id\":\"https:\\\/\\\/docelimaoloja.com.br\\\/produto\\\/fito-sais\\\/\",\"url\":\"https:\\\/\\\/docelimaoloja.com.br\\\/produto\\\/fito-sais\\\/\",\"name\":\"Kit 5 Fito Sais Terap\u00eauticos - Loja Doce Limao\",\"isPartOf\":{\"@id\":\"https:\\\/\\\/docelimaoloja.com.br\\\/#website\"},\"primaryImageOfPage\":{\"@id\":\"https:\\\/\\\/docelimaoloja.com.br\\\/produto\\\/fito-sais\\\/#primaryimage\"},\"image\":{\"@id\":\"https:\\\/\\\/docelimaoloja.com.br\\\/produto\\\/fito-sais\\\/#primaryimage\"},\"thumbnailUrl\":\"https:\\\/\\\/docelimaoloja.com.br\\\/wp-content\\\/uploads\\\/2021\\\/09\\\/fito-sais.jpeg\",\"datePublished\":\"2020-12-07T17:55:47+00:00\",\"dateModified\":\"2024-11-27T13:25:48+00:00\",\"description\":\"Por que FITOSAIS? Porque o uso de plantas, como as listadas a seguir, ir\u00e3o ampliar, em sinergia, as potencias do sal integral e delas mesmas. Sinergia significa que 2 + 2 \u00e9 maior que 5... - As especiarias, riqu\u00edssimas em fitos antioxidantes, antiinflamat\u00f3rios, adstringentes, aromas, sabores, digestivas e por a\u00ed vamos; - As ra\u00edzes e tub\u00e9rculos, riqu\u00edssimas nestes mesmos fitos, mas tamb\u00e9m de minerais: macro e micro (oligominerais); - E todas as plantas aqui sugeridas nas f\u00f3rmulas dos fitosais s\u00e3o ricas de aromas (\u00f3leos essenciais) e sabores para l\u00e1 de ex\u00f3ticos, especiais...\",\"breadcrumb\":{\"@id\":\"https:\\\/\\\/docelimaoloja.com.br\\\/produto\\\/fito-sais\\\/#breadcrumb\"},\"inLanguage\":\"en-US\",\"potentialAction\":[{\"@type\":\"ReadAction\",\"target\":[\"https:\\\/\\\/docelimaoloja.com.br\\\/produto\\\/fito-sais\\\/\"]}]},{\"@type\":\"ImageObject\",\"inLanguage\":\"en-US\",\"@id\":\"https:\\\/\\\/docelimaoloja.com.br\\\/produto\\\/fito-sais\\\/#primaryimage\",\"url\":\"https:\\\/\\\/docelimaoloja.com.br\\\/wp-content\\\/uploads\\\/2021\\\/09\\\/fito-sais.jpeg\",\"contentUrl\":\"https:\\\/\\\/docelimaoloja.com.br\\\/wp-content\\\/uploads\\\/2021\\\/09\\\/fito-sais.jpeg\",\"width\":1200,\"height\":1280},{\"@type\":\"BreadcrumbList\",\"@id\":\"https:\\\/\\\/docelimaoloja.com.br\\\/produto\\\/fito-sais\\\/#breadcrumb\",\"itemListElement\":[{\"@type\":\"ListItem\",\"position\":1,\"name\":\"In\u00edcio\",\"item\":\"https:\\\/\\\/docelimaoloja.com.br\\\/\"},{\"@type\":\"ListItem\",\"position\":2,\"name\":\"Loja Virtual\",\"item\":\"https:\\\/\\\/docelimaoloja.com.br\\\/loja-virtual\\\/\"},{\"@type\":\"ListItem\",\"position\":3,\"name\":\"Kit 5 Fito Sais Terap\u00eauticos\"}]},{\"@type\":\"WebSite\",\"@id\":\"https:\\\/\\\/docelimaoloja.com.br\\\/#website\",\"url\":\"https:\\\/\\\/docelimaoloja.com.br\\\/\",\"name\":\"Loja Doce Limao\",\"description\":\"Loja Natural\",\"publisher\":{\"@id\":\"https:\\\/\\\/docelimaoloja.com.br\\\/#organization\"},\"potentialAction\":[{\"@type\":\"SearchAction\",\"target\":{\"@type\":\"EntryPoint\",\"urlTemplate\":\"https:\\\/\\\/docelimaoloja.com.br\\\/?s={search_term_string}\"},\"query-input\":{\"@type\":\"PropertyValueSpecification\",\"valueRequired\":true,\"valueName\":\"search_term_string\"}}],\"inLanguage\":\"en-US\"},{\"@type\":\"Organization\",\"@id\":\"https:\\\/\\\/docelimaoloja.com.br\\\/#organization\",\"name\":\"Loja Doce Limao\",\"url\":\"https:\\\/\\\/docelimaoloja.com.br\\\/\",\"logo\":{\"@type\":\"ImageObject\",\"inLanguage\":\"en-US\",\"@id\":\"https:\\\/\\\/docelimaoloja.com.br\\\/#\\\/schema\\\/logo\\\/image\\\/\",\"url\":\"https:\\\/\\\/docelimaoloja.com.br\\\/wp-content\\\/uploads\\\/2020\\\/08\\\/logo-doce-limao.png\",\"contentUrl\":\"https:\\\/\\\/docelimaoloja.com.br\\\/wp-content\\\/uploads\\\/2020\\\/08\\\/logo-doce-limao.png\",\"width\":1280,\"height\":653,\"caption\":\"Loja Doce Limao\"},\"image\":{\"@id\":\"https:\\\/\\\/docelimaoloja.com.br\\\/#\\\/schema\\\/logo\\\/image\\\/\"}}]}<\/script>\n<!-- \/ Yoast SEO plugin. -->","yoast_head_json":{"title":"Kit 5 Fito Sais Terap\u00eauticos - Loja Doce Limao","description":"Por que FITOSAIS? Porque o uso de plantas, como as listadas a seguir, ir\u00e3o ampliar, em sinergia, as potencias do sal integral e delas mesmas. Sinergia significa que 2 + 2 \u00e9 maior que 5... - As especiarias, riqu\u00edssimas em fitos antioxidantes, antiinflamat\u00f3rios, adstringentes, aromas, sabores, digestivas e por a\u00ed vamos; - As ra\u00edzes e tub\u00e9rculos, riqu\u00edssimas nestes mesmos fitos, mas tamb\u00e9m de minerais: macro e micro (oligominerais); - E todas as plantas aqui sugeridas nas f\u00f3rmulas dos fitosais s\u00e3o ricas de aromas (\u00f3leos essenciais) e sabores para l\u00e1 de ex\u00f3ticos, especiais...","robots":{"index":"index","follow":"follow","max-snippet":"max-snippet:-1","max-image-preview":"max-image-preview:large","max-video-preview":"max-video-preview:-1"},"canonical":"https:\/\/docelimaoloja.com.br\/en\/product\/fito-sais\/","og_locale":"en_US","og_type":"article","og_title":"Kit 5 Fito Sais Terap\u00eauticos - Loja Doce Limao","og_description":"Por que FITOSAIS? Porque o uso de plantas, como as listadas a seguir, ir\u00e3o ampliar, em sinergia, as potencias do sal integral e delas mesmas. Sinergia significa que 2 + 2 \u00e9 maior que 5... - As especiarias, riqu\u00edssimas em fitos antioxidantes, antiinflamat\u00f3rios, adstringentes, aromas, sabores, digestivas e por a\u00ed vamos; - As ra\u00edzes e tub\u00e9rculos, riqu\u00edssimas nestes mesmos fitos, mas tamb\u00e9m de minerais: macro e micro (oligominerais); - E todas as plantas aqui sugeridas nas f\u00f3rmulas dos fitosais s\u00e3o ricas de aromas (\u00f3leos essenciais) e sabores para l\u00e1 de ex\u00f3ticos, especiais...","og_url":"https:\/\/docelimaoloja.com.br\/en\/product\/fito-sais\/","og_site_name":"Loja Doce Limao","article_modified_time":"2024-11-27T13:25:48+00:00","og_image":[{"width":1200,"height":1280,"url":"https:\/\/docelimaoloja.com.br\/wp-content\/uploads\/2021\/09\/fito-sais.jpeg","type":"image\/jpeg"}],"twitter_card":"summary_large_image","twitter_misc":{"Est. reading time":"2 minutes"},"schema":{"@context":"https:\/\/schema.org","@graph":[{"@type":"WebPage","@id":"https:\/\/docelimaoloja.com.br\/produto\/fito-sais\/","url":"https:\/\/docelimaoloja.com.br\/produto\/fito-sais\/","name":"Kit 5 Fito Sais Terap\u00eauticos - Loja Doce Limao","isPartOf":{"@id":"https:\/\/docelimaoloja.com.br\/#website"},"primaryImageOfPage":{"@id":"https:\/\/docelimaoloja.com.br\/produto\/fito-sais\/#primaryimage"},"image":{"@id":"https:\/\/docelimaoloja.com.br\/produto\/fito-sais\/#primaryimage"},"thumbnailUrl":"https:\/\/docelimaoloja.com.br\/wp-content\/uploads\/2021\/09\/fito-sais.jpeg","datePublished":"2020-12-07T17:55:47+00:00","dateModified":"2024-11-27T13:25:48+00:00","description":"Por que FITOSAIS? Porque o uso de plantas, como as listadas a seguir, ir\u00e3o ampliar, em sinergia, as potencias do sal integral e delas mesmas. Sinergia significa que 2 + 2 \u00e9 maior que 5... - As especiarias, riqu\u00edssimas em fitos antioxidantes, antiinflamat\u00f3rios, adstringentes, aromas, sabores, digestivas e por a\u00ed vamos; - As ra\u00edzes e tub\u00e9rculos, riqu\u00edssimas nestes mesmos fitos, mas tamb\u00e9m de minerais: macro e micro (oligominerais); - E todas as plantas aqui sugeridas nas f\u00f3rmulas dos fitosais s\u00e3o ricas de aromas (\u00f3leos essenciais) e sabores para l\u00e1 de ex\u00f3ticos, especiais...","breadcrumb":{"@id":"https:\/\/docelimaoloja.com.br\/produto\/fito-sais\/#breadcrumb"},"inLanguage":"en-US","potentialAction":[{"@type":"ReadAction","target":["https:\/\/docelimaoloja.com.br\/produto\/fito-sais\/"]}]},{"@type":"ImageObject","inLanguage":"en-US","@id":"https:\/\/docelimaoloja.com.br\/produto\/fito-sais\/#primaryimage","url":"https:\/\/docelimaoloja.com.br\/wp-content\/uploads\/2021\/09\/fito-sais.jpeg","contentUrl":"https:\/\/docelimaoloja.com.br\/wp-content\/uploads\/2021\/09\/fito-sais.jpeg","width":1200,"height":1280},{"@type":"BreadcrumbList","@id":"https:\/\/docelimaoloja.com.br\/produto\/fito-sais\/#breadcrumb","itemListElement":[{"@type":"ListItem","position":1,"name":"In\u00edcio","item":"https:\/\/docelimaoloja.com.br\/"},{"@type":"ListItem","position":2,"name":"Loja Virtual","item":"https:\/\/docelimaoloja.com.br\/loja-virtual\/"},{"@type":"ListItem","position":3,"name":"Kit 5 Fito Sais Terap\u00eauticos"}]},{"@type":"WebSite","@id":"https:\/\/docelimaoloja.com.br\/#website","url":"https:\/\/docelimaoloja.com.br\/","name":"Loja Doce Limao","description":"Loja Natural","publisher":{"@id":"https:\/\/docelimaoloja.com.br\/#organization"},"potentialAction":[{"@type":"SearchAction","target":{"@type":"EntryPoint","urlTemplate":"https:\/\/docelimaoloja.com.br\/?s={search_term_string}"},"query-input":{"@type":"PropertyValueSpecification","valueRequired":true,"valueName":"search_term_string"}}],"inLanguage":"en-US"},{"@type":"Organization","@id":"https:\/\/docelimaoloja.com.br\/#organization","name":"Loja Doce Limao","url":"https:\/\/docelimaoloja.com.br\/","logo":{"@type":"ImageObject","inLanguage":"en-US","@id":"https:\/\/docelimaoloja.com.br\/#\/schema\/logo\/image\/","url":"https:\/\/docelimaoloja.com.br\/wp-content\/uploads\/2020\/08\/logo-doce-limao.png","contentUrl":"https:\/\/docelimaoloja.com.br\/wp-content\/uploads\/2020\/08\/logo-doce-limao.png","width":1280,"height":653,"caption":"Loja Doce Limao"},"image":{"@id":"https:\/\/docelimaoloja.com.br\/#\/schema\/logo\/image\/"}}]}},"_links":{"self":[{"href":"https:\/\/docelimaoloja.com.br\/en\/wp-json\/wp\/v2\/product\/5610","targetHints":{"allow":["GET"]}}],"collection":[{"href":"https:\/\/docelimaoloja.com.br\/en\/wp-json\/wp\/v2\/product"}],"about":[{"href":"https:\/\/docelimaoloja.com.br\/en\/wp-json\/wp\/v2\/types\/product"}],"replies":[{"embeddable":true,"href":"https:\/\/docelimaoloja.com.br\/en\/wp-json\/wp\/v2\/comments?post=5610"}],"wp:featuredmedia":[{"embeddable":true,"href":"https:\/\/docelimaoloja.com.br\/en\/wp-json\/wp\/v2\/media\/9609"}],"wp:attachment":[{"href":"https:\/\/docelimaoloja.com.br\/en\/wp-json\/wp\/v2\/media?parent=5610"}],"wp:term":[{"taxonomy":"product_brand","embeddable":true,"href":"https:\/\/docelimaoloja.com.br\/en\/wp-json\/wp\/v2\/product_brand?post=5610"},{"taxonomy":"product_cat","embeddable":true,"href":"https:\/\/docelimaoloja.com.br\/en\/wp-json\/wp\/v2\/product_cat?post=5610"},{"taxonomy":"product_tag","embeddable":true,"href":"https:\/\/docelimaoloja.com.br\/en\/wp-json\/wp\/v2\/product_tag?post=5610"}],"curies":[{"name":"wp","href":"https:\/\/api.w.org\/{rel}","templated":true}]}}