{"id":5188,"date":"2020-11-13T17:49:49","date_gmt":"2020-11-13T17:49:49","guid":{"rendered":"https:\/\/docelimaoloja.com.br\/?post_type=product&#038;p=5188"},"modified":"2024-06-22T11:23:02","modified_gmt":"2024-06-22T11:23:02","slug":"kit-detox","status":"publish","type":"product","link":"https:\/\/docelimaoloja.com.br\/en\/product\/kit-detox\/","title":{"rendered":"Kit Detox: \u00f3leos + escalda-p\u00e9s"},"content":{"rendered":"<p>Os \u00d3leos de Massagem do Doce Lim\u00e3o s\u00e3o muito terap\u00eauticos, ao mesmo tempo desintoxicantes.<\/p>\n<p>\u00d3leo Regenerador Celular e Bactericida<br \/>\nComposi\u00e7\u00e3o:<br \/>\nBase hidratante &#8211; \u00d3leo de linha\u00e7a, \u00f3leo de baba\u00e7u, \u00f3leo de girassol e \u00f3leo de copa\u00edba.<br \/>\nAtivos arom\u00e1ticos \u2013 \u00d3leo essencial de Tea-Tree e \u00d3leo essencial de Lavanda.<br \/>\nFun\u00e7\u00e3o: Cuida de suas peles profundamente. Seja para evitar doen\u00e7as ou mesmo para tratar doen\u00e7as de pele. Tamb\u00e9m conhecido como \u201cdoril nas rugas\u201d esta f\u00f3rmula ativa a circula\u00e7\u00e3o perif\u00e9rica e acelera a elimina\u00e7\u00e3o de toxinas via pele. Acorda, relaxa e harmoniza.<br \/>\nTrata problemas de pele em geral equilibrando sua oleosidade (peles secas ou oleosas e acneicas), aliviando sinais de envelhecimento, curando desarmonias como pintas vermelhas (pr\u00e9-c\u00e2ncer), coceiras, dificuldades de cicatriza\u00e7\u00e3o e problemas circulat\u00f3rios.<br \/>\nUm excelente bactericida, previne e trata hist\u00f3ricos de candid\u00edase (feminina e masculina).<br \/>\nTrata a pele da barriga de gestantes prevenindo estrias e alergias, peles oleosas e acneicas,\u00a0problemas leves de psor\u00edase e ros\u00e1ceas. Age como um protetor solar FPS 8.<br \/>\nPrevine e trata problema de hemorroida. Prepara peles que sofrer\u00e3o protocolos cir\u00fargicos.<br \/>\nSomente para uso t\u00f3pico: ideal para peles com dist\u00farbios como pintas, manchas, feridas, coceiras, pr\u00e9-cirurgias. Tamb\u00e9m como um protetor solar (FPS 8) e contra insetos.<br \/>\nEmbalagem: vidro \u00e2mbar 30 ml com tampa gotejadora<\/p>\n<p>\u00d3leo Desintoxicante &amp; Emagrecedor<br \/>\nComposi\u00e7\u00e3o:<br \/>\nBase hidratante &#8211; \u00d3leo de linha\u00e7a, \u00f3leo de baba\u00e7u, \u00f3leo de girassol e \u00f3leo de copa\u00edba.<br \/>\nAtivos arom\u00e1ticos &#8211; \u00d3leo essencial de Funcho &#8211; doce (anis, erva-doce, fennel), \u00d3leo essencial de Capim Lim\u00e3o (lemon grass) e \u00d3leo essencial de Lim\u00e3o Tahiti.<br \/>\nFun\u00e7\u00e3o: Ativa a circula\u00e7\u00e3o perif\u00e9rica acelerando a elimina\u00e7\u00e3o de toxinas via pele. Trata celulite e gordura localizada. Partes do corpo onde a circula\u00e7\u00e3o est\u00e1 prejudicada como varizes, pernas e p\u00e9s ou bra\u00e7os e m\u00e3os.Ideal para massagens em partes do corpo com excesso de gordura corporal e problemas circulat\u00f3rios. Tamb\u00e9m problemas de peristalse de intestinos pregui\u00e7osos.<br \/>\nEmbalagem: vidro \u00e2mbar 30 ml com tampa gotejadora<\/p>\n<p>Os 2 tubetes dos escalda-p\u00e9s s\u00e3o para voc\u00ea delirar e se proporcionar estes tempos de al\u00edvio, limpeza e leveza:<\/p>\n<p>Escalda p\u00e9s Detox<br \/>\nCont\u00e9m: alecrim, arruda, capim lim\u00e3o, cascas de lim\u00e3o e flores de cal\u00eandula e \u00d3leo essencial de laranja doce.<br \/>\nEmbalagem: tubete 20 gramas<\/p>\n<p>Escalda-p\u00e9s Relaxamento<br \/>\nCont\u00e9m: flores de macela, capim lim\u00e3o, folhas de abacate e flores de rosa rubra e \u00d3leo essencial de lavanda.<br \/>\nEmbalagem: tubete 20 gramas<\/p>\n<p>&nbsp;<\/p>","protected":false},"excerpt":{"rendered":"<p>O Kit Detox \u00e9 uma super dica para presentear que inclui:<\/p>\n<ul>\n<li>01 \u00f3leo de massagem Regenerador celular e bactericida &#8211; 30 ml com tampa gotejadora,<\/li>\n<li>01 \u00f3leo de massagem desintoxicante &amp; emagrecedor &#8211; 30 ml com tampa gotejadora,<\/li>\n<li>01 tubete Escalda-p\u00e9s DETOX \u2013 20g<\/li>\n<li>01 tubete Escalda-p\u00e9s RELAX \u2013 20g<\/li>\n<\/ul>","protected":false},"featured_media":5189,"comment_status":"open","ping_status":"closed","template":"","meta":[],"product_brand":[],"product_cat":[786,125,791],"product_tag":[],"class_list":{"0":"post-5188","1":"product","2":"type-product","3":"status-publish","4":"has-post-thumbnail","6":"product_cat-aromaterapia","7":"product_cat-combos-e-promocoes","8":"product_cat-oleos-de-massagem","10":"first","11":"instock","12":"sale","13":"shipping-taxable","14":"purchasable","15":"product-type-simple"},"yoast_head":"<!-- This site is optimized with the Yoast SEO plugin v27.4 - https:\/\/yoast.com\/product\/yoast-seo-wordpress\/ -->\n<title>Kit Detox: \u00f3leos + escalda-p\u00e9s - Loja Doce Limao<\/title>\n<meta name=\"description\" content=\"Uma sugest\u00e3o para presentear ou presentear-se que cont\u00e9m muito carinho e autocuidados. Um convite para trocar suas energias, relaxar e meditar... E de brinde cuidar profundamente de suas peles e tecidos adiposos!\" \/>\n<meta name=\"robots\" content=\"index, follow, max-snippet:-1, max-image-preview:large, max-video-preview:-1\" \/>\n<link rel=\"canonical\" href=\"https:\/\/docelimaoloja.com.br\/en\/product\/kit-detox\/\" \/>\n<meta property=\"og:locale\" content=\"en_US\" \/>\n<meta property=\"og:type\" content=\"article\" \/>\n<meta property=\"og:title\" content=\"Kit Detox: \u00f3leos + escalda-p\u00e9s - Loja Doce Limao\" \/>\n<meta property=\"og:description\" content=\"Uma sugest\u00e3o para presentear ou presentear-se que cont\u00e9m muito carinho e autocuidados. Um convite para trocar suas energias, relaxar e meditar... E de brinde cuidar profundamente de suas peles e tecidos adiposos!\" \/>\n<meta property=\"og:url\" content=\"https:\/\/docelimaoloja.com.br\/en\/product\/kit-detox\/\" \/>\n<meta property=\"og:site_name\" content=\"Loja Doce Limao\" \/>\n<meta property=\"article:modified_time\" content=\"2024-06-22T11:23:02+00:00\" \/>\n<meta property=\"og:image\" content=\"https:\/\/docelimaoloja.com.br\/wp-content\/uploads\/2020\/11\/kit-oleos.png\" \/>\n\t<meta property=\"og:image:width\" content=\"800\" \/>\n\t<meta property=\"og:image:height\" content=\"800\" \/>\n\t<meta property=\"og:image:type\" content=\"image\/png\" \/>\n<meta name=\"twitter:card\" content=\"summary_large_image\" \/>\n<meta name=\"twitter:label1\" content=\"Est. reading time\" \/>\n\t<meta name=\"twitter:data1\" content=\"3 minutes\" \/>\n<script type=\"application\/ld+json\" class=\"yoast-schema-graph\">{\"@context\":\"https:\\\/\\\/schema.org\",\"@graph\":[{\"@type\":\"WebPage\",\"@id\":\"https:\\\/\\\/docelimaoloja.com.br\\\/produto\\\/kit-detox\\\/\",\"url\":\"https:\\\/\\\/docelimaoloja.com.br\\\/produto\\\/kit-detox\\\/\",\"name\":\"Kit Detox: \u00f3leos + escalda-p\u00e9s - Loja Doce Limao\",\"isPartOf\":{\"@id\":\"https:\\\/\\\/docelimaoloja.com.br\\\/#website\"},\"primaryImageOfPage\":{\"@id\":\"https:\\\/\\\/docelimaoloja.com.br\\\/produto\\\/kit-detox\\\/#primaryimage\"},\"image\":{\"@id\":\"https:\\\/\\\/docelimaoloja.com.br\\\/produto\\\/kit-detox\\\/#primaryimage\"},\"thumbnailUrl\":\"https:\\\/\\\/docelimaoloja.com.br\\\/wp-content\\\/uploads\\\/2020\\\/11\\\/kit-oleos.png\",\"datePublished\":\"2020-11-13T17:49:49+00:00\",\"dateModified\":\"2024-06-22T11:23:02+00:00\",\"description\":\"Uma sugest\u00e3o para presentear ou presentear-se que cont\u00e9m muito carinho e autocuidados. Um convite para trocar suas energias, relaxar e meditar... E de brinde cuidar profundamente de suas peles e tecidos adiposos!\",\"breadcrumb\":{\"@id\":\"https:\\\/\\\/docelimaoloja.com.br\\\/produto\\\/kit-detox\\\/#breadcrumb\"},\"inLanguage\":\"en-US\",\"potentialAction\":[{\"@type\":\"ReadAction\",\"target\":[\"https:\\\/\\\/docelimaoloja.com.br\\\/produto\\\/kit-detox\\\/\"]}]},{\"@type\":\"ImageObject\",\"inLanguage\":\"en-US\",\"@id\":\"https:\\\/\\\/docelimaoloja.com.br\\\/produto\\\/kit-detox\\\/#primaryimage\",\"url\":\"https:\\\/\\\/docelimaoloja.com.br\\\/wp-content\\\/uploads\\\/2020\\\/11\\\/kit-oleos.png\",\"contentUrl\":\"https:\\\/\\\/docelimaoloja.com.br\\\/wp-content\\\/uploads\\\/2020\\\/11\\\/kit-oleos.png\",\"width\":800,\"height\":800,\"caption\":\"kit-oleos\"},{\"@type\":\"BreadcrumbList\",\"@id\":\"https:\\\/\\\/docelimaoloja.com.br\\\/produto\\\/kit-detox\\\/#breadcrumb\",\"itemListElement\":[{\"@type\":\"ListItem\",\"position\":1,\"name\":\"In\u00edcio\",\"item\":\"https:\\\/\\\/docelimaoloja.com.br\\\/\"},{\"@type\":\"ListItem\",\"position\":2,\"name\":\"Loja Virtual\",\"item\":\"https:\\\/\\\/docelimaoloja.com.br\\\/loja-virtual\\\/\"},{\"@type\":\"ListItem\",\"position\":3,\"name\":\"Kit Detox: \u00f3leos + escalda-p\u00e9s\"}]},{\"@type\":\"WebSite\",\"@id\":\"https:\\\/\\\/docelimaoloja.com.br\\\/#website\",\"url\":\"https:\\\/\\\/docelimaoloja.com.br\\\/\",\"name\":\"Loja Doce Limao\",\"description\":\"Loja Natural\",\"publisher\":{\"@id\":\"https:\\\/\\\/docelimaoloja.com.br\\\/#organization\"},\"potentialAction\":[{\"@type\":\"SearchAction\",\"target\":{\"@type\":\"EntryPoint\",\"urlTemplate\":\"https:\\\/\\\/docelimaoloja.com.br\\\/?s={search_term_string}\"},\"query-input\":{\"@type\":\"PropertyValueSpecification\",\"valueRequired\":true,\"valueName\":\"search_term_string\"}}],\"inLanguage\":\"en-US\"},{\"@type\":\"Organization\",\"@id\":\"https:\\\/\\\/docelimaoloja.com.br\\\/#organization\",\"name\":\"Loja Doce Limao\",\"url\":\"https:\\\/\\\/docelimaoloja.com.br\\\/\",\"logo\":{\"@type\":\"ImageObject\",\"inLanguage\":\"en-US\",\"@id\":\"https:\\\/\\\/docelimaoloja.com.br\\\/#\\\/schema\\\/logo\\\/image\\\/\",\"url\":\"https:\\\/\\\/docelimaoloja.com.br\\\/wp-content\\\/uploads\\\/2020\\\/08\\\/logo-doce-limao.png\",\"contentUrl\":\"https:\\\/\\\/docelimaoloja.com.br\\\/wp-content\\\/uploads\\\/2020\\\/08\\\/logo-doce-limao.png\",\"width\":1280,\"height\":653,\"caption\":\"Loja Doce Limao\"},\"image\":{\"@id\":\"https:\\\/\\\/docelimaoloja.com.br\\\/#\\\/schema\\\/logo\\\/image\\\/\"}}]}<\/script>\n<!-- \/ Yoast SEO plugin. -->","yoast_head_json":{"title":"Kit Detox: \u00f3leos + escalda-p\u00e9s - Loja Doce Limao","description":"Uma sugest\u00e3o para presentear ou presentear-se que cont\u00e9m muito carinho e autocuidados. Um convite para trocar suas energias, relaxar e meditar... E de brinde cuidar profundamente de suas peles e tecidos adiposos!","robots":{"index":"index","follow":"follow","max-snippet":"max-snippet:-1","max-image-preview":"max-image-preview:large","max-video-preview":"max-video-preview:-1"},"canonical":"https:\/\/docelimaoloja.com.br\/en\/product\/kit-detox\/","og_locale":"en_US","og_type":"article","og_title":"Kit Detox: \u00f3leos + escalda-p\u00e9s - Loja Doce Limao","og_description":"Uma sugest\u00e3o para presentear ou presentear-se que cont\u00e9m muito carinho e autocuidados. Um convite para trocar suas energias, relaxar e meditar... E de brinde cuidar profundamente de suas peles e tecidos adiposos!","og_url":"https:\/\/docelimaoloja.com.br\/en\/product\/kit-detox\/","og_site_name":"Loja Doce Limao","article_modified_time":"2024-06-22T11:23:02+00:00","og_image":[{"width":800,"height":800,"url":"https:\/\/docelimaoloja.com.br\/wp-content\/uploads\/2020\/11\/kit-oleos.png","type":"image\/png"}],"twitter_card":"summary_large_image","twitter_misc":{"Est. reading time":"3 minutes"},"schema":{"@context":"https:\/\/schema.org","@graph":[{"@type":"WebPage","@id":"https:\/\/docelimaoloja.com.br\/produto\/kit-detox\/","url":"https:\/\/docelimaoloja.com.br\/produto\/kit-detox\/","name":"Kit Detox: \u00f3leos + escalda-p\u00e9s - Loja Doce Limao","isPartOf":{"@id":"https:\/\/docelimaoloja.com.br\/#website"},"primaryImageOfPage":{"@id":"https:\/\/docelimaoloja.com.br\/produto\/kit-detox\/#primaryimage"},"image":{"@id":"https:\/\/docelimaoloja.com.br\/produto\/kit-detox\/#primaryimage"},"thumbnailUrl":"https:\/\/docelimaoloja.com.br\/wp-content\/uploads\/2020\/11\/kit-oleos.png","datePublished":"2020-11-13T17:49:49+00:00","dateModified":"2024-06-22T11:23:02+00:00","description":"Uma sugest\u00e3o para presentear ou presentear-se que cont\u00e9m muito carinho e autocuidados. Um convite para trocar suas energias, relaxar e meditar... E de brinde cuidar profundamente de suas peles e tecidos adiposos!","breadcrumb":{"@id":"https:\/\/docelimaoloja.com.br\/produto\/kit-detox\/#breadcrumb"},"inLanguage":"en-US","potentialAction":[{"@type":"ReadAction","target":["https:\/\/docelimaoloja.com.br\/produto\/kit-detox\/"]}]},{"@type":"ImageObject","inLanguage":"en-US","@id":"https:\/\/docelimaoloja.com.br\/produto\/kit-detox\/#primaryimage","url":"https:\/\/docelimaoloja.com.br\/wp-content\/uploads\/2020\/11\/kit-oleos.png","contentUrl":"https:\/\/docelimaoloja.com.br\/wp-content\/uploads\/2020\/11\/kit-oleos.png","width":800,"height":800,"caption":"kit-oleos"},{"@type":"BreadcrumbList","@id":"https:\/\/docelimaoloja.com.br\/produto\/kit-detox\/#breadcrumb","itemListElement":[{"@type":"ListItem","position":1,"name":"In\u00edcio","item":"https:\/\/docelimaoloja.com.br\/"},{"@type":"ListItem","position":2,"name":"Loja Virtual","item":"https:\/\/docelimaoloja.com.br\/loja-virtual\/"},{"@type":"ListItem","position":3,"name":"Kit Detox: \u00f3leos + escalda-p\u00e9s"}]},{"@type":"WebSite","@id":"https:\/\/docelimaoloja.com.br\/#website","url":"https:\/\/docelimaoloja.com.br\/","name":"Loja Doce Limao","description":"Loja Natural","publisher":{"@id":"https:\/\/docelimaoloja.com.br\/#organization"},"potentialAction":[{"@type":"SearchAction","target":{"@type":"EntryPoint","urlTemplate":"https:\/\/docelimaoloja.com.br\/?s={search_term_string}"},"query-input":{"@type":"PropertyValueSpecification","valueRequired":true,"valueName":"search_term_string"}}],"inLanguage":"en-US"},{"@type":"Organization","@id":"https:\/\/docelimaoloja.com.br\/#organization","name":"Loja Doce Limao","url":"https:\/\/docelimaoloja.com.br\/","logo":{"@type":"ImageObject","inLanguage":"en-US","@id":"https:\/\/docelimaoloja.com.br\/#\/schema\/logo\/image\/","url":"https:\/\/docelimaoloja.com.br\/wp-content\/uploads\/2020\/08\/logo-doce-limao.png","contentUrl":"https:\/\/docelimaoloja.com.br\/wp-content\/uploads\/2020\/08\/logo-doce-limao.png","width":1280,"height":653,"caption":"Loja Doce Limao"},"image":{"@id":"https:\/\/docelimaoloja.com.br\/#\/schema\/logo\/image\/"}}]}},"_links":{"self":[{"href":"https:\/\/docelimaoloja.com.br\/en\/wp-json\/wp\/v2\/product\/5188","targetHints":{"allow":["GET"]}}],"collection":[{"href":"https:\/\/docelimaoloja.com.br\/en\/wp-json\/wp\/v2\/product"}],"about":[{"href":"https:\/\/docelimaoloja.com.br\/en\/wp-json\/wp\/v2\/types\/product"}],"replies":[{"embeddable":true,"href":"https:\/\/docelimaoloja.com.br\/en\/wp-json\/wp\/v2\/comments?post=5188"}],"wp:featuredmedia":[{"embeddable":true,"href":"https:\/\/docelimaoloja.com.br\/en\/wp-json\/wp\/v2\/media\/5189"}],"wp:attachment":[{"href":"https:\/\/docelimaoloja.com.br\/en\/wp-json\/wp\/v2\/media?parent=5188"}],"wp:term":[{"taxonomy":"product_brand","embeddable":true,"href":"https:\/\/docelimaoloja.com.br\/en\/wp-json\/wp\/v2\/product_brand?post=5188"},{"taxonomy":"product_cat","embeddable":true,"href":"https:\/\/docelimaoloja.com.br\/en\/wp-json\/wp\/v2\/product_cat?post=5188"},{"taxonomy":"product_tag","embeddable":true,"href":"https:\/\/docelimaoloja.com.br\/en\/wp-json\/wp\/v2\/product_tag?post=5188"}],"curies":[{"name":"wp","href":"https:\/\/api.w.org\/{rel}","templated":true}]}}