{"id":5143,"date":"2025-06-06T10:00:23","date_gmt":"2025-06-06T10:00:23","guid":{"rendered":"https:\/\/docelimaoloja.com.br\/?post_type=product&#038;p=5143"},"modified":"2025-06-07T21:35:05","modified_gmt":"2025-06-07T21:35:05","slug":"combo-vegana-feliz","status":"publish","type":"product","link":"https:\/\/docelimaoloja.com.br\/en\/product\/combo-vegana-feliz\/","title":{"rendered":"Combo Vegana Feliz"},"content":{"rendered":"<p>Adoro esta express\u00e3o: FUI EU QUE FIZ<\/p>\n<p>Isso mesmo, com este combo voc\u00ea poder\u00e1 soltar o verbo: eu que fiz!<br \/>\nE todos v\u00e3o te seguir para saber como: queremos as receitas!<br \/>\nDa\u00ed voc\u00ea mostra o livro &#8211; com todos os conceitos e mais de 70 RECEITAS &#8211; e todos os acess\u00f3rios deste combo e diz: INVISTA NA SUA SA\u00daDE!<br \/>\nComece AGORA!<\/p>\n<p>No livro Cad\u00ea o leite que estava aqui? Conhe\u00e7a a arte germinativa de Concei\u00e7\u00e3o Trucom e introduza em seu dia a dia receitas de latic\u00ednios e outros quitutes de leites veganos, feitos a partir de oleaginosas, gr\u00e3os e sementes germinadas. Neste livro, Concei\u00e7\u00e3o Trucom ensina com suas receitas como substituir os latic\u00ednios animalizados por alimentos vegetalizados, veganos, tanto e at\u00e9 mais saborosos e nutritivos. Um livro vision\u00e1rio, que antecipa uma realidade alimentar que ser\u00e1 hegem\u00f4nica no futuro n\u00e3o distante, algo que j\u00e1 se mostra poss\u00edvel e o ser\u00e1 ainda mais amplamente nas pr\u00f3ximas d\u00e9cadas.<\/p>\n<p>E para j\u00e1 ir praticando acompanham tamb\u00e9m:<\/p>\n<p>Kit panifica\u00e7\u00e3o viva que \u00e9 S\u00d3 PRATICIDADE! S\u00e3o 2 paninhos de voil que ajudam a massa n\u00e3o grudar e a manipular em todas as demandas, inclusive na espessura que pode ser desde a mais fin\u00edssima (o que \u00e9 dif\u00edcil de se conseguir sem este recurso, principalmente na hora de virar e retirar da base de secagem), at\u00e9 nas etapas de desidrata\u00e7\u00e3o<\/p>\n<p>Kit panelas furadas 1, 2 e 3 que s\u00e3o coadores que tornam o preparo de sucos desintoxicantes, e leites de sementes germinadas mais r\u00e1pido, higi\u00eanico e pr\u00e1tico!<\/p>\n<p>Tubete de 20gr de FitoSal Cebola Roxa + Sarraceno &#8211; Quercetina Plus, para voc\u00ea usar em todos os preparos salgados e at\u00e9 doces&#8230;<\/p>\n<p>&nbsp;<\/p>\n<p>Assista a seguir nosso v\u00eddeo sobre o livro Cad\u00ea o Leite que Estava Aqui?:<\/p>\n<p>&nbsp;<\/p>\n<div class=\"iframe-container\">\n<p><iframe loading=\"lazy\" title=\"YouTube video player\" src=\"https:\/\/www.youtube.com\/embed\/m7g3bipX5dg?si=6MVOS68sKiYlMpUo\" width=\"560\" height=\"315\" frameborder=\"0\" allowfullscreen=\"allowfullscreen\"><\/iframe><\/p>\n<\/div>","protected":false},"excerpt":{"rendered":"<p>Saiba como substituir os latic\u00ednios de origem animal por preparos deliciosos vegetarianos e veganos: funcionais, pr\u00e1ticos e nutritivos. Sempre \u00e9 o momento ideal para voc\u00ea aprender a preparar seus pr\u00f3prios latic\u00ednios.<\/p>\n<p>Combo com livro de conceitos e mais de 70 receitas + todos os acess\u00f3rios necess\u00e1rios para os preparos.<\/p>\n<p>Est\u00e1 inclu\u00eddo no combo:<\/p>\n<ul>\n<li><span style=\"font-size: 1rem;\">01 livro Cad\u00ea o leite que estava aqui? (Concei\u00e7\u00e3o Trucom)\u00a0<\/span><\/li>\n<li>Kit panelas furadas 1, 2 e 3 para o preparo dos sucos, leites, g\u00e9is, mousses e n\u00e9ctares<\/li>\n<li>Kit panifica\u00e7\u00e3o para o preparo de crackers, rocamboles, bolos, pizzas, tortas, past\u00e9is, etc.<\/li>\n<li>Tubete 20 gramas de FitoSal Cebola roxa + Sarraceno &#8211; Quercetina Plus<\/li>\n<\/ul>\n<p>&nbsp;<\/p>\n<p style=\"text-align: justify;\">Assista abaixo o nosso v\u00eddeo sobre o livro Cad\u00ea o Leite que Estava Aqui?:<\/p>","protected":false},"featured_media":8298,"comment_status":"open","ping_status":"closed","template":"","meta":[],"product_brand":[],"product_cat":[896,125,936],"product_tag":[],"class_list":{"0":"post-5143","1":"product","2":"type-product","3":"status-publish","4":"has-post-thumbnail","6":"product_cat-cade-o-leite","7":"product_cat-combos-e-promocoes","8":"product_cat-livros-e-combos-com-livros","10":"first","11":"instock","12":"sale","13":"shipping-taxable","14":"purchasable","15":"product-type-simple"},"yoast_head":"<!-- This site is optimized with the Yoast SEO plugin v27.4 - https:\/\/yoast.com\/product\/yoast-seo-wordpress\/ -->\n<title>Combo Vegana Feliz - Loja Doce Limao<\/title>\n<meta name=\"description\" content=\"Sempre \u00e9 o Momento Ideal para voc\u00ea aprender a preparar seus pr\u00f3prios latic\u00ednios e na sequ\u00eancia praticar a Confeitaria e Panifica\u00e7\u00e3o Vegana-Vegetariana. Haja sa\u00fade!\" \/>\n<meta name=\"robots\" content=\"index, follow, max-snippet:-1, max-image-preview:large, max-video-preview:-1\" \/>\n<link rel=\"canonical\" href=\"https:\/\/docelimaoloja.com.br\/en\/product\/combo-vegana-feliz\/\" \/>\n<meta property=\"og:locale\" content=\"en_US\" \/>\n<meta property=\"og:type\" content=\"article\" \/>\n<meta property=\"og:title\" content=\"Combo Vegana Feliz - Loja Doce Limao\" \/>\n<meta property=\"og:description\" content=\"Sempre \u00e9 o Momento Ideal para voc\u00ea aprender a preparar seus pr\u00f3prios latic\u00ednios e na sequ\u00eancia praticar a Confeitaria e Panifica\u00e7\u00e3o Vegana-Vegetariana. Haja sa\u00fade!\" \/>\n<meta property=\"og:url\" content=\"https:\/\/docelimaoloja.com.br\/en\/product\/combo-vegana-feliz\/\" \/>\n<meta property=\"og:site_name\" content=\"Loja Doce Limao\" \/>\n<meta property=\"article:modified_time\" content=\"2025-06-07T21:35:05+00:00\" \/>\n<meta property=\"og:image\" content=\"https:\/\/docelimaoloja.com.br\/wp-content\/uploads\/2020\/11\/combo-cade-o-leite-edlmtd.png\" \/>\n\t<meta property=\"og:image:width\" content=\"800\" \/>\n\t<meta property=\"og:image:height\" content=\"800\" \/>\n\t<meta property=\"og:image:type\" content=\"image\/png\" \/>\n<meta name=\"twitter:card\" content=\"summary_large_image\" \/>\n<meta name=\"twitter:label1\" content=\"Est. reading time\" \/>\n\t<meta name=\"twitter:data1\" content=\"2 minutes\" \/>\n<script type=\"application\/ld+json\" class=\"yoast-schema-graph\">{\"@context\":\"https:\\\/\\\/schema.org\",\"@graph\":[{\"@type\":\"WebPage\",\"@id\":\"https:\\\/\\\/docelimaoloja.com.br\\\/produto\\\/combo-vegana-feliz\\\/\",\"url\":\"https:\\\/\\\/docelimaoloja.com.br\\\/produto\\\/combo-vegana-feliz\\\/\",\"name\":\"Combo Vegana Feliz - Loja Doce Limao\",\"isPartOf\":{\"@id\":\"https:\\\/\\\/docelimaoloja.com.br\\\/#website\"},\"primaryImageOfPage\":{\"@id\":\"https:\\\/\\\/docelimaoloja.com.br\\\/produto\\\/combo-vegana-feliz\\\/#primaryimage\"},\"image\":{\"@id\":\"https:\\\/\\\/docelimaoloja.com.br\\\/produto\\\/combo-vegana-feliz\\\/#primaryimage\"},\"thumbnailUrl\":\"https:\\\/\\\/docelimaoloja.com.br\\\/wp-content\\\/uploads\\\/2020\\\/11\\\/combo-cade-o-leite-edlmtd.png\",\"datePublished\":\"2025-06-06T10:00:23+00:00\",\"dateModified\":\"2025-06-07T21:35:05+00:00\",\"description\":\"Sempre \u00e9 o Momento Ideal para voc\u00ea aprender a preparar seus pr\u00f3prios latic\u00ednios e na sequ\u00eancia praticar a Confeitaria e Panifica\u00e7\u00e3o Vegana-Vegetariana. Haja sa\u00fade!\",\"breadcrumb\":{\"@id\":\"https:\\\/\\\/docelimaoloja.com.br\\\/produto\\\/combo-vegana-feliz\\\/#breadcrumb\"},\"inLanguage\":\"en-US\",\"potentialAction\":[{\"@type\":\"ReadAction\",\"target\":[\"https:\\\/\\\/docelimaoloja.com.br\\\/produto\\\/combo-vegana-feliz\\\/\"]}]},{\"@type\":\"ImageObject\",\"inLanguage\":\"en-US\",\"@id\":\"https:\\\/\\\/docelimaoloja.com.br\\\/produto\\\/combo-vegana-feliz\\\/#primaryimage\",\"url\":\"https:\\\/\\\/docelimaoloja.com.br\\\/wp-content\\\/uploads\\\/2020\\\/11\\\/combo-cade-o-leite-edlmtd.png\",\"contentUrl\":\"https:\\\/\\\/docelimaoloja.com.br\\\/wp-content\\\/uploads\\\/2020\\\/11\\\/combo-cade-o-leite-edlmtd.png\",\"width\":800,\"height\":800},{\"@type\":\"BreadcrumbList\",\"@id\":\"https:\\\/\\\/docelimaoloja.com.br\\\/produto\\\/combo-vegana-feliz\\\/#breadcrumb\",\"itemListElement\":[{\"@type\":\"ListItem\",\"position\":1,\"name\":\"In\u00edcio\",\"item\":\"https:\\\/\\\/docelimaoloja.com.br\\\/\"},{\"@type\":\"ListItem\",\"position\":2,\"name\":\"Loja Virtual\",\"item\":\"https:\\\/\\\/docelimaoloja.com.br\\\/loja-virtual\\\/\"},{\"@type\":\"ListItem\",\"position\":3,\"name\":\"Combo Vegana Feliz\"}]},{\"@type\":\"WebSite\",\"@id\":\"https:\\\/\\\/docelimaoloja.com.br\\\/#website\",\"url\":\"https:\\\/\\\/docelimaoloja.com.br\\\/\",\"name\":\"Loja Doce Limao\",\"description\":\"Loja Natural\",\"publisher\":{\"@id\":\"https:\\\/\\\/docelimaoloja.com.br\\\/#organization\"},\"potentialAction\":[{\"@type\":\"SearchAction\",\"target\":{\"@type\":\"EntryPoint\",\"urlTemplate\":\"https:\\\/\\\/docelimaoloja.com.br\\\/?s={search_term_string}\"},\"query-input\":{\"@type\":\"PropertyValueSpecification\",\"valueRequired\":true,\"valueName\":\"search_term_string\"}}],\"inLanguage\":\"en-US\"},{\"@type\":\"Organization\",\"@id\":\"https:\\\/\\\/docelimaoloja.com.br\\\/#organization\",\"name\":\"Loja Doce Limao\",\"url\":\"https:\\\/\\\/docelimaoloja.com.br\\\/\",\"logo\":{\"@type\":\"ImageObject\",\"inLanguage\":\"en-US\",\"@id\":\"https:\\\/\\\/docelimaoloja.com.br\\\/#\\\/schema\\\/logo\\\/image\\\/\",\"url\":\"https:\\\/\\\/docelimaoloja.com.br\\\/wp-content\\\/uploads\\\/2020\\\/08\\\/logo-doce-limao.png\",\"contentUrl\":\"https:\\\/\\\/docelimaoloja.com.br\\\/wp-content\\\/uploads\\\/2020\\\/08\\\/logo-doce-limao.png\",\"width\":1280,\"height\":653,\"caption\":\"Loja Doce Limao\"},\"image\":{\"@id\":\"https:\\\/\\\/docelimaoloja.com.br\\\/#\\\/schema\\\/logo\\\/image\\\/\"}}]}<\/script>\n<!-- \/ Yoast SEO plugin. -->","yoast_head_json":{"title":"Combo Vegana Feliz - Loja Doce Limao","description":"Sempre \u00e9 o Momento Ideal para voc\u00ea aprender a preparar seus pr\u00f3prios latic\u00ednios e na sequ\u00eancia praticar a Confeitaria e Panifica\u00e7\u00e3o Vegana-Vegetariana. Haja sa\u00fade!","robots":{"index":"index","follow":"follow","max-snippet":"max-snippet:-1","max-image-preview":"max-image-preview:large","max-video-preview":"max-video-preview:-1"},"canonical":"https:\/\/docelimaoloja.com.br\/en\/product\/combo-vegana-feliz\/","og_locale":"en_US","og_type":"article","og_title":"Combo Vegana Feliz - Loja Doce Limao","og_description":"Sempre \u00e9 o Momento Ideal para voc\u00ea aprender a preparar seus pr\u00f3prios latic\u00ednios e na sequ\u00eancia praticar a Confeitaria e Panifica\u00e7\u00e3o Vegana-Vegetariana. Haja sa\u00fade!","og_url":"https:\/\/docelimaoloja.com.br\/en\/product\/combo-vegana-feliz\/","og_site_name":"Loja Doce Limao","article_modified_time":"2025-06-07T21:35:05+00:00","og_image":[{"width":800,"height":800,"url":"https:\/\/docelimaoloja.com.br\/wp-content\/uploads\/2020\/11\/combo-cade-o-leite-edlmtd.png","type":"image\/png"}],"twitter_card":"summary_large_image","twitter_misc":{"Est. reading time":"2 minutes"},"schema":{"@context":"https:\/\/schema.org","@graph":[{"@type":"WebPage","@id":"https:\/\/docelimaoloja.com.br\/produto\/combo-vegana-feliz\/","url":"https:\/\/docelimaoloja.com.br\/produto\/combo-vegana-feliz\/","name":"Combo Vegana Feliz - Loja Doce Limao","isPartOf":{"@id":"https:\/\/docelimaoloja.com.br\/#website"},"primaryImageOfPage":{"@id":"https:\/\/docelimaoloja.com.br\/produto\/combo-vegana-feliz\/#primaryimage"},"image":{"@id":"https:\/\/docelimaoloja.com.br\/produto\/combo-vegana-feliz\/#primaryimage"},"thumbnailUrl":"https:\/\/docelimaoloja.com.br\/wp-content\/uploads\/2020\/11\/combo-cade-o-leite-edlmtd.png","datePublished":"2025-06-06T10:00:23+00:00","dateModified":"2025-06-07T21:35:05+00:00","description":"Sempre \u00e9 o Momento Ideal para voc\u00ea aprender a preparar seus pr\u00f3prios latic\u00ednios e na sequ\u00eancia praticar a Confeitaria e Panifica\u00e7\u00e3o Vegana-Vegetariana. Haja sa\u00fade!","breadcrumb":{"@id":"https:\/\/docelimaoloja.com.br\/produto\/combo-vegana-feliz\/#breadcrumb"},"inLanguage":"en-US","potentialAction":[{"@type":"ReadAction","target":["https:\/\/docelimaoloja.com.br\/produto\/combo-vegana-feliz\/"]}]},{"@type":"ImageObject","inLanguage":"en-US","@id":"https:\/\/docelimaoloja.com.br\/produto\/combo-vegana-feliz\/#primaryimage","url":"https:\/\/docelimaoloja.com.br\/wp-content\/uploads\/2020\/11\/combo-cade-o-leite-edlmtd.png","contentUrl":"https:\/\/docelimaoloja.com.br\/wp-content\/uploads\/2020\/11\/combo-cade-o-leite-edlmtd.png","width":800,"height":800},{"@type":"BreadcrumbList","@id":"https:\/\/docelimaoloja.com.br\/produto\/combo-vegana-feliz\/#breadcrumb","itemListElement":[{"@type":"ListItem","position":1,"name":"In\u00edcio","item":"https:\/\/docelimaoloja.com.br\/"},{"@type":"ListItem","position":2,"name":"Loja Virtual","item":"https:\/\/docelimaoloja.com.br\/loja-virtual\/"},{"@type":"ListItem","position":3,"name":"Combo Vegana Feliz"}]},{"@type":"WebSite","@id":"https:\/\/docelimaoloja.com.br\/#website","url":"https:\/\/docelimaoloja.com.br\/","name":"Loja Doce Limao","description":"Loja Natural","publisher":{"@id":"https:\/\/docelimaoloja.com.br\/#organization"},"potentialAction":[{"@type":"SearchAction","target":{"@type":"EntryPoint","urlTemplate":"https:\/\/docelimaoloja.com.br\/?s={search_term_string}"},"query-input":{"@type":"PropertyValueSpecification","valueRequired":true,"valueName":"search_term_string"}}],"inLanguage":"en-US"},{"@type":"Organization","@id":"https:\/\/docelimaoloja.com.br\/#organization","name":"Loja Doce Limao","url":"https:\/\/docelimaoloja.com.br\/","logo":{"@type":"ImageObject","inLanguage":"en-US","@id":"https:\/\/docelimaoloja.com.br\/#\/schema\/logo\/image\/","url":"https:\/\/docelimaoloja.com.br\/wp-content\/uploads\/2020\/08\/logo-doce-limao.png","contentUrl":"https:\/\/docelimaoloja.com.br\/wp-content\/uploads\/2020\/08\/logo-doce-limao.png","width":1280,"height":653,"caption":"Loja Doce Limao"},"image":{"@id":"https:\/\/docelimaoloja.com.br\/#\/schema\/logo\/image\/"}}]}},"_links":{"self":[{"href":"https:\/\/docelimaoloja.com.br\/en\/wp-json\/wp\/v2\/product\/5143","targetHints":{"allow":["GET"]}}],"collection":[{"href":"https:\/\/docelimaoloja.com.br\/en\/wp-json\/wp\/v2\/product"}],"about":[{"href":"https:\/\/docelimaoloja.com.br\/en\/wp-json\/wp\/v2\/types\/product"}],"replies":[{"embeddable":true,"href":"https:\/\/docelimaoloja.com.br\/en\/wp-json\/wp\/v2\/comments?post=5143"}],"wp:featuredmedia":[{"embeddable":true,"href":"https:\/\/docelimaoloja.com.br\/en\/wp-json\/wp\/v2\/media\/8298"}],"wp:attachment":[{"href":"https:\/\/docelimaoloja.com.br\/en\/wp-json\/wp\/v2\/media?parent=5143"}],"wp:term":[{"taxonomy":"product_brand","embeddable":true,"href":"https:\/\/docelimaoloja.com.br\/en\/wp-json\/wp\/v2\/product_brand?post=5143"},{"taxonomy":"product_cat","embeddable":true,"href":"https:\/\/docelimaoloja.com.br\/en\/wp-json\/wp\/v2\/product_cat?post=5143"},{"taxonomy":"product_tag","embeddable":true,"href":"https:\/\/docelimaoloja.com.br\/en\/wp-json\/wp\/v2\/product_tag?post=5143"}],"curies":[{"name":"wp","href":"https:\/\/api.w.org\/{rel}","templated":true}]}}