{"id":3374,"date":"2020-08-17T15:51:19","date_gmt":"2020-08-17T15:51:19","guid":{"rendered":"https:\/\/docelimaoloja.com.br\/product\/kit-panificacao\/"},"modified":"2024-04-08T15:53:03","modified_gmt":"2024-04-08T15:53:03","slug":"kit-panificacao","status":"publish","type":"product","link":"https:\/\/docelimaoloja.com.br\/en\/product\/kit-panificacao\/","title":{"rendered":"Kit Panifica\u00e7\u00e3o"},"content":{"rendered":"<p>O &#8220;kit panifica\u00e7\u00e3o viva&#8221; \u00e9\u00a0S\u00d3 PRATICIDADE!<br \/>\nS\u00e3o 2 ret\u00e2ngulos em voil que ajudam a massa n\u00e3o grudar, e a manipular em todas as demandas, inclusive na espessura que pode ser desde a mais fin\u00edssima (o que \u00e9 dif\u00edcil de se conseguir sem este recurso, principalmente na hora de virar e retirar da base de secagem), at\u00e9 nas etapas de desidrata\u00e7\u00e3o.<\/p>\n<p>Assista a seguir nosso v\u00eddeo sobre o manuseio do Kit Panifica\u00e7\u00e3o:<\/p>\n<div class=\"iframe-container\">\n<p><iframe loading=\"lazy\" width=\"560\" height=\"315\" src=\"https:\/\/www.youtube.com\/embed\/6jQGjpg3w-c?si=QKWPxkgovHM0phsP\" title=\"YouTube video player\" frameborder=\"0\" allow=\"accelerometer; autoplay; clipboard-write; encrypted-media; gyroscope; picture-in-picture; web-share\" referrerpolicy=\"strict-origin-when-cross-origin\" allowfullscreen><\/iframe><\/p>\n<\/div>","protected":false},"excerpt":{"rendered":"<p>Desenvolvido pelo Doce Lim\u00e3o, o kit panifica\u00e7\u00e3o \u00e9 ideal para preparo de biscoitos, massas doces e salgados em geral.<\/p>\n<p>Cont\u00e9m: 2 ret\u00e2ngulos em voil na cor branca<\/p>","protected":false},"featured_media":3548,"comment_status":"open","ping_status":"closed","template":"","meta":[],"product_brand":[],"product_cat":[883,591],"product_tag":[593,592,598,594,596,597,595,556],"class_list":{"0":"post-3374","1":"product","2":"type-product","3":"status-publish","4":"has-post-thumbnail","6":"product_cat-culinaria-viva","7":"product_cat-kit-panificacao","8":"product_tag-filtro-voil","9":"product_tag-kit-panificacao","10":"product_tag-nutricao","11":"product_tag-preparo-de-biscoitos","12":"product_tag-preparo-de-doces","13":"product_tag-preparo-de-salgados","14":"product_tag-preparo-massas","15":"product_tag-receitas","17":"first","18":"instock","19":"shipping-taxable","20":"purchasable","21":"product-type-simple"},"yoast_head":"<!-- This site is optimized with the Yoast SEO plugin v27.4 - https:\/\/yoast.com\/product\/yoast-seo-wordpress\/ -->\n<title>Kit Panifica\u00e7\u00e3o - Loja Doce Limao<\/title>\n<meta name=\"description\" content=\"S\u00e3o 2 paninhos de voil que ajudam a massa n\u00e3o grudar e a manipular em todas as demandas,\u00a0inclusive na espessura que pode ser desde a mais fin\u00edssima (o que \u00e9 dif\u00edcil de se conseguir\u00a0sem este recurso,\u00a0principalmente na hora de virar e retirar da base de secagem),\u00a0at\u00e9 nas etapas de desidrata\u00e7\u00e3o.\u00a0\" \/>\n<meta name=\"robots\" content=\"index, follow, max-snippet:-1, max-image-preview:large, max-video-preview:-1\" \/>\n<link rel=\"canonical\" href=\"https:\/\/docelimaoloja.com.br\/en\/product\/kit-panificacao\/\" \/>\n<meta property=\"og:locale\" content=\"en_US\" \/>\n<meta property=\"og:type\" content=\"article\" \/>\n<meta property=\"og:title\" content=\"Kit Panifica\u00e7\u00e3o - Loja Doce Limao\" \/>\n<meta property=\"og:description\" content=\"S\u00e3o 2 paninhos de voil que ajudam a massa n\u00e3o grudar e a manipular em todas as demandas,\u00a0inclusive na espessura que pode ser desde a mais fin\u00edssima (o que \u00e9 dif\u00edcil de se conseguir\u00a0sem este recurso,\u00a0principalmente na hora de virar e retirar da base de secagem),\u00a0at\u00e9 nas etapas de desidrata\u00e7\u00e3o.\u00a0\" \/>\n<meta property=\"og:url\" content=\"https:\/\/docelimaoloja.com.br\/en\/product\/kit-panificacao\/\" \/>\n<meta property=\"og:site_name\" content=\"Loja Doce Limao\" \/>\n<meta property=\"article:modified_time\" content=\"2024-04-08T15:53:03+00:00\" \/>\n<meta property=\"og:image\" content=\"https:\/\/docelimaoloja.com.br\/wp-content\/uploads\/2020\/08\/kitpanificacao.jpeg.jpg\" \/>\n\t<meta property=\"og:image:width\" content=\"800\" \/>\n\t<meta property=\"og:image:height\" content=\"800\" \/>\n\t<meta property=\"og:image:type\" content=\"image\/jpeg\" \/>\n<meta name=\"twitter:card\" content=\"summary_large_image\" \/>\n<meta name=\"twitter:label1\" content=\"Est. reading time\" \/>\n\t<meta name=\"twitter:data1\" content=\"1 minute\" \/>\n<script type=\"application\/ld+json\" class=\"yoast-schema-graph\">{\"@context\":\"https:\\\/\\\/schema.org\",\"@graph\":[{\"@type\":\"WebPage\",\"@id\":\"https:\\\/\\\/docelimaoloja.com.br\\\/produto\\\/kit-panificacao\\\/\",\"url\":\"https:\\\/\\\/docelimaoloja.com.br\\\/produto\\\/kit-panificacao\\\/\",\"name\":\"Kit Panifica\u00e7\u00e3o - Loja Doce Limao\",\"isPartOf\":{\"@id\":\"https:\\\/\\\/docelimaoloja.com.br\\\/#website\"},\"primaryImageOfPage\":{\"@id\":\"https:\\\/\\\/docelimaoloja.com.br\\\/produto\\\/kit-panificacao\\\/#primaryimage\"},\"image\":{\"@id\":\"https:\\\/\\\/docelimaoloja.com.br\\\/produto\\\/kit-panificacao\\\/#primaryimage\"},\"thumbnailUrl\":\"https:\\\/\\\/docelimaoloja.com.br\\\/wp-content\\\/uploads\\\/2020\\\/08\\\/kitpanificacao.jpeg.jpg\",\"datePublished\":\"2020-08-17T15:51:19+00:00\",\"dateModified\":\"2024-04-08T15:53:03+00:00\",\"description\":\"S\u00e3o 2 paninhos de voil que ajudam a massa n\u00e3o grudar e a manipular em todas as demandas,\u00a0inclusive na espessura que pode ser desde a mais fin\u00edssima (o que \u00e9 dif\u00edcil de se conseguir\u00a0sem este recurso,\u00a0principalmente na hora de virar e retirar da base de secagem),\u00a0at\u00e9 nas etapas de desidrata\u00e7\u00e3o.\u00a0\",\"breadcrumb\":{\"@id\":\"https:\\\/\\\/docelimaoloja.com.br\\\/produto\\\/kit-panificacao\\\/#breadcrumb\"},\"inLanguage\":\"en-US\",\"potentialAction\":[{\"@type\":\"ReadAction\",\"target\":[\"https:\\\/\\\/docelimaoloja.com.br\\\/produto\\\/kit-panificacao\\\/\"]}]},{\"@type\":\"ImageObject\",\"inLanguage\":\"en-US\",\"@id\":\"https:\\\/\\\/docelimaoloja.com.br\\\/produto\\\/kit-panificacao\\\/#primaryimage\",\"url\":\"https:\\\/\\\/docelimaoloja.com.br\\\/wp-content\\\/uploads\\\/2020\\\/08\\\/kitpanificacao.jpeg.jpg\",\"contentUrl\":\"https:\\\/\\\/docelimaoloja.com.br\\\/wp-content\\\/uploads\\\/2020\\\/08\\\/kitpanificacao.jpeg.jpg\",\"width\":800,\"height\":800,\"caption\":\"kit panifica\u00e7\u00e3o\"},{\"@type\":\"BreadcrumbList\",\"@id\":\"https:\\\/\\\/docelimaoloja.com.br\\\/produto\\\/kit-panificacao\\\/#breadcrumb\",\"itemListElement\":[{\"@type\":\"ListItem\",\"position\":1,\"name\":\"In\u00edcio\",\"item\":\"https:\\\/\\\/docelimaoloja.com.br\\\/\"},{\"@type\":\"ListItem\",\"position\":2,\"name\":\"Loja Virtual\",\"item\":\"https:\\\/\\\/docelimaoloja.com.br\\\/loja-virtual\\\/\"},{\"@type\":\"ListItem\",\"position\":3,\"name\":\"Kit Panifica\u00e7\u00e3o\"}]},{\"@type\":\"WebSite\",\"@id\":\"https:\\\/\\\/docelimaoloja.com.br\\\/#website\",\"url\":\"https:\\\/\\\/docelimaoloja.com.br\\\/\",\"name\":\"Loja Doce Limao\",\"description\":\"Loja Natural\",\"publisher\":{\"@id\":\"https:\\\/\\\/docelimaoloja.com.br\\\/#organization\"},\"potentialAction\":[{\"@type\":\"SearchAction\",\"target\":{\"@type\":\"EntryPoint\",\"urlTemplate\":\"https:\\\/\\\/docelimaoloja.com.br\\\/?s={search_term_string}\"},\"query-input\":{\"@type\":\"PropertyValueSpecification\",\"valueRequired\":true,\"valueName\":\"search_term_string\"}}],\"inLanguage\":\"en-US\"},{\"@type\":\"Organization\",\"@id\":\"https:\\\/\\\/docelimaoloja.com.br\\\/#organization\",\"name\":\"Loja Doce Limao\",\"url\":\"https:\\\/\\\/docelimaoloja.com.br\\\/\",\"logo\":{\"@type\":\"ImageObject\",\"inLanguage\":\"en-US\",\"@id\":\"https:\\\/\\\/docelimaoloja.com.br\\\/#\\\/schema\\\/logo\\\/image\\\/\",\"url\":\"https:\\\/\\\/docelimaoloja.com.br\\\/wp-content\\\/uploads\\\/2020\\\/08\\\/logo-doce-limao.png\",\"contentUrl\":\"https:\\\/\\\/docelimaoloja.com.br\\\/wp-content\\\/uploads\\\/2020\\\/08\\\/logo-doce-limao.png\",\"width\":1280,\"height\":653,\"caption\":\"Loja Doce Limao\"},\"image\":{\"@id\":\"https:\\\/\\\/docelimaoloja.com.br\\\/#\\\/schema\\\/logo\\\/image\\\/\"}}]}<\/script>\n<!-- \/ Yoast SEO plugin. -->","yoast_head_json":{"title":"Kit Panifica\u00e7\u00e3o - Loja Doce Limao","description":"S\u00e3o 2 paninhos de voil que ajudam a massa n\u00e3o grudar e a manipular em todas as demandas,\u00a0inclusive na espessura que pode ser desde a mais fin\u00edssima (o que \u00e9 dif\u00edcil de se conseguir\u00a0sem este recurso,\u00a0principalmente na hora de virar e retirar da base de secagem),\u00a0at\u00e9 nas etapas de desidrata\u00e7\u00e3o.\u00a0","robots":{"index":"index","follow":"follow","max-snippet":"max-snippet:-1","max-image-preview":"max-image-preview:large","max-video-preview":"max-video-preview:-1"},"canonical":"https:\/\/docelimaoloja.com.br\/en\/product\/kit-panificacao\/","og_locale":"en_US","og_type":"article","og_title":"Kit Panifica\u00e7\u00e3o - Loja Doce Limao","og_description":"S\u00e3o 2 paninhos de voil que ajudam a massa n\u00e3o grudar e a manipular em todas as demandas,\u00a0inclusive na espessura que pode ser desde a mais fin\u00edssima (o que \u00e9 dif\u00edcil de se conseguir\u00a0sem este recurso,\u00a0principalmente na hora de virar e retirar da base de secagem),\u00a0at\u00e9 nas etapas de desidrata\u00e7\u00e3o.\u00a0","og_url":"https:\/\/docelimaoloja.com.br\/en\/product\/kit-panificacao\/","og_site_name":"Loja Doce Limao","article_modified_time":"2024-04-08T15:53:03+00:00","og_image":[{"width":800,"height":800,"url":"https:\/\/docelimaoloja.com.br\/wp-content\/uploads\/2020\/08\/kitpanificacao.jpeg.jpg","type":"image\/jpeg"}],"twitter_card":"summary_large_image","twitter_misc":{"Est. reading time":"1 minute"},"schema":{"@context":"https:\/\/schema.org","@graph":[{"@type":"WebPage","@id":"https:\/\/docelimaoloja.com.br\/produto\/kit-panificacao\/","url":"https:\/\/docelimaoloja.com.br\/produto\/kit-panificacao\/","name":"Kit Panifica\u00e7\u00e3o - Loja Doce Limao","isPartOf":{"@id":"https:\/\/docelimaoloja.com.br\/#website"},"primaryImageOfPage":{"@id":"https:\/\/docelimaoloja.com.br\/produto\/kit-panificacao\/#primaryimage"},"image":{"@id":"https:\/\/docelimaoloja.com.br\/produto\/kit-panificacao\/#primaryimage"},"thumbnailUrl":"https:\/\/docelimaoloja.com.br\/wp-content\/uploads\/2020\/08\/kitpanificacao.jpeg.jpg","datePublished":"2020-08-17T15:51:19+00:00","dateModified":"2024-04-08T15:53:03+00:00","description":"S\u00e3o 2 paninhos de voil que ajudam a massa n\u00e3o grudar e a manipular em todas as demandas,\u00a0inclusive na espessura que pode ser desde a mais fin\u00edssima (o que \u00e9 dif\u00edcil de se conseguir\u00a0sem este recurso,\u00a0principalmente na hora de virar e retirar da base de secagem),\u00a0at\u00e9 nas etapas de desidrata\u00e7\u00e3o.\u00a0","breadcrumb":{"@id":"https:\/\/docelimaoloja.com.br\/produto\/kit-panificacao\/#breadcrumb"},"inLanguage":"en-US","potentialAction":[{"@type":"ReadAction","target":["https:\/\/docelimaoloja.com.br\/produto\/kit-panificacao\/"]}]},{"@type":"ImageObject","inLanguage":"en-US","@id":"https:\/\/docelimaoloja.com.br\/produto\/kit-panificacao\/#primaryimage","url":"https:\/\/docelimaoloja.com.br\/wp-content\/uploads\/2020\/08\/kitpanificacao.jpeg.jpg","contentUrl":"https:\/\/docelimaoloja.com.br\/wp-content\/uploads\/2020\/08\/kitpanificacao.jpeg.jpg","width":800,"height":800,"caption":"kit panifica\u00e7\u00e3o"},{"@type":"BreadcrumbList","@id":"https:\/\/docelimaoloja.com.br\/produto\/kit-panificacao\/#breadcrumb","itemListElement":[{"@type":"ListItem","position":1,"name":"In\u00edcio","item":"https:\/\/docelimaoloja.com.br\/"},{"@type":"ListItem","position":2,"name":"Loja Virtual","item":"https:\/\/docelimaoloja.com.br\/loja-virtual\/"},{"@type":"ListItem","position":3,"name":"Kit Panifica\u00e7\u00e3o"}]},{"@type":"WebSite","@id":"https:\/\/docelimaoloja.com.br\/#website","url":"https:\/\/docelimaoloja.com.br\/","name":"Loja Doce Limao","description":"Loja Natural","publisher":{"@id":"https:\/\/docelimaoloja.com.br\/#organization"},"potentialAction":[{"@type":"SearchAction","target":{"@type":"EntryPoint","urlTemplate":"https:\/\/docelimaoloja.com.br\/?s={search_term_string}"},"query-input":{"@type":"PropertyValueSpecification","valueRequired":true,"valueName":"search_term_string"}}],"inLanguage":"en-US"},{"@type":"Organization","@id":"https:\/\/docelimaoloja.com.br\/#organization","name":"Loja Doce Limao","url":"https:\/\/docelimaoloja.com.br\/","logo":{"@type":"ImageObject","inLanguage":"en-US","@id":"https:\/\/docelimaoloja.com.br\/#\/schema\/logo\/image\/","url":"https:\/\/docelimaoloja.com.br\/wp-content\/uploads\/2020\/08\/logo-doce-limao.png","contentUrl":"https:\/\/docelimaoloja.com.br\/wp-content\/uploads\/2020\/08\/logo-doce-limao.png","width":1280,"height":653,"caption":"Loja Doce Limao"},"image":{"@id":"https:\/\/docelimaoloja.com.br\/#\/schema\/logo\/image\/"}}]}},"_links":{"self":[{"href":"https:\/\/docelimaoloja.com.br\/en\/wp-json\/wp\/v2\/product\/3374","targetHints":{"allow":["GET"]}}],"collection":[{"href":"https:\/\/docelimaoloja.com.br\/en\/wp-json\/wp\/v2\/product"}],"about":[{"href":"https:\/\/docelimaoloja.com.br\/en\/wp-json\/wp\/v2\/types\/product"}],"replies":[{"embeddable":true,"href":"https:\/\/docelimaoloja.com.br\/en\/wp-json\/wp\/v2\/comments?post=3374"}],"wp:featuredmedia":[{"embeddable":true,"href":"https:\/\/docelimaoloja.com.br\/en\/wp-json\/wp\/v2\/media\/3548"}],"wp:attachment":[{"href":"https:\/\/docelimaoloja.com.br\/en\/wp-json\/wp\/v2\/media?parent=3374"}],"wp:term":[{"taxonomy":"product_brand","embeddable":true,"href":"https:\/\/docelimaoloja.com.br\/en\/wp-json\/wp\/v2\/product_brand?post=3374"},{"taxonomy":"product_cat","embeddable":true,"href":"https:\/\/docelimaoloja.com.br\/en\/wp-json\/wp\/v2\/product_cat?post=3374"},{"taxonomy":"product_tag","embeddable":true,"href":"https:\/\/docelimaoloja.com.br\/en\/wp-json\/wp\/v2\/product_tag?post=3374"}],"curies":[{"name":"wp","href":"https:\/\/api.w.org\/{rel}","templated":true}]}}