{"id":3350,"date":"2025-07-27T15:51:11","date_gmt":"2025-07-27T15:51:11","guid":{"rendered":"https:\/\/docelimaoloja.com.br\/product\/oleo-de-massagem-desintoxicante\/"},"modified":"2025-08-02T13:55:46","modified_gmt":"2025-08-02T13:55:46","slug":"oleo-de-massagem-desintoxicante","status":"publish","type":"product","link":"https:\/\/docelimaoloja.com.br\/en\/product\/oleo-de-massagem-desintoxicante\/","title":{"rendered":"\u00d3leo de Massagem Desintoxicante"},"content":{"rendered":"<p>Ativa a circula\u00e7\u00e3o perif\u00e9rica acelerando a elimina\u00e7\u00e3o de toxinas via pele. Trata celulite e gordura localizada. Partes do corpo onde a circula\u00e7\u00e3o est\u00e1 prejudicada como varizes, pernas e p\u00e9s ou bra\u00e7os e m\u00e3os.<\/p>\n<p style=\"text-align: center\">Assista ao v\u00eddeo aqui:<br \/>\n<iframe loading=\"lazy\" src=\"\/\/www.youtube.com\/embed\/NeHlOSZlb5U\" width=\"560\" height=\"315\" frameborder=\"0\" allowfullscreen=\"allowfullscreen\"><\/iframe><\/p>","protected":false},"excerpt":{"rendered":"<p>Ideal para massagens em partes do corpo com:<br \/>\n<strong>1) Excesso de gordura corporal: PORQUE ATIVA O DETOX<\/strong><br \/>\n<span style=\"color: #ff0000\"><strong>2) Problemas de circula\u00e7\u00e3o de retorno: comum em diab\u00e9ticos<\/strong><\/span><br \/>\n<span style=\"color: #000000\"><strong>3) Problemas de peristalse em intestinos pregui\u00e7osos<\/strong><\/span> e<br \/>\n<span style=\"color: #ff0000\"><strong>4) Circulat\u00f3rios no couro cabeludo: T\u00d4NICO CAPILAR<\/strong><\/span><\/p>\n<p><strong>Ingredientes base:<\/strong> \u00f3leo de linha\u00e7a, azeite de baba\u00e7u, \u00f3leo de girassol e \u00f3leo de copa\u00edba.<br \/>\n<strong>Ingredientes ativos:<\/strong> \u00f3leo essencial de funcho-doce (anis, erva-doce, fennel), \u00f3leo essencial de capim lim\u00e3o (lemon grass) e \u00f3leo essencial de lim\u00e3o tahiti.<br \/>\nConte\u00fado: 30ml \/ Validade: 2 anos<\/p>","protected":false},"featured_media":3556,"comment_status":"open","ping_status":"closed","template":"","meta":[],"product_brand":[],"product_cat":[791],"product_tag":[639,638,386,479,637,640,641],"class_list":{"0":"post-3350","1":"product","2":"type-product","3":"status-publish","4":"has-post-thumbnail","6":"product_cat-oleos-de-massagem","7":"product_tag-acelera-a-eliminacao-de-toxinas","8":"product_tag-ativa-a-circulacao-periferica","9":"product_tag-desintoxicante","10":"product_tag-emagrecedor","11":"product_tag-oleo-de-massagem","12":"product_tag-trata-celulite-e-gordura-localizada","13":"product_tag-varizes","15":"first","16":"instock","17":"shipping-taxable","18":"purchasable","19":"product-type-simple"},"yoast_head":"<!-- This site is optimized with the Yoast SEO plugin v27.4 - https:\/\/yoast.com\/product\/yoast-seo-wordpress\/ -->\n<title>\u00d3leo de Massagem Desintoxicante - Loja Doce Limao<\/title>\n<meta name=\"description\" content=\"Ativa a circula\u00e7\u00e3o perif\u00e9rica acelerando a elimina\u00e7\u00e3o de toxinas via pele. Trata celulite e gordura localizada. Partes do corpo onde a circula\u00e7\u00e3o est\u00e1 prejudicada como varizes, pernas e p\u00e9s ou bra\u00e7os e m\u00e3os.\" \/>\n<meta name=\"robots\" content=\"index, follow, max-snippet:-1, max-image-preview:large, max-video-preview:-1\" \/>\n<link rel=\"canonical\" href=\"https:\/\/docelimaoloja.com.br\/en\/product\/oleo-de-massagem-desintoxicante\/\" \/>\n<meta property=\"og:locale\" content=\"en_US\" \/>\n<meta property=\"og:type\" content=\"article\" \/>\n<meta property=\"og:title\" content=\"\u00d3leo de Massagem Desintoxicante - Loja Doce Limao\" \/>\n<meta property=\"og:description\" content=\"Ativa a circula\u00e7\u00e3o perif\u00e9rica acelerando a elimina\u00e7\u00e3o de toxinas via pele. Trata celulite e gordura localizada. Partes do corpo onde a circula\u00e7\u00e3o est\u00e1 prejudicada como varizes, pernas e p\u00e9s ou bra\u00e7os e m\u00e3os.\" \/>\n<meta property=\"og:url\" content=\"https:\/\/docelimaoloja.com.br\/en\/product\/oleo-de-massagem-desintoxicante\/\" \/>\n<meta property=\"og:site_name\" content=\"Loja Doce Limao\" \/>\n<meta property=\"article:modified_time\" content=\"2025-08-02T13:55:46+00:00\" \/>\n<meta property=\"og:image\" content=\"https:\/\/docelimaoloja.com.br\/wp-content\/uploads\/2020\/08\/emagrecedor.jpg\" \/>\n\t<meta property=\"og:image:width\" content=\"900\" \/>\n\t<meta property=\"og:image:height\" content=\"900\" \/>\n\t<meta property=\"og:image:type\" content=\"image\/jpeg\" \/>\n<meta name=\"twitter:card\" content=\"summary_large_image\" \/>\n<meta name=\"twitter:label1\" content=\"Est. reading time\" \/>\n\t<meta name=\"twitter:data1\" content=\"1 minute\" \/>\n<script type=\"application\/ld+json\" class=\"yoast-schema-graph\">{\"@context\":\"https:\\\/\\\/schema.org\",\"@graph\":[{\"@type\":\"WebPage\",\"@id\":\"https:\\\/\\\/docelimaoloja.com.br\\\/produto\\\/oleo-de-massagem-desintoxicante\\\/\",\"url\":\"https:\\\/\\\/docelimaoloja.com.br\\\/produto\\\/oleo-de-massagem-desintoxicante\\\/\",\"name\":\"\u00d3leo de Massagem Desintoxicante - Loja Doce Limao\",\"isPartOf\":{\"@id\":\"https:\\\/\\\/docelimaoloja.com.br\\\/#website\"},\"primaryImageOfPage\":{\"@id\":\"https:\\\/\\\/docelimaoloja.com.br\\\/produto\\\/oleo-de-massagem-desintoxicante\\\/#primaryimage\"},\"image\":{\"@id\":\"https:\\\/\\\/docelimaoloja.com.br\\\/produto\\\/oleo-de-massagem-desintoxicante\\\/#primaryimage\"},\"thumbnailUrl\":\"https:\\\/\\\/docelimaoloja.com.br\\\/wp-content\\\/uploads\\\/2020\\\/08\\\/emagrecedor.jpg\",\"datePublished\":\"2025-07-27T15:51:11+00:00\",\"dateModified\":\"2025-08-02T13:55:46+00:00\",\"description\":\"Ativa a circula\u00e7\u00e3o perif\u00e9rica acelerando a elimina\u00e7\u00e3o de toxinas via pele. Trata celulite e gordura localizada. Partes do corpo onde a circula\u00e7\u00e3o est\u00e1 prejudicada como varizes, pernas e p\u00e9s ou bra\u00e7os e m\u00e3os.\",\"breadcrumb\":{\"@id\":\"https:\\\/\\\/docelimaoloja.com.br\\\/produto\\\/oleo-de-massagem-desintoxicante\\\/#breadcrumb\"},\"inLanguage\":\"en-US\",\"potentialAction\":[{\"@type\":\"ReadAction\",\"target\":[\"https:\\\/\\\/docelimaoloja.com.br\\\/produto\\\/oleo-de-massagem-desintoxicante\\\/\"]}]},{\"@type\":\"ImageObject\",\"inLanguage\":\"en-US\",\"@id\":\"https:\\\/\\\/docelimaoloja.com.br\\\/produto\\\/oleo-de-massagem-desintoxicante\\\/#primaryimage\",\"url\":\"https:\\\/\\\/docelimaoloja.com.br\\\/wp-content\\\/uploads\\\/2020\\\/08\\\/emagrecedor.jpg\",\"contentUrl\":\"https:\\\/\\\/docelimaoloja.com.br\\\/wp-content\\\/uploads\\\/2020\\\/08\\\/emagrecedor.jpg\",\"width\":900,\"height\":900,\"caption\":\"\u00f3leo de massagem desintoxicante emagrecedor\"},{\"@type\":\"BreadcrumbList\",\"@id\":\"https:\\\/\\\/docelimaoloja.com.br\\\/produto\\\/oleo-de-massagem-desintoxicante\\\/#breadcrumb\",\"itemListElement\":[{\"@type\":\"ListItem\",\"position\":1,\"name\":\"In\u00edcio\",\"item\":\"https:\\\/\\\/docelimaoloja.com.br\\\/\"},{\"@type\":\"ListItem\",\"position\":2,\"name\":\"Loja Virtual\",\"item\":\"https:\\\/\\\/docelimaoloja.com.br\\\/loja-virtual\\\/\"},{\"@type\":\"ListItem\",\"position\":3,\"name\":\"\u00d3leo de Massagem Desintoxicante\"}]},{\"@type\":\"WebSite\",\"@id\":\"https:\\\/\\\/docelimaoloja.com.br\\\/#website\",\"url\":\"https:\\\/\\\/docelimaoloja.com.br\\\/\",\"name\":\"Loja Doce Limao\",\"description\":\"Loja Natural\",\"publisher\":{\"@id\":\"https:\\\/\\\/docelimaoloja.com.br\\\/#organization\"},\"potentialAction\":[{\"@type\":\"SearchAction\",\"target\":{\"@type\":\"EntryPoint\",\"urlTemplate\":\"https:\\\/\\\/docelimaoloja.com.br\\\/?s={search_term_string}\"},\"query-input\":{\"@type\":\"PropertyValueSpecification\",\"valueRequired\":true,\"valueName\":\"search_term_string\"}}],\"inLanguage\":\"en-US\"},{\"@type\":\"Organization\",\"@id\":\"https:\\\/\\\/docelimaoloja.com.br\\\/#organization\",\"name\":\"Loja Doce Limao\",\"url\":\"https:\\\/\\\/docelimaoloja.com.br\\\/\",\"logo\":{\"@type\":\"ImageObject\",\"inLanguage\":\"en-US\",\"@id\":\"https:\\\/\\\/docelimaoloja.com.br\\\/#\\\/schema\\\/logo\\\/image\\\/\",\"url\":\"https:\\\/\\\/docelimaoloja.com.br\\\/wp-content\\\/uploads\\\/2020\\\/08\\\/logo-doce-limao.png\",\"contentUrl\":\"https:\\\/\\\/docelimaoloja.com.br\\\/wp-content\\\/uploads\\\/2020\\\/08\\\/logo-doce-limao.png\",\"width\":1280,\"height\":653,\"caption\":\"Loja Doce Limao\"},\"image\":{\"@id\":\"https:\\\/\\\/docelimaoloja.com.br\\\/#\\\/schema\\\/logo\\\/image\\\/\"}}]}<\/script>\n<!-- \/ Yoast SEO plugin. -->","yoast_head_json":{"title":"\u00d3leo de Massagem Desintoxicante - Loja Doce Limao","description":"Ativa a circula\u00e7\u00e3o perif\u00e9rica acelerando a elimina\u00e7\u00e3o de toxinas via pele. Trata celulite e gordura localizada. Partes do corpo onde a circula\u00e7\u00e3o est\u00e1 prejudicada como varizes, pernas e p\u00e9s ou bra\u00e7os e m\u00e3os.","robots":{"index":"index","follow":"follow","max-snippet":"max-snippet:-1","max-image-preview":"max-image-preview:large","max-video-preview":"max-video-preview:-1"},"canonical":"https:\/\/docelimaoloja.com.br\/en\/product\/oleo-de-massagem-desintoxicante\/","og_locale":"en_US","og_type":"article","og_title":"\u00d3leo de Massagem Desintoxicante - Loja Doce Limao","og_description":"Ativa a circula\u00e7\u00e3o perif\u00e9rica acelerando a elimina\u00e7\u00e3o de toxinas via pele. Trata celulite e gordura localizada. Partes do corpo onde a circula\u00e7\u00e3o est\u00e1 prejudicada como varizes, pernas e p\u00e9s ou bra\u00e7os e m\u00e3os.","og_url":"https:\/\/docelimaoloja.com.br\/en\/product\/oleo-de-massagem-desintoxicante\/","og_site_name":"Loja Doce Limao","article_modified_time":"2025-08-02T13:55:46+00:00","og_image":[{"width":900,"height":900,"url":"https:\/\/docelimaoloja.com.br\/wp-content\/uploads\/2020\/08\/emagrecedor.jpg","type":"image\/jpeg"}],"twitter_card":"summary_large_image","twitter_misc":{"Est. reading time":"1 minute"},"schema":{"@context":"https:\/\/schema.org","@graph":[{"@type":"WebPage","@id":"https:\/\/docelimaoloja.com.br\/produto\/oleo-de-massagem-desintoxicante\/","url":"https:\/\/docelimaoloja.com.br\/produto\/oleo-de-massagem-desintoxicante\/","name":"\u00d3leo de Massagem Desintoxicante - Loja Doce Limao","isPartOf":{"@id":"https:\/\/docelimaoloja.com.br\/#website"},"primaryImageOfPage":{"@id":"https:\/\/docelimaoloja.com.br\/produto\/oleo-de-massagem-desintoxicante\/#primaryimage"},"image":{"@id":"https:\/\/docelimaoloja.com.br\/produto\/oleo-de-massagem-desintoxicante\/#primaryimage"},"thumbnailUrl":"https:\/\/docelimaoloja.com.br\/wp-content\/uploads\/2020\/08\/emagrecedor.jpg","datePublished":"2025-07-27T15:51:11+00:00","dateModified":"2025-08-02T13:55:46+00:00","description":"Ativa a circula\u00e7\u00e3o perif\u00e9rica acelerando a elimina\u00e7\u00e3o de toxinas via pele. Trata celulite e gordura localizada. Partes do corpo onde a circula\u00e7\u00e3o est\u00e1 prejudicada como varizes, pernas e p\u00e9s ou bra\u00e7os e m\u00e3os.","breadcrumb":{"@id":"https:\/\/docelimaoloja.com.br\/produto\/oleo-de-massagem-desintoxicante\/#breadcrumb"},"inLanguage":"en-US","potentialAction":[{"@type":"ReadAction","target":["https:\/\/docelimaoloja.com.br\/produto\/oleo-de-massagem-desintoxicante\/"]}]},{"@type":"ImageObject","inLanguage":"en-US","@id":"https:\/\/docelimaoloja.com.br\/produto\/oleo-de-massagem-desintoxicante\/#primaryimage","url":"https:\/\/docelimaoloja.com.br\/wp-content\/uploads\/2020\/08\/emagrecedor.jpg","contentUrl":"https:\/\/docelimaoloja.com.br\/wp-content\/uploads\/2020\/08\/emagrecedor.jpg","width":900,"height":900,"caption":"\u00f3leo de massagem desintoxicante emagrecedor"},{"@type":"BreadcrumbList","@id":"https:\/\/docelimaoloja.com.br\/produto\/oleo-de-massagem-desintoxicante\/#breadcrumb","itemListElement":[{"@type":"ListItem","position":1,"name":"In\u00edcio","item":"https:\/\/docelimaoloja.com.br\/"},{"@type":"ListItem","position":2,"name":"Loja Virtual","item":"https:\/\/docelimaoloja.com.br\/loja-virtual\/"},{"@type":"ListItem","position":3,"name":"\u00d3leo de Massagem Desintoxicante"}]},{"@type":"WebSite","@id":"https:\/\/docelimaoloja.com.br\/#website","url":"https:\/\/docelimaoloja.com.br\/","name":"Loja Doce Limao","description":"Loja Natural","publisher":{"@id":"https:\/\/docelimaoloja.com.br\/#organization"},"potentialAction":[{"@type":"SearchAction","target":{"@type":"EntryPoint","urlTemplate":"https:\/\/docelimaoloja.com.br\/?s={search_term_string}"},"query-input":{"@type":"PropertyValueSpecification","valueRequired":true,"valueName":"search_term_string"}}],"inLanguage":"en-US"},{"@type":"Organization","@id":"https:\/\/docelimaoloja.com.br\/#organization","name":"Loja Doce Limao","url":"https:\/\/docelimaoloja.com.br\/","logo":{"@type":"ImageObject","inLanguage":"en-US","@id":"https:\/\/docelimaoloja.com.br\/#\/schema\/logo\/image\/","url":"https:\/\/docelimaoloja.com.br\/wp-content\/uploads\/2020\/08\/logo-doce-limao.png","contentUrl":"https:\/\/docelimaoloja.com.br\/wp-content\/uploads\/2020\/08\/logo-doce-limao.png","width":1280,"height":653,"caption":"Loja Doce Limao"},"image":{"@id":"https:\/\/docelimaoloja.com.br\/#\/schema\/logo\/image\/"}}]}},"_links":{"self":[{"href":"https:\/\/docelimaoloja.com.br\/en\/wp-json\/wp\/v2\/product\/3350","targetHints":{"allow":["GET"]}}],"collection":[{"href":"https:\/\/docelimaoloja.com.br\/en\/wp-json\/wp\/v2\/product"}],"about":[{"href":"https:\/\/docelimaoloja.com.br\/en\/wp-json\/wp\/v2\/types\/product"}],"replies":[{"embeddable":true,"href":"https:\/\/docelimaoloja.com.br\/en\/wp-json\/wp\/v2\/comments?post=3350"}],"wp:featuredmedia":[{"embeddable":true,"href":"https:\/\/docelimaoloja.com.br\/en\/wp-json\/wp\/v2\/media\/3556"}],"wp:attachment":[{"href":"https:\/\/docelimaoloja.com.br\/en\/wp-json\/wp\/v2\/media?parent=3350"}],"wp:term":[{"taxonomy":"product_brand","embeddable":true,"href":"https:\/\/docelimaoloja.com.br\/en\/wp-json\/wp\/v2\/product_brand?post=3350"},{"taxonomy":"product_cat","embeddable":true,"href":"https:\/\/docelimaoloja.com.br\/en\/wp-json\/wp\/v2\/product_cat?post=3350"},{"taxonomy":"product_tag","embeddable":true,"href":"https:\/\/docelimaoloja.com.br\/en\/wp-json\/wp\/v2\/product_tag?post=3350"}],"curies":[{"name":"wp","href":"https:\/\/api.w.org\/{rel}","templated":true}]}}