{"id":3346,"date":"2020-08-17T15:51:11","date_gmt":"2020-08-17T15:51:11","guid":{"rendered":"https:\/\/docelimaoloja.com.br\/product\/panela-furada-2\/"},"modified":"2024-08-22T14:10:24","modified_gmt":"2024-08-22T14:10:24","slug":"panela-furada-2","status":"publish","type":"product","link":"https:\/\/docelimaoloja.com.br\/en\/product\/panela-furada-2\/","title":{"rendered":"Panela Furada 2"},"content":{"rendered":"<p>A\u00a0Panela Furada 2\u00a0tem poros com cerca de 1 mm de di\u00e2metro, e \u00e9 indicada para coar sucos em geral. Por ser intermedi\u00e1ria, \u00e9 a panela mais vers\u00e1til da cozinha crua e viva, ou melhor, da cruzinha.<\/p>\n<p>Gera l\u00edquidos um pouco mais cremosos e mais ricos em fibras, sendo ideal para diab\u00e9ticos e pessoas com problemas de constipa\u00e7\u00e3o. Tamb\u00e9m para os sucos que ser\u00e3o tomados ao longo do dia.<\/p>\n<p>Dur\u00e1vel, reutiliz\u00e1vel e lav\u00e1vel. Para lavar sua panela furada use somente sab\u00e3o de coco, \u00e1gua \u00a0abundante e secagem em local bem ventilado: 5 minutos e est\u00e3o secas!<\/p>","protected":false},"excerpt":{"rendered":"<p>A Panela Furada 2 \u00e9 confeccionada em malha, com poros de ~2mm.<br \/>\nUm tecido de f\u00e1cil lavagem, r\u00e1pida secagem, portanto de alta seguran\u00e7a alimentar.<br \/>\nCom seus poros \u00e9 recomendada para coar sucos e vitaminas mais ricas em fibras, ideal para diab\u00e9ticos e constipados.<\/p>\n<p>Cont\u00e9m: 1 panela furada poros ~2mm na cor verde ou branca.<br \/>\nImportante: s\u00e3o pr\u00e9-lavadas com sab\u00e3o de coco artesanal.<\/p>","protected":false},"featured_media":21011,"comment_status":"open","ping_status":"closed","template":"","meta":[],"product_brand":[],"product_cat":[896,130],"product_tag":[235,643,150,644,646,154,645,642],"class_list":{"0":"post-3346","1":"product","2":"type-product","3":"status-publish","4":"has-post-thumbnail","6":"product_cat-cade-o-leite","7":"product_cat-panelas-furadas","8":"product_tag-artesanal","9":"product_tag-coador-de-tecido-voal","10":"product_tag-coador-em-voil","11":"product_tag-duravel","12":"product_tag-lavavel","13":"product_tag-panela-furada","14":"product_tag-reutilizavel","15":"product_tag-vida-saudavel","17":"first","18":"instock","19":"shipping-taxable","20":"purchasable","21":"product-type-simple"},"yoast_head":"<!-- This site is optimized with the Yoast SEO plugin v27.4 - https:\/\/yoast.com\/product\/yoast-seo-wordpress\/ -->\n<title>Panela Furada 2 - Loja Doce Limao<\/title>\n<meta name=\"description\" content=\"A\u00a0Panela Furada tamanho 2\u00a0tem poros com cerca de 1 mm de di\u00e2metro, e \u00e9 indicada para coar sucos em geral. Por ser intermedi\u00e1ria, \u00e9 a panela mais vers\u00e1til da cozinha crua e viva, ou melhor, da cruzinha.\" \/>\n<meta name=\"robots\" content=\"index, follow, max-snippet:-1, max-image-preview:large, max-video-preview:-1\" \/>\n<link rel=\"canonical\" href=\"https:\/\/docelimaoloja.com.br\/en\/product\/panela-furada-2\/\" \/>\n<meta property=\"og:locale\" content=\"en_US\" \/>\n<meta property=\"og:type\" content=\"article\" \/>\n<meta property=\"og:title\" content=\"Panela Furada 2 - Loja Doce Limao\" \/>\n<meta property=\"og:description\" content=\"A\u00a0Panela Furada tamanho 2\u00a0tem poros com cerca de 1 mm de di\u00e2metro, e \u00e9 indicada para coar sucos em geral. Por ser intermedi\u00e1ria, \u00e9 a panela mais vers\u00e1til da cozinha crua e viva, ou melhor, da cruzinha.\" \/>\n<meta property=\"og:url\" content=\"https:\/\/docelimaoloja.com.br\/en\/product\/panela-furada-2\/\" \/>\n<meta property=\"og:site_name\" content=\"Loja Doce Limao\" \/>\n<meta property=\"article:modified_time\" content=\"2024-08-22T14:10:24+00:00\" \/>\n<meta property=\"og:image\" content=\"https:\/\/docelimaoloja.com.br\/wp-content\/uploads\/2020\/08\/PF2-VERDE-2.jpeg\" \/>\n\t<meta property=\"og:image:width\" content=\"1184\" \/>\n\t<meta property=\"og:image:height\" content=\"1197\" \/>\n\t<meta property=\"og:image:type\" content=\"image\/jpeg\" \/>\n<meta name=\"twitter:card\" content=\"summary_large_image\" \/>\n<meta name=\"twitter:label1\" content=\"Est. reading time\" \/>\n\t<meta name=\"twitter:data1\" content=\"1 minute\" \/>\n<script type=\"application\/ld+json\" class=\"yoast-schema-graph\">{\"@context\":\"https:\\\/\\\/schema.org\",\"@graph\":[{\"@type\":\"WebPage\",\"@id\":\"https:\\\/\\\/docelimaoloja.com.br\\\/produto\\\/panela-furada-2\\\/\",\"url\":\"https:\\\/\\\/docelimaoloja.com.br\\\/produto\\\/panela-furada-2\\\/\",\"name\":\"Panela Furada 2 - Loja Doce Limao\",\"isPartOf\":{\"@id\":\"https:\\\/\\\/docelimaoloja.com.br\\\/#website\"},\"primaryImageOfPage\":{\"@id\":\"https:\\\/\\\/docelimaoloja.com.br\\\/produto\\\/panela-furada-2\\\/#primaryimage\"},\"image\":{\"@id\":\"https:\\\/\\\/docelimaoloja.com.br\\\/produto\\\/panela-furada-2\\\/#primaryimage\"},\"thumbnailUrl\":\"https:\\\/\\\/docelimaoloja.com.br\\\/wp-content\\\/uploads\\\/2020\\\/08\\\/PF2-VERDE-2.jpeg\",\"datePublished\":\"2020-08-17T15:51:11+00:00\",\"dateModified\":\"2024-08-22T14:10:24+00:00\",\"description\":\"A\u00a0Panela Furada tamanho 2\u00a0tem poros com cerca de 1 mm de di\u00e2metro, e \u00e9 indicada para coar sucos em geral. Por ser intermedi\u00e1ria, \u00e9 a panela mais vers\u00e1til da cozinha crua e viva, ou melhor, da cruzinha.\",\"breadcrumb\":{\"@id\":\"https:\\\/\\\/docelimaoloja.com.br\\\/produto\\\/panela-furada-2\\\/#breadcrumb\"},\"inLanguage\":\"en-US\",\"potentialAction\":[{\"@type\":\"ReadAction\",\"target\":[\"https:\\\/\\\/docelimaoloja.com.br\\\/produto\\\/panela-furada-2\\\/\"]}]},{\"@type\":\"ImageObject\",\"inLanguage\":\"en-US\",\"@id\":\"https:\\\/\\\/docelimaoloja.com.br\\\/produto\\\/panela-furada-2\\\/#primaryimage\",\"url\":\"https:\\\/\\\/docelimaoloja.com.br\\\/wp-content\\\/uploads\\\/2020\\\/08\\\/PF2-VERDE-2.jpeg\",\"contentUrl\":\"https:\\\/\\\/docelimaoloja.com.br\\\/wp-content\\\/uploads\\\/2020\\\/08\\\/PF2-VERDE-2.jpeg\",\"width\":1184,\"height\":1197},{\"@type\":\"BreadcrumbList\",\"@id\":\"https:\\\/\\\/docelimaoloja.com.br\\\/produto\\\/panela-furada-2\\\/#breadcrumb\",\"itemListElement\":[{\"@type\":\"ListItem\",\"position\":1,\"name\":\"In\u00edcio\",\"item\":\"https:\\\/\\\/docelimaoloja.com.br\\\/\"},{\"@type\":\"ListItem\",\"position\":2,\"name\":\"Loja Virtual\",\"item\":\"https:\\\/\\\/docelimaoloja.com.br\\\/loja-virtual\\\/\"},{\"@type\":\"ListItem\",\"position\":3,\"name\":\"Panela Furada 2\"}]},{\"@type\":\"WebSite\",\"@id\":\"https:\\\/\\\/docelimaoloja.com.br\\\/#website\",\"url\":\"https:\\\/\\\/docelimaoloja.com.br\\\/\",\"name\":\"Loja Doce Limao\",\"description\":\"Loja Natural\",\"publisher\":{\"@id\":\"https:\\\/\\\/docelimaoloja.com.br\\\/#organization\"},\"potentialAction\":[{\"@type\":\"SearchAction\",\"target\":{\"@type\":\"EntryPoint\",\"urlTemplate\":\"https:\\\/\\\/docelimaoloja.com.br\\\/?s={search_term_string}\"},\"query-input\":{\"@type\":\"PropertyValueSpecification\",\"valueRequired\":true,\"valueName\":\"search_term_string\"}}],\"inLanguage\":\"en-US\"},{\"@type\":\"Organization\",\"@id\":\"https:\\\/\\\/docelimaoloja.com.br\\\/#organization\",\"name\":\"Loja Doce Limao\",\"url\":\"https:\\\/\\\/docelimaoloja.com.br\\\/\",\"logo\":{\"@type\":\"ImageObject\",\"inLanguage\":\"en-US\",\"@id\":\"https:\\\/\\\/docelimaoloja.com.br\\\/#\\\/schema\\\/logo\\\/image\\\/\",\"url\":\"https:\\\/\\\/docelimaoloja.com.br\\\/wp-content\\\/uploads\\\/2020\\\/08\\\/logo-doce-limao.png\",\"contentUrl\":\"https:\\\/\\\/docelimaoloja.com.br\\\/wp-content\\\/uploads\\\/2020\\\/08\\\/logo-doce-limao.png\",\"width\":1280,\"height\":653,\"caption\":\"Loja Doce Limao\"},\"image\":{\"@id\":\"https:\\\/\\\/docelimaoloja.com.br\\\/#\\\/schema\\\/logo\\\/image\\\/\"}}]}<\/script>\n<!-- \/ Yoast SEO plugin. -->","yoast_head_json":{"title":"Panela Furada 2 - Loja Doce Limao","description":"A\u00a0Panela Furada tamanho 2\u00a0tem poros com cerca de 1 mm de di\u00e2metro, e \u00e9 indicada para coar sucos em geral. Por ser intermedi\u00e1ria, \u00e9 a panela mais vers\u00e1til da cozinha crua e viva, ou melhor, da cruzinha.","robots":{"index":"index","follow":"follow","max-snippet":"max-snippet:-1","max-image-preview":"max-image-preview:large","max-video-preview":"max-video-preview:-1"},"canonical":"https:\/\/docelimaoloja.com.br\/en\/product\/panela-furada-2\/","og_locale":"en_US","og_type":"article","og_title":"Panela Furada 2 - Loja Doce Limao","og_description":"A\u00a0Panela Furada tamanho 2\u00a0tem poros com cerca de 1 mm de di\u00e2metro, e \u00e9 indicada para coar sucos em geral. Por ser intermedi\u00e1ria, \u00e9 a panela mais vers\u00e1til da cozinha crua e viva, ou melhor, da cruzinha.","og_url":"https:\/\/docelimaoloja.com.br\/en\/product\/panela-furada-2\/","og_site_name":"Loja Doce Limao","article_modified_time":"2024-08-22T14:10:24+00:00","og_image":[{"width":1184,"height":1197,"url":"https:\/\/docelimaoloja.com.br\/wp-content\/uploads\/2020\/08\/PF2-VERDE-2.jpeg","type":"image\/jpeg"}],"twitter_card":"summary_large_image","twitter_misc":{"Est. reading time":"1 minute"},"schema":{"@context":"https:\/\/schema.org","@graph":[{"@type":"WebPage","@id":"https:\/\/docelimaoloja.com.br\/produto\/panela-furada-2\/","url":"https:\/\/docelimaoloja.com.br\/produto\/panela-furada-2\/","name":"Panela Furada 2 - Loja Doce Limao","isPartOf":{"@id":"https:\/\/docelimaoloja.com.br\/#website"},"primaryImageOfPage":{"@id":"https:\/\/docelimaoloja.com.br\/produto\/panela-furada-2\/#primaryimage"},"image":{"@id":"https:\/\/docelimaoloja.com.br\/produto\/panela-furada-2\/#primaryimage"},"thumbnailUrl":"https:\/\/docelimaoloja.com.br\/wp-content\/uploads\/2020\/08\/PF2-VERDE-2.jpeg","datePublished":"2020-08-17T15:51:11+00:00","dateModified":"2024-08-22T14:10:24+00:00","description":"A\u00a0Panela Furada tamanho 2\u00a0tem poros com cerca de 1 mm de di\u00e2metro, e \u00e9 indicada para coar sucos em geral. Por ser intermedi\u00e1ria, \u00e9 a panela mais vers\u00e1til da cozinha crua e viva, ou melhor, da cruzinha.","breadcrumb":{"@id":"https:\/\/docelimaoloja.com.br\/produto\/panela-furada-2\/#breadcrumb"},"inLanguage":"en-US","potentialAction":[{"@type":"ReadAction","target":["https:\/\/docelimaoloja.com.br\/produto\/panela-furada-2\/"]}]},{"@type":"ImageObject","inLanguage":"en-US","@id":"https:\/\/docelimaoloja.com.br\/produto\/panela-furada-2\/#primaryimage","url":"https:\/\/docelimaoloja.com.br\/wp-content\/uploads\/2020\/08\/PF2-VERDE-2.jpeg","contentUrl":"https:\/\/docelimaoloja.com.br\/wp-content\/uploads\/2020\/08\/PF2-VERDE-2.jpeg","width":1184,"height":1197},{"@type":"BreadcrumbList","@id":"https:\/\/docelimaoloja.com.br\/produto\/panela-furada-2\/#breadcrumb","itemListElement":[{"@type":"ListItem","position":1,"name":"In\u00edcio","item":"https:\/\/docelimaoloja.com.br\/"},{"@type":"ListItem","position":2,"name":"Loja Virtual","item":"https:\/\/docelimaoloja.com.br\/loja-virtual\/"},{"@type":"ListItem","position":3,"name":"Panela Furada 2"}]},{"@type":"WebSite","@id":"https:\/\/docelimaoloja.com.br\/#website","url":"https:\/\/docelimaoloja.com.br\/","name":"Loja Doce Limao","description":"Loja Natural","publisher":{"@id":"https:\/\/docelimaoloja.com.br\/#organization"},"potentialAction":[{"@type":"SearchAction","target":{"@type":"EntryPoint","urlTemplate":"https:\/\/docelimaoloja.com.br\/?s={search_term_string}"},"query-input":{"@type":"PropertyValueSpecification","valueRequired":true,"valueName":"search_term_string"}}],"inLanguage":"en-US"},{"@type":"Organization","@id":"https:\/\/docelimaoloja.com.br\/#organization","name":"Loja Doce Limao","url":"https:\/\/docelimaoloja.com.br\/","logo":{"@type":"ImageObject","inLanguage":"en-US","@id":"https:\/\/docelimaoloja.com.br\/#\/schema\/logo\/image\/","url":"https:\/\/docelimaoloja.com.br\/wp-content\/uploads\/2020\/08\/logo-doce-limao.png","contentUrl":"https:\/\/docelimaoloja.com.br\/wp-content\/uploads\/2020\/08\/logo-doce-limao.png","width":1280,"height":653,"caption":"Loja Doce Limao"},"image":{"@id":"https:\/\/docelimaoloja.com.br\/#\/schema\/logo\/image\/"}}]}},"_links":{"self":[{"href":"https:\/\/docelimaoloja.com.br\/en\/wp-json\/wp\/v2\/product\/3346","targetHints":{"allow":["GET"]}}],"collection":[{"href":"https:\/\/docelimaoloja.com.br\/en\/wp-json\/wp\/v2\/product"}],"about":[{"href":"https:\/\/docelimaoloja.com.br\/en\/wp-json\/wp\/v2\/types\/product"}],"replies":[{"embeddable":true,"href":"https:\/\/docelimaoloja.com.br\/en\/wp-json\/wp\/v2\/comments?post=3346"}],"wp:featuredmedia":[{"embeddable":true,"href":"https:\/\/docelimaoloja.com.br\/en\/wp-json\/wp\/v2\/media\/21011"}],"wp:attachment":[{"href":"https:\/\/docelimaoloja.com.br\/en\/wp-json\/wp\/v2\/media?parent=3346"}],"wp:term":[{"taxonomy":"product_brand","embeddable":true,"href":"https:\/\/docelimaoloja.com.br\/en\/wp-json\/wp\/v2\/product_brand?post=3346"},{"taxonomy":"product_cat","embeddable":true,"href":"https:\/\/docelimaoloja.com.br\/en\/wp-json\/wp\/v2\/product_cat?post=3346"},{"taxonomy":"product_tag","embeddable":true,"href":"https:\/\/docelimaoloja.com.br\/en\/wp-json\/wp\/v2\/product_tag?post=3346"}],"curies":[{"name":"wp","href":"https:\/\/api.w.org\/{rel}","templated":true}]}}