{"id":3344,"date":"2020-08-17T15:51:11","date_gmt":"2020-08-17T15:51:11","guid":{"rendered":"https:\/\/docelimaoloja.com.br\/product\/panela-furada-1\/"},"modified":"2024-08-22T13:47:07","modified_gmt":"2024-08-22T13:47:07","slug":"panela-furada-1","status":"publish","type":"product","link":"https:\/\/docelimaoloja.com.br\/en\/product\/panela-furada-1\/","title":{"rendered":"Panela Furada 1"},"content":{"rendered":"<p>A Panela Furada 1 \u00e9 confeccionada em voil, tem poros ~1mm, idealmente usada para coar o suco luz do sol, os sucos verdes e os leites de sementes.<\/p>\n<p>Gera l\u00edquidos bens fluidos e com baixo teor de fibras, criando uma condi\u00e7\u00e3o de digestibilidade quase imediata. Portanto, \u00e9 fundamental no preparo dos sucos que ser\u00e3o tomados em JEJUM. \u00c9 tamb\u00e9m adequada para uso geral e, mais especificamente no preparo de bebidas para crian\u00e7as. Muito recomendada em caso de pessoas doentes, muito desvitalizadas, em convalescen\u00e7a.<\/p>\n<p>Dur\u00e1vel, reutiliz\u00e1vel e lav\u00e1vel. Para lavar sua panela furada use somente sab\u00e3o de coco, \u00e1gua \u00a0abundante e secagem em local bem ventilado: 5 minutos e est\u00e3o secas!<\/p>","protected":false},"excerpt":{"rendered":"<p>A Panela Furada 1 \u00e9 confeccionada em voil, um tecido de f\u00e1cil lavagem, r\u00e1pida secagem, portanto de alta seguran\u00e7a alimentar. Com seus poros bem estreitos \u00e9 ideal para coar o suco luz do sol, os sucos verdes e os leites de sementes.<\/p>\n<p>Cont\u00e9m: 1 panela furada poros tipo 1 na cor branca<\/p>","protected":false},"featured_media":3559,"comment_status":"open","ping_status":"closed","template":"","meta":[],"product_brand":[],"product_cat":[896,883,130],"product_tag":[643,150,632,634,644,646,154,645,642],"class_list":{"0":"post-3344","1":"product","2":"type-product","3":"status-publish","4":"has-post-thumbnail","6":"product_cat-cade-o-leite","7":"product_cat-culinaria-viva","8":"product_cat-panelas-furadas","9":"product_tag-coador-de-tecido-voal","10":"product_tag-coador-em-voil","11":"product_tag-coador-para-leites-e-queijos","12":"product_tag-coador-voil","13":"product_tag-duravel","14":"product_tag-lavavel","15":"product_tag-panela-furada","16":"product_tag-reutilizavel","17":"product_tag-vida-saudavel","19":"first","20":"instock","21":"shipping-taxable","22":"purchasable","23":"product-type-simple"},"yoast_head":"<!-- This site is optimized with the Yoast SEO plugin v27.4 - https:\/\/yoast.com\/product\/yoast-seo-wordpress\/ -->\n<title>Panela Furada 1 - Loja Doce Limao<\/title>\n<meta name=\"description\" content=\"A\u00a0Panela Furada tamanho 1\u00a0\u00e9 confeccionada em voil, tem poros bem estreitos e usada para coar o suco luz do sol, os sucos verdes e os leites de sementes.\" \/>\n<meta name=\"robots\" content=\"index, follow, max-snippet:-1, max-image-preview:large, max-video-preview:-1\" \/>\n<link rel=\"canonical\" href=\"https:\/\/docelimaoloja.com.br\/en\/product\/panela-furada-1\/\" \/>\n<meta property=\"og:locale\" content=\"en_US\" \/>\n<meta property=\"og:type\" content=\"article\" \/>\n<meta property=\"og:title\" content=\"Panela Furada 1 - Loja Doce Limao\" \/>\n<meta property=\"og:description\" content=\"A\u00a0Panela Furada tamanho 1\u00a0\u00e9 confeccionada em voil, tem poros bem estreitos e usada para coar o suco luz do sol, os sucos verdes e os leites de sementes.\" \/>\n<meta property=\"og:url\" content=\"https:\/\/docelimaoloja.com.br\/en\/product\/panela-furada-1\/\" \/>\n<meta property=\"og:site_name\" content=\"Loja Doce Limao\" \/>\n<meta property=\"article:modified_time\" content=\"2024-08-22T13:47:07+00:00\" \/>\n<meta property=\"og:image\" content=\"https:\/\/docelimaoloja.com.br\/wp-content\/uploads\/2020\/08\/panela-furada1-1.jpg\" \/>\n\t<meta property=\"og:image:width\" content=\"900\" \/>\n\t<meta property=\"og:image:height\" content=\"900\" \/>\n\t<meta property=\"og:image:type\" content=\"image\/jpeg\" \/>\n<meta name=\"twitter:card\" content=\"summary_large_image\" \/>\n<meta name=\"twitter:label1\" content=\"Est. reading time\" \/>\n\t<meta name=\"twitter:data1\" content=\"1 minute\" \/>\n<script type=\"application\/ld+json\" class=\"yoast-schema-graph\">{\"@context\":\"https:\\\/\\\/schema.org\",\"@graph\":[{\"@type\":\"WebPage\",\"@id\":\"https:\\\/\\\/docelimaoloja.com.br\\\/produto\\\/panela-furada-1\\\/\",\"url\":\"https:\\\/\\\/docelimaoloja.com.br\\\/produto\\\/panela-furada-1\\\/\",\"name\":\"Panela Furada 1 - Loja Doce Limao\",\"isPartOf\":{\"@id\":\"https:\\\/\\\/docelimaoloja.com.br\\\/#website\"},\"primaryImageOfPage\":{\"@id\":\"https:\\\/\\\/docelimaoloja.com.br\\\/produto\\\/panela-furada-1\\\/#primaryimage\"},\"image\":{\"@id\":\"https:\\\/\\\/docelimaoloja.com.br\\\/produto\\\/panela-furada-1\\\/#primaryimage\"},\"thumbnailUrl\":\"https:\\\/\\\/docelimaoloja.com.br\\\/wp-content\\\/uploads\\\/2020\\\/08\\\/panela-furada1-1.jpg\",\"datePublished\":\"2020-08-17T15:51:11+00:00\",\"dateModified\":\"2024-08-22T13:47:07+00:00\",\"description\":\"A\u00a0Panela Furada tamanho 1\u00a0\u00e9 confeccionada em voil, tem poros bem estreitos e usada para coar o suco luz do sol, os sucos verdes e os leites de sementes.\",\"breadcrumb\":{\"@id\":\"https:\\\/\\\/docelimaoloja.com.br\\\/produto\\\/panela-furada-1\\\/#breadcrumb\"},\"inLanguage\":\"en-US\",\"potentialAction\":[{\"@type\":\"ReadAction\",\"target\":[\"https:\\\/\\\/docelimaoloja.com.br\\\/produto\\\/panela-furada-1\\\/\"]}]},{\"@type\":\"ImageObject\",\"inLanguage\":\"en-US\",\"@id\":\"https:\\\/\\\/docelimaoloja.com.br\\\/produto\\\/panela-furada-1\\\/#primaryimage\",\"url\":\"https:\\\/\\\/docelimaoloja.com.br\\\/wp-content\\\/uploads\\\/2020\\\/08\\\/panela-furada1-1.jpg\",\"contentUrl\":\"https:\\\/\\\/docelimaoloja.com.br\\\/wp-content\\\/uploads\\\/2020\\\/08\\\/panela-furada1-1.jpg\",\"width\":900,\"height\":900,\"caption\":\"panela furada tamanho 1\"},{\"@type\":\"BreadcrumbList\",\"@id\":\"https:\\\/\\\/docelimaoloja.com.br\\\/produto\\\/panela-furada-1\\\/#breadcrumb\",\"itemListElement\":[{\"@type\":\"ListItem\",\"position\":1,\"name\":\"In\u00edcio\",\"item\":\"https:\\\/\\\/docelimaoloja.com.br\\\/\"},{\"@type\":\"ListItem\",\"position\":2,\"name\":\"Loja Virtual\",\"item\":\"https:\\\/\\\/docelimaoloja.com.br\\\/loja-virtual\\\/\"},{\"@type\":\"ListItem\",\"position\":3,\"name\":\"Panela Furada 1\"}]},{\"@type\":\"WebSite\",\"@id\":\"https:\\\/\\\/docelimaoloja.com.br\\\/#website\",\"url\":\"https:\\\/\\\/docelimaoloja.com.br\\\/\",\"name\":\"Loja Doce Limao\",\"description\":\"Loja Natural\",\"publisher\":{\"@id\":\"https:\\\/\\\/docelimaoloja.com.br\\\/#organization\"},\"potentialAction\":[{\"@type\":\"SearchAction\",\"target\":{\"@type\":\"EntryPoint\",\"urlTemplate\":\"https:\\\/\\\/docelimaoloja.com.br\\\/?s={search_term_string}\"},\"query-input\":{\"@type\":\"PropertyValueSpecification\",\"valueRequired\":true,\"valueName\":\"search_term_string\"}}],\"inLanguage\":\"en-US\"},{\"@type\":\"Organization\",\"@id\":\"https:\\\/\\\/docelimaoloja.com.br\\\/#organization\",\"name\":\"Loja Doce Limao\",\"url\":\"https:\\\/\\\/docelimaoloja.com.br\\\/\",\"logo\":{\"@type\":\"ImageObject\",\"inLanguage\":\"en-US\",\"@id\":\"https:\\\/\\\/docelimaoloja.com.br\\\/#\\\/schema\\\/logo\\\/image\\\/\",\"url\":\"https:\\\/\\\/docelimaoloja.com.br\\\/wp-content\\\/uploads\\\/2020\\\/08\\\/logo-doce-limao.png\",\"contentUrl\":\"https:\\\/\\\/docelimaoloja.com.br\\\/wp-content\\\/uploads\\\/2020\\\/08\\\/logo-doce-limao.png\",\"width\":1280,\"height\":653,\"caption\":\"Loja Doce Limao\"},\"image\":{\"@id\":\"https:\\\/\\\/docelimaoloja.com.br\\\/#\\\/schema\\\/logo\\\/image\\\/\"}}]}<\/script>\n<!-- \/ Yoast SEO plugin. -->","yoast_head_json":{"title":"Panela Furada 1 - Loja Doce Limao","description":"A\u00a0Panela Furada tamanho 1\u00a0\u00e9 confeccionada em voil, tem poros bem estreitos e usada para coar o suco luz do sol, os sucos verdes e os leites de sementes.","robots":{"index":"index","follow":"follow","max-snippet":"max-snippet:-1","max-image-preview":"max-image-preview:large","max-video-preview":"max-video-preview:-1"},"canonical":"https:\/\/docelimaoloja.com.br\/en\/product\/panela-furada-1\/","og_locale":"en_US","og_type":"article","og_title":"Panela Furada 1 - Loja Doce Limao","og_description":"A\u00a0Panela Furada tamanho 1\u00a0\u00e9 confeccionada em voil, tem poros bem estreitos e usada para coar o suco luz do sol, os sucos verdes e os leites de sementes.","og_url":"https:\/\/docelimaoloja.com.br\/en\/product\/panela-furada-1\/","og_site_name":"Loja Doce Limao","article_modified_time":"2024-08-22T13:47:07+00:00","og_image":[{"width":900,"height":900,"url":"https:\/\/docelimaoloja.com.br\/wp-content\/uploads\/2020\/08\/panela-furada1-1.jpg","type":"image\/jpeg"}],"twitter_card":"summary_large_image","twitter_misc":{"Est. reading time":"1 minute"},"schema":{"@context":"https:\/\/schema.org","@graph":[{"@type":"WebPage","@id":"https:\/\/docelimaoloja.com.br\/produto\/panela-furada-1\/","url":"https:\/\/docelimaoloja.com.br\/produto\/panela-furada-1\/","name":"Panela Furada 1 - Loja Doce Limao","isPartOf":{"@id":"https:\/\/docelimaoloja.com.br\/#website"},"primaryImageOfPage":{"@id":"https:\/\/docelimaoloja.com.br\/produto\/panela-furada-1\/#primaryimage"},"image":{"@id":"https:\/\/docelimaoloja.com.br\/produto\/panela-furada-1\/#primaryimage"},"thumbnailUrl":"https:\/\/docelimaoloja.com.br\/wp-content\/uploads\/2020\/08\/panela-furada1-1.jpg","datePublished":"2020-08-17T15:51:11+00:00","dateModified":"2024-08-22T13:47:07+00:00","description":"A\u00a0Panela Furada tamanho 1\u00a0\u00e9 confeccionada em voil, tem poros bem estreitos e usada para coar o suco luz do sol, os sucos verdes e os leites de sementes.","breadcrumb":{"@id":"https:\/\/docelimaoloja.com.br\/produto\/panela-furada-1\/#breadcrumb"},"inLanguage":"en-US","potentialAction":[{"@type":"ReadAction","target":["https:\/\/docelimaoloja.com.br\/produto\/panela-furada-1\/"]}]},{"@type":"ImageObject","inLanguage":"en-US","@id":"https:\/\/docelimaoloja.com.br\/produto\/panela-furada-1\/#primaryimage","url":"https:\/\/docelimaoloja.com.br\/wp-content\/uploads\/2020\/08\/panela-furada1-1.jpg","contentUrl":"https:\/\/docelimaoloja.com.br\/wp-content\/uploads\/2020\/08\/panela-furada1-1.jpg","width":900,"height":900,"caption":"panela furada tamanho 1"},{"@type":"BreadcrumbList","@id":"https:\/\/docelimaoloja.com.br\/produto\/panela-furada-1\/#breadcrumb","itemListElement":[{"@type":"ListItem","position":1,"name":"In\u00edcio","item":"https:\/\/docelimaoloja.com.br\/"},{"@type":"ListItem","position":2,"name":"Loja Virtual","item":"https:\/\/docelimaoloja.com.br\/loja-virtual\/"},{"@type":"ListItem","position":3,"name":"Panela Furada 1"}]},{"@type":"WebSite","@id":"https:\/\/docelimaoloja.com.br\/#website","url":"https:\/\/docelimaoloja.com.br\/","name":"Loja Doce Limao","description":"Loja Natural","publisher":{"@id":"https:\/\/docelimaoloja.com.br\/#organization"},"potentialAction":[{"@type":"SearchAction","target":{"@type":"EntryPoint","urlTemplate":"https:\/\/docelimaoloja.com.br\/?s={search_term_string}"},"query-input":{"@type":"PropertyValueSpecification","valueRequired":true,"valueName":"search_term_string"}}],"inLanguage":"en-US"},{"@type":"Organization","@id":"https:\/\/docelimaoloja.com.br\/#organization","name":"Loja Doce Limao","url":"https:\/\/docelimaoloja.com.br\/","logo":{"@type":"ImageObject","inLanguage":"en-US","@id":"https:\/\/docelimaoloja.com.br\/#\/schema\/logo\/image\/","url":"https:\/\/docelimaoloja.com.br\/wp-content\/uploads\/2020\/08\/logo-doce-limao.png","contentUrl":"https:\/\/docelimaoloja.com.br\/wp-content\/uploads\/2020\/08\/logo-doce-limao.png","width":1280,"height":653,"caption":"Loja Doce Limao"},"image":{"@id":"https:\/\/docelimaoloja.com.br\/#\/schema\/logo\/image\/"}}]}},"_links":{"self":[{"href":"https:\/\/docelimaoloja.com.br\/en\/wp-json\/wp\/v2\/product\/3344","targetHints":{"allow":["GET"]}}],"collection":[{"href":"https:\/\/docelimaoloja.com.br\/en\/wp-json\/wp\/v2\/product"}],"about":[{"href":"https:\/\/docelimaoloja.com.br\/en\/wp-json\/wp\/v2\/types\/product"}],"replies":[{"embeddable":true,"href":"https:\/\/docelimaoloja.com.br\/en\/wp-json\/wp\/v2\/comments?post=3344"}],"wp:featuredmedia":[{"embeddable":true,"href":"https:\/\/docelimaoloja.com.br\/en\/wp-json\/wp\/v2\/media\/3559"}],"wp:attachment":[{"href":"https:\/\/docelimaoloja.com.br\/en\/wp-json\/wp\/v2\/media?parent=3344"}],"wp:term":[{"taxonomy":"product_brand","embeddable":true,"href":"https:\/\/docelimaoloja.com.br\/en\/wp-json\/wp\/v2\/product_brand?post=3344"},{"taxonomy":"product_cat","embeddable":true,"href":"https:\/\/docelimaoloja.com.br\/en\/wp-json\/wp\/v2\/product_cat?post=3344"},{"taxonomy":"product_tag","embeddable":true,"href":"https:\/\/docelimaoloja.com.br\/en\/wp-json\/wp\/v2\/product_tag?post=3344"}],"curies":[{"name":"wp","href":"https:\/\/api.w.org\/{rel}","templated":true}]}}