{"id":3339,"date":"2020-08-17T15:51:10","date_gmt":"2020-08-17T15:51:10","guid":{"rendered":"https:\/\/docelimaoloja.com.br\/product\/kit-3-panelas-furadas\/"},"modified":"2024-08-22T14:08:27","modified_gmt":"2024-08-22T14:08:27","slug":"kit-3-panelas-furadas","status":"publish","type":"product","link":"https:\/\/docelimaoloja.com.br\/en\/product\/kit-3-panelas-furadas\/","title":{"rendered":"Kit 3 Panelas Furadas"},"content":{"rendered":"<p>Panelas Furadas (PF) s\u00e3o coadores em tecidos especiais, com diferentes gramaturas, que tornam o preparo de sucos desintoxicantes, e leites de sementes germinadas mais r\u00e1pido, higi\u00eanico e pr\u00e1tico!<\/p>\n<p>A Panela Furada 1 \u00e9 confeccionada em organza ou voil (aquele tecido de cortina), tem poros bem estreitos e \u00e9 usada somente para coar o suco luz do sol, os sucos verdes e os leites de sementes. Gera l\u00edquidos bens fluidos e com baixo teor de fibras, criando uma condi\u00e7\u00e3o de digestabilidade quase imediata. Portanto, \u00e9 fundamental no preparo dos sucos que ser\u00e3o tomados em JEJUM. \u00c9 tamb\u00e9m adequada para uso geral e, mais especificamente, em caso de pessoas doentes, muito desvitalizadas, em convalescen\u00e7a e crian\u00e7as.<\/p>\n<p>A Panela Furada 2 \u00e9 confeccionada em malha (normalmente na cor verde, mas ocasionalmente na cor branca) tem poros com ~2mm de di\u00e2metro, e \u00e9 indicada para coar sucos em geral. Por ser intermedi\u00e1ria, \u00e9 a panela mais vers\u00e1til da cozinha crua e viva, ou melhor, da cruzinha. Gera l\u00edquidos um pouco mais cremosos e mais ricos em fibras, sendo ideal para diab\u00e9ticos e pessoas com problemas de constipa\u00e7\u00e3o. Tamb\u00e9m para os sucos que ser\u00e3o tomados ao longo do dia.<\/p>\n<p>A Panela Furada 3 tem poros com ~3 a 4 mm de di\u00e2metro. \u00c9 indicada para coar frutas macias que n\u00e3o precisam ser liquefeitas previamente como a banana, melancia, jaca mole, uva, manga, caqui ou goiaba. Pode ser usada tamb\u00e9m para secar folhas verdes, germinar sementes e at\u00e9 servir de chupeta. Assim: coloque um peda\u00e7o de banana ou ma\u00e7\u00e3 dentro, monte uma chupeta e deixe que a crian\u00e7a chuche: muito mais saud\u00e1vel que chuchar borracha cheia de aditivos qu\u00edmicos!<\/p>\n<p>Para lavar as panelas furadas use somente sab\u00e3o de coco, \u00e1gua \u00a0abundante e secagem em local bem ventilado: 5 minutos e est\u00e3o secas!<\/p>","protected":false},"excerpt":{"rendered":"<p>Cont\u00e9m: 1 kit com as 3 panelas furadas<\/p>\n<ul>\n<li>Panela furada 1 em voil<\/li>\n<li>Panela furada 2 em malha branca ou verde (lavada com sab\u00e3o de coco org\u00e2nico &#8211; n\u00e3o solta tinta) com poros de ~2mm de di\u00e2metro, e<\/li>\n<li>Panela furada 3 em malha branca ou bege com poros de ~3 a 4mm de di\u00e2metro.<\/li>\n<\/ul>","protected":false},"featured_media":21014,"comment_status":"open","ping_status":"closed","template":"","meta":[],"product_brand":[],"product_cat":[896,883,130],"product_tag":[643,150,632,634,646,154,645,642],"class_list":{"0":"post-3339","1":"product","2":"type-product","3":"status-publish","4":"has-post-thumbnail","6":"product_cat-cade-o-leite","7":"product_cat-culinaria-viva","8":"product_cat-panelas-furadas","9":"product_tag-coador-de-tecido-voal","10":"product_tag-coador-em-voil","11":"product_tag-coador-para-leites-e-queijos","12":"product_tag-coador-voil","13":"product_tag-lavavel","14":"product_tag-panela-furada","15":"product_tag-reutilizavel","16":"product_tag-vida-saudavel","18":"first","19":"instock","20":"sale","21":"shipping-taxable","22":"purchasable","23":"product-type-simple"},"yoast_head":"<!-- This site is optimized with the Yoast SEO plugin v27.4 - https:\/\/yoast.com\/product\/yoast-seo-wordpress\/ -->\n<title>Kit 3 Panelas Furadas - Loja Doce Limao<\/title>\n<meta name=\"description\" content=\"Kit com Panelas Furadas (PF) em 3 tamanhos. Elas s\u00e3o coadores que tornam o preparo de sucos desintoxicantes, e leites de sementes germinadas mais r\u00e1pido, higi\u00eanico e pr\u00e1tico!\" \/>\n<meta name=\"robots\" content=\"index, follow, max-snippet:-1, max-image-preview:large, max-video-preview:-1\" \/>\n<link rel=\"canonical\" href=\"https:\/\/docelimaoloja.com.br\/en\/product\/kit-3-panelas-furadas\/\" \/>\n<meta property=\"og:locale\" content=\"en_US\" \/>\n<meta property=\"og:type\" content=\"article\" \/>\n<meta property=\"og:title\" content=\"Kit 3 Panelas Furadas - Loja Doce Limao\" \/>\n<meta property=\"og:description\" content=\"Kit com Panelas Furadas (PF) em 3 tamanhos. Elas s\u00e3o coadores que tornam o preparo de sucos desintoxicantes, e leites de sementes germinadas mais r\u00e1pido, higi\u00eanico e pr\u00e1tico!\" \/>\n<meta property=\"og:url\" content=\"https:\/\/docelimaoloja.com.br\/en\/product\/kit-3-panelas-furadas\/\" \/>\n<meta property=\"og:site_name\" content=\"Loja Doce Limao\" \/>\n<meta property=\"article:modified_time\" content=\"2024-08-22T14:08:27+00:00\" \/>\n<meta property=\"og:image\" content=\"https:\/\/docelimaoloja.com.br\/wp-content\/uploads\/2020\/08\/KIT-PFS-2.jpeg\" \/>\n\t<meta property=\"og:image:width\" content=\"1092\" \/>\n\t<meta property=\"og:image:height\" content=\"1349\" \/>\n\t<meta property=\"og:image:type\" content=\"image\/jpeg\" \/>\n<meta name=\"twitter:card\" content=\"summary_large_image\" \/>\n<meta name=\"twitter:label1\" content=\"Est. reading time\" \/>\n\t<meta name=\"twitter:data1\" content=\"2 minutes\" \/>\n<script type=\"application\/ld+json\" class=\"yoast-schema-graph\">{\"@context\":\"https:\\\/\\\/schema.org\",\"@graph\":[{\"@type\":\"WebPage\",\"@id\":\"https:\\\/\\\/docelimaoloja.com.br\\\/produto\\\/kit-3-panelas-furadas\\\/\",\"url\":\"https:\\\/\\\/docelimaoloja.com.br\\\/produto\\\/kit-3-panelas-furadas\\\/\",\"name\":\"Kit 3 Panelas Furadas - Loja Doce Limao\",\"isPartOf\":{\"@id\":\"https:\\\/\\\/docelimaoloja.com.br\\\/#website\"},\"primaryImageOfPage\":{\"@id\":\"https:\\\/\\\/docelimaoloja.com.br\\\/produto\\\/kit-3-panelas-furadas\\\/#primaryimage\"},\"image\":{\"@id\":\"https:\\\/\\\/docelimaoloja.com.br\\\/produto\\\/kit-3-panelas-furadas\\\/#primaryimage\"},\"thumbnailUrl\":\"https:\\\/\\\/docelimaoloja.com.br\\\/wp-content\\\/uploads\\\/2020\\\/08\\\/KIT-PFS-2.jpeg\",\"datePublished\":\"2020-08-17T15:51:10+00:00\",\"dateModified\":\"2024-08-22T14:08:27+00:00\",\"description\":\"Kit com Panelas Furadas (PF) em 3 tamanhos. Elas s\u00e3o coadores que tornam o preparo de sucos desintoxicantes, e leites de sementes germinadas mais r\u00e1pido, higi\u00eanico e pr\u00e1tico!\",\"breadcrumb\":{\"@id\":\"https:\\\/\\\/docelimaoloja.com.br\\\/produto\\\/kit-3-panelas-furadas\\\/#breadcrumb\"},\"inLanguage\":\"en-US\",\"potentialAction\":[{\"@type\":\"ReadAction\",\"target\":[\"https:\\\/\\\/docelimaoloja.com.br\\\/produto\\\/kit-3-panelas-furadas\\\/\"]}]},{\"@type\":\"ImageObject\",\"inLanguage\":\"en-US\",\"@id\":\"https:\\\/\\\/docelimaoloja.com.br\\\/produto\\\/kit-3-panelas-furadas\\\/#primaryimage\",\"url\":\"https:\\\/\\\/docelimaoloja.com.br\\\/wp-content\\\/uploads\\\/2020\\\/08\\\/KIT-PFS-2.jpeg\",\"contentUrl\":\"https:\\\/\\\/docelimaoloja.com.br\\\/wp-content\\\/uploads\\\/2020\\\/08\\\/KIT-PFS-2.jpeg\",\"width\":1092,\"height\":1349},{\"@type\":\"BreadcrumbList\",\"@id\":\"https:\\\/\\\/docelimaoloja.com.br\\\/produto\\\/kit-3-panelas-furadas\\\/#breadcrumb\",\"itemListElement\":[{\"@type\":\"ListItem\",\"position\":1,\"name\":\"In\u00edcio\",\"item\":\"https:\\\/\\\/docelimaoloja.com.br\\\/\"},{\"@type\":\"ListItem\",\"position\":2,\"name\":\"Loja Virtual\",\"item\":\"https:\\\/\\\/docelimaoloja.com.br\\\/loja-virtual\\\/\"},{\"@type\":\"ListItem\",\"position\":3,\"name\":\"Kit 3 Panelas Furadas\"}]},{\"@type\":\"WebSite\",\"@id\":\"https:\\\/\\\/docelimaoloja.com.br\\\/#website\",\"url\":\"https:\\\/\\\/docelimaoloja.com.br\\\/\",\"name\":\"Loja Doce Limao\",\"description\":\"Loja Natural\",\"publisher\":{\"@id\":\"https:\\\/\\\/docelimaoloja.com.br\\\/#organization\"},\"potentialAction\":[{\"@type\":\"SearchAction\",\"target\":{\"@type\":\"EntryPoint\",\"urlTemplate\":\"https:\\\/\\\/docelimaoloja.com.br\\\/?s={search_term_string}\"},\"query-input\":{\"@type\":\"PropertyValueSpecification\",\"valueRequired\":true,\"valueName\":\"search_term_string\"}}],\"inLanguage\":\"en-US\"},{\"@type\":\"Organization\",\"@id\":\"https:\\\/\\\/docelimaoloja.com.br\\\/#organization\",\"name\":\"Loja Doce Limao\",\"url\":\"https:\\\/\\\/docelimaoloja.com.br\\\/\",\"logo\":{\"@type\":\"ImageObject\",\"inLanguage\":\"en-US\",\"@id\":\"https:\\\/\\\/docelimaoloja.com.br\\\/#\\\/schema\\\/logo\\\/image\\\/\",\"url\":\"https:\\\/\\\/docelimaoloja.com.br\\\/wp-content\\\/uploads\\\/2020\\\/08\\\/logo-doce-limao.png\",\"contentUrl\":\"https:\\\/\\\/docelimaoloja.com.br\\\/wp-content\\\/uploads\\\/2020\\\/08\\\/logo-doce-limao.png\",\"width\":1280,\"height\":653,\"caption\":\"Loja Doce Limao\"},\"image\":{\"@id\":\"https:\\\/\\\/docelimaoloja.com.br\\\/#\\\/schema\\\/logo\\\/image\\\/\"}}]}<\/script>\n<!-- \/ Yoast SEO plugin. -->","yoast_head_json":{"title":"Kit 3 Panelas Furadas - Loja Doce Limao","description":"Kit com Panelas Furadas (PF) em 3 tamanhos. Elas s\u00e3o coadores que tornam o preparo de sucos desintoxicantes, e leites de sementes germinadas mais r\u00e1pido, higi\u00eanico e pr\u00e1tico!","robots":{"index":"index","follow":"follow","max-snippet":"max-snippet:-1","max-image-preview":"max-image-preview:large","max-video-preview":"max-video-preview:-1"},"canonical":"https:\/\/docelimaoloja.com.br\/en\/product\/kit-3-panelas-furadas\/","og_locale":"en_US","og_type":"article","og_title":"Kit 3 Panelas Furadas - Loja Doce Limao","og_description":"Kit com Panelas Furadas (PF) em 3 tamanhos. Elas s\u00e3o coadores que tornam o preparo de sucos desintoxicantes, e leites de sementes germinadas mais r\u00e1pido, higi\u00eanico e pr\u00e1tico!","og_url":"https:\/\/docelimaoloja.com.br\/en\/product\/kit-3-panelas-furadas\/","og_site_name":"Loja Doce Limao","article_modified_time":"2024-08-22T14:08:27+00:00","og_image":[{"width":1092,"height":1349,"url":"https:\/\/docelimaoloja.com.br\/wp-content\/uploads\/2020\/08\/KIT-PFS-2.jpeg","type":"image\/jpeg"}],"twitter_card":"summary_large_image","twitter_misc":{"Est. reading time":"2 minutes"},"schema":{"@context":"https:\/\/schema.org","@graph":[{"@type":"WebPage","@id":"https:\/\/docelimaoloja.com.br\/produto\/kit-3-panelas-furadas\/","url":"https:\/\/docelimaoloja.com.br\/produto\/kit-3-panelas-furadas\/","name":"Kit 3 Panelas Furadas - Loja Doce Limao","isPartOf":{"@id":"https:\/\/docelimaoloja.com.br\/#website"},"primaryImageOfPage":{"@id":"https:\/\/docelimaoloja.com.br\/produto\/kit-3-panelas-furadas\/#primaryimage"},"image":{"@id":"https:\/\/docelimaoloja.com.br\/produto\/kit-3-panelas-furadas\/#primaryimage"},"thumbnailUrl":"https:\/\/docelimaoloja.com.br\/wp-content\/uploads\/2020\/08\/KIT-PFS-2.jpeg","datePublished":"2020-08-17T15:51:10+00:00","dateModified":"2024-08-22T14:08:27+00:00","description":"Kit com Panelas Furadas (PF) em 3 tamanhos. Elas s\u00e3o coadores que tornam o preparo de sucos desintoxicantes, e leites de sementes germinadas mais r\u00e1pido, higi\u00eanico e pr\u00e1tico!","breadcrumb":{"@id":"https:\/\/docelimaoloja.com.br\/produto\/kit-3-panelas-furadas\/#breadcrumb"},"inLanguage":"en-US","potentialAction":[{"@type":"ReadAction","target":["https:\/\/docelimaoloja.com.br\/produto\/kit-3-panelas-furadas\/"]}]},{"@type":"ImageObject","inLanguage":"en-US","@id":"https:\/\/docelimaoloja.com.br\/produto\/kit-3-panelas-furadas\/#primaryimage","url":"https:\/\/docelimaoloja.com.br\/wp-content\/uploads\/2020\/08\/KIT-PFS-2.jpeg","contentUrl":"https:\/\/docelimaoloja.com.br\/wp-content\/uploads\/2020\/08\/KIT-PFS-2.jpeg","width":1092,"height":1349},{"@type":"BreadcrumbList","@id":"https:\/\/docelimaoloja.com.br\/produto\/kit-3-panelas-furadas\/#breadcrumb","itemListElement":[{"@type":"ListItem","position":1,"name":"In\u00edcio","item":"https:\/\/docelimaoloja.com.br\/"},{"@type":"ListItem","position":2,"name":"Loja Virtual","item":"https:\/\/docelimaoloja.com.br\/loja-virtual\/"},{"@type":"ListItem","position":3,"name":"Kit 3 Panelas Furadas"}]},{"@type":"WebSite","@id":"https:\/\/docelimaoloja.com.br\/#website","url":"https:\/\/docelimaoloja.com.br\/","name":"Loja Doce Limao","description":"Loja Natural","publisher":{"@id":"https:\/\/docelimaoloja.com.br\/#organization"},"potentialAction":[{"@type":"SearchAction","target":{"@type":"EntryPoint","urlTemplate":"https:\/\/docelimaoloja.com.br\/?s={search_term_string}"},"query-input":{"@type":"PropertyValueSpecification","valueRequired":true,"valueName":"search_term_string"}}],"inLanguage":"en-US"},{"@type":"Organization","@id":"https:\/\/docelimaoloja.com.br\/#organization","name":"Loja Doce Limao","url":"https:\/\/docelimaoloja.com.br\/","logo":{"@type":"ImageObject","inLanguage":"en-US","@id":"https:\/\/docelimaoloja.com.br\/#\/schema\/logo\/image\/","url":"https:\/\/docelimaoloja.com.br\/wp-content\/uploads\/2020\/08\/logo-doce-limao.png","contentUrl":"https:\/\/docelimaoloja.com.br\/wp-content\/uploads\/2020\/08\/logo-doce-limao.png","width":1280,"height":653,"caption":"Loja Doce Limao"},"image":{"@id":"https:\/\/docelimaoloja.com.br\/#\/schema\/logo\/image\/"}}]}},"_links":{"self":[{"href":"https:\/\/docelimaoloja.com.br\/en\/wp-json\/wp\/v2\/product\/3339","targetHints":{"allow":["GET"]}}],"collection":[{"href":"https:\/\/docelimaoloja.com.br\/en\/wp-json\/wp\/v2\/product"}],"about":[{"href":"https:\/\/docelimaoloja.com.br\/en\/wp-json\/wp\/v2\/types\/product"}],"replies":[{"embeddable":true,"href":"https:\/\/docelimaoloja.com.br\/en\/wp-json\/wp\/v2\/comments?post=3339"}],"wp:featuredmedia":[{"embeddable":true,"href":"https:\/\/docelimaoloja.com.br\/en\/wp-json\/wp\/v2\/media\/21014"}],"wp:attachment":[{"href":"https:\/\/docelimaoloja.com.br\/en\/wp-json\/wp\/v2\/media?parent=3339"}],"wp:term":[{"taxonomy":"product_brand","embeddable":true,"href":"https:\/\/docelimaoloja.com.br\/en\/wp-json\/wp\/v2\/product_brand?post=3339"},{"taxonomy":"product_cat","embeddable":true,"href":"https:\/\/docelimaoloja.com.br\/en\/wp-json\/wp\/v2\/product_cat?post=3339"},{"taxonomy":"product_tag","embeddable":true,"href":"https:\/\/docelimaoloja.com.br\/en\/wp-json\/wp\/v2\/product_tag?post=3339"}],"curies":[{"name":"wp","href":"https:\/\/api.w.org\/{rel}","templated":true}]}}