{"id":3317,"date":"2022-10-24T15:51:03","date_gmt":"2022-10-24T15:51:03","guid":{"rendered":"https:\/\/docelimaoloja.com.br\/product\/fito-sal\/"},"modified":"2025-09-24T14:46:04","modified_gmt":"2025-09-24T14:46:04","slug":"fito-sal","status":"publish","type":"product","link":"https:\/\/docelimaoloja.com.br\/en\/product\/fito-sal\/","title":{"rendered":"Fito Sal digest\u00e3o &#8211; Magn\u00e9sio PLUS"},"content":{"rendered":"<p>Os 5 condimentos (4 ervas + sal), quando usados juntos, t\u00eam uma fun\u00e7\u00e3o alqu\u00edmica de acordar e acelerar os processos digestivos, al\u00e9m de curar todas as desarmonias que possam estar acontecendo em diferentes est\u00e1gios de complexidade de cada etapa da digest\u00e3o. \u00c9 uma forma dilu\u00edda (em 10% em fito-ervas) de consumir o sal, portanto acabamos consumindo menos sal\/dia.\u00a0\u00a0Esta alquimia conta com a presen\u00e7a dos 6 sabores (salgado, doce, amargo, picante, \u00e1cido e adstringente), que ir\u00e3o estimular inicialmente as papilas, mas na sequ\u00eancia a DIGEST\u00c3O e finalmente todos os sistemas de excre\u00e7\u00e3o.<\/p>\n<p><strong>Importante lembrar que todos os Fito Sais que produzimos s\u00e3o feitos a partir do nosso Sal PREMIUM Magn\u00e9sio PLUS e ISENTO de iodo aditivado.<\/strong><\/p>\n<p>Para conferir mais informa\u00e7\u00f5es sobre nosso Sal Premium e\u00a0 ensaios anal\u00edticos acesse: <a href=\"https:\/\/www.docelimao.com.br\/site\/de-bem-com-o-planeta\/agricultor-e-consumidor-conscientes\/3443-sal-premium-ensaios-analiticos.html\" target=\"_blank\" rel=\"noopener\">https:\/\/www.docelimao.com.br\/site\/de-bem-com-o-planeta\/agricultor-e-consumidor-conscientes\/3443-sal-premium-ensaios-analiticos.html<\/a><\/p>\n<p>Assista a seguir o v\u00eddeo sobre nossos Fito Sais:<\/p>\n<div class=\"iframe-container\">\n<p><iframe loading=\"lazy\" src=\"https:\/\/www.youtube.com\/embed\/R5DGnemHXCM?si=IfiPSXIlQSxpuMUR\" width=\"560\" height=\"315\" frameborder=\"0\" allowfullscreen=\"allowfullscreen\"><\/iframe><\/p>\n<\/div>\n<p style=\"text-align: center\"><strong>Observe os resultados anal\u00edticos comparativo a seguir:<\/strong><\/p>\n<table style=\"margin-left: auto;margin-right: auto;width: 609px\">\n<tbody>\n<tr>\n<td style=\"width: 130px\">An\u00e1lises<\/td>\n<td style=\"width: 113px;text-align: center\"><strong>Rosa Himalaia<\/strong><br \/>\n<strong>REFINADO<\/strong><\/td>\n<td style=\"width: 111px;text-align: center\"><strong>Rosa Himalaia<\/strong><br \/>\n<strong>GROSSO<\/strong><\/td>\n<td style=\"width: 115px\">\n<p style=\"text-align: center\">Franc\u00eas<br \/>\nGu\u00e9rande<\/p>\n<\/td>\n<td style=\"width: 106px\">\n<p style=\"text-align: center\"><strong>Sal Integral e Flocado (RN)<br \/>\nNosso sal PREMIUM<\/strong><\/p>\n<\/td>\n<\/tr>\n<tr>\n<td style=\"width: 130px\">Umidade (%)<\/td>\n<td style=\"width: 113px\">0,200<\/td>\n<td style=\"width: 111px\">0,400<\/td>\n<td style=\"width: 115px\">2,600<\/td>\n<td style=\"width: 106px\">6,200<\/td>\n<\/tr>\n<tr>\n<td style=\"width: 130px\"><strong>Insol\u00faveis (%)<\/strong><\/td>\n<td style=\"width: 113px\"><strong>1,400<\/strong><\/td>\n<td style=\"width: 111px\"><strong>2,310<\/strong><\/td>\n<td style=\"width: 115px\"><strong>1,120<\/strong><\/td>\n<td style=\"width: 106px\"><strong>0,049<\/strong><\/td>\n<\/tr>\n<tr>\n<td style=\"width: 130px\"><strong>Insol\u00faveis (ppm)<\/strong><\/td>\n<td style=\"width: 113px\"><strong>14.000<\/strong><\/td>\n<td style=\"width: 111px\"><strong>23.100<\/strong><\/td>\n<td style=\"width: 115px\"><strong>11.200<\/strong><\/td>\n<td style=\"width: 106px\"><strong>490<\/strong><\/td>\n<\/tr>\n<tr>\n<td style=\"width: 130px\"><strong>Acima especificado (%)<\/strong><\/td>\n<td style=\"width: 113px\"><strong>1.400<\/strong><\/td>\n<td style=\"width: 111px\"><strong>2.310<\/strong><\/td>\n<td style=\"width: 115px\"><strong>1.120<\/strong><\/td>\n<td style=\"width: 106px\"><strong>Dentro especificado<\/strong><\/td>\n<\/tr>\n<tr>\n<td style=\"width: 130px\">C\u00e1lcio (%)<\/td>\n<td style=\"width: 113px\">0,160<\/td>\n<td style=\"width: 111px\">0,208<\/td>\n<td style=\"width: 115px\">0,336<\/td>\n<td style=\"width: 106px\">0,290<\/td>\n<\/tr>\n<tr>\n<td style=\"width: 130px\"><strong>Magn\u00e9sio (%)<\/strong><\/td>\n<td style=\"width: 113px\">0,187<\/td>\n<td style=\"width: 111px\">0,141<\/td>\n<td style=\"width: 115px\">0,515<\/td>\n<td style=\"width: 106px\"><strong><span style=\"color: #ff0000\">1,200<\/span><\/strong><\/td>\n<\/tr>\n<tr>\n<td style=\"width: 130px\">Iodo aditivado (mg\/kg)<\/td>\n<td style=\"width: 113px\">28,43<\/td>\n<td style=\"width: 111px\">ausente<\/td>\n<td style=\"width: 115px\">20,31<\/td>\n<td style=\"width: 106px\">ausente<\/td>\n<\/tr>\n<\/tbody>\n<\/table>\n<p style=\"text-align: justify\">Os sais Rosa do Himalaia Refinado e Grosso, como tamb\u00e9m o de Gu\u00e9rande apresentaram teores de insol\u00faveis <strong>MUITO ELEVADOS<\/strong> com respectivamente 1,40% &#8211; 2,31% &#8211; 1,12% (14.000 &#8211; 23.100 &#8211; 11.200 ppm), sendo que a legisla\u00e7\u00e3o no Decreto n\u00ba 75697, de 06 de maio de 1975 que define os padr\u00f5es de identidade e qualidade para o <strong>sal destinado ao consumo humano<\/strong>, determina que o <strong>teor de insol\u00faveis m\u00e1ximo deve ser 0,10% (1000 ppm)<\/strong>.<\/p>","protected":false},"excerpt":{"rendered":"<p><strong><span style=\"color: #ff0000\">ATEN\u00c7\u00c3O:<\/span> A partir de setembro 2025 nossos fito sais s\u00e3o<span style=\"color: #ff0000\"> Magn\u00e9sio PLUS<\/span>, motivo pelo qual s\u00e3o &#8220;melados&#8221; com a presen\u00e7a de &#8220;\u00f3leo de magn\u00e9sio&#8221; (MgCl). <\/strong><\/p>\n<p><strong>E, <\/strong><strong>nossos fito sais s\u00e3o ISENTOS de iodo aditivado.<br \/>\n<\/strong><\/p>\n<p><strong>Ingredientes:<\/strong> sal integral flocado (Costa do Sol\/RN) + 2 sach\u00eas de 25 g com 4 ERVAS digestivas (or\u00e9gano, semente de mostarda, semente de coentro e semente de pimenta do reino preta)<br \/>\n<strong>Peso\/embalagem:<\/strong> 550 g<br \/>\n<strong>Validade:<\/strong> 2 anos<\/p>\n<p>M\u00e1ximo 4 pacotes por compra<\/p>\n<p><a href=\"https:\/\/docelimaoloja.com.br\/wp-content\/uploads\/2022\/09\/selo-sal-costa-do-sol-rn.png\"><img loading=\"lazy\" decoding=\"async\" class=\"alignnone size-medium wp-image-14076\" src=\"https:\/\/docelimaoloja.com.br\/wp-content\/uploads\/2022\/09\/selo-sal-costa-do-sol-rn-300x51.png\" alt=\"\" width=\"300\" height=\"51\" srcset=\"https:\/\/docelimaoloja.com.br\/wp-content\/uploads\/2022\/09\/selo-sal-costa-do-sol-rn-300x51.png 300w, https:\/\/docelimaoloja.com.br\/wp-content\/uploads\/2022\/09\/selo-sal-costa-do-sol-rn.png 444w\" sizes=\"auto, (max-width: 300px) 100vw, 300px\" \/><\/a><\/p>","protected":false},"featured_media":23510,"comment_status":"open","ping_status":"closed","template":"","meta":[],"product_brand":[],"product_cat":[847,919],"product_tag":[248,247,249,245,246,251,250,252],"class_list":{"0":"post-3317","1":"product","2":"type-product","3":"status-publish","4":"has-post-thumbnail","6":"product_cat-fito-sais","7":"product_cat-fitoterapia","8":"product_tag-acelera-os-processos-digestivos","9":"product_tag-fito-sal","10":"product_tag-oregano","11":"product_tag-sal-integral","12":"product_tag-sal-marinho","13":"product_tag-semente-de-coentro","14":"product_tag-semente-de-mostarda","15":"product_tag-semente-de-pimenta-do-reino-preta","17":"first","18":"instock","19":"shipping-taxable","20":"purchasable","21":"product-type-simple"},"yoast_head":"<!-- This site is optimized with the Yoast SEO plugin v27.4 - https:\/\/yoast.com\/product\/yoast-seo-wordpress\/ -->\n<title>Fito Sal digest\u00e3o - Magn\u00e9sio PLUS - Loja Doce Limao<\/title>\n<meta name=\"description\" content=\"Sal integral, fresco, artesanal, marinho quando usados juntos com as 4 ervas, t\u00eam uma fun\u00e7\u00e3o alqu\u00edmica de acordar e acelerar os processos digestivos. Aten\u00e7\u00e3o, iodado com 19-20 mg\/kg.\" \/>\n<meta name=\"robots\" content=\"index, follow, max-snippet:-1, max-image-preview:large, max-video-preview:-1\" \/>\n<link rel=\"canonical\" href=\"https:\/\/docelimaoloja.com.br\/en\/product\/fito-sal\/\" \/>\n<meta property=\"og:locale\" content=\"en_US\" \/>\n<meta property=\"og:type\" content=\"article\" \/>\n<meta property=\"og:title\" content=\"Fito Sal digest\u00e3o - Magn\u00e9sio PLUS - Loja Doce Limao\" \/>\n<meta property=\"og:description\" content=\"Sal integral, fresco, artesanal, marinho quando usados juntos com as 4 ervas, t\u00eam uma fun\u00e7\u00e3o alqu\u00edmica de acordar e acelerar os processos digestivos. Aten\u00e7\u00e3o, iodado com 19-20 mg\/kg.\" \/>\n<meta property=\"og:url\" content=\"https:\/\/docelimaoloja.com.br\/en\/product\/fito-sal\/\" \/>\n<meta property=\"og:site_name\" content=\"Loja Doce Limao\" \/>\n<meta property=\"article:modified_time\" content=\"2025-09-24T14:46:04+00:00\" \/>\n<meta property=\"og:image\" content=\"https:\/\/docelimaoloja.com.br\/wp-content\/uploads\/2022\/10\/FITO-DIGESTAO-MG-PLUS.jpeg\" \/>\n\t<meta property=\"og:image:width\" content=\"1200\" \/>\n\t<meta property=\"og:image:height\" content=\"1600\" \/>\n\t<meta property=\"og:image:type\" content=\"image\/jpeg\" \/>\n<meta name=\"twitter:card\" content=\"summary_large_image\" \/>\n<meta name=\"twitter:label1\" content=\"Est. reading time\" \/>\n\t<meta name=\"twitter:data1\" content=\"2 minutes\" \/>\n<script type=\"application\/ld+json\" class=\"yoast-schema-graph\">{\"@context\":\"https:\\\/\\\/schema.org\",\"@graph\":[{\"@type\":\"WebPage\",\"@id\":\"https:\\\/\\\/docelimaoloja.com.br\\\/produto\\\/fito-sal\\\/\",\"url\":\"https:\\\/\\\/docelimaoloja.com.br\\\/produto\\\/fito-sal\\\/\",\"name\":\"Fito Sal digest\u00e3o - Magn\u00e9sio PLUS - Loja Doce Limao\",\"isPartOf\":{\"@id\":\"https:\\\/\\\/docelimaoloja.com.br\\\/#website\"},\"primaryImageOfPage\":{\"@id\":\"https:\\\/\\\/docelimaoloja.com.br\\\/produto\\\/fito-sal\\\/#primaryimage\"},\"image\":{\"@id\":\"https:\\\/\\\/docelimaoloja.com.br\\\/produto\\\/fito-sal\\\/#primaryimage\"},\"thumbnailUrl\":\"https:\\\/\\\/docelimaoloja.com.br\\\/wp-content\\\/uploads\\\/2022\\\/10\\\/FITO-DIGESTAO-MG-PLUS.jpeg\",\"datePublished\":\"2022-10-24T15:51:03+00:00\",\"dateModified\":\"2025-09-24T14:46:04+00:00\",\"description\":\"Sal integral, fresco, artesanal, marinho quando usados juntos com as 4 ervas, t\u00eam uma fun\u00e7\u00e3o alqu\u00edmica de acordar e acelerar os processos digestivos. Aten\u00e7\u00e3o, iodado com 19-20 mg\\\/kg.\",\"breadcrumb\":{\"@id\":\"https:\\\/\\\/docelimaoloja.com.br\\\/produto\\\/fito-sal\\\/#breadcrumb\"},\"inLanguage\":\"en-US\",\"potentialAction\":[{\"@type\":\"ReadAction\",\"target\":[\"https:\\\/\\\/docelimaoloja.com.br\\\/produto\\\/fito-sal\\\/\"]}]},{\"@type\":\"ImageObject\",\"inLanguage\":\"en-US\",\"@id\":\"https:\\\/\\\/docelimaoloja.com.br\\\/produto\\\/fito-sal\\\/#primaryimage\",\"url\":\"https:\\\/\\\/docelimaoloja.com.br\\\/wp-content\\\/uploads\\\/2022\\\/10\\\/FITO-DIGESTAO-MG-PLUS.jpeg\",\"contentUrl\":\"https:\\\/\\\/docelimaoloja.com.br\\\/wp-content\\\/uploads\\\/2022\\\/10\\\/FITO-DIGESTAO-MG-PLUS.jpeg\",\"width\":1200,\"height\":1600},{\"@type\":\"BreadcrumbList\",\"@id\":\"https:\\\/\\\/docelimaoloja.com.br\\\/produto\\\/fito-sal\\\/#breadcrumb\",\"itemListElement\":[{\"@type\":\"ListItem\",\"position\":1,\"name\":\"In\u00edcio\",\"item\":\"https:\\\/\\\/docelimaoloja.com.br\\\/\"},{\"@type\":\"ListItem\",\"position\":2,\"name\":\"Loja Virtual\",\"item\":\"https:\\\/\\\/docelimaoloja.com.br\\\/loja-virtual\\\/\"},{\"@type\":\"ListItem\",\"position\":3,\"name\":\"Fito Sal digest\u00e3o &#8211; Magn\u00e9sio PLUS\"}]},{\"@type\":\"WebSite\",\"@id\":\"https:\\\/\\\/docelimaoloja.com.br\\\/#website\",\"url\":\"https:\\\/\\\/docelimaoloja.com.br\\\/\",\"name\":\"Loja Doce Limao\",\"description\":\"Loja Natural\",\"publisher\":{\"@id\":\"https:\\\/\\\/docelimaoloja.com.br\\\/#organization\"},\"potentialAction\":[{\"@type\":\"SearchAction\",\"target\":{\"@type\":\"EntryPoint\",\"urlTemplate\":\"https:\\\/\\\/docelimaoloja.com.br\\\/?s={search_term_string}\"},\"query-input\":{\"@type\":\"PropertyValueSpecification\",\"valueRequired\":true,\"valueName\":\"search_term_string\"}}],\"inLanguage\":\"en-US\"},{\"@type\":\"Organization\",\"@id\":\"https:\\\/\\\/docelimaoloja.com.br\\\/#organization\",\"name\":\"Loja Doce Limao\",\"url\":\"https:\\\/\\\/docelimaoloja.com.br\\\/\",\"logo\":{\"@type\":\"ImageObject\",\"inLanguage\":\"en-US\",\"@id\":\"https:\\\/\\\/docelimaoloja.com.br\\\/#\\\/schema\\\/logo\\\/image\\\/\",\"url\":\"https:\\\/\\\/docelimaoloja.com.br\\\/wp-content\\\/uploads\\\/2020\\\/08\\\/logo-doce-limao.png\",\"contentUrl\":\"https:\\\/\\\/docelimaoloja.com.br\\\/wp-content\\\/uploads\\\/2020\\\/08\\\/logo-doce-limao.png\",\"width\":1280,\"height\":653,\"caption\":\"Loja Doce Limao\"},\"image\":{\"@id\":\"https:\\\/\\\/docelimaoloja.com.br\\\/#\\\/schema\\\/logo\\\/image\\\/\"}}]}<\/script>\n<!-- \/ Yoast SEO plugin. -->","yoast_head_json":{"title":"Fito Sal digest\u00e3o - Magn\u00e9sio PLUS - Loja Doce Limao","description":"Sal integral, fresco, artesanal, marinho quando usados juntos com as 4 ervas, t\u00eam uma fun\u00e7\u00e3o alqu\u00edmica de acordar e acelerar os processos digestivos. Aten\u00e7\u00e3o, iodado com 19-20 mg\/kg.","robots":{"index":"index","follow":"follow","max-snippet":"max-snippet:-1","max-image-preview":"max-image-preview:large","max-video-preview":"max-video-preview:-1"},"canonical":"https:\/\/docelimaoloja.com.br\/en\/product\/fito-sal\/","og_locale":"en_US","og_type":"article","og_title":"Fito Sal digest\u00e3o - Magn\u00e9sio PLUS - Loja Doce Limao","og_description":"Sal integral, fresco, artesanal, marinho quando usados juntos com as 4 ervas, t\u00eam uma fun\u00e7\u00e3o alqu\u00edmica de acordar e acelerar os processos digestivos. Aten\u00e7\u00e3o, iodado com 19-20 mg\/kg.","og_url":"https:\/\/docelimaoloja.com.br\/en\/product\/fito-sal\/","og_site_name":"Loja Doce Limao","article_modified_time":"2025-09-24T14:46:04+00:00","og_image":[{"width":1200,"height":1600,"url":"https:\/\/docelimaoloja.com.br\/wp-content\/uploads\/2022\/10\/FITO-DIGESTAO-MG-PLUS.jpeg","type":"image\/jpeg"}],"twitter_card":"summary_large_image","twitter_misc":{"Est. reading time":"2 minutes"},"schema":{"@context":"https:\/\/schema.org","@graph":[{"@type":"WebPage","@id":"https:\/\/docelimaoloja.com.br\/produto\/fito-sal\/","url":"https:\/\/docelimaoloja.com.br\/produto\/fito-sal\/","name":"Fito Sal digest\u00e3o - Magn\u00e9sio PLUS - Loja Doce Limao","isPartOf":{"@id":"https:\/\/docelimaoloja.com.br\/#website"},"primaryImageOfPage":{"@id":"https:\/\/docelimaoloja.com.br\/produto\/fito-sal\/#primaryimage"},"image":{"@id":"https:\/\/docelimaoloja.com.br\/produto\/fito-sal\/#primaryimage"},"thumbnailUrl":"https:\/\/docelimaoloja.com.br\/wp-content\/uploads\/2022\/10\/FITO-DIGESTAO-MG-PLUS.jpeg","datePublished":"2022-10-24T15:51:03+00:00","dateModified":"2025-09-24T14:46:04+00:00","description":"Sal integral, fresco, artesanal, marinho quando usados juntos com as 4 ervas, t\u00eam uma fun\u00e7\u00e3o alqu\u00edmica de acordar e acelerar os processos digestivos. Aten\u00e7\u00e3o, iodado com 19-20 mg\/kg.","breadcrumb":{"@id":"https:\/\/docelimaoloja.com.br\/produto\/fito-sal\/#breadcrumb"},"inLanguage":"en-US","potentialAction":[{"@type":"ReadAction","target":["https:\/\/docelimaoloja.com.br\/produto\/fito-sal\/"]}]},{"@type":"ImageObject","inLanguage":"en-US","@id":"https:\/\/docelimaoloja.com.br\/produto\/fito-sal\/#primaryimage","url":"https:\/\/docelimaoloja.com.br\/wp-content\/uploads\/2022\/10\/FITO-DIGESTAO-MG-PLUS.jpeg","contentUrl":"https:\/\/docelimaoloja.com.br\/wp-content\/uploads\/2022\/10\/FITO-DIGESTAO-MG-PLUS.jpeg","width":1200,"height":1600},{"@type":"BreadcrumbList","@id":"https:\/\/docelimaoloja.com.br\/produto\/fito-sal\/#breadcrumb","itemListElement":[{"@type":"ListItem","position":1,"name":"In\u00edcio","item":"https:\/\/docelimaoloja.com.br\/"},{"@type":"ListItem","position":2,"name":"Loja Virtual","item":"https:\/\/docelimaoloja.com.br\/loja-virtual\/"},{"@type":"ListItem","position":3,"name":"Fito Sal digest\u00e3o &#8211; Magn\u00e9sio PLUS"}]},{"@type":"WebSite","@id":"https:\/\/docelimaoloja.com.br\/#website","url":"https:\/\/docelimaoloja.com.br\/","name":"Loja Doce Limao","description":"Loja Natural","publisher":{"@id":"https:\/\/docelimaoloja.com.br\/#organization"},"potentialAction":[{"@type":"SearchAction","target":{"@type":"EntryPoint","urlTemplate":"https:\/\/docelimaoloja.com.br\/?s={search_term_string}"},"query-input":{"@type":"PropertyValueSpecification","valueRequired":true,"valueName":"search_term_string"}}],"inLanguage":"en-US"},{"@type":"Organization","@id":"https:\/\/docelimaoloja.com.br\/#organization","name":"Loja Doce Limao","url":"https:\/\/docelimaoloja.com.br\/","logo":{"@type":"ImageObject","inLanguage":"en-US","@id":"https:\/\/docelimaoloja.com.br\/#\/schema\/logo\/image\/","url":"https:\/\/docelimaoloja.com.br\/wp-content\/uploads\/2020\/08\/logo-doce-limao.png","contentUrl":"https:\/\/docelimaoloja.com.br\/wp-content\/uploads\/2020\/08\/logo-doce-limao.png","width":1280,"height":653,"caption":"Loja Doce Limao"},"image":{"@id":"https:\/\/docelimaoloja.com.br\/#\/schema\/logo\/image\/"}}]}},"_links":{"self":[{"href":"https:\/\/docelimaoloja.com.br\/en\/wp-json\/wp\/v2\/product\/3317","targetHints":{"allow":["GET"]}}],"collection":[{"href":"https:\/\/docelimaoloja.com.br\/en\/wp-json\/wp\/v2\/product"}],"about":[{"href":"https:\/\/docelimaoloja.com.br\/en\/wp-json\/wp\/v2\/types\/product"}],"replies":[{"embeddable":true,"href":"https:\/\/docelimaoloja.com.br\/en\/wp-json\/wp\/v2\/comments?post=3317"}],"wp:featuredmedia":[{"embeddable":true,"href":"https:\/\/docelimaoloja.com.br\/en\/wp-json\/wp\/v2\/media\/23510"}],"wp:attachment":[{"href":"https:\/\/docelimaoloja.com.br\/en\/wp-json\/wp\/v2\/media?parent=3317"}],"wp:term":[{"taxonomy":"product_brand","embeddable":true,"href":"https:\/\/docelimaoloja.com.br\/en\/wp-json\/wp\/v2\/product_brand?post=3317"},{"taxonomy":"product_cat","embeddable":true,"href":"https:\/\/docelimaoloja.com.br\/en\/wp-json\/wp\/v2\/product_cat?post=3317"},{"taxonomy":"product_tag","embeddable":true,"href":"https:\/\/docelimaoloja.com.br\/en\/wp-json\/wp\/v2\/product_tag?post=3317"}],"curies":[{"name":"wp","href":"https:\/\/api.w.org\/{rel}","templated":true}]}}