{"id":25054,"date":"2026-04-13T01:21:30","date_gmt":"2026-04-13T01:21:30","guid":{"rendered":"https:\/\/docelimaoloja.com.br\/?post_type=product&#038;p=25054"},"modified":"2026-04-14T16:17:12","modified_gmt":"2026-04-14T16:17:12","slug":"curso-planeta-agua","status":"publish","type":"product","link":"https:\/\/docelimaoloja.com.br\/en\/product\/curso-planeta-agua\/","title":{"rendered":"Curso Planeta \u00c1gua"},"content":{"rendered":"<p>O que voc\u00ea leva:<\/p>\n<p>\u2705 5 m\u00f3dulos completos<\/p>\n<p>\u2705 100% online<\/p>\n<p>\u2705 Acesso imediato<\/p>\n<p>\u2705 Certificado de conclus\u00e3o<\/p>\n<p>\u2705 Garantia de 7 dias<\/p>","protected":false},"excerpt":{"rendered":"<p>Sem \u00e1gua a vida n\u00e3o seria poss\u00edvel. Cerca de 65% de um organismo adulto \u00e9 constitu\u00eddo por \u00e1gua e esta quantidade se man\u00adt\u00e9m constante gra\u00e7as ao equil\u00edbrio entre as per\u00addas e o consumo di\u00e1rio. Qualquer desequil\u00edbrio h\u00eddrico pode ter desagrad\u00e1veis consequ\u00eancias para a sa\u00fade, para a mente, para o cora\u00e7\u00e3o, para o esp\u00edrito, para a Vida.<\/p>\n<p>&nbsp;<\/p>\n<p>A \u00e1gua que percola pelas frutas, folhas e verduras org\u00e2nicas e cruas \u00e9 totalmente diferente da mais cara de todas as \u00e1guas minerais. Trata-se de uma \u00e1gua biol\u00f3gica, coloidal, estruturada, que cont\u00e9m enzimas ativas, minerais, nutrac\u00eauticos e bact\u00e9rias ben\u00e9ficas: Vida Viva!<\/p>\n<p>&nbsp;<\/p>\n<p>Como na filosofia da Alimenta\u00e7\u00e3o Desintoxicante, a \u00e1gua \u00e9 uma ferramenta de limpeza e sutiliza\u00e7\u00e3o do corpo f\u00edsico. Quanto melhor hidratado est\u00e1 um organismo, mais desintoxicado ele ser\u00e1, menos denso, menos lastros, mais leveza, mais aliviada permanecer\u00e1 cada c\u00e9lula, \u00f3rg\u00e3o ou sistema.<\/p>\n<p>&nbsp;<\/p>\n<p>\ud83c\udf81 B\u00d4NUS EXCLUSIVO!<\/p>\n<p>&nbsp;<\/p>\n<p>Ao se inscrever<strong>, voc\u00ea recebe 1 m\u00eas gr\u00e1tis da Assinatura Doce Lim\u00e3o<\/strong> na plataforma HOTFLIZ, com acesso a mais de 15 cursos.<\/p>\n<p>&nbsp;<\/p>\n<p>Obs: Curso Planeta \u00e1gua \u00e9 avulso, n\u00e3o est\u00e1 incluso na assinatura mensal Hotfliz<\/p>","protected":false},"featured_media":25056,"comment_status":"open","ping_status":"closed","template":"","meta":[],"product_brand":[],"product_cat":[978],"product_tag":[],"class_list":{"0":"post-25054","1":"product","2":"type-product","3":"status-publish","4":"has-post-thumbnail","6":"product_cat-cursos-online","8":"first","9":"instock","10":"shipping-taxable","11":"product-type-external"},"yoast_head":"<!-- This site is optimized with the Yoast SEO plugin v27.4 - https:\/\/yoast.com\/product\/yoast-seo-wordpress\/ -->\n<title>Curso Planeta \u00c1gua - Loja Doce Limao<\/title>\n<meta name=\"robots\" content=\"index, follow, max-snippet:-1, max-image-preview:large, max-video-preview:-1\" \/>\n<link rel=\"canonical\" href=\"https:\/\/docelimaoloja.com.br\/en\/product\/curso-planeta-agua\/\" \/>\n<meta property=\"og:locale\" content=\"en_US\" \/>\n<meta property=\"og:type\" content=\"article\" \/>\n<meta property=\"og:title\" content=\"Curso Planeta \u00c1gua - Loja Doce Limao\" \/>\n<meta property=\"og:description\" content=\"Sem \u00e1gua a vida n\u00e3o seria poss\u00edvel. Cerca de 65% de um organismo adulto \u00e9 constitu\u00eddo por \u00e1gua e esta quantidade se man\u00adt\u00e9m constante gra\u00e7as ao equil\u00edbrio entre as per\u00addas e o consumo di\u00e1rio. Qualquer desequil\u00edbrio h\u00eddrico pode ter desagrad\u00e1veis consequ\u00eancias para a sa\u00fade, para a mente, para o cora\u00e7\u00e3o, para o esp\u00edrito, para a Vida.  &nbsp;  A \u00e1gua que percola pelas frutas, folhas e verduras org\u00e2nicas e cruas \u00e9 totalmente diferente da mais cara de todas as \u00e1guas minerais. Trata-se de uma \u00e1gua biol\u00f3gica, coloidal, estruturada, que cont\u00e9m enzimas ativas, minerais, nutrac\u00eauticos e bact\u00e9rias ben\u00e9ficas: Vida Viva!  &nbsp;  Como na filosofia da Alimenta\u00e7\u00e3o Desintoxicante, a \u00e1gua \u00e9 uma ferramenta de limpeza e sutiliza\u00e7\u00e3o do corpo f\u00edsico. Quanto melhor hidratado est\u00e1 um organismo, mais desintoxicado ele ser\u00e1, menos denso, menos lastros, mais leveza, mais aliviada permanecer\u00e1 cada c\u00e9lula, \u00f3rg\u00e3o ou sistema.  &nbsp;  \ud83c\udf81 B\u00d4NUS EXCLUSIVO!  &nbsp;  Ao se inscrever, voc\u00ea recebe 1 m\u00eas gr\u00e1tis da Assinatura Doce Lim\u00e3o na plataforma HOTFLIZ, com acesso a mais de 15 cursos.  &nbsp;  Obs: Curso Planeta \u00e1gua \u00e9 avulso, n\u00e3o est\u00e1 incluso na assinatura mensal Hotfliz\" \/>\n<meta property=\"og:url\" content=\"https:\/\/docelimaoloja.com.br\/en\/product\/curso-planeta-agua\/\" \/>\n<meta property=\"og:site_name\" content=\"Loja Doce Limao\" \/>\n<meta property=\"article:modified_time\" content=\"2026-04-14T16:17:12+00:00\" \/>\n<meta property=\"og:image\" content=\"https:\/\/docelimaoloja.com.br\/wp-content\/uploads\/2026\/04\/Untitled-design.png\" \/>\n\t<meta property=\"og:image:width\" content=\"1080\" \/>\n\t<meta property=\"og:image:height\" content=\"1080\" \/>\n\t<meta property=\"og:image:type\" content=\"image\/png\" \/>\n<meta name=\"twitter:card\" content=\"summary_large_image\" \/>\n<meta name=\"twitter:label1\" content=\"Est. reading time\" \/>\n\t<meta name=\"twitter:data1\" content=\"1 minute\" \/>\n<script type=\"application\/ld+json\" class=\"yoast-schema-graph\">{\"@context\":\"https:\\\/\\\/schema.org\",\"@graph\":[{\"@type\":\"WebPage\",\"@id\":\"https:\\\/\\\/docelimaoloja.com.br\\\/produto\\\/curso-planeta-agua\\\/\",\"url\":\"https:\\\/\\\/docelimaoloja.com.br\\\/produto\\\/curso-planeta-agua\\\/\",\"name\":\"Curso Planeta \u00c1gua - Loja Doce Limao\",\"isPartOf\":{\"@id\":\"https:\\\/\\\/docelimaoloja.com.br\\\/#website\"},\"primaryImageOfPage\":{\"@id\":\"https:\\\/\\\/docelimaoloja.com.br\\\/produto\\\/curso-planeta-agua\\\/#primaryimage\"},\"image\":{\"@id\":\"https:\\\/\\\/docelimaoloja.com.br\\\/produto\\\/curso-planeta-agua\\\/#primaryimage\"},\"thumbnailUrl\":\"https:\\\/\\\/docelimaoloja.com.br\\\/wp-content\\\/uploads\\\/2026\\\/04\\\/Untitled-design.png\",\"datePublished\":\"2026-04-13T01:21:30+00:00\",\"dateModified\":\"2026-04-14T16:17:12+00:00\",\"breadcrumb\":{\"@id\":\"https:\\\/\\\/docelimaoloja.com.br\\\/produto\\\/curso-planeta-agua\\\/#breadcrumb\"},\"inLanguage\":\"en-US\",\"potentialAction\":[{\"@type\":\"ReadAction\",\"target\":[\"https:\\\/\\\/docelimaoloja.com.br\\\/produto\\\/curso-planeta-agua\\\/\"]}]},{\"@type\":\"ImageObject\",\"inLanguage\":\"en-US\",\"@id\":\"https:\\\/\\\/docelimaoloja.com.br\\\/produto\\\/curso-planeta-agua\\\/#primaryimage\",\"url\":\"https:\\\/\\\/docelimaoloja.com.br\\\/wp-content\\\/uploads\\\/2026\\\/04\\\/Untitled-design.png\",\"contentUrl\":\"https:\\\/\\\/docelimaoloja.com.br\\\/wp-content\\\/uploads\\\/2026\\\/04\\\/Untitled-design.png\",\"width\":1080,\"height\":1080},{\"@type\":\"BreadcrumbList\",\"@id\":\"https:\\\/\\\/docelimaoloja.com.br\\\/produto\\\/curso-planeta-agua\\\/#breadcrumb\",\"itemListElement\":[{\"@type\":\"ListItem\",\"position\":1,\"name\":\"In\u00edcio\",\"item\":\"https:\\\/\\\/docelimaoloja.com.br\\\/\"},{\"@type\":\"ListItem\",\"position\":2,\"name\":\"Loja Virtual\",\"item\":\"https:\\\/\\\/docelimaoloja.com.br\\\/loja-virtual\\\/\"},{\"@type\":\"ListItem\",\"position\":3,\"name\":\"Curso Planeta \u00c1gua\"}]},{\"@type\":\"WebSite\",\"@id\":\"https:\\\/\\\/docelimaoloja.com.br\\\/#website\",\"url\":\"https:\\\/\\\/docelimaoloja.com.br\\\/\",\"name\":\"Loja Doce Limao\",\"description\":\"Loja Natural\",\"publisher\":{\"@id\":\"https:\\\/\\\/docelimaoloja.com.br\\\/#organization\"},\"potentialAction\":[{\"@type\":\"SearchAction\",\"target\":{\"@type\":\"EntryPoint\",\"urlTemplate\":\"https:\\\/\\\/docelimaoloja.com.br\\\/?s={search_term_string}\"},\"query-input\":{\"@type\":\"PropertyValueSpecification\",\"valueRequired\":true,\"valueName\":\"search_term_string\"}}],\"inLanguage\":\"en-US\"},{\"@type\":\"Organization\",\"@id\":\"https:\\\/\\\/docelimaoloja.com.br\\\/#organization\",\"name\":\"Loja Doce Limao\",\"url\":\"https:\\\/\\\/docelimaoloja.com.br\\\/\",\"logo\":{\"@type\":\"ImageObject\",\"inLanguage\":\"en-US\",\"@id\":\"https:\\\/\\\/docelimaoloja.com.br\\\/#\\\/schema\\\/logo\\\/image\\\/\",\"url\":\"https:\\\/\\\/docelimaoloja.com.br\\\/wp-content\\\/uploads\\\/2020\\\/08\\\/logo-doce-limao.png\",\"contentUrl\":\"https:\\\/\\\/docelimaoloja.com.br\\\/wp-content\\\/uploads\\\/2020\\\/08\\\/logo-doce-limao.png\",\"width\":1280,\"height\":653,\"caption\":\"Loja Doce Limao\"},\"image\":{\"@id\":\"https:\\\/\\\/docelimaoloja.com.br\\\/#\\\/schema\\\/logo\\\/image\\\/\"}}]}<\/script>\n<!-- \/ Yoast SEO plugin. -->","yoast_head_json":{"title":"Curso Planeta \u00c1gua - Loja Doce Limao","robots":{"index":"index","follow":"follow","max-snippet":"max-snippet:-1","max-image-preview":"max-image-preview:large","max-video-preview":"max-video-preview:-1"},"canonical":"https:\/\/docelimaoloja.com.br\/en\/product\/curso-planeta-agua\/","og_locale":"en_US","og_type":"article","og_title":"Curso Planeta \u00c1gua - Loja Doce Limao","og_description":"Sem \u00e1gua a vida n\u00e3o seria poss\u00edvel. Cerca de 65% de um organismo adulto \u00e9 constitu\u00eddo por \u00e1gua e esta quantidade se man\u00adt\u00e9m constante gra\u00e7as ao equil\u00edbrio entre as per\u00addas e o consumo di\u00e1rio. Qualquer desequil\u00edbrio h\u00eddrico pode ter desagrad\u00e1veis consequ\u00eancias para a sa\u00fade, para a mente, para o cora\u00e7\u00e3o, para o esp\u00edrito, para a Vida.  &nbsp;  A \u00e1gua que percola pelas frutas, folhas e verduras org\u00e2nicas e cruas \u00e9 totalmente diferente da mais cara de todas as \u00e1guas minerais. Trata-se de uma \u00e1gua biol\u00f3gica, coloidal, estruturada, que cont\u00e9m enzimas ativas, minerais, nutrac\u00eauticos e bact\u00e9rias ben\u00e9ficas: Vida Viva!  &nbsp;  Como na filosofia da Alimenta\u00e7\u00e3o Desintoxicante, a \u00e1gua \u00e9 uma ferramenta de limpeza e sutiliza\u00e7\u00e3o do corpo f\u00edsico. Quanto melhor hidratado est\u00e1 um organismo, mais desintoxicado ele ser\u00e1, menos denso, menos lastros, mais leveza, mais aliviada permanecer\u00e1 cada c\u00e9lula, \u00f3rg\u00e3o ou sistema.  &nbsp;  \ud83c\udf81 B\u00d4NUS EXCLUSIVO!  &nbsp;  Ao se inscrever, voc\u00ea recebe 1 m\u00eas gr\u00e1tis da Assinatura Doce Lim\u00e3o na plataforma HOTFLIZ, com acesso a mais de 15 cursos.  &nbsp;  Obs: Curso Planeta \u00e1gua \u00e9 avulso, n\u00e3o est\u00e1 incluso na assinatura mensal Hotfliz","og_url":"https:\/\/docelimaoloja.com.br\/en\/product\/curso-planeta-agua\/","og_site_name":"Loja Doce Limao","article_modified_time":"2026-04-14T16:17:12+00:00","og_image":[{"width":1080,"height":1080,"url":"https:\/\/docelimaoloja.com.br\/wp-content\/uploads\/2026\/04\/Untitled-design.png","type":"image\/png"}],"twitter_card":"summary_large_image","twitter_misc":{"Est. reading time":"1 minute"},"schema":{"@context":"https:\/\/schema.org","@graph":[{"@type":"WebPage","@id":"https:\/\/docelimaoloja.com.br\/produto\/curso-planeta-agua\/","url":"https:\/\/docelimaoloja.com.br\/produto\/curso-planeta-agua\/","name":"Curso Planeta \u00c1gua - Loja Doce Limao","isPartOf":{"@id":"https:\/\/docelimaoloja.com.br\/#website"},"primaryImageOfPage":{"@id":"https:\/\/docelimaoloja.com.br\/produto\/curso-planeta-agua\/#primaryimage"},"image":{"@id":"https:\/\/docelimaoloja.com.br\/produto\/curso-planeta-agua\/#primaryimage"},"thumbnailUrl":"https:\/\/docelimaoloja.com.br\/wp-content\/uploads\/2026\/04\/Untitled-design.png","datePublished":"2026-04-13T01:21:30+00:00","dateModified":"2026-04-14T16:17:12+00:00","breadcrumb":{"@id":"https:\/\/docelimaoloja.com.br\/produto\/curso-planeta-agua\/#breadcrumb"},"inLanguage":"en-US","potentialAction":[{"@type":"ReadAction","target":["https:\/\/docelimaoloja.com.br\/produto\/curso-planeta-agua\/"]}]},{"@type":"ImageObject","inLanguage":"en-US","@id":"https:\/\/docelimaoloja.com.br\/produto\/curso-planeta-agua\/#primaryimage","url":"https:\/\/docelimaoloja.com.br\/wp-content\/uploads\/2026\/04\/Untitled-design.png","contentUrl":"https:\/\/docelimaoloja.com.br\/wp-content\/uploads\/2026\/04\/Untitled-design.png","width":1080,"height":1080},{"@type":"BreadcrumbList","@id":"https:\/\/docelimaoloja.com.br\/produto\/curso-planeta-agua\/#breadcrumb","itemListElement":[{"@type":"ListItem","position":1,"name":"In\u00edcio","item":"https:\/\/docelimaoloja.com.br\/"},{"@type":"ListItem","position":2,"name":"Loja Virtual","item":"https:\/\/docelimaoloja.com.br\/loja-virtual\/"},{"@type":"ListItem","position":3,"name":"Curso Planeta \u00c1gua"}]},{"@type":"WebSite","@id":"https:\/\/docelimaoloja.com.br\/#website","url":"https:\/\/docelimaoloja.com.br\/","name":"Loja Doce Limao","description":"Loja Natural","publisher":{"@id":"https:\/\/docelimaoloja.com.br\/#organization"},"potentialAction":[{"@type":"SearchAction","target":{"@type":"EntryPoint","urlTemplate":"https:\/\/docelimaoloja.com.br\/?s={search_term_string}"},"query-input":{"@type":"PropertyValueSpecification","valueRequired":true,"valueName":"search_term_string"}}],"inLanguage":"en-US"},{"@type":"Organization","@id":"https:\/\/docelimaoloja.com.br\/#organization","name":"Loja Doce Limao","url":"https:\/\/docelimaoloja.com.br\/","logo":{"@type":"ImageObject","inLanguage":"en-US","@id":"https:\/\/docelimaoloja.com.br\/#\/schema\/logo\/image\/","url":"https:\/\/docelimaoloja.com.br\/wp-content\/uploads\/2020\/08\/logo-doce-limao.png","contentUrl":"https:\/\/docelimaoloja.com.br\/wp-content\/uploads\/2020\/08\/logo-doce-limao.png","width":1280,"height":653,"caption":"Loja Doce Limao"},"image":{"@id":"https:\/\/docelimaoloja.com.br\/#\/schema\/logo\/image\/"}}]}},"_links":{"self":[{"href":"https:\/\/docelimaoloja.com.br\/en\/wp-json\/wp\/v2\/product\/25054","targetHints":{"allow":["GET"]}}],"collection":[{"href":"https:\/\/docelimaoloja.com.br\/en\/wp-json\/wp\/v2\/product"}],"about":[{"href":"https:\/\/docelimaoloja.com.br\/en\/wp-json\/wp\/v2\/types\/product"}],"replies":[{"embeddable":true,"href":"https:\/\/docelimaoloja.com.br\/en\/wp-json\/wp\/v2\/comments?post=25054"}],"wp:featuredmedia":[{"embeddable":true,"href":"https:\/\/docelimaoloja.com.br\/en\/wp-json\/wp\/v2\/media\/25056"}],"wp:attachment":[{"href":"https:\/\/docelimaoloja.com.br\/en\/wp-json\/wp\/v2\/media?parent=25054"}],"wp:term":[{"taxonomy":"product_brand","embeddable":true,"href":"https:\/\/docelimaoloja.com.br\/en\/wp-json\/wp\/v2\/product_brand?post=25054"},{"taxonomy":"product_cat","embeddable":true,"href":"https:\/\/docelimaoloja.com.br\/en\/wp-json\/wp\/v2\/product_cat?post=25054"},{"taxonomy":"product_tag","embeddable":true,"href":"https:\/\/docelimaoloja.com.br\/en\/wp-json\/wp\/v2\/product_tag?post=25054"}],"curies":[{"name":"wp","href":"https:\/\/api.w.org\/{rel}","templated":true}]}}