{"id":23926,"date":"2025-12-28T18:04:29","date_gmt":"2025-12-28T18:04:29","guid":{"rendered":"https:\/\/docelimaoloja.com.br\/?post_type=product&#038;p=23926"},"modified":"2026-04-15T15:52:40","modified_gmt":"2026-04-15T15:52:40","slug":"vinagreiras-sementes","status":"publish","type":"product","link":"https:\/\/docelimaoloja.com.br\/en\/product\/vinagreiras-sementes\/","title":{"rendered":"Sementes Nir\u00e1 e Vinagreiras"},"content":{"rendered":"<p>Penso que plantas com propriedades nutrac\u00eauticas s\u00e3o muito recomend\u00e1veis para o tratamento de diversas patologias, principalmente quando em est\u00e1gios iniciais ou somente agudas.<\/p>\n<p>O nir\u00e1 (alho verde ou alho em folhas) \u00e9 uma planta (Allium tuberosum) usada na culin\u00e1ria asi\u00e1tica e com v\u00e1rios benef\u00edcios. Como seu sabor s\u00e3o mais suaves, super recomendo em pratos infantis.<br \/>\n<span style=\"font-size: 1rem\">Pode e deve ser usado em saladas, sopas e refogados. Voc\u00ea j\u00e1 experimentou?<br \/>\nMuito decorativo, super recomendo ter em vaso ou canteiro na sua casa.<br \/>\nVamos aos seus benef\u00edcios:<br \/>\n<\/span>&#8211; Rico em nutrientes: vitaminas C e A, fibras e minerais.<br \/>\n&#8211; Antioxidante: ajuda a proteger as c\u00e9lulas do estresse oxidativo.<br \/>\n&#8211; Anti-inflamat\u00f3rio: pode ajudar a reduzir inflama\u00e7\u00f5es.<br \/>\n&#8211; Digestivo: pode ajudar na digest\u00e3o e aliviar problemas gastrointestinais.<br \/>\n&#8211; Sa\u00fade cardiovascular: pode ajudar a reduzir o colesterol e press\u00e3o arterial.<\/p>\n<p>A Vinagreira <em>(Hibiscus sabdariffa L.)<\/em> \u00e9 uma planta medicinal com m\u00faltiplos benef\u00edcios para a sa\u00fade. Temos em nossa agrofloresta as variedades 1) De folha verde, flor desde branca at\u00e9 rosa champanhe e caule vermelho. 2) Tamb\u00e9m a de folhas e caule vermelho com flores desde rosa at\u00e9 vinho escuro.<\/p>\n<p>Ambas, ap\u00f3s a florada, deixam suas roselas, que s\u00e3o cachopas onde ficam as suas sementes. E s\u00e3o estas sementes que estamos disponibilizando para venda aqui em nossa loja virtual.<\/p>\n<p>As vinagreiras &#8211; principalmente as suas folhas &#8211; s\u00e3o ricas em nutrientes, como vitamina A e C, ferro, f\u00f3sforo e pot\u00e1ssio, al\u00e9m de subst\u00e2ncias ativas como flavonoides, \u00e1cidos org\u00e2nicos, antocianidinas e compostos fen\u00f3licos.<\/p>\n<p>Benef\u00edcios para a sa\u00fade:<br \/>\nA tintura de Vinagreira pode ser usada para auxiliar no tratamento de v\u00e1rias condi\u00e7\u00f5es de sa\u00fade, incluindo:<br \/>\n\uf0b7 Possui propriedades vasodilatadoras que podem ajudar a regular a press\u00e3o arterial.<br \/>\n\uf0b7 Pode ser \u00fatil no al\u00edvio de c\u00f3licas uterinas.<br \/>\n\uf0b7 Pode auxiliar no tratamento de espasmos gastrointestinais.<br \/>\n\uf0b7 Sendo rica em fibras pode ajudar a regular o tr\u00e2nsito intestinal.<\/p>\n<p>Nossas Vinagreiras Verde e Roxa da Casa Escola de Paraty\/RJ s\u00e3o muito saud\u00e1veis e produtivas.<\/p>\n<p>Voc\u00ea pode aqui adquirir as sementes para plantar em seu quintal ou vasos de porte m\u00e9dio-grande, quando ir\u00e3o te gerar folhas, flores e roselas para seus preparos fitoter\u00e1picos, e tamb\u00e9m para enfeitar lindamente a sua casa.<\/p>","protected":false},"excerpt":{"rendered":"<p>Depois da colheita das folhas e flores a planta fica lotada de roselas (cachopas) onde encontramos as sementes da propaga\u00e7\u00e3o.<\/p>\n<p>Separamos pela variedade 1) Folhas verde \/ 2) Folhas roxa \/ 3) Nir\u00e1<br \/>\nEmbalagem contendo cerca de 50 sementes.<br \/>\nRecomendamos deixar hidratando por 8-12 horas e na sequ\u00eancia plantar num ber\u00e7o de terra de humus. Quando os brotos atingirem a forma\u00e7\u00e3o de 2 a 4 folhas passar para o local de plantio: em vasos de m\u00e9dio-grande porte ou na terra com espa\u00e7amento de 1 metro.<br \/>\nValidade 1 ano e recomendo manter na geladeira at\u00e9 seu uso e assim expandir sua validade.<\/p>","protected":false},"featured_media":23927,"comment_status":"open","ping_status":"closed","template":"","meta":[],"product_brand":[],"product_cat":[919],"product_tag":[],"class_list":{"0":"post-23926","1":"product","2":"type-product","3":"status-publish","4":"has-post-thumbnail","6":"product_cat-fitoterapia","8":"first","9":"instock","10":"featured","11":"shipping-taxable","12":"purchasable","13":"product-type-variable"},"yoast_head":"<!-- This site is optimized with the Yoast SEO plugin v27.4 - https:\/\/yoast.com\/product\/yoast-seo-wordpress\/ -->\n<title>Sementes Nir\u00e1 e Vinagreiras - Loja Doce Limao<\/title>\n<meta name=\"description\" content=\"O nir\u00e1 \u00e9 da culin\u00e1ria oriental. J\u00e1 as vinagreiras na culin\u00e1ria do Maranh\u00e3o (arroz de cuch\u00e1), as vinagreiras - principalmente as suas folhas - s\u00e3o ricas em nutrientes, como vitamina A e C, ferro, f\u00f3sforo e pot\u00e1ssio, al\u00e9m de subst\u00e2ncias ativas como flavonoides, \u00e1cidos org\u00e2nicos, antocianidinas e compostos fen\u00f3licos.\" \/>\n<meta name=\"robots\" content=\"index, follow, max-snippet:-1, max-image-preview:large, max-video-preview:-1\" \/>\n<link rel=\"canonical\" href=\"https:\/\/docelimaoloja.com.br\/en\/product\/vinagreiras-sementes\/\" \/>\n<meta property=\"og:locale\" content=\"en_US\" \/>\n<meta property=\"og:type\" content=\"article\" \/>\n<meta property=\"og:title\" content=\"Sementes Nir\u00e1 e Vinagreiras - Loja Doce Limao\" \/>\n<meta property=\"og:description\" content=\"O nir\u00e1 \u00e9 da culin\u00e1ria oriental. J\u00e1 as vinagreiras na culin\u00e1ria do Maranh\u00e3o (arroz de cuch\u00e1), as vinagreiras - principalmente as suas folhas - s\u00e3o ricas em nutrientes, como vitamina A e C, ferro, f\u00f3sforo e pot\u00e1ssio, al\u00e9m de subst\u00e2ncias ativas como flavonoides, \u00e1cidos org\u00e2nicos, antocianidinas e compostos fen\u00f3licos.\" \/>\n<meta property=\"og:url\" content=\"https:\/\/docelimaoloja.com.br\/en\/product\/vinagreiras-sementes\/\" \/>\n<meta property=\"og:site_name\" content=\"Loja Doce Limao\" \/>\n<meta property=\"article:modified_time\" content=\"2026-04-15T15:52:40+00:00\" \/>\n<meta property=\"og:image\" content=\"https:\/\/docelimaoloja.com.br\/wp-content\/uploads\/2025\/11\/VINAGREIRAS-SEMENTES2.jpeg\" \/>\n\t<meta property=\"og:image:width\" content=\"828\" \/>\n\t<meta property=\"og:image:height\" content=\"722\" \/>\n\t<meta property=\"og:image:type\" content=\"image\/jpeg\" \/>\n<meta name=\"twitter:card\" content=\"summary_large_image\" \/>\n<meta name=\"twitter:label1\" content=\"Est. reading time\" \/>\n\t<meta name=\"twitter:data1\" content=\"3 minutes\" \/>\n<script type=\"application\/ld+json\" class=\"yoast-schema-graph\">{\"@context\":\"https:\\\/\\\/schema.org\",\"@graph\":[{\"@type\":\"WebPage\",\"@id\":\"https:\\\/\\\/docelimaoloja.com.br\\\/produto\\\/vinagreiras-sementes\\\/\",\"url\":\"https:\\\/\\\/docelimaoloja.com.br\\\/produto\\\/vinagreiras-sementes\\\/\",\"name\":\"Sementes Nir\u00e1 e Vinagreiras - Loja Doce Limao\",\"isPartOf\":{\"@id\":\"https:\\\/\\\/docelimaoloja.com.br\\\/#website\"},\"primaryImageOfPage\":{\"@id\":\"https:\\\/\\\/docelimaoloja.com.br\\\/produto\\\/vinagreiras-sementes\\\/#primaryimage\"},\"image\":{\"@id\":\"https:\\\/\\\/docelimaoloja.com.br\\\/produto\\\/vinagreiras-sementes\\\/#primaryimage\"},\"thumbnailUrl\":\"https:\\\/\\\/docelimaoloja.com.br\\\/wp-content\\\/uploads\\\/2025\\\/11\\\/VINAGREIRAS-SEMENTES2.jpeg\",\"datePublished\":\"2025-12-28T18:04:29+00:00\",\"dateModified\":\"2026-04-15T15:52:40+00:00\",\"description\":\"O nir\u00e1 \u00e9 da culin\u00e1ria oriental. J\u00e1 as vinagreiras na culin\u00e1ria do Maranh\u00e3o (arroz de cuch\u00e1), as vinagreiras - principalmente as suas folhas - s\u00e3o ricas em nutrientes, como vitamina A e C, ferro, f\u00f3sforo e pot\u00e1ssio, al\u00e9m de subst\u00e2ncias ativas como flavonoides, \u00e1cidos org\u00e2nicos, antocianidinas e compostos fen\u00f3licos.\",\"breadcrumb\":{\"@id\":\"https:\\\/\\\/docelimaoloja.com.br\\\/produto\\\/vinagreiras-sementes\\\/#breadcrumb\"},\"inLanguage\":\"en-US\",\"potentialAction\":[{\"@type\":\"ReadAction\",\"target\":[\"https:\\\/\\\/docelimaoloja.com.br\\\/produto\\\/vinagreiras-sementes\\\/\"]}]},{\"@type\":\"ImageObject\",\"inLanguage\":\"en-US\",\"@id\":\"https:\\\/\\\/docelimaoloja.com.br\\\/produto\\\/vinagreiras-sementes\\\/#primaryimage\",\"url\":\"https:\\\/\\\/docelimaoloja.com.br\\\/wp-content\\\/uploads\\\/2025\\\/11\\\/VINAGREIRAS-SEMENTES2.jpeg\",\"contentUrl\":\"https:\\\/\\\/docelimaoloja.com.br\\\/wp-content\\\/uploads\\\/2025\\\/11\\\/VINAGREIRAS-SEMENTES2.jpeg\",\"width\":828,\"height\":722},{\"@type\":\"BreadcrumbList\",\"@id\":\"https:\\\/\\\/docelimaoloja.com.br\\\/produto\\\/vinagreiras-sementes\\\/#breadcrumb\",\"itemListElement\":[{\"@type\":\"ListItem\",\"position\":1,\"name\":\"In\u00edcio\",\"item\":\"https:\\\/\\\/docelimaoloja.com.br\\\/\"},{\"@type\":\"ListItem\",\"position\":2,\"name\":\"Loja Virtual\",\"item\":\"https:\\\/\\\/docelimaoloja.com.br\\\/loja-virtual\\\/\"},{\"@type\":\"ListItem\",\"position\":3,\"name\":\"Sementes Nir\u00e1 e Vinagreiras\"}]},{\"@type\":\"WebSite\",\"@id\":\"https:\\\/\\\/docelimaoloja.com.br\\\/#website\",\"url\":\"https:\\\/\\\/docelimaoloja.com.br\\\/\",\"name\":\"Loja Doce Limao\",\"description\":\"Loja Natural\",\"publisher\":{\"@id\":\"https:\\\/\\\/docelimaoloja.com.br\\\/#organization\"},\"potentialAction\":[{\"@type\":\"SearchAction\",\"target\":{\"@type\":\"EntryPoint\",\"urlTemplate\":\"https:\\\/\\\/docelimaoloja.com.br\\\/?s={search_term_string}\"},\"query-input\":{\"@type\":\"PropertyValueSpecification\",\"valueRequired\":true,\"valueName\":\"search_term_string\"}}],\"inLanguage\":\"en-US\"},{\"@type\":\"Organization\",\"@id\":\"https:\\\/\\\/docelimaoloja.com.br\\\/#organization\",\"name\":\"Loja Doce Limao\",\"url\":\"https:\\\/\\\/docelimaoloja.com.br\\\/\",\"logo\":{\"@type\":\"ImageObject\",\"inLanguage\":\"en-US\",\"@id\":\"https:\\\/\\\/docelimaoloja.com.br\\\/#\\\/schema\\\/logo\\\/image\\\/\",\"url\":\"https:\\\/\\\/docelimaoloja.com.br\\\/wp-content\\\/uploads\\\/2020\\\/08\\\/logo-doce-limao.png\",\"contentUrl\":\"https:\\\/\\\/docelimaoloja.com.br\\\/wp-content\\\/uploads\\\/2020\\\/08\\\/logo-doce-limao.png\",\"width\":1280,\"height\":653,\"caption\":\"Loja Doce Limao\"},\"image\":{\"@id\":\"https:\\\/\\\/docelimaoloja.com.br\\\/#\\\/schema\\\/logo\\\/image\\\/\"}}]}<\/script>\n<!-- \/ Yoast SEO plugin. -->","yoast_head_json":{"title":"Sementes Nir\u00e1 e Vinagreiras - Loja Doce Limao","description":"O nir\u00e1 \u00e9 da culin\u00e1ria oriental. J\u00e1 as vinagreiras na culin\u00e1ria do Maranh\u00e3o (arroz de cuch\u00e1), as vinagreiras - principalmente as suas folhas - s\u00e3o ricas em nutrientes, como vitamina A e C, ferro, f\u00f3sforo e pot\u00e1ssio, al\u00e9m de subst\u00e2ncias ativas como flavonoides, \u00e1cidos org\u00e2nicos, antocianidinas e compostos fen\u00f3licos.","robots":{"index":"index","follow":"follow","max-snippet":"max-snippet:-1","max-image-preview":"max-image-preview:large","max-video-preview":"max-video-preview:-1"},"canonical":"https:\/\/docelimaoloja.com.br\/en\/product\/vinagreiras-sementes\/","og_locale":"en_US","og_type":"article","og_title":"Sementes Nir\u00e1 e Vinagreiras - Loja Doce Limao","og_description":"O nir\u00e1 \u00e9 da culin\u00e1ria oriental. J\u00e1 as vinagreiras na culin\u00e1ria do Maranh\u00e3o (arroz de cuch\u00e1), as vinagreiras - principalmente as suas folhas - s\u00e3o ricas em nutrientes, como vitamina A e C, ferro, f\u00f3sforo e pot\u00e1ssio, al\u00e9m de subst\u00e2ncias ativas como flavonoides, \u00e1cidos org\u00e2nicos, antocianidinas e compostos fen\u00f3licos.","og_url":"https:\/\/docelimaoloja.com.br\/en\/product\/vinagreiras-sementes\/","og_site_name":"Loja Doce Limao","article_modified_time":"2026-04-15T15:52:40+00:00","og_image":[{"width":828,"height":722,"url":"https:\/\/docelimaoloja.com.br\/wp-content\/uploads\/2025\/11\/VINAGREIRAS-SEMENTES2.jpeg","type":"image\/jpeg"}],"twitter_card":"summary_large_image","twitter_misc":{"Est. reading time":"3 minutes"},"schema":{"@context":"https:\/\/schema.org","@graph":[{"@type":"WebPage","@id":"https:\/\/docelimaoloja.com.br\/produto\/vinagreiras-sementes\/","url":"https:\/\/docelimaoloja.com.br\/produto\/vinagreiras-sementes\/","name":"Sementes Nir\u00e1 e Vinagreiras - Loja Doce Limao","isPartOf":{"@id":"https:\/\/docelimaoloja.com.br\/#website"},"primaryImageOfPage":{"@id":"https:\/\/docelimaoloja.com.br\/produto\/vinagreiras-sementes\/#primaryimage"},"image":{"@id":"https:\/\/docelimaoloja.com.br\/produto\/vinagreiras-sementes\/#primaryimage"},"thumbnailUrl":"https:\/\/docelimaoloja.com.br\/wp-content\/uploads\/2025\/11\/VINAGREIRAS-SEMENTES2.jpeg","datePublished":"2025-12-28T18:04:29+00:00","dateModified":"2026-04-15T15:52:40+00:00","description":"O nir\u00e1 \u00e9 da culin\u00e1ria oriental. J\u00e1 as vinagreiras na culin\u00e1ria do Maranh\u00e3o (arroz de cuch\u00e1), as vinagreiras - principalmente as suas folhas - s\u00e3o ricas em nutrientes, como vitamina A e C, ferro, f\u00f3sforo e pot\u00e1ssio, al\u00e9m de subst\u00e2ncias ativas como flavonoides, \u00e1cidos org\u00e2nicos, antocianidinas e compostos fen\u00f3licos.","breadcrumb":{"@id":"https:\/\/docelimaoloja.com.br\/produto\/vinagreiras-sementes\/#breadcrumb"},"inLanguage":"en-US","potentialAction":[{"@type":"ReadAction","target":["https:\/\/docelimaoloja.com.br\/produto\/vinagreiras-sementes\/"]}]},{"@type":"ImageObject","inLanguage":"en-US","@id":"https:\/\/docelimaoloja.com.br\/produto\/vinagreiras-sementes\/#primaryimage","url":"https:\/\/docelimaoloja.com.br\/wp-content\/uploads\/2025\/11\/VINAGREIRAS-SEMENTES2.jpeg","contentUrl":"https:\/\/docelimaoloja.com.br\/wp-content\/uploads\/2025\/11\/VINAGREIRAS-SEMENTES2.jpeg","width":828,"height":722},{"@type":"BreadcrumbList","@id":"https:\/\/docelimaoloja.com.br\/produto\/vinagreiras-sementes\/#breadcrumb","itemListElement":[{"@type":"ListItem","position":1,"name":"In\u00edcio","item":"https:\/\/docelimaoloja.com.br\/"},{"@type":"ListItem","position":2,"name":"Loja Virtual","item":"https:\/\/docelimaoloja.com.br\/loja-virtual\/"},{"@type":"ListItem","position":3,"name":"Sementes Nir\u00e1 e Vinagreiras"}]},{"@type":"WebSite","@id":"https:\/\/docelimaoloja.com.br\/#website","url":"https:\/\/docelimaoloja.com.br\/","name":"Loja Doce Limao","description":"Loja Natural","publisher":{"@id":"https:\/\/docelimaoloja.com.br\/#organization"},"potentialAction":[{"@type":"SearchAction","target":{"@type":"EntryPoint","urlTemplate":"https:\/\/docelimaoloja.com.br\/?s={search_term_string}"},"query-input":{"@type":"PropertyValueSpecification","valueRequired":true,"valueName":"search_term_string"}}],"inLanguage":"en-US"},{"@type":"Organization","@id":"https:\/\/docelimaoloja.com.br\/#organization","name":"Loja Doce Limao","url":"https:\/\/docelimaoloja.com.br\/","logo":{"@type":"ImageObject","inLanguage":"en-US","@id":"https:\/\/docelimaoloja.com.br\/#\/schema\/logo\/image\/","url":"https:\/\/docelimaoloja.com.br\/wp-content\/uploads\/2020\/08\/logo-doce-limao.png","contentUrl":"https:\/\/docelimaoloja.com.br\/wp-content\/uploads\/2020\/08\/logo-doce-limao.png","width":1280,"height":653,"caption":"Loja Doce Limao"},"image":{"@id":"https:\/\/docelimaoloja.com.br\/#\/schema\/logo\/image\/"}}]}},"_links":{"self":[{"href":"https:\/\/docelimaoloja.com.br\/en\/wp-json\/wp\/v2\/product\/23926","targetHints":{"allow":["GET"]}}],"collection":[{"href":"https:\/\/docelimaoloja.com.br\/en\/wp-json\/wp\/v2\/product"}],"about":[{"href":"https:\/\/docelimaoloja.com.br\/en\/wp-json\/wp\/v2\/types\/product"}],"replies":[{"embeddable":true,"href":"https:\/\/docelimaoloja.com.br\/en\/wp-json\/wp\/v2\/comments?post=23926"}],"wp:featuredmedia":[{"embeddable":true,"href":"https:\/\/docelimaoloja.com.br\/en\/wp-json\/wp\/v2\/media\/23927"}],"wp:attachment":[{"href":"https:\/\/docelimaoloja.com.br\/en\/wp-json\/wp\/v2\/media?parent=23926"}],"wp:term":[{"taxonomy":"product_brand","embeddable":true,"href":"https:\/\/docelimaoloja.com.br\/en\/wp-json\/wp\/v2\/product_brand?post=23926"},{"taxonomy":"product_cat","embeddable":true,"href":"https:\/\/docelimaoloja.com.br\/en\/wp-json\/wp\/v2\/product_cat?post=23926"},{"taxonomy":"product_tag","embeddable":true,"href":"https:\/\/docelimaoloja.com.br\/en\/wp-json\/wp\/v2\/product_tag?post=23926"}],"curies":[{"name":"wp","href":"https:\/\/api.w.org\/{rel}","templated":true}]}}