{"id":23852,"date":"2026-01-30T12:08:15","date_gmt":"2026-01-30T12:08:15","guid":{"rendered":"https:\/\/docelimaoloja.com.br\/?post_type=product&#038;p=23852"},"modified":"2026-04-14T16:18:44","modified_gmt":"2026-04-14T16:18:44","slug":"assinatura-com-todos-os-cursos-online-da-conceicao-trucom","status":"publish","type":"product","link":"https:\/\/docelimaoloja.com.br\/en\/product\/assinatura-com-todos-os-cursos-online-da-conceicao-trucom\/","title":{"rendered":"Assinatura com todos os cursos online da Concei\u00e7\u00e3o Trucom"},"content":{"rendered":"<p>HOTFLIZ \u00e9 uma plataforma org\u00e2nica sempre atualizada e ampliada com novidades. Se voc\u00ea ainda n\u00e3o \u00e9 nosso assinante, nosso ponto de encontro \u00e9 aqui:<\/p>\n<p>&#8211; Farofas, Pa\u00e7ocas e Pipocas<\/p>\n<p>&#8211; Sucos Terap\u00eauticos<\/p>\n<p>&#8211; Cosm\u00e9tica Natural<\/p>\n<p>&#8211; Mini Curso Germina\u00e7\u00e3o e Brota\u00e7\u00e3o<\/p>\n<p>&#8211; Germina\u00e7\u00e3o e Alimenta\u00e7\u00e3o Viva<\/p>\n<p>&#8211; Cruzinha Pr\u00e1tica Doce Lim\u00e3o<\/p>\n<p>&#8211; O poder de cura do Lim\u00e3o<\/p>\n<p>&#8211; Amo ABACATE<\/p>\n<p>&#8211; Linha\u00e7a: nutri\u00e7\u00e3o e cosm\u00e9tica<\/p>\n<p>&#8211; 10% HUMANO<\/p>\n<p>&#8211; O novo modelo da digest\u00e3o humana<\/p>\n<p>&#8211; Fermentar \u00e9 Preciso<\/p>\n<p>&#8211; Alimenta\u00e7\u00e3o Balanceada e Modula\u00e7\u00e3o Hormonal<\/p>\n<p>&#8211; Latic\u00ednios Veganos 1 (leites, iogurtes, vitaminas, danoninhos e mamadeiras)<\/p>\n<p>&#8211; Latic\u00ednios Veganos 2 (queijos cremosos, de cortar e curados)<\/p>\n<p>&#8211; Os primeiros passos com a Alimenta\u00e7\u00e3o Viva<\/p>\n<p>&#8211; Os primeiros passos na revers\u00e3o do C\u00e2ncer e doen\u00e7as cr\u00f4nicas<\/p>\n<p>&#8211; Sal da Vida<\/p>\n<p>&#8211; Em breve lan\u00e7amentos: Caf\u00e9 com qu\u00ea?*, *Amo InhAME e *Sono Legal*.<\/p>\n<p>Assista a seguir o v\u00eddeo sobre nossos Fito Sais:<\/p>\n<div class=\"iframe-container\">\n<p><iframe loading=\"lazy\" src=\"https:\/\/www.youtube.com\/embed\/dsJjsUWhWb4?si=kUNp70reRLxzpKX5\" width=\"560\" height=\"315\" frameborder=\"0\" allowfullscreen=\"allowfullscreen\"><\/iframe><\/p>\n<\/div>","protected":false},"excerpt":{"rendered":"<p>Imagine dormir um sono restaurador, acordar bem, se olhar no espelho e sorrir. Sim, voc\u00ea pode se sentir bonita, inspirada e cheia de vitalidade \u2014 em qualquer fase da sua vida.<\/p>\n<p>&nbsp;<\/p>\n<p>Enfrentar os desafios do climat\u00e9rio, a perda de col\u00e1geno-elastina, a falta de \u00e2nimo ou a queda de cabelo pode ser encarado como algo poss\u00edvel de tratar verdadeiramente se formos assertivas.<\/p>\n<p>&nbsp;<\/p>\n<p>Um estilo de vida desintoxicante pode te ajudar:<\/p>\n<p>&nbsp;<\/p>\n<p>\u2022 Recuperar o t\u00f4nus e combater a flacidez<br \/>\n\u2022 Dormir melhor, com noites restauradoras<br \/>\n\u2022 Curar alergias, cuidar da pele e reduzir rugas naturalmente<br \/>\n\u2022 Equilibrar corpo e mente, com mais serenidade no dia a dia<br \/>\n\u2022 Reverter doen\u00e7as cr\u00f4nicas e viver com mais energia<br \/>\n\u2022 Reverter a queda de cabelo e sentir sua vitalidade florescer<\/p>\n<p>Bora estar conosco nesta jornada!!!<\/p>\n<p>&nbsp;<\/p>\n<p>Na HOTFLIZ \u2013 Calidamente Feliz, voc\u00ea encontra mais de 15 cursos sobre sa\u00fade natural, alimenta\u00e7\u00e3o viva, os primeiros passos, sucos terap\u00eauticos, germina\u00e7\u00e3o e brota\u00e7\u00e3o, tudo sobre as PANC, cosm\u00e9tica natural, preven\u00e7\u00e3o de doen\u00e7as metab\u00f3licas, o poder de cura do lim\u00e3o, linha\u00e7a: nutri\u00e7\u00e3o e cosm\u00e9tica, sal da vida, latic\u00ednios verganos I e II, amo abacate, modula\u00e7\u00e3o hormonal, fermentados, farofas e pa\u00e7ocas e muito mais! Tudo com base cient\u00edfica e preparado com muito carinho \ud83d\udc9a<\/p>\n<p>&nbsp;<\/p>\n<p>\u2728 Escolha o plano que cabe no seu momento e venha caminhar comigo nessa jornada de autocuidado, consci\u00eancia e bem-estar.<\/p>\n<p>&nbsp;<\/p>\n<p><strong>MENSAL<\/strong>= <strong>R$ 35<\/strong><br \/>\n<strong>TRIMESTRAL<\/strong> = <strong>R$ 100<\/strong><br \/>\n<strong>SEMESTRAL<\/strong> = <strong>R$ 190<\/strong><br \/>\n<strong>ANUAL<\/strong> = <strong>R$ 300<\/strong><\/p>","protected":false},"featured_media":24318,"comment_status":"open","ping_status":"closed","template":"","meta":[],"product_brand":[],"product_cat":[978],"product_tag":[],"class_list":{"0":"post-23852","1":"product","2":"type-product","3":"status-publish","4":"has-post-thumbnail","6":"product_cat-cursos-online","8":"first","9":"instock","10":"shipping-taxable","11":"product-type-external"},"yoast_head":"<!-- This site is optimized with the Yoast SEO plugin v27.4 - https:\/\/yoast.com\/product\/yoast-seo-wordpress\/ -->\n<title>Assinatura com todos os cursos online da Concei\u00e7\u00e3o Trucom - Loja Doce Limao<\/title>\n<meta name=\"robots\" content=\"index, follow, max-snippet:-1, max-image-preview:large, max-video-preview:-1\" \/>\n<link rel=\"canonical\" href=\"https:\/\/docelimaoloja.com.br\/en\/product\/assinatura-com-todos-os-cursos-online-da-conceicao-trucom\/\" \/>\n<meta property=\"og:locale\" content=\"en_US\" \/>\n<meta property=\"og:type\" content=\"article\" \/>\n<meta property=\"og:title\" content=\"Assinatura com todos os cursos online da Concei\u00e7\u00e3o Trucom - Loja Doce Limao\" \/>\n<meta property=\"og:description\" content=\"Imagine dormir um sono restaurador, acordar bem, se olhar no espelho e sorrir. Sim, voc\u00ea pode se sentir bonita, inspirada e cheia de vitalidade \u2014 em qualquer fase da sua vida.  &nbsp;  Enfrentar os desafios do climat\u00e9rio, a perda de col\u00e1geno-elastina, a falta de \u00e2nimo ou a queda de cabelo pode ser encarado como algo poss\u00edvel de tratar verdadeiramente se formos assertivas.  &nbsp;  Um estilo de vida desintoxicante pode te ajudar:  &nbsp;  \u2022 Recuperar o t\u00f4nus e combater a flacidez \u2022 Dormir melhor, com noites restauradoras \u2022 Curar alergias, cuidar da pele e reduzir rugas naturalmente \u2022 Equilibrar corpo e mente, com mais serenidade no dia a dia \u2022 Reverter doen\u00e7as cr\u00f4nicas e viver com mais energia \u2022 Reverter a queda de cabelo e sentir sua vitalidade florescer  Bora estar conosco nesta jornada!!!  &nbsp;  Na HOTFLIZ \u2013 Calidamente Feliz, voc\u00ea encontra mais de 15 cursos sobre sa\u00fade natural, alimenta\u00e7\u00e3o viva, os primeiros passos, sucos terap\u00eauticos, germina\u00e7\u00e3o e brota\u00e7\u00e3o, tudo sobre as PANC, cosm\u00e9tica natural, preven\u00e7\u00e3o de doen\u00e7as metab\u00f3licas, o poder de cura do lim\u00e3o, linha\u00e7a: nutri\u00e7\u00e3o e cosm\u00e9tica, sal da vida, latic\u00ednios verganos I e II, amo abacate, modula\u00e7\u00e3o hormonal, fermentados, farofas e pa\u00e7ocas e muito mais! Tudo com base cient\u00edfica e preparado com muito carinho \ud83d\udc9a  &nbsp;  \u2728 Escolha o plano que cabe no seu momento e venha caminhar comigo nessa jornada de autocuidado, consci\u00eancia e bem-estar.  &nbsp;  MENSAL= R$ 35 TRIMESTRAL = R$ 100 SEMESTRAL = R$ 190 ANUAL = R$ 300\" \/>\n<meta property=\"og:url\" content=\"https:\/\/docelimaoloja.com.br\/en\/product\/assinatura-com-todos-os-cursos-online-da-conceicao-trucom\/\" \/>\n<meta property=\"og:site_name\" content=\"Loja Doce Limao\" \/>\n<meta property=\"article:modified_time\" content=\"2026-04-14T16:18:44+00:00\" \/>\n<meta property=\"og:image\" content=\"https:\/\/docelimaoloja.com.br\/wp-content\/uploads\/2025\/12\/todos-cursos.png\" \/>\n\t<meta property=\"og:image:width\" content=\"1080\" \/>\n\t<meta property=\"og:image:height\" content=\"1350\" \/>\n\t<meta property=\"og:image:type\" content=\"image\/png\" \/>\n<meta name=\"twitter:card\" content=\"summary_large_image\" \/>\n<meta name=\"twitter:label1\" content=\"Est. reading time\" \/>\n\t<meta name=\"twitter:data1\" content=\"1 minute\" \/>\n<script type=\"application\/ld+json\" class=\"yoast-schema-graph\">{\"@context\":\"https:\\\/\\\/schema.org\",\"@graph\":[{\"@type\":\"WebPage\",\"@id\":\"https:\\\/\\\/docelimaoloja.com.br\\\/produto\\\/assinatura-com-todos-os-cursos-online-da-conceicao-trucom\\\/\",\"url\":\"https:\\\/\\\/docelimaoloja.com.br\\\/produto\\\/assinatura-com-todos-os-cursos-online-da-conceicao-trucom\\\/\",\"name\":\"Assinatura com todos os cursos online da Concei\u00e7\u00e3o Trucom - Loja Doce Limao\",\"isPartOf\":{\"@id\":\"https:\\\/\\\/docelimaoloja.com.br\\\/#website\"},\"primaryImageOfPage\":{\"@id\":\"https:\\\/\\\/docelimaoloja.com.br\\\/produto\\\/assinatura-com-todos-os-cursos-online-da-conceicao-trucom\\\/#primaryimage\"},\"image\":{\"@id\":\"https:\\\/\\\/docelimaoloja.com.br\\\/produto\\\/assinatura-com-todos-os-cursos-online-da-conceicao-trucom\\\/#primaryimage\"},\"thumbnailUrl\":\"https:\\\/\\\/docelimaoloja.com.br\\\/wp-content\\\/uploads\\\/2025\\\/12\\\/todos-cursos.png\",\"datePublished\":\"2026-01-30T12:08:15+00:00\",\"dateModified\":\"2026-04-14T16:18:44+00:00\",\"breadcrumb\":{\"@id\":\"https:\\\/\\\/docelimaoloja.com.br\\\/produto\\\/assinatura-com-todos-os-cursos-online-da-conceicao-trucom\\\/#breadcrumb\"},\"inLanguage\":\"en-US\",\"potentialAction\":[{\"@type\":\"ReadAction\",\"target\":[\"https:\\\/\\\/docelimaoloja.com.br\\\/produto\\\/assinatura-com-todos-os-cursos-online-da-conceicao-trucom\\\/\"]}]},{\"@type\":\"ImageObject\",\"inLanguage\":\"en-US\",\"@id\":\"https:\\\/\\\/docelimaoloja.com.br\\\/produto\\\/assinatura-com-todos-os-cursos-online-da-conceicao-trucom\\\/#primaryimage\",\"url\":\"https:\\\/\\\/docelimaoloja.com.br\\\/wp-content\\\/uploads\\\/2025\\\/12\\\/todos-cursos.png\",\"contentUrl\":\"https:\\\/\\\/docelimaoloja.com.br\\\/wp-content\\\/uploads\\\/2025\\\/12\\\/todos-cursos.png\",\"width\":1080,\"height\":1350},{\"@type\":\"BreadcrumbList\",\"@id\":\"https:\\\/\\\/docelimaoloja.com.br\\\/produto\\\/assinatura-com-todos-os-cursos-online-da-conceicao-trucom\\\/#breadcrumb\",\"itemListElement\":[{\"@type\":\"ListItem\",\"position\":1,\"name\":\"In\u00edcio\",\"item\":\"https:\\\/\\\/docelimaoloja.com.br\\\/\"},{\"@type\":\"ListItem\",\"position\":2,\"name\":\"Loja Virtual\",\"item\":\"https:\\\/\\\/docelimaoloja.com.br\\\/loja-virtual\\\/\"},{\"@type\":\"ListItem\",\"position\":3,\"name\":\"Assinatura com todos os cursos online da Concei\u00e7\u00e3o Trucom\"}]},{\"@type\":\"WebSite\",\"@id\":\"https:\\\/\\\/docelimaoloja.com.br\\\/#website\",\"url\":\"https:\\\/\\\/docelimaoloja.com.br\\\/\",\"name\":\"Loja Doce Limao\",\"description\":\"Loja Natural\",\"publisher\":{\"@id\":\"https:\\\/\\\/docelimaoloja.com.br\\\/#organization\"},\"potentialAction\":[{\"@type\":\"SearchAction\",\"target\":{\"@type\":\"EntryPoint\",\"urlTemplate\":\"https:\\\/\\\/docelimaoloja.com.br\\\/?s={search_term_string}\"},\"query-input\":{\"@type\":\"PropertyValueSpecification\",\"valueRequired\":true,\"valueName\":\"search_term_string\"}}],\"inLanguage\":\"en-US\"},{\"@type\":\"Organization\",\"@id\":\"https:\\\/\\\/docelimaoloja.com.br\\\/#organization\",\"name\":\"Loja Doce Limao\",\"url\":\"https:\\\/\\\/docelimaoloja.com.br\\\/\",\"logo\":{\"@type\":\"ImageObject\",\"inLanguage\":\"en-US\",\"@id\":\"https:\\\/\\\/docelimaoloja.com.br\\\/#\\\/schema\\\/logo\\\/image\\\/\",\"url\":\"https:\\\/\\\/docelimaoloja.com.br\\\/wp-content\\\/uploads\\\/2020\\\/08\\\/logo-doce-limao.png\",\"contentUrl\":\"https:\\\/\\\/docelimaoloja.com.br\\\/wp-content\\\/uploads\\\/2020\\\/08\\\/logo-doce-limao.png\",\"width\":1280,\"height\":653,\"caption\":\"Loja Doce Limao\"},\"image\":{\"@id\":\"https:\\\/\\\/docelimaoloja.com.br\\\/#\\\/schema\\\/logo\\\/image\\\/\"}}]}<\/script>\n<!-- \/ Yoast SEO plugin. -->","yoast_head_json":{"title":"Assinatura com todos os cursos online da Concei\u00e7\u00e3o Trucom - Loja Doce Limao","robots":{"index":"index","follow":"follow","max-snippet":"max-snippet:-1","max-image-preview":"max-image-preview:large","max-video-preview":"max-video-preview:-1"},"canonical":"https:\/\/docelimaoloja.com.br\/en\/product\/assinatura-com-todos-os-cursos-online-da-conceicao-trucom\/","og_locale":"en_US","og_type":"article","og_title":"Assinatura com todos os cursos online da Concei\u00e7\u00e3o Trucom - Loja Doce Limao","og_description":"Imagine dormir um sono restaurador, acordar bem, se olhar no espelho e sorrir. Sim, voc\u00ea pode se sentir bonita, inspirada e cheia de vitalidade \u2014 em qualquer fase da sua vida.  &nbsp;  Enfrentar os desafios do climat\u00e9rio, a perda de col\u00e1geno-elastina, a falta de \u00e2nimo ou a queda de cabelo pode ser encarado como algo poss\u00edvel de tratar verdadeiramente se formos assertivas.  &nbsp;  Um estilo de vida desintoxicante pode te ajudar:  &nbsp;  \u2022 Recuperar o t\u00f4nus e combater a flacidez \u2022 Dormir melhor, com noites restauradoras \u2022 Curar alergias, cuidar da pele e reduzir rugas naturalmente \u2022 Equilibrar corpo e mente, com mais serenidade no dia a dia \u2022 Reverter doen\u00e7as cr\u00f4nicas e viver com mais energia \u2022 Reverter a queda de cabelo e sentir sua vitalidade florescer  Bora estar conosco nesta jornada!!!  &nbsp;  Na HOTFLIZ \u2013 Calidamente Feliz, voc\u00ea encontra mais de 15 cursos sobre sa\u00fade natural, alimenta\u00e7\u00e3o viva, os primeiros passos, sucos terap\u00eauticos, germina\u00e7\u00e3o e brota\u00e7\u00e3o, tudo sobre as PANC, cosm\u00e9tica natural, preven\u00e7\u00e3o de doen\u00e7as metab\u00f3licas, o poder de cura do lim\u00e3o, linha\u00e7a: nutri\u00e7\u00e3o e cosm\u00e9tica, sal da vida, latic\u00ednios verganos I e II, amo abacate, modula\u00e7\u00e3o hormonal, fermentados, farofas e pa\u00e7ocas e muito mais! Tudo com base cient\u00edfica e preparado com muito carinho \ud83d\udc9a  &nbsp;  \u2728 Escolha o plano que cabe no seu momento e venha caminhar comigo nessa jornada de autocuidado, consci\u00eancia e bem-estar.  &nbsp;  MENSAL= R$ 35 TRIMESTRAL = R$ 100 SEMESTRAL = R$ 190 ANUAL = R$ 300","og_url":"https:\/\/docelimaoloja.com.br\/en\/product\/assinatura-com-todos-os-cursos-online-da-conceicao-trucom\/","og_site_name":"Loja Doce Limao","article_modified_time":"2026-04-14T16:18:44+00:00","og_image":[{"width":1080,"height":1350,"url":"https:\/\/docelimaoloja.com.br\/wp-content\/uploads\/2025\/12\/todos-cursos.png","type":"image\/png"}],"twitter_card":"summary_large_image","twitter_misc":{"Est. reading time":"1 minute"},"schema":{"@context":"https:\/\/schema.org","@graph":[{"@type":"WebPage","@id":"https:\/\/docelimaoloja.com.br\/produto\/assinatura-com-todos-os-cursos-online-da-conceicao-trucom\/","url":"https:\/\/docelimaoloja.com.br\/produto\/assinatura-com-todos-os-cursos-online-da-conceicao-trucom\/","name":"Assinatura com todos os cursos online da Concei\u00e7\u00e3o Trucom - Loja Doce Limao","isPartOf":{"@id":"https:\/\/docelimaoloja.com.br\/#website"},"primaryImageOfPage":{"@id":"https:\/\/docelimaoloja.com.br\/produto\/assinatura-com-todos-os-cursos-online-da-conceicao-trucom\/#primaryimage"},"image":{"@id":"https:\/\/docelimaoloja.com.br\/produto\/assinatura-com-todos-os-cursos-online-da-conceicao-trucom\/#primaryimage"},"thumbnailUrl":"https:\/\/docelimaoloja.com.br\/wp-content\/uploads\/2025\/12\/todos-cursos.png","datePublished":"2026-01-30T12:08:15+00:00","dateModified":"2026-04-14T16:18:44+00:00","breadcrumb":{"@id":"https:\/\/docelimaoloja.com.br\/produto\/assinatura-com-todos-os-cursos-online-da-conceicao-trucom\/#breadcrumb"},"inLanguage":"en-US","potentialAction":[{"@type":"ReadAction","target":["https:\/\/docelimaoloja.com.br\/produto\/assinatura-com-todos-os-cursos-online-da-conceicao-trucom\/"]}]},{"@type":"ImageObject","inLanguage":"en-US","@id":"https:\/\/docelimaoloja.com.br\/produto\/assinatura-com-todos-os-cursos-online-da-conceicao-trucom\/#primaryimage","url":"https:\/\/docelimaoloja.com.br\/wp-content\/uploads\/2025\/12\/todos-cursos.png","contentUrl":"https:\/\/docelimaoloja.com.br\/wp-content\/uploads\/2025\/12\/todos-cursos.png","width":1080,"height":1350},{"@type":"BreadcrumbList","@id":"https:\/\/docelimaoloja.com.br\/produto\/assinatura-com-todos-os-cursos-online-da-conceicao-trucom\/#breadcrumb","itemListElement":[{"@type":"ListItem","position":1,"name":"In\u00edcio","item":"https:\/\/docelimaoloja.com.br\/"},{"@type":"ListItem","position":2,"name":"Loja Virtual","item":"https:\/\/docelimaoloja.com.br\/loja-virtual\/"},{"@type":"ListItem","position":3,"name":"Assinatura com todos os cursos online da Concei\u00e7\u00e3o Trucom"}]},{"@type":"WebSite","@id":"https:\/\/docelimaoloja.com.br\/#website","url":"https:\/\/docelimaoloja.com.br\/","name":"Loja Doce Limao","description":"Loja Natural","publisher":{"@id":"https:\/\/docelimaoloja.com.br\/#organization"},"potentialAction":[{"@type":"SearchAction","target":{"@type":"EntryPoint","urlTemplate":"https:\/\/docelimaoloja.com.br\/?s={search_term_string}"},"query-input":{"@type":"PropertyValueSpecification","valueRequired":true,"valueName":"search_term_string"}}],"inLanguage":"en-US"},{"@type":"Organization","@id":"https:\/\/docelimaoloja.com.br\/#organization","name":"Loja Doce Limao","url":"https:\/\/docelimaoloja.com.br\/","logo":{"@type":"ImageObject","inLanguage":"en-US","@id":"https:\/\/docelimaoloja.com.br\/#\/schema\/logo\/image\/","url":"https:\/\/docelimaoloja.com.br\/wp-content\/uploads\/2020\/08\/logo-doce-limao.png","contentUrl":"https:\/\/docelimaoloja.com.br\/wp-content\/uploads\/2020\/08\/logo-doce-limao.png","width":1280,"height":653,"caption":"Loja Doce Limao"},"image":{"@id":"https:\/\/docelimaoloja.com.br\/#\/schema\/logo\/image\/"}}]}},"_links":{"self":[{"href":"https:\/\/docelimaoloja.com.br\/en\/wp-json\/wp\/v2\/product\/23852","targetHints":{"allow":["GET"]}}],"collection":[{"href":"https:\/\/docelimaoloja.com.br\/en\/wp-json\/wp\/v2\/product"}],"about":[{"href":"https:\/\/docelimaoloja.com.br\/en\/wp-json\/wp\/v2\/types\/product"}],"replies":[{"embeddable":true,"href":"https:\/\/docelimaoloja.com.br\/en\/wp-json\/wp\/v2\/comments?post=23852"}],"wp:featuredmedia":[{"embeddable":true,"href":"https:\/\/docelimaoloja.com.br\/en\/wp-json\/wp\/v2\/media\/24318"}],"wp:attachment":[{"href":"https:\/\/docelimaoloja.com.br\/en\/wp-json\/wp\/v2\/media?parent=23852"}],"wp:term":[{"taxonomy":"product_brand","embeddable":true,"href":"https:\/\/docelimaoloja.com.br\/en\/wp-json\/wp\/v2\/product_brand?post=23852"},{"taxonomy":"product_cat","embeddable":true,"href":"https:\/\/docelimaoloja.com.br\/en\/wp-json\/wp\/v2\/product_cat?post=23852"},{"taxonomy":"product_tag","embeddable":true,"href":"https:\/\/docelimaoloja.com.br\/en\/wp-json\/wp\/v2\/product_tag?post=23852"}],"curies":[{"name":"wp","href":"https:\/\/api.w.org\/{rel}","templated":true}]}}