{"id":21445,"date":"2024-10-15T19:42:42","date_gmt":"2024-10-15T19:42:42","guid":{"rendered":"https:\/\/docelimaoloja.com.br\/?post_type=product&#038;p=21445"},"modified":"2026-04-15T15:44:00","modified_gmt":"2026-04-15T15:44:00","slug":"oleato-sono-feliz","status":"publish","type":"product","link":"https:\/\/docelimaoloja.com.br\/en\/product\/oleato-sono-feliz\/","title":{"rendered":"Oleato Sono Feliz"},"content":{"rendered":"<p>Penso que plantas com propriedades funcionais s\u00e3o muito recomend\u00e1veis para o tratamento de diversas patologias, principalmente quando em est\u00e1gios iniciais ou somente agudas.<\/p>\n<p>Tenho falado e escrito bastante sobre Sono e Sa\u00fade Mental e as muitas abordagens que temos para prevenir e tratar tudo isso. Mas sem d\u00favidas, a qualidade do nosso Santo Sono de cada dia \u00e9 fundamental.<\/p>\n<p><span style=\"font-size: 1rem\">E aqui, usei um extrato oleoso (azeite de baba\u00e7u e \u00f3leo de girassol) da Col\u00f4nia <\/span>(<em>Alpinia zerumbet<\/em>), planta nativa do leste da \u00c1sia, cont\u00e9m propriedades medicinais e meditativas que promovem sa\u00fade e bem-estar. E sobre este oleato acrescentei \u00f3leo essencial (OE) de lim\u00e3o tahiti (detox e ativador da circula\u00e7\u00e3o perif\u00e9rica) e OE de cipreste (excelente para a pele, foco e sistema respirat\u00f3rio).<\/p>\n<p><strong>Benef\u00edcios para a sa\u00fade:<br \/>\n<\/strong><strong style=\"font-size: 1rem\">&#8211; Hipotensiva<\/strong><span style=\"font-size: 1rem\">: ajuda a diminuir a press\u00e3o arterial.<br \/>\n<\/span><strong style=\"font-size: 1rem\">&#8211; Ansiol\u00edtica<\/strong><span style=\"font-size: 1rem\">: reduz a ansiedade.<br \/>\n<\/span><strong style=\"font-size: 1rem\">&#8211; Sedativa<\/strong><span style=\"font-size: 1rem\">: tem leve a\u00e7\u00e3o calmante.<br \/>\n<\/span><strong style=\"font-size: 1rem\">&#8211; Antiulcerog\u00eanica<\/strong><span style=\"font-size: 1rem\">: evita o surgimento de \u00falceras.<br \/>\n<\/span><strong style=\"font-size: 1rem\">&#8211; Antiespasm\u00f3dica<\/strong><span style=\"font-size: 1rem\">: alivia contra\u00e7\u00f5es musculares involunt\u00e1rias que causam dores no corpo<\/span><span style=\"font-size: 1rem\">.<br \/>\n<\/span><strong style=\"font-size: 1rem\">&#8211; Ainda pode ser usada<\/strong><span style=\"font-size: 1rem\"> para tratar depress\u00e3o, estresse, dor de cabe\u00e7a, taquicardia, espasmo e dor muscular, erisipela, luxa\u00e7\u00e3o, tendinite, reumatismo, micose, doen\u00e7as gastrointestinais, febre e at\u00e9 mesmo HIV.<\/span><\/p>\n<p>Bem, o uso de f\u00e1rmacos, na maioria das vezes considero meio contra-indicados, \u00e0 menos que haja um acompanhamento de perto de um profissional da sa\u00fade com uma abordagem idealmente\u00a0 integrativa&#8230;<\/p>\n<p>E aqui vem a fitoterapia, que super recomendo, seja na forma de ch\u00e1s e tinturas, os oleatos, os escalda-p\u00e9s, os banhos&#8230; Al\u00e9m da aromaterapia e tamb\u00e9m da homeopatia.<\/p>","protected":false},"excerpt":{"rendered":"<p>Extrato oleoso (azeite de baba\u00e7u e \u00f3leo de girassol) da Col\u00f4nia <span style=\"font-size: 1rem\">(<\/span><em style=\"font-size: 1rem\">Alpinia zerumbet<\/em><span style=\"font-size: 1rem\">), <\/span>planta excelente como ansiol\u00edtica, antidepressiva e calmante, que em sinergia com os \u00f3leos essenciais de Lim\u00e3o e Cipreste ir\u00e3o facilitar um SONO LEGAL.<\/p>\n<p><strong>Uso t\u00f3pico com massagem na sola dos p\u00e9s ao deitar.<\/strong><\/p>\n<p>Em frasco de vidro \u00e2mbar, com gotejador. Cont\u00e9m 60 ml &#8211; Validade 2 anos.<\/p>","protected":false},"featured_media":21446,"comment_status":"open","ping_status":"closed","template":"","meta":[],"product_brand":[],"product_cat":[786,919,791],"product_tag":[],"class_list":{"0":"post-21445","1":"product","2":"type-product","3":"status-publish","4":"has-post-thumbnail","6":"product_cat-aromaterapia","7":"product_cat-fitoterapia","8":"product_cat-oleos-de-massagem","10":"first","11":"instock","12":"sale","13":"shipping-taxable","14":"purchasable","15":"product-type-simple"},"yoast_head":"<!-- This site is optimized with the Yoast SEO plugin v27.4 - https:\/\/yoast.com\/product\/yoast-seo-wordpress\/ -->\n<title>Oleato Sono Feliz - Loja Doce Limao<\/title>\n<meta name=\"description\" content=\"Extrato oleoso (azeite de baba\u00e7u e \u00f3leo de girassol) da col\u00f4nia (planta excelente como ansiol\u00edtica, antidepressiva e calmante), que em sinergia com os OEs de Lim\u00e3o e Cipreste ir\u00e3o facilitar um SONO LEGAL.\" \/>\n<meta name=\"robots\" content=\"index, follow, max-snippet:-1, max-image-preview:large, max-video-preview:-1\" \/>\n<link rel=\"canonical\" href=\"https:\/\/docelimaoloja.com.br\/en\/product\/oleato-sono-feliz\/\" \/>\n<meta property=\"og:locale\" content=\"en_US\" \/>\n<meta property=\"og:type\" content=\"article\" \/>\n<meta property=\"og:title\" content=\"Oleato Sono Feliz - Loja Doce Limao\" \/>\n<meta property=\"og:description\" content=\"Extrato oleoso (azeite de baba\u00e7u e \u00f3leo de girassol) da col\u00f4nia (planta excelente como ansiol\u00edtica, antidepressiva e calmante), que em sinergia com os OEs de Lim\u00e3o e Cipreste ir\u00e3o facilitar um SONO LEGAL.\" \/>\n<meta property=\"og:url\" content=\"https:\/\/docelimaoloja.com.br\/en\/product\/oleato-sono-feliz\/\" \/>\n<meta property=\"og:site_name\" content=\"Loja Doce Limao\" \/>\n<meta property=\"article:modified_time\" content=\"2026-04-15T15:44:00+00:00\" \/>\n<meta property=\"og:image\" content=\"https:\/\/docelimaoloja.com.br\/wp-content\/uploads\/2024\/10\/OLEATO-SONO-FELIZ-scaled.jpg\" \/>\n\t<meta property=\"og:image:width\" content=\"1920\" \/>\n\t<meta property=\"og:image:height\" content=\"2560\" \/>\n\t<meta property=\"og:image:type\" content=\"image\/jpeg\" \/>\n<meta name=\"twitter:card\" content=\"summary_large_image\" \/>\n<meta name=\"twitter:label1\" content=\"Est. reading time\" \/>\n\t<meta name=\"twitter:data1\" content=\"2 minutes\" \/>\n<script type=\"application\/ld+json\" class=\"yoast-schema-graph\">{\"@context\":\"https:\\\/\\\/schema.org\",\"@graph\":[{\"@type\":\"WebPage\",\"@id\":\"https:\\\/\\\/docelimaoloja.com.br\\\/produto\\\/oleato-sono-feliz\\\/\",\"url\":\"https:\\\/\\\/docelimaoloja.com.br\\\/produto\\\/oleato-sono-feliz\\\/\",\"name\":\"Oleato Sono Feliz - Loja Doce Limao\",\"isPartOf\":{\"@id\":\"https:\\\/\\\/docelimaoloja.com.br\\\/#website\"},\"primaryImageOfPage\":{\"@id\":\"https:\\\/\\\/docelimaoloja.com.br\\\/produto\\\/oleato-sono-feliz\\\/#primaryimage\"},\"image\":{\"@id\":\"https:\\\/\\\/docelimaoloja.com.br\\\/produto\\\/oleato-sono-feliz\\\/#primaryimage\"},\"thumbnailUrl\":\"https:\\\/\\\/docelimaoloja.com.br\\\/wp-content\\\/uploads\\\/2024\\\/10\\\/OLEATO-SONO-FELIZ-scaled.jpg\",\"datePublished\":\"2024-10-15T19:42:42+00:00\",\"dateModified\":\"2026-04-15T15:44:00+00:00\",\"description\":\"Extrato oleoso (azeite de baba\u00e7u e \u00f3leo de girassol) da col\u00f4nia (planta excelente como ansiol\u00edtica, antidepressiva e calmante), que em sinergia com os OEs de Lim\u00e3o e Cipreste ir\u00e3o facilitar um SONO LEGAL.\",\"breadcrumb\":{\"@id\":\"https:\\\/\\\/docelimaoloja.com.br\\\/produto\\\/oleato-sono-feliz\\\/#breadcrumb\"},\"inLanguage\":\"en-US\",\"potentialAction\":[{\"@type\":\"ReadAction\",\"target\":[\"https:\\\/\\\/docelimaoloja.com.br\\\/produto\\\/oleato-sono-feliz\\\/\"]}]},{\"@type\":\"ImageObject\",\"inLanguage\":\"en-US\",\"@id\":\"https:\\\/\\\/docelimaoloja.com.br\\\/produto\\\/oleato-sono-feliz\\\/#primaryimage\",\"url\":\"https:\\\/\\\/docelimaoloja.com.br\\\/wp-content\\\/uploads\\\/2024\\\/10\\\/OLEATO-SONO-FELIZ-scaled.jpg\",\"contentUrl\":\"https:\\\/\\\/docelimaoloja.com.br\\\/wp-content\\\/uploads\\\/2024\\\/10\\\/OLEATO-SONO-FELIZ-scaled.jpg\",\"width\":1920,\"height\":2560},{\"@type\":\"BreadcrumbList\",\"@id\":\"https:\\\/\\\/docelimaoloja.com.br\\\/produto\\\/oleato-sono-feliz\\\/#breadcrumb\",\"itemListElement\":[{\"@type\":\"ListItem\",\"position\":1,\"name\":\"In\u00edcio\",\"item\":\"https:\\\/\\\/docelimaoloja.com.br\\\/\"},{\"@type\":\"ListItem\",\"position\":2,\"name\":\"Loja Virtual\",\"item\":\"https:\\\/\\\/docelimaoloja.com.br\\\/loja-virtual\\\/\"},{\"@type\":\"ListItem\",\"position\":3,\"name\":\"Oleato Sono Feliz\"}]},{\"@type\":\"WebSite\",\"@id\":\"https:\\\/\\\/docelimaoloja.com.br\\\/#website\",\"url\":\"https:\\\/\\\/docelimaoloja.com.br\\\/\",\"name\":\"Loja Doce Limao\",\"description\":\"Loja Natural\",\"publisher\":{\"@id\":\"https:\\\/\\\/docelimaoloja.com.br\\\/#organization\"},\"potentialAction\":[{\"@type\":\"SearchAction\",\"target\":{\"@type\":\"EntryPoint\",\"urlTemplate\":\"https:\\\/\\\/docelimaoloja.com.br\\\/?s={search_term_string}\"},\"query-input\":{\"@type\":\"PropertyValueSpecification\",\"valueRequired\":true,\"valueName\":\"search_term_string\"}}],\"inLanguage\":\"en-US\"},{\"@type\":\"Organization\",\"@id\":\"https:\\\/\\\/docelimaoloja.com.br\\\/#organization\",\"name\":\"Loja Doce Limao\",\"url\":\"https:\\\/\\\/docelimaoloja.com.br\\\/\",\"logo\":{\"@type\":\"ImageObject\",\"inLanguage\":\"en-US\",\"@id\":\"https:\\\/\\\/docelimaoloja.com.br\\\/#\\\/schema\\\/logo\\\/image\\\/\",\"url\":\"https:\\\/\\\/docelimaoloja.com.br\\\/wp-content\\\/uploads\\\/2020\\\/08\\\/logo-doce-limao.png\",\"contentUrl\":\"https:\\\/\\\/docelimaoloja.com.br\\\/wp-content\\\/uploads\\\/2020\\\/08\\\/logo-doce-limao.png\",\"width\":1280,\"height\":653,\"caption\":\"Loja Doce Limao\"},\"image\":{\"@id\":\"https:\\\/\\\/docelimaoloja.com.br\\\/#\\\/schema\\\/logo\\\/image\\\/\"}}]}<\/script>\n<!-- \/ Yoast SEO plugin. -->","yoast_head_json":{"title":"Oleato Sono Feliz - Loja Doce Limao","description":"Extrato oleoso (azeite de baba\u00e7u e \u00f3leo de girassol) da col\u00f4nia (planta excelente como ansiol\u00edtica, antidepressiva e calmante), que em sinergia com os OEs de Lim\u00e3o e Cipreste ir\u00e3o facilitar um SONO LEGAL.","robots":{"index":"index","follow":"follow","max-snippet":"max-snippet:-1","max-image-preview":"max-image-preview:large","max-video-preview":"max-video-preview:-1"},"canonical":"https:\/\/docelimaoloja.com.br\/en\/product\/oleato-sono-feliz\/","og_locale":"en_US","og_type":"article","og_title":"Oleato Sono Feliz - Loja Doce Limao","og_description":"Extrato oleoso (azeite de baba\u00e7u e \u00f3leo de girassol) da col\u00f4nia (planta excelente como ansiol\u00edtica, antidepressiva e calmante), que em sinergia com os OEs de Lim\u00e3o e Cipreste ir\u00e3o facilitar um SONO LEGAL.","og_url":"https:\/\/docelimaoloja.com.br\/en\/product\/oleato-sono-feliz\/","og_site_name":"Loja Doce Limao","article_modified_time":"2026-04-15T15:44:00+00:00","og_image":[{"width":1920,"height":2560,"url":"https:\/\/docelimaoloja.com.br\/wp-content\/uploads\/2024\/10\/OLEATO-SONO-FELIZ-scaled.jpg","type":"image\/jpeg"}],"twitter_card":"summary_large_image","twitter_misc":{"Est. reading time":"2 minutes"},"schema":{"@context":"https:\/\/schema.org","@graph":[{"@type":"WebPage","@id":"https:\/\/docelimaoloja.com.br\/produto\/oleato-sono-feliz\/","url":"https:\/\/docelimaoloja.com.br\/produto\/oleato-sono-feliz\/","name":"Oleato Sono Feliz - Loja Doce Limao","isPartOf":{"@id":"https:\/\/docelimaoloja.com.br\/#website"},"primaryImageOfPage":{"@id":"https:\/\/docelimaoloja.com.br\/produto\/oleato-sono-feliz\/#primaryimage"},"image":{"@id":"https:\/\/docelimaoloja.com.br\/produto\/oleato-sono-feliz\/#primaryimage"},"thumbnailUrl":"https:\/\/docelimaoloja.com.br\/wp-content\/uploads\/2024\/10\/OLEATO-SONO-FELIZ-scaled.jpg","datePublished":"2024-10-15T19:42:42+00:00","dateModified":"2026-04-15T15:44:00+00:00","description":"Extrato oleoso (azeite de baba\u00e7u e \u00f3leo de girassol) da col\u00f4nia (planta excelente como ansiol\u00edtica, antidepressiva e calmante), que em sinergia com os OEs de Lim\u00e3o e Cipreste ir\u00e3o facilitar um SONO LEGAL.","breadcrumb":{"@id":"https:\/\/docelimaoloja.com.br\/produto\/oleato-sono-feliz\/#breadcrumb"},"inLanguage":"en-US","potentialAction":[{"@type":"ReadAction","target":["https:\/\/docelimaoloja.com.br\/produto\/oleato-sono-feliz\/"]}]},{"@type":"ImageObject","inLanguage":"en-US","@id":"https:\/\/docelimaoloja.com.br\/produto\/oleato-sono-feliz\/#primaryimage","url":"https:\/\/docelimaoloja.com.br\/wp-content\/uploads\/2024\/10\/OLEATO-SONO-FELIZ-scaled.jpg","contentUrl":"https:\/\/docelimaoloja.com.br\/wp-content\/uploads\/2024\/10\/OLEATO-SONO-FELIZ-scaled.jpg","width":1920,"height":2560},{"@type":"BreadcrumbList","@id":"https:\/\/docelimaoloja.com.br\/produto\/oleato-sono-feliz\/#breadcrumb","itemListElement":[{"@type":"ListItem","position":1,"name":"In\u00edcio","item":"https:\/\/docelimaoloja.com.br\/"},{"@type":"ListItem","position":2,"name":"Loja Virtual","item":"https:\/\/docelimaoloja.com.br\/loja-virtual\/"},{"@type":"ListItem","position":3,"name":"Oleato Sono Feliz"}]},{"@type":"WebSite","@id":"https:\/\/docelimaoloja.com.br\/#website","url":"https:\/\/docelimaoloja.com.br\/","name":"Loja Doce Limao","description":"Loja Natural","publisher":{"@id":"https:\/\/docelimaoloja.com.br\/#organization"},"potentialAction":[{"@type":"SearchAction","target":{"@type":"EntryPoint","urlTemplate":"https:\/\/docelimaoloja.com.br\/?s={search_term_string}"},"query-input":{"@type":"PropertyValueSpecification","valueRequired":true,"valueName":"search_term_string"}}],"inLanguage":"en-US"},{"@type":"Organization","@id":"https:\/\/docelimaoloja.com.br\/#organization","name":"Loja Doce Limao","url":"https:\/\/docelimaoloja.com.br\/","logo":{"@type":"ImageObject","inLanguage":"en-US","@id":"https:\/\/docelimaoloja.com.br\/#\/schema\/logo\/image\/","url":"https:\/\/docelimaoloja.com.br\/wp-content\/uploads\/2020\/08\/logo-doce-limao.png","contentUrl":"https:\/\/docelimaoloja.com.br\/wp-content\/uploads\/2020\/08\/logo-doce-limao.png","width":1280,"height":653,"caption":"Loja Doce Limao"},"image":{"@id":"https:\/\/docelimaoloja.com.br\/#\/schema\/logo\/image\/"}}]}},"_links":{"self":[{"href":"https:\/\/docelimaoloja.com.br\/en\/wp-json\/wp\/v2\/product\/21445","targetHints":{"allow":["GET"]}}],"collection":[{"href":"https:\/\/docelimaoloja.com.br\/en\/wp-json\/wp\/v2\/product"}],"about":[{"href":"https:\/\/docelimaoloja.com.br\/en\/wp-json\/wp\/v2\/types\/product"}],"replies":[{"embeddable":true,"href":"https:\/\/docelimaoloja.com.br\/en\/wp-json\/wp\/v2\/comments?post=21445"}],"wp:featuredmedia":[{"embeddable":true,"href":"https:\/\/docelimaoloja.com.br\/en\/wp-json\/wp\/v2\/media\/21446"}],"wp:attachment":[{"href":"https:\/\/docelimaoloja.com.br\/en\/wp-json\/wp\/v2\/media?parent=21445"}],"wp:term":[{"taxonomy":"product_brand","embeddable":true,"href":"https:\/\/docelimaoloja.com.br\/en\/wp-json\/wp\/v2\/product_brand?post=21445"},{"taxonomy":"product_cat","embeddable":true,"href":"https:\/\/docelimaoloja.com.br\/en\/wp-json\/wp\/v2\/product_cat?post=21445"},{"taxonomy":"product_tag","embeddable":true,"href":"https:\/\/docelimaoloja.com.br\/en\/wp-json\/wp\/v2\/product_tag?post=21445"}],"curies":[{"name":"wp","href":"https:\/\/api.w.org\/{rel}","templated":true}]}}