{"id":21442,"date":"2024-10-15T18:56:44","date_gmt":"2024-10-15T18:56:44","guid":{"rendered":"https:\/\/docelimaoloja.com.br\/?post_type=product&#038;p=21442"},"modified":"2026-04-13T01:25:42","modified_gmt":"2026-04-13T01:25:42","slug":"tintura-caroco-abacate-e-erva-baleeira","status":"publish","type":"product","link":"https:\/\/docelimaoloja.com.br\/en\/product\/tintura-caroco-abacate-e-erva-baleeira\/","title":{"rendered":"Tintura Caro\u00e7o Abacate e Erva Baleeira"},"content":{"rendered":"<p>Penso que plantas com propriedades funcionais s\u00e3o muito recomend\u00e1veis para o tratamento de diversas patologias, principalmente quando em est\u00e1gios iniciais ou somente agudas.<\/p>\n<p><span style=\"font-size: 1rem\">Em princ\u00edpio temos as luxa\u00e7\u00f5es e aquelas dores p\u00f3s exerc\u00edcios&#8230; <\/span><span style=\"font-size: 1rem\">Bem, temos<\/span><span style=\"font-size: 1rem\"> a artrose e artrite que s\u00e3o patologias silenciosas. J\u00e1 as mialgias nem tanto. <\/span><\/p>\n<p><span style=\"font-size: 1rem\">E aqui, em todos estes casos, a tintura do caro\u00e7o do abacate \u00e9 primorosa. <\/span>Mas quando juntamos com a tintura da erva baleeira acontece uma sinergia, porque vamos ter a\u00e7\u00e3o antiinflamat\u00f3ria, antioxidante e cicatrizante potencializadas.<\/p>\n<p>Bem, o uso de f\u00e1rmacos, na maioria das vezes considero meio contra-indicados, \u00e0 menos que haja um acompanhamento de perto de um profissional da sa\u00fade com uma abordagem idealmente\u00a0 integrativa&#8230;<\/p>\n<p>E aqui vem a fitoterapia, que super recomendo, seja na forma de ch\u00e1s e tinturas, os oleatos, os escalda-p\u00e9s, os banhos&#8230; Al\u00e9m da aromaterapia e tamb\u00e9m da homeopatia.<\/p>\n<p>O uso t\u00f3pico \u00e9 simples: basta colocar algumas gotas nas m\u00e3os e passar sobre o local. V\u00e1rias vezes\/dia.<\/p>\n<p>A posologia de uso interno para adultos \u00e9 de 5-10 gotas em meio copo de \u00e1gua filtrada, 3-4 vezes\/dia.<\/p>","protected":false},"excerpt":{"rendered":"<p>Forte a\u00e7\u00e3o anti-inflamat\u00f3ria, antioxidante e cicatrizante.<br \/>\nTrata reumatismo, artrite reumat\u00f3ide, gota, dores musculares e da coluna, prostatites, nevralgias e contus\u00f5es. Cicatriza\u00e7\u00e3o de feridas externas.<\/p>\n<p><strong>Uso t\u00f3pico com massagem local.<\/strong><br \/>\n<strong>Uso interno:<\/strong> 5-10 gotas em \u00e1gua filtrada 3-4 vezes\/dia.<\/p>\n<p>Em frasco de vidro \u00e2mbar, com gotejador.<br \/>\nCont\u00e9m 60 ml &#8211; Validade 2 anos.<\/p>","protected":false},"featured_media":21443,"comment_status":"open","ping_status":"closed","template":"","meta":[],"product_brand":[],"product_cat":[919],"product_tag":[],"class_list":{"0":"post-21442","1":"product","2":"type-product","3":"status-publish","4":"has-post-thumbnail","6":"product_cat-fitoterapia","8":"first","9":"outofstock","10":"shipping-taxable","11":"purchasable","12":"product-type-simple"},"yoast_head":"<!-- This site is optimized with the Yoast SEO plugin v27.4 - https:\/\/yoast.com\/product\/yoast-seo-wordpress\/ -->\n<title>Tintura Caro\u00e7o Abacate e Erva Baleeira - Loja Doce Limao<\/title>\n<meta name=\"description\" content=\"Extrato alco\u00f3lico de Caro\u00e7o de Abacate e Erva Baleeira, que em sinergia t\u00eam a\u00e7\u00e3o antiinflamat\u00f3ria, antioxidante e cicatrizante.\" \/>\n<meta name=\"robots\" content=\"index, follow, max-snippet:-1, max-image-preview:large, max-video-preview:-1\" \/>\n<link rel=\"canonical\" href=\"https:\/\/docelimaoloja.com.br\/en\/product\/tintura-caroco-abacate-e-erva-baleeira\/\" \/>\n<meta property=\"og:locale\" content=\"en_US\" \/>\n<meta property=\"og:type\" content=\"article\" \/>\n<meta property=\"og:title\" content=\"Tintura Caro\u00e7o Abacate e Erva Baleeira - Loja Doce Limao\" \/>\n<meta property=\"og:description\" content=\"Extrato alco\u00f3lico de Caro\u00e7o de Abacate e Erva Baleeira, que em sinergia t\u00eam a\u00e7\u00e3o antiinflamat\u00f3ria, antioxidante e cicatrizante.\" \/>\n<meta property=\"og:url\" content=\"https:\/\/docelimaoloja.com.br\/en\/product\/tintura-caroco-abacate-e-erva-baleeira\/\" \/>\n<meta property=\"og:site_name\" content=\"Loja Doce Limao\" \/>\n<meta property=\"article:modified_time\" content=\"2026-04-13T01:25:42+00:00\" \/>\n<meta property=\"og:image\" content=\"https:\/\/docelimaoloja.com.br\/wp-content\/uploads\/2024\/10\/TINTURA-CAROCO-ABACATE-2-scaled.jpg\" \/>\n\t<meta property=\"og:image:width\" content=\"924\" \/>\n\t<meta property=\"og:image:height\" content=\"2560\" \/>\n\t<meta property=\"og:image:type\" content=\"image\/jpeg\" \/>\n<meta name=\"twitter:card\" content=\"summary_large_image\" \/>\n<meta name=\"twitter:label1\" content=\"Est. reading time\" \/>\n\t<meta name=\"twitter:data1\" content=\"2 minutes\" \/>\n<script type=\"application\/ld+json\" class=\"yoast-schema-graph\">{\"@context\":\"https:\\\/\\\/schema.org\",\"@graph\":[{\"@type\":\"WebPage\",\"@id\":\"https:\\\/\\\/docelimaoloja.com.br\\\/produto\\\/tintura-caroco-abacate-e-erva-baleeira\\\/\",\"url\":\"https:\\\/\\\/docelimaoloja.com.br\\\/produto\\\/tintura-caroco-abacate-e-erva-baleeira\\\/\",\"name\":\"Tintura Caro\u00e7o Abacate e Erva Baleeira - Loja Doce Limao\",\"isPartOf\":{\"@id\":\"https:\\\/\\\/docelimaoloja.com.br\\\/#website\"},\"primaryImageOfPage\":{\"@id\":\"https:\\\/\\\/docelimaoloja.com.br\\\/produto\\\/tintura-caroco-abacate-e-erva-baleeira\\\/#primaryimage\"},\"image\":{\"@id\":\"https:\\\/\\\/docelimaoloja.com.br\\\/produto\\\/tintura-caroco-abacate-e-erva-baleeira\\\/#primaryimage\"},\"thumbnailUrl\":\"https:\\\/\\\/docelimaoloja.com.br\\\/wp-content\\\/uploads\\\/2024\\\/10\\\/TINTURA-CAROCO-ABACATE-2-scaled.jpg\",\"datePublished\":\"2024-10-15T18:56:44+00:00\",\"dateModified\":\"2026-04-13T01:25:42+00:00\",\"description\":\"Extrato alco\u00f3lico de Caro\u00e7o de Abacate e Erva Baleeira, que em sinergia t\u00eam a\u00e7\u00e3o antiinflamat\u00f3ria, antioxidante e cicatrizante.\",\"breadcrumb\":{\"@id\":\"https:\\\/\\\/docelimaoloja.com.br\\\/produto\\\/tintura-caroco-abacate-e-erva-baleeira\\\/#breadcrumb\"},\"inLanguage\":\"en-US\",\"potentialAction\":[{\"@type\":\"ReadAction\",\"target\":[\"https:\\\/\\\/docelimaoloja.com.br\\\/produto\\\/tintura-caroco-abacate-e-erva-baleeira\\\/\"]}]},{\"@type\":\"ImageObject\",\"inLanguage\":\"en-US\",\"@id\":\"https:\\\/\\\/docelimaoloja.com.br\\\/produto\\\/tintura-caroco-abacate-e-erva-baleeira\\\/#primaryimage\",\"url\":\"https:\\\/\\\/docelimaoloja.com.br\\\/wp-content\\\/uploads\\\/2024\\\/10\\\/TINTURA-CAROCO-ABACATE-2-scaled.jpg\",\"contentUrl\":\"https:\\\/\\\/docelimaoloja.com.br\\\/wp-content\\\/uploads\\\/2024\\\/10\\\/TINTURA-CAROCO-ABACATE-2-scaled.jpg\",\"width\":924,\"height\":2560},{\"@type\":\"BreadcrumbList\",\"@id\":\"https:\\\/\\\/docelimaoloja.com.br\\\/produto\\\/tintura-caroco-abacate-e-erva-baleeira\\\/#breadcrumb\",\"itemListElement\":[{\"@type\":\"ListItem\",\"position\":1,\"name\":\"In\u00edcio\",\"item\":\"https:\\\/\\\/docelimaoloja.com.br\\\/\"},{\"@type\":\"ListItem\",\"position\":2,\"name\":\"Loja Virtual\",\"item\":\"https:\\\/\\\/docelimaoloja.com.br\\\/loja-virtual\\\/\"},{\"@type\":\"ListItem\",\"position\":3,\"name\":\"Tintura Caro\u00e7o Abacate e Erva Baleeira\"}]},{\"@type\":\"WebSite\",\"@id\":\"https:\\\/\\\/docelimaoloja.com.br\\\/#website\",\"url\":\"https:\\\/\\\/docelimaoloja.com.br\\\/\",\"name\":\"Loja Doce Limao\",\"description\":\"Loja Natural\",\"publisher\":{\"@id\":\"https:\\\/\\\/docelimaoloja.com.br\\\/#organization\"},\"potentialAction\":[{\"@type\":\"SearchAction\",\"target\":{\"@type\":\"EntryPoint\",\"urlTemplate\":\"https:\\\/\\\/docelimaoloja.com.br\\\/?s={search_term_string}\"},\"query-input\":{\"@type\":\"PropertyValueSpecification\",\"valueRequired\":true,\"valueName\":\"search_term_string\"}}],\"inLanguage\":\"en-US\"},{\"@type\":\"Organization\",\"@id\":\"https:\\\/\\\/docelimaoloja.com.br\\\/#organization\",\"name\":\"Loja Doce Limao\",\"url\":\"https:\\\/\\\/docelimaoloja.com.br\\\/\",\"logo\":{\"@type\":\"ImageObject\",\"inLanguage\":\"en-US\",\"@id\":\"https:\\\/\\\/docelimaoloja.com.br\\\/#\\\/schema\\\/logo\\\/image\\\/\",\"url\":\"https:\\\/\\\/docelimaoloja.com.br\\\/wp-content\\\/uploads\\\/2020\\\/08\\\/logo-doce-limao.png\",\"contentUrl\":\"https:\\\/\\\/docelimaoloja.com.br\\\/wp-content\\\/uploads\\\/2020\\\/08\\\/logo-doce-limao.png\",\"width\":1280,\"height\":653,\"caption\":\"Loja Doce Limao\"},\"image\":{\"@id\":\"https:\\\/\\\/docelimaoloja.com.br\\\/#\\\/schema\\\/logo\\\/image\\\/\"}}]}<\/script>\n<!-- \/ Yoast SEO plugin. -->","yoast_head_json":{"title":"Tintura Caro\u00e7o Abacate e Erva Baleeira - Loja Doce Limao","description":"Extrato alco\u00f3lico de Caro\u00e7o de Abacate e Erva Baleeira, que em sinergia t\u00eam a\u00e7\u00e3o antiinflamat\u00f3ria, antioxidante e cicatrizante.","robots":{"index":"index","follow":"follow","max-snippet":"max-snippet:-1","max-image-preview":"max-image-preview:large","max-video-preview":"max-video-preview:-1"},"canonical":"https:\/\/docelimaoloja.com.br\/en\/product\/tintura-caroco-abacate-e-erva-baleeira\/","og_locale":"en_US","og_type":"article","og_title":"Tintura Caro\u00e7o Abacate e Erva Baleeira - Loja Doce Limao","og_description":"Extrato alco\u00f3lico de Caro\u00e7o de Abacate e Erva Baleeira, que em sinergia t\u00eam a\u00e7\u00e3o antiinflamat\u00f3ria, antioxidante e cicatrizante.","og_url":"https:\/\/docelimaoloja.com.br\/en\/product\/tintura-caroco-abacate-e-erva-baleeira\/","og_site_name":"Loja Doce Limao","article_modified_time":"2026-04-13T01:25:42+00:00","og_image":[{"width":924,"height":2560,"url":"https:\/\/docelimaoloja.com.br\/wp-content\/uploads\/2024\/10\/TINTURA-CAROCO-ABACATE-2-scaled.jpg","type":"image\/jpeg"}],"twitter_card":"summary_large_image","twitter_misc":{"Est. reading time":"2 minutes"},"schema":{"@context":"https:\/\/schema.org","@graph":[{"@type":"WebPage","@id":"https:\/\/docelimaoloja.com.br\/produto\/tintura-caroco-abacate-e-erva-baleeira\/","url":"https:\/\/docelimaoloja.com.br\/produto\/tintura-caroco-abacate-e-erva-baleeira\/","name":"Tintura Caro\u00e7o Abacate e Erva Baleeira - Loja Doce Limao","isPartOf":{"@id":"https:\/\/docelimaoloja.com.br\/#website"},"primaryImageOfPage":{"@id":"https:\/\/docelimaoloja.com.br\/produto\/tintura-caroco-abacate-e-erva-baleeira\/#primaryimage"},"image":{"@id":"https:\/\/docelimaoloja.com.br\/produto\/tintura-caroco-abacate-e-erva-baleeira\/#primaryimage"},"thumbnailUrl":"https:\/\/docelimaoloja.com.br\/wp-content\/uploads\/2024\/10\/TINTURA-CAROCO-ABACATE-2-scaled.jpg","datePublished":"2024-10-15T18:56:44+00:00","dateModified":"2026-04-13T01:25:42+00:00","description":"Extrato alco\u00f3lico de Caro\u00e7o de Abacate e Erva Baleeira, que em sinergia t\u00eam a\u00e7\u00e3o antiinflamat\u00f3ria, antioxidante e cicatrizante.","breadcrumb":{"@id":"https:\/\/docelimaoloja.com.br\/produto\/tintura-caroco-abacate-e-erva-baleeira\/#breadcrumb"},"inLanguage":"en-US","potentialAction":[{"@type":"ReadAction","target":["https:\/\/docelimaoloja.com.br\/produto\/tintura-caroco-abacate-e-erva-baleeira\/"]}]},{"@type":"ImageObject","inLanguage":"en-US","@id":"https:\/\/docelimaoloja.com.br\/produto\/tintura-caroco-abacate-e-erva-baleeira\/#primaryimage","url":"https:\/\/docelimaoloja.com.br\/wp-content\/uploads\/2024\/10\/TINTURA-CAROCO-ABACATE-2-scaled.jpg","contentUrl":"https:\/\/docelimaoloja.com.br\/wp-content\/uploads\/2024\/10\/TINTURA-CAROCO-ABACATE-2-scaled.jpg","width":924,"height":2560},{"@type":"BreadcrumbList","@id":"https:\/\/docelimaoloja.com.br\/produto\/tintura-caroco-abacate-e-erva-baleeira\/#breadcrumb","itemListElement":[{"@type":"ListItem","position":1,"name":"In\u00edcio","item":"https:\/\/docelimaoloja.com.br\/"},{"@type":"ListItem","position":2,"name":"Loja Virtual","item":"https:\/\/docelimaoloja.com.br\/loja-virtual\/"},{"@type":"ListItem","position":3,"name":"Tintura Caro\u00e7o Abacate e Erva Baleeira"}]},{"@type":"WebSite","@id":"https:\/\/docelimaoloja.com.br\/#website","url":"https:\/\/docelimaoloja.com.br\/","name":"Loja Doce Limao","description":"Loja Natural","publisher":{"@id":"https:\/\/docelimaoloja.com.br\/#organization"},"potentialAction":[{"@type":"SearchAction","target":{"@type":"EntryPoint","urlTemplate":"https:\/\/docelimaoloja.com.br\/?s={search_term_string}"},"query-input":{"@type":"PropertyValueSpecification","valueRequired":true,"valueName":"search_term_string"}}],"inLanguage":"en-US"},{"@type":"Organization","@id":"https:\/\/docelimaoloja.com.br\/#organization","name":"Loja Doce Limao","url":"https:\/\/docelimaoloja.com.br\/","logo":{"@type":"ImageObject","inLanguage":"en-US","@id":"https:\/\/docelimaoloja.com.br\/#\/schema\/logo\/image\/","url":"https:\/\/docelimaoloja.com.br\/wp-content\/uploads\/2020\/08\/logo-doce-limao.png","contentUrl":"https:\/\/docelimaoloja.com.br\/wp-content\/uploads\/2020\/08\/logo-doce-limao.png","width":1280,"height":653,"caption":"Loja Doce Limao"},"image":{"@id":"https:\/\/docelimaoloja.com.br\/#\/schema\/logo\/image\/"}}]}},"_links":{"self":[{"href":"https:\/\/docelimaoloja.com.br\/en\/wp-json\/wp\/v2\/product\/21442","targetHints":{"allow":["GET"]}}],"collection":[{"href":"https:\/\/docelimaoloja.com.br\/en\/wp-json\/wp\/v2\/product"}],"about":[{"href":"https:\/\/docelimaoloja.com.br\/en\/wp-json\/wp\/v2\/types\/product"}],"replies":[{"embeddable":true,"href":"https:\/\/docelimaoloja.com.br\/en\/wp-json\/wp\/v2\/comments?post=21442"}],"wp:featuredmedia":[{"embeddable":true,"href":"https:\/\/docelimaoloja.com.br\/en\/wp-json\/wp\/v2\/media\/21443"}],"wp:attachment":[{"href":"https:\/\/docelimaoloja.com.br\/en\/wp-json\/wp\/v2\/media?parent=21442"}],"wp:term":[{"taxonomy":"product_brand","embeddable":true,"href":"https:\/\/docelimaoloja.com.br\/en\/wp-json\/wp\/v2\/product_brand?post=21442"},{"taxonomy":"product_cat","embeddable":true,"href":"https:\/\/docelimaoloja.com.br\/en\/wp-json\/wp\/v2\/product_cat?post=21442"},{"taxonomy":"product_tag","embeddable":true,"href":"https:\/\/docelimaoloja.com.br\/en\/wp-json\/wp\/v2\/product_tag?post=21442"}],"curies":[{"name":"wp","href":"https:\/\/api.w.org\/{rel}","templated":true}]}}