{"id":21401,"date":"2024-10-09T15:31:55","date_gmt":"2024-10-09T15:31:55","guid":{"rendered":"https:\/\/docelimaoloja.com.br\/?post_type=product&#038;p=21401"},"modified":"2026-03-29T17:51:26","modified_gmt":"2026-03-29T17:51:26","slug":"bora-desparasitar-5-ervas-50g","status":"publish","type":"product","link":"https:\/\/docelimaoloja.com.br\/en\/product\/bora-desparasitar-5-ervas-50g\/","title":{"rendered":"Bora Desparasitar &#8211; 5 Ervas (50g)"},"content":{"rendered":"<p><b>Uma composi\u00e7\u00e3o fitoter\u00e1pica (terapia com plantas) de 5 ervas que podemos usar de diferentes formas, mas sempre com o prop\u00f3sito de proporcionar um ambiente in\u00f3spito para os vermes e parasitas.<\/b><\/p>\n<p>\u00c9 sempre bom sabermos sobre os ch\u00e1s que ajudam a tratar e manifestar com amor e harmonia a nossa sa\u00fade plural. A m\u00e3e natureza, as ervas e as flores s\u00e3o partes essenciais e materiais desta vibra\u00e7\u00e3o que acolhe, cura e cuida do SER.<\/p>\n<p>Mas aqui vamos al\u00e9m dos CH\u00c1S.<\/p>\n<p><strong>Formas de preparo:<\/strong><\/p>\n<ul>\n<li style=\"list-style-type: none\">\n<ul>\n<li><strong>CH\u00c1:<\/strong> aque\u00e7a 1 litro de \u00e1gua filtrada at\u00e9 <strong>quase<\/strong> Desligue o fogo e acrescente 1 colher (SOPA) da mistura de ervas. Tampe com um pires e deixe em infus\u00e3o por 10 minutos. Coe e tome (morno ou natural) ao longo do dia. Evite tomar l\u00edquidos 1 hora antes deitar. Tome por 30 dias.<\/li>\n<li><strong>Banho de assento:<\/strong> prepare o dobro desta receita e coloque em uma bacia (idealmente o bid\u00ea) que pode estar morno ou frio. Permanecer sentada(o) por um per\u00edodo de 5 a 10 minutos. Vista seu pijama!<\/li>\n<li><strong>Escalda-p\u00e9s: <\/strong>aque\u00e7a cerca de 2-3 litros de \u00e1gua e passe para o local onde ser\u00e1 seu escalda-p\u00e9s. Acrescente 1-2 colheres (sopa) do mix de ervas + 2 colheres (sopa) de sal grosso.<br \/>\nTeste a temperatura, que deve estar bem quente, mas toler\u00e1vel, e permane\u00e7a nesta proposta de deixar descer e sair pelos p\u00e9s todo o detox que voc\u00ea precisa. Ideal 15-20 minutos m\u00e1ximo. Retire e enxugue os p\u00e9s, coloque meia confort\u00e1vel e direto para a caminha: bons sonhos!<\/li>\n<\/ul>\n<\/li>\n<\/ul>","protected":false},"excerpt":{"rendered":"<p><strong>MIX 5 Ervas <em>&#8211; Bora Desparasitar<\/em><\/strong><\/p>\n<p><strong>Composi\u00e7\u00e3o:<\/strong> Pic\u00e3o preto \u2013 Mel\u00e3o S\u00e3o Caetano \u2013 Erva Baleeira \u2013 Col\u00f4nia \u2013 Mastruz.<\/p>\n<p><strong>Cont\u00e9m: <\/strong>50g \/ Tratamento para 30 dias \/ <strong>Validade:<\/strong> 2 anos<\/p>\n<p>Role a p\u00e1gina para acessar a bula com as instru\u00e7\u00f5es de preparo e uso das v\u00e1rias op\u00e7\u00f5es de realizar uma desparasita\u00e7\u00e3o de 30 dias, que ir\u00e1 ainda proporcionar qualidade do sono e sa\u00fade mental.<\/p>","protected":false},"featured_media":21402,"comment_status":"open","ping_status":"closed","template":"","meta":[],"product_brand":[],"product_cat":[127,919],"product_tag":[501,497,491,490,480,499,494,493,492,498,495,496,500],"class_list":{"0":"post-21401","1":"product","2":"type-product","3":"status-publish","4":"has-post-thumbnail","6":"product_cat-chas","7":"product_cat-fitoterapia","8":"product_tag-acolhe-o-feminino","9":"product_tag-acorda","10":"product_tag-cavalinha","11":"product_tag-cha-4-ervas-harmonizador-do-feminino","12":"product_tag-conceicao-trucom","13":"product_tag-energiza","14":"product_tag-equilibra-hormonios","15":"product_tag-folha-amoreira","16":"product_tag-harmoniza-os-rins-e-liquidos-corporais","17":"product_tag-hibisco","18":"product_tag-menta","19":"product_tag-refresca","20":"product_tag-relaxa","22":"first","23":"instock","24":"sale","25":"shipping-taxable","26":"purchasable","27":"product-type-simple"},"yoast_head":"<!-- This site is optimized with the Yoast SEO plugin v27.4 - https:\/\/yoast.com\/product\/yoast-seo-wordpress\/ -->\n<title>Bora Desparasitar - 5 Ervas (50g) - Loja Doce Limao<\/title>\n<meta name=\"description\" content=\"Este MIX de ervas vai al\u00e9m do ch\u00e1, que certamente ir\u00e1 te proporcionar um al\u00edvio de vermes e parasitas. Os banhos de assento e escalda-p\u00e9s ser\u00e3o excelentes para complementar o tratamento fitoter\u00e1pico.\" \/>\n<meta name=\"robots\" content=\"index, follow, max-snippet:-1, max-image-preview:large, max-video-preview:-1\" \/>\n<link rel=\"canonical\" href=\"https:\/\/docelimaoloja.com.br\/en\/product\/bora-desparasitar-5-ervas-50g\/\" \/>\n<meta property=\"og:locale\" content=\"en_US\" \/>\n<meta property=\"og:type\" content=\"article\" \/>\n<meta property=\"og:title\" content=\"Bora Desparasitar - 5 Ervas (50g) - Loja Doce Limao\" \/>\n<meta property=\"og:description\" content=\"Este MIX de ervas vai al\u00e9m do ch\u00e1, que certamente ir\u00e1 te proporcionar um al\u00edvio de vermes e parasitas. Os banhos de assento e escalda-p\u00e9s ser\u00e3o excelentes para complementar o tratamento fitoter\u00e1pico.\" \/>\n<meta property=\"og:url\" content=\"https:\/\/docelimaoloja.com.br\/en\/product\/bora-desparasitar-5-ervas-50g\/\" \/>\n<meta property=\"og:site_name\" content=\"Loja Doce Limao\" \/>\n<meta property=\"article:modified_time\" content=\"2026-03-29T17:51:26+00:00\" \/>\n<meta property=\"og:image\" content=\"https:\/\/docelimaoloja.com.br\/wp-content\/uploads\/2024\/10\/MIX-ERVAS-DESPARASITAR-scaled.jpg\" \/>\n\t<meta property=\"og:image:width\" content=\"1920\" \/>\n\t<meta property=\"og:image:height\" content=\"2560\" \/>\n\t<meta property=\"og:image:type\" content=\"image\/jpeg\" \/>\n<meta name=\"twitter:card\" content=\"summary_large_image\" \/>\n<meta name=\"twitter:label1\" content=\"Est. reading time\" \/>\n\t<meta name=\"twitter:data1\" content=\"2 minutes\" \/>\n<script type=\"application\/ld+json\" class=\"yoast-schema-graph\">{\"@context\":\"https:\\\/\\\/schema.org\",\"@graph\":[{\"@type\":\"WebPage\",\"@id\":\"https:\\\/\\\/docelimaoloja.com.br\\\/produto\\\/bora-desparasitar-5-ervas-50g\\\/\",\"url\":\"https:\\\/\\\/docelimaoloja.com.br\\\/produto\\\/bora-desparasitar-5-ervas-50g\\\/\",\"name\":\"Bora Desparasitar - 5 Ervas (50g) - Loja Doce Limao\",\"isPartOf\":{\"@id\":\"https:\\\/\\\/docelimaoloja.com.br\\\/#website\"},\"primaryImageOfPage\":{\"@id\":\"https:\\\/\\\/docelimaoloja.com.br\\\/produto\\\/bora-desparasitar-5-ervas-50g\\\/#primaryimage\"},\"image\":{\"@id\":\"https:\\\/\\\/docelimaoloja.com.br\\\/produto\\\/bora-desparasitar-5-ervas-50g\\\/#primaryimage\"},\"thumbnailUrl\":\"https:\\\/\\\/docelimaoloja.com.br\\\/wp-content\\\/uploads\\\/2024\\\/10\\\/MIX-ERVAS-DESPARASITAR-scaled.jpg\",\"datePublished\":\"2024-10-09T15:31:55+00:00\",\"dateModified\":\"2026-03-29T17:51:26+00:00\",\"description\":\"Este MIX de ervas vai al\u00e9m do ch\u00e1, que certamente ir\u00e1 te proporcionar um al\u00edvio de vermes e parasitas. Os banhos de assento e escalda-p\u00e9s ser\u00e3o excelentes para complementar o tratamento fitoter\u00e1pico.\",\"breadcrumb\":{\"@id\":\"https:\\\/\\\/docelimaoloja.com.br\\\/produto\\\/bora-desparasitar-5-ervas-50g\\\/#breadcrumb\"},\"inLanguage\":\"en-US\",\"potentialAction\":[{\"@type\":\"ReadAction\",\"target\":[\"https:\\\/\\\/docelimaoloja.com.br\\\/produto\\\/bora-desparasitar-5-ervas-50g\\\/\"]}]},{\"@type\":\"ImageObject\",\"inLanguage\":\"en-US\",\"@id\":\"https:\\\/\\\/docelimaoloja.com.br\\\/produto\\\/bora-desparasitar-5-ervas-50g\\\/#primaryimage\",\"url\":\"https:\\\/\\\/docelimaoloja.com.br\\\/wp-content\\\/uploads\\\/2024\\\/10\\\/MIX-ERVAS-DESPARASITAR-scaled.jpg\",\"contentUrl\":\"https:\\\/\\\/docelimaoloja.com.br\\\/wp-content\\\/uploads\\\/2024\\\/10\\\/MIX-ERVAS-DESPARASITAR-scaled.jpg\",\"width\":1920,\"height\":2560},{\"@type\":\"BreadcrumbList\",\"@id\":\"https:\\\/\\\/docelimaoloja.com.br\\\/produto\\\/bora-desparasitar-5-ervas-50g\\\/#breadcrumb\",\"itemListElement\":[{\"@type\":\"ListItem\",\"position\":1,\"name\":\"In\u00edcio\",\"item\":\"https:\\\/\\\/docelimaoloja.com.br\\\/\"},{\"@type\":\"ListItem\",\"position\":2,\"name\":\"Loja Virtual\",\"item\":\"https:\\\/\\\/docelimaoloja.com.br\\\/loja-virtual\\\/\"},{\"@type\":\"ListItem\",\"position\":3,\"name\":\"Bora Desparasitar &#8211; 5 Ervas (50g)\"}]},{\"@type\":\"WebSite\",\"@id\":\"https:\\\/\\\/docelimaoloja.com.br\\\/#website\",\"url\":\"https:\\\/\\\/docelimaoloja.com.br\\\/\",\"name\":\"Loja Doce Limao\",\"description\":\"Loja Natural\",\"publisher\":{\"@id\":\"https:\\\/\\\/docelimaoloja.com.br\\\/#organization\"},\"potentialAction\":[{\"@type\":\"SearchAction\",\"target\":{\"@type\":\"EntryPoint\",\"urlTemplate\":\"https:\\\/\\\/docelimaoloja.com.br\\\/?s={search_term_string}\"},\"query-input\":{\"@type\":\"PropertyValueSpecification\",\"valueRequired\":true,\"valueName\":\"search_term_string\"}}],\"inLanguage\":\"en-US\"},{\"@type\":\"Organization\",\"@id\":\"https:\\\/\\\/docelimaoloja.com.br\\\/#organization\",\"name\":\"Loja Doce Limao\",\"url\":\"https:\\\/\\\/docelimaoloja.com.br\\\/\",\"logo\":{\"@type\":\"ImageObject\",\"inLanguage\":\"en-US\",\"@id\":\"https:\\\/\\\/docelimaoloja.com.br\\\/#\\\/schema\\\/logo\\\/image\\\/\",\"url\":\"https:\\\/\\\/docelimaoloja.com.br\\\/wp-content\\\/uploads\\\/2020\\\/08\\\/logo-doce-limao.png\",\"contentUrl\":\"https:\\\/\\\/docelimaoloja.com.br\\\/wp-content\\\/uploads\\\/2020\\\/08\\\/logo-doce-limao.png\",\"width\":1280,\"height\":653,\"caption\":\"Loja Doce Limao\"},\"image\":{\"@id\":\"https:\\\/\\\/docelimaoloja.com.br\\\/#\\\/schema\\\/logo\\\/image\\\/\"}}]}<\/script>\n<!-- \/ Yoast SEO plugin. -->","yoast_head_json":{"title":"Bora Desparasitar - 5 Ervas (50g) - Loja Doce Limao","description":"Este MIX de ervas vai al\u00e9m do ch\u00e1, que certamente ir\u00e1 te proporcionar um al\u00edvio de vermes e parasitas. Os banhos de assento e escalda-p\u00e9s ser\u00e3o excelentes para complementar o tratamento fitoter\u00e1pico.","robots":{"index":"index","follow":"follow","max-snippet":"max-snippet:-1","max-image-preview":"max-image-preview:large","max-video-preview":"max-video-preview:-1"},"canonical":"https:\/\/docelimaoloja.com.br\/en\/product\/bora-desparasitar-5-ervas-50g\/","og_locale":"en_US","og_type":"article","og_title":"Bora Desparasitar - 5 Ervas (50g) - Loja Doce Limao","og_description":"Este MIX de ervas vai al\u00e9m do ch\u00e1, que certamente ir\u00e1 te proporcionar um al\u00edvio de vermes e parasitas. Os banhos de assento e escalda-p\u00e9s ser\u00e3o excelentes para complementar o tratamento fitoter\u00e1pico.","og_url":"https:\/\/docelimaoloja.com.br\/en\/product\/bora-desparasitar-5-ervas-50g\/","og_site_name":"Loja Doce Limao","article_modified_time":"2026-03-29T17:51:26+00:00","og_image":[{"width":1920,"height":2560,"url":"https:\/\/docelimaoloja.com.br\/wp-content\/uploads\/2024\/10\/MIX-ERVAS-DESPARASITAR-scaled.jpg","type":"image\/jpeg"}],"twitter_card":"summary_large_image","twitter_misc":{"Est. reading time":"2 minutes"},"schema":{"@context":"https:\/\/schema.org","@graph":[{"@type":"WebPage","@id":"https:\/\/docelimaoloja.com.br\/produto\/bora-desparasitar-5-ervas-50g\/","url":"https:\/\/docelimaoloja.com.br\/produto\/bora-desparasitar-5-ervas-50g\/","name":"Bora Desparasitar - 5 Ervas (50g) - Loja Doce Limao","isPartOf":{"@id":"https:\/\/docelimaoloja.com.br\/#website"},"primaryImageOfPage":{"@id":"https:\/\/docelimaoloja.com.br\/produto\/bora-desparasitar-5-ervas-50g\/#primaryimage"},"image":{"@id":"https:\/\/docelimaoloja.com.br\/produto\/bora-desparasitar-5-ervas-50g\/#primaryimage"},"thumbnailUrl":"https:\/\/docelimaoloja.com.br\/wp-content\/uploads\/2024\/10\/MIX-ERVAS-DESPARASITAR-scaled.jpg","datePublished":"2024-10-09T15:31:55+00:00","dateModified":"2026-03-29T17:51:26+00:00","description":"Este MIX de ervas vai al\u00e9m do ch\u00e1, que certamente ir\u00e1 te proporcionar um al\u00edvio de vermes e parasitas. Os banhos de assento e escalda-p\u00e9s ser\u00e3o excelentes para complementar o tratamento fitoter\u00e1pico.","breadcrumb":{"@id":"https:\/\/docelimaoloja.com.br\/produto\/bora-desparasitar-5-ervas-50g\/#breadcrumb"},"inLanguage":"en-US","potentialAction":[{"@type":"ReadAction","target":["https:\/\/docelimaoloja.com.br\/produto\/bora-desparasitar-5-ervas-50g\/"]}]},{"@type":"ImageObject","inLanguage":"en-US","@id":"https:\/\/docelimaoloja.com.br\/produto\/bora-desparasitar-5-ervas-50g\/#primaryimage","url":"https:\/\/docelimaoloja.com.br\/wp-content\/uploads\/2024\/10\/MIX-ERVAS-DESPARASITAR-scaled.jpg","contentUrl":"https:\/\/docelimaoloja.com.br\/wp-content\/uploads\/2024\/10\/MIX-ERVAS-DESPARASITAR-scaled.jpg","width":1920,"height":2560},{"@type":"BreadcrumbList","@id":"https:\/\/docelimaoloja.com.br\/produto\/bora-desparasitar-5-ervas-50g\/#breadcrumb","itemListElement":[{"@type":"ListItem","position":1,"name":"In\u00edcio","item":"https:\/\/docelimaoloja.com.br\/"},{"@type":"ListItem","position":2,"name":"Loja Virtual","item":"https:\/\/docelimaoloja.com.br\/loja-virtual\/"},{"@type":"ListItem","position":3,"name":"Bora Desparasitar &#8211; 5 Ervas (50g)"}]},{"@type":"WebSite","@id":"https:\/\/docelimaoloja.com.br\/#website","url":"https:\/\/docelimaoloja.com.br\/","name":"Loja Doce Limao","description":"Loja Natural","publisher":{"@id":"https:\/\/docelimaoloja.com.br\/#organization"},"potentialAction":[{"@type":"SearchAction","target":{"@type":"EntryPoint","urlTemplate":"https:\/\/docelimaoloja.com.br\/?s={search_term_string}"},"query-input":{"@type":"PropertyValueSpecification","valueRequired":true,"valueName":"search_term_string"}}],"inLanguage":"en-US"},{"@type":"Organization","@id":"https:\/\/docelimaoloja.com.br\/#organization","name":"Loja Doce Limao","url":"https:\/\/docelimaoloja.com.br\/","logo":{"@type":"ImageObject","inLanguage":"en-US","@id":"https:\/\/docelimaoloja.com.br\/#\/schema\/logo\/image\/","url":"https:\/\/docelimaoloja.com.br\/wp-content\/uploads\/2020\/08\/logo-doce-limao.png","contentUrl":"https:\/\/docelimaoloja.com.br\/wp-content\/uploads\/2020\/08\/logo-doce-limao.png","width":1280,"height":653,"caption":"Loja Doce Limao"},"image":{"@id":"https:\/\/docelimaoloja.com.br\/#\/schema\/logo\/image\/"}}]}},"_links":{"self":[{"href":"https:\/\/docelimaoloja.com.br\/en\/wp-json\/wp\/v2\/product\/21401","targetHints":{"allow":["GET"]}}],"collection":[{"href":"https:\/\/docelimaoloja.com.br\/en\/wp-json\/wp\/v2\/product"}],"about":[{"href":"https:\/\/docelimaoloja.com.br\/en\/wp-json\/wp\/v2\/types\/product"}],"replies":[{"embeddable":true,"href":"https:\/\/docelimaoloja.com.br\/en\/wp-json\/wp\/v2\/comments?post=21401"}],"wp:featuredmedia":[{"embeddable":true,"href":"https:\/\/docelimaoloja.com.br\/en\/wp-json\/wp\/v2\/media\/21402"}],"wp:attachment":[{"href":"https:\/\/docelimaoloja.com.br\/en\/wp-json\/wp\/v2\/media?parent=21401"}],"wp:term":[{"taxonomy":"product_brand","embeddable":true,"href":"https:\/\/docelimaoloja.com.br\/en\/wp-json\/wp\/v2\/product_brand?post=21401"},{"taxonomy":"product_cat","embeddable":true,"href":"https:\/\/docelimaoloja.com.br\/en\/wp-json\/wp\/v2\/product_cat?post=21401"},{"taxonomy":"product_tag","embeddable":true,"href":"https:\/\/docelimaoloja.com.br\/en\/wp-json\/wp\/v2\/product_tag?post=21401"}],"curies":[{"name":"wp","href":"https:\/\/api.w.org\/{rel}","templated":true}]}}