{"id":20596,"date":"2025-06-28T14:33:06","date_gmt":"2025-06-28T14:33:06","guid":{"rendered":"https:\/\/docelimaoloja.com.br\/?post_type=product&#038;p=20596"},"modified":"2026-03-18T02:22:27","modified_gmt":"2026-03-18T02:22:27","slug":"ervas-medicinais","status":"publish","type":"product","link":"https:\/\/docelimaoloja.com.br\/en\/product\/ervas-medicinais\/","title":{"rendered":"KIT com 4 Ervas para ch\u00e1s, banhos, tinturas e oleatos"},"content":{"rendered":"<p>As explica\u00e7\u00f5es completas de benef\u00edcios, cuidados e formas de preparo voc\u00ea acessa pelo nosso site:<br \/>\nClique &#8211;&gt; <a href=\"https:\/\/www.docelimao.com.br\/site\/colaboradores\/157-de-bem-com-o-planeta\/3504-como-preparar-seu-oleato-de-ervas.html\">OLEATOS<\/a> ou <a href=\"https:\/\/www.docelimao.com.br\/site\/de-bem-com-o-planeta\/agricultor-e-consumidor-conscientes\/3505-tinturas-medicinais-de-ervas-metodo-de-preparo.html\">TINTURAS<\/a><\/p>\n<p><strong>A Abre caminho,<\/strong>\u00a0tamb\u00e9m conhecida como\u00a0<em>Justi\u00e7a gendarussa, Quebra-demanda, Vence-tudo e Vence-demanda.<\/em>\u00a0\u00c9 de origem asi\u00e1tica, muito comum na \u00cdndia e no Leste da \u00c1sia. Ela \u00e9 utilizada em diversos pa\u00edses como medicamento natural para v\u00e1rias doen\u00e7as.<\/p>\n<p><strong>A Amora folhas<\/strong> (<em>Morus nigra L.) <\/em>s\u00e3o ricas<span style=\"font-size: 1rem\"> em compostos naturais com propriedades antioxidantes, anti-inflamat\u00f3rias, hipoglicemiantes, antimicrobianas e adstringentes. Portanto<\/span><span style=\"font-size: 1rem\"> seu ch\u00e1 \u00e9 indicado para aliviar sintomas da menopausa, controlar a hipertens\u00e3o, prevenir a diabetes, fortalecer o sistema imunol\u00f3gico, combater a diarreia e at\u00e9 ajudar no emagrecimento.<\/span><\/p>\n<p><strong>A Artem\u00edsia<\/strong>\u00a0(<em>Artem\u00edsia vulgaris<\/em>) \u00e9 uma planta medicinal com propriedades not\u00e1veis. \u00c9\u00a0frequentemente usada para tratamento de menstrua\u00e7\u00f5es irregulares e c\u00f3licas associadas.\u00a0Cont\u00e9m subst\u00e2ncias como a\u00a0<em>artemisinina e a cardamonina,<\/em>\u00a0que t\u00eam a\u00e7\u00e3o anti-inflamat\u00f3ria e podem melhorar a qualidade de vida em doen\u00e7as como a doen\u00e7a de Crohn.\u00a0Auxilia na digest\u00e3o, combate verme intestinal, alivia dores musculares, reumatismo, dores de cabe\u00e7a e ansiedade.<\/p>\n<p><strong>A Cana do Brejo<\/strong>\u00a0tamb\u00e9m conhecida como cana-de-macaco, \u00e9 uma planta medicinal da esp\u00e9cie\u00a0<em>Costus spicatus<\/em>, rica em flavonoides,\u00a0<em>heteros\u00eddeos<\/em>, taninos e \u00e1cido ox\u00e1lico. Ela \u00e9 nativa do Brasil e \u00e9 usada principalmente por suas propriedades antiss\u00e9pticas, diur\u00e9ticas e anti-inflamat\u00f3rias.<\/p>\n<p><strong>A CHAYA <\/strong>(Cnidoscolus aconitifolius). Tamb\u00e9m conhecida como COUVE de \u00e1rvore ou Carne de pobre, por sua semelhan\u00e7a de textura e sabor com a couve, e por sua riqueza em prote\u00edna, ferro, c\u00e1lcio, magn\u00e9sio, vitaminas A e C al\u00e9m de fibras de especial import\u00e2ncia para nossa microbiota. Aqui em nossa loja a fornecemos somente na forma de farinha.<\/p>\n<p><strong>O Cipreste\u00a0<\/strong>\u00e9 uma planta medicinal da esp\u00e9cie\u00a0<em>Cupressus sempervirens<\/em>. Auxilia no tratamento de incontin\u00eancia urin\u00e1ria, problemas de pr\u00f3stata, colite, diarreia, \u00falceras varicosas e hemorroidas ou feridas na pele.\u00a0\u00c9 indicado para auxiliar no tratamento das seguintes condi\u00e7\u00f5es: varizes; pernas pesadas; incha\u00e7o nas pernas; derrames nas pernas; tosse persistente; bronquite ou asma; gripes e resfriados; laringite; febre; colite; infec\u00e7\u00e3o urin\u00e1ria.\u00a0Possui propriedades sudor\u00edferas, antiss\u00e9pticas, sedativas, diur\u00e9ticas, cicatrizantes, adstringentes, calmantes, restauradoras e desodorantes.<\/p>\n<p><strong>A COL\u00d4NIA <\/strong>(<em>Alpinia speciosa) <\/em>cont\u00e9m propriedades medicinais que podem ser \u00fateis para\u00a0prevenir e ajudar a tratar diversas doen\u00e7as como gripe, dor de garganta ou excesso de gases, por exemplo. Bastante utilizada na produ\u00e7\u00e3o de \u00f3leos essenciais (pense em oleatos), a col\u00f4nia apresenta fun\u00e7\u00f5es antibacteriana, anti-estresse, anti-hipertensiva, entre outros.<\/p>\n<p><strong>A Erva Baleeira <\/strong>(<em>Chenopodium ambrosioides) <\/em>\u00e9 uma planta t\u00edpica da Mata Atl\u00e2ntica geralmente ciliar de manguesais e alagadi\u00e7os. Poderosa na fitoterapia para aliviar dores e inflama\u00e7\u00f5es comuns a pacientes com artrite, artrose, tendinite. E o melhor de tudo, tem tamb\u00e9m a op\u00e7\u00e3o das tinturas e oleatos para usar em ferimentos e\/ou massagear as \u00e1reas inflamadas!<\/p>\n<p><strong>O GUACO <\/strong>(<em>Mikania glomerata) <\/em>\u00e9 uma planta a\u00e9rea e muito arom\u00e1tica devido a seus<span style=\"font-size: 1rem\"> componentes como a cumarina e os flavonoides. Respons\u00e1veis por suas <\/span><span style=\"font-size: 1rem\">propriedades <\/span>anti-inflamatorias e analg\u00e9sicas, que com <span style=\"font-size: 1rem\">evid\u00eancias cient\u00edficas explicam sua efetividade na preven\u00e7\u00e3o e tratamento de gripes, tosses e resfriados. Ou seja, excelente para tratar o sistema respirat\u00f3rio.<\/span><\/p>\n<p><strong>A Melissa<\/strong> (<i>Lipia alba<\/i>) \u00e9 uma planta medicinal com propriedades not\u00e1veis; amplamente utilizada para tratar diversos problemas de sa\u00fade.\u00a0O \u00e1cido\u00a0<em>rosmar\u00ednico<\/em> presente na melissa tem propriedades calmantes e sedativas, auxiliando no combate \u00e0 ins\u00f4nia e na melhoria do sono. O mesmo \u00e1cido rosmar\u00ednico aumenta a atividade do neurotransmissor GABA do c\u00e9rebro, promovendo relaxamento, bem-estar e redu\u00e7\u00e3o dos sintomas de ansiedade.<\/p>\n<p><strong>A MURTA <\/strong>(Myrtus communis)\u00a0\u00e9 uma planta com diversas propriedades medicinais, incluindo::<br \/>\nAntiss\u00e9ptica, Anti-inflamat\u00f3ria, Expectorante, Adstringente (ajuda a reduzir a diarr\u00e9ia e a perda de l\u00edquidos corporais), Antibacteriana, Antioxidante e Antimicrobiana. Al\u00e9m disso: Melhora a sa\u00fade respirat\u00f3ria aliviando condi\u00e7\u00f5es como bronquite e asma. Protege a sa\u00fade cardiovascular reduzindo o colesterol ruim e a press\u00e3o arterial. Regula o sistema imunol\u00f3gico ajudando a prevenir doen\u00e7as e infec\u00e7\u00f5es; Reduz o estresse e a ansiedade promovendo a calma e o bem-estar. Melhora a sa\u00fade da pele ajudando a reduzir acne e outras imperfei\u00e7\u00f5es cut\u00e2neas.<\/p>\n<p><strong>As folhas da Pitanga,<\/strong>\u00a0tamb\u00e9m conhecida como\u00a0<em>Eugenia uniu flora,<\/em>\u00a0s\u00e3o utilizadas na medicina tradicional e apresentam diversos benef\u00edcios para a sa\u00fade.\u00a0Protegem contra doen\u00e7as cardiovasculares devido \u00e0 a\u00e7\u00e3o antioxidante dos polifen\u00f3is e vitamina C presentes na pitanga.\u00a0Auxiliam no combate \u00e0 artrite e \u00e0 gota, gra\u00e7as aos seus efeitos anti-inflamat\u00f3rios e antioxidantes.\u00a0Melhoram a sa\u00fade dos olhos, pois cont\u00eam vitamina A.\u00a0Contribuem para a sa\u00fade da pele, combatendo o envelhecimento precoce.\u00a0Combatem problemas respirat\u00f3rios, como asma e bronquite.\u00a0Possuem propriedades antimicrobianas, sendo capazes de eliminar fungos e bact\u00e9rias.\u00a0S\u00e3o \u00fateis no tratamento de diarreia, m\u00e1 digest\u00e3o e como t\u00f4nico estimulante.\u00a0Ajudam a regular a press\u00e3o arterial, sendo eficazes tanto em casos de press\u00e3o alta quanto baixa.<\/p>\n<p><strong>A Vinagreira<\/strong> <strong>verde<\/strong> (<em>Hibiscus sabdariffa L.<\/em>) \u00e9 uma planta medicinal com m\u00faltiplos benef\u00edcios para a sa\u00fade. Ela \u00e9 rica em nutrientes, como vitamina A e C, ferro, f\u00f3sforo e pot\u00e1ssio, al\u00e9m de subst\u00e2ncias ativas como flavonoides, \u00e1cidos org\u00e2nicos, antocianidinas e compostos fen\u00f3licos.<\/p>\n<p><strong>A Vinagreira rubra<\/strong> (<em>Hibiscus acetosella) <\/em>\u00e9 uma planta riqu\u00edssima em flavonoides. De seu ch\u00e1 podemos fazer such\u00e1s deliciosos e refrescos bem coloridos.\u00a0Nutrac\u00eautica, tem fun\u00e7\u00e3o anti-espasm\u00f3dica, anti-inflamat\u00f3ria, abaixa a press\u00e3o, antioxidante, afrodis\u00edaca (ahooo), diur\u00e9tica, laxante e ajuda na perda de peso. E tem mais: pode ser usada contra gripe, gastrite, bronquite, problemas diversos de pele. As folhas ajudam a baixar febre e s\u00e3o verm\u00edfugas, al\u00e9m de anti-hemorr\u00e1gica e tonificante.<\/p>","protected":false},"excerpt":{"rendered":"<p>S\u00e3o as ervas do quintal da Casa Escola de Paraty\/RJ, colheita e podas da nossa agrofloresta.<br \/>\n<strong><span style=\"color: #ff0000\">Pacotes com 4 ervas aleat\u00f3rias = <\/span><\/strong>voc\u00ea n\u00e3o escolhe, o universo escolher\u00e1 \ud83d\ude42<br \/>\nEmbaladas e papel kraft e \u00e0 v\u00e1cuo. Validade 2 anos.<\/p>\n<p>BORA: Oferta v\u00e1lida por tempo limitado!!!<\/p>\n<p><strong>1 &#8211; Amora folhas (25g)<\/strong> \u2013 Antioxidante \u2013 Diur\u00e9tica \u2013 Ossos \u2013 Climat\u00e9rio \u2013 Antiglic\u00eamica \u2013 Expectorante.<br \/>\n<strong>2 \u2013 Artem\u00edsia (15g)<\/strong> \u2013 Verm\u00edfuga e Digestiva \u2013 C\u00f3licas, Dores, Enxaquecas \u2013 Ansiol\u00edtica<br \/>\n<strong>3 &#8211; Cipreste (25g)\u00a0<\/strong> \u2013 Conten\u00e7\u00e3o urin\u00e1ria \u2013 Problemas Respirat\u00f3rios \u2013 Febr\u00edfugo e Ansiedade<br \/>\n<strong>4 &#8211; Col\u00f4nia (25g)<\/strong>\u00a0 \u2013 Parasitoses \u2013 Ativar Digest\u00e3o \u2013 Calmante.<br \/>\n<strong>5 &#8211; Erva Baleeira (25g)<\/strong>\u00a0 \u2013 Analg\u00e9sica \u2013 Anti-inflamat\u00f3ria \u2013 Ativa Imunidade.<br \/>\n<strong>6 &#8211; Guaco (20g)<\/strong>\u00a0 \u2013 Bronquite \u2013 Asma \u2013 Expectorante \u2013 Anti-inflamat\u00f3rio \u2013 Febr\u00edfugo.<br \/>\n<strong>7 &#8211; Pitanga folhas (25g)<\/strong>\u00a0 \u2013 Sa\u00fade olhos e Peles \u2013 Cardiopatias \u2013 Artrite e Gota \u2013 Problemas Respirat\u00f3rios.<br \/>\n<strong>8 &#8211; Vinagreira Rubra (25g)<\/strong> \u2013 Antioxidante \u2013 Diur\u00e9tica \u2013 Emagrecedora (laxante) \u2013 Hipotensora \u2013 Anti-inflamat\u00f3ria.<br \/>\n<strong>9 &#8211; Vinagreira Verde (25g)<\/strong>\u00a0 \u2013 Diur\u00e9tica \u2013 Desintoxicante \u2013 Hipotensora \u2013 Digestiva \u2013 Antiss\u00e9ptica.<br \/>\n<strong>10 &#8211; Melissa (15g)<\/strong> &#8211; Analg\u00e9sica &#8211; Hipn\u00f3tica &#8211; Calmante.<br \/>\n<strong>11 &#8211; Abre Caminho (25g)<\/strong> &#8211; Artrite reum\u00e1tica e Incha\u00e7os &#8211; Anti-inflamat\u00f3ria &#8211; Analg\u00e9sica &#8211; Corrimentos &#8211; Bronquite e Febr\u00edfuga.<br \/>\n<strong>12 &#8211; Cana do Brejo (25g)<\/strong> &#8211; Anti-inflamat\u00f3rias &#8211; Trata sistema urin\u00e1rio e renal (nefro protetora) &#8211; DST..<br \/>\n13 &#8211; <strong>MURTA (25g)<\/strong> &#8211; Antiss\u00e9ptica &#8211; Anti-inflamat\u00f3ria &#8211; Expectorante &#8211; Adstringente (ajuda a reduzir a diarr\u00e9ia e a perda de l\u00edquidos corporais) &#8211; Antibacteriana &#8211; Antioxidante e Antimicrobiana.<\/p>\n<p>&nbsp;<\/p>","protected":false},"featured_media":20636,"comment_status":"open","ping_status":"closed","template":"","meta":[],"product_brand":[],"product_cat":[127,919],"product_tag":[],"class_list":{"0":"post-20596","1":"product","2":"type-product","3":"status-publish","4":"has-post-thumbnail","6":"product_cat-chas","7":"product_cat-fitoterapia","9":"first","10":"outofstock","11":"sale","12":"shipping-taxable","13":"purchasable","14":"product-type-simple"},"yoast_head":"<!-- This site is optimized with the Yoast SEO plugin v27.4 - https:\/\/yoast.com\/product\/yoast-seo-wordpress\/ -->\n<title>KIT com 4 Ervas para ch\u00e1s, banhos, tinturas e oleatos - Loja Doce Limao<\/title>\n<meta name=\"description\" content=\"A natureza sempre foi uma fonte inesgot\u00e1vel de cura e rejuvenescimento. Desde tempos imemoriais, a humanidade tem se voltado para o reino vegetal em busca de rem\u00e9dios para uma variedade de achaques. Hoje, com o avan\u00e7o da ci\u00eancia e da tecnologia, estamos redescobrindo e validando muitos desses antigos rem\u00e9dios naturais, e as tinturas e ch\u00e1s de plantas est\u00e3o no centro dessas redescobertas.\" \/>\n<meta name=\"robots\" content=\"index, follow, max-snippet:-1, max-image-preview:large, max-video-preview:-1\" \/>\n<link rel=\"canonical\" href=\"https:\/\/docelimaoloja.com.br\/en\/product\/ervas-medicinais\/\" \/>\n<meta property=\"og:locale\" content=\"en_US\" \/>\n<meta property=\"og:type\" content=\"article\" \/>\n<meta property=\"og:title\" content=\"KIT com 4 Ervas para ch\u00e1s, banhos, tinturas e oleatos - Loja Doce Limao\" \/>\n<meta property=\"og:description\" content=\"A natureza sempre foi uma fonte inesgot\u00e1vel de cura e rejuvenescimento. Desde tempos imemoriais, a humanidade tem se voltado para o reino vegetal em busca de rem\u00e9dios para uma variedade de achaques. Hoje, com o avan\u00e7o da ci\u00eancia e da tecnologia, estamos redescobrindo e validando muitos desses antigos rem\u00e9dios naturais, e as tinturas e ch\u00e1s de plantas est\u00e3o no centro dessas redescobertas.\" \/>\n<meta property=\"og:url\" content=\"https:\/\/docelimaoloja.com.br\/en\/product\/ervas-medicinais\/\" \/>\n<meta property=\"og:site_name\" content=\"Loja Doce Limao\" \/>\n<meta property=\"article:modified_time\" content=\"2026-03-18T02:22:27+00:00\" \/>\n<meta property=\"og:image\" content=\"https:\/\/docelimaoloja.com.br\/wp-content\/uploads\/2024\/06\/plantas-medicinais.jpeg\" \/>\n\t<meta property=\"og:image:width\" content=\"1200\" \/>\n\t<meta property=\"og:image:height\" content=\"1600\" \/>\n\t<meta property=\"og:image:type\" content=\"image\/jpeg\" \/>\n<meta name=\"twitter:card\" content=\"summary_large_image\" \/>\n<meta name=\"twitter:label1\" content=\"Est. reading time\" \/>\n\t<meta name=\"twitter:data1\" content=\"6 minutes\" \/>\n<script type=\"application\/ld+json\" class=\"yoast-schema-graph\">{\"@context\":\"https:\\\/\\\/schema.org\",\"@graph\":[{\"@type\":\"WebPage\",\"@id\":\"https:\\\/\\\/docelimaoloja.com.br\\\/produto\\\/ervas-medicinais\\\/\",\"url\":\"https:\\\/\\\/docelimaoloja.com.br\\\/produto\\\/ervas-medicinais\\\/\",\"name\":\"KIT com 4 Ervas para ch\u00e1s, banhos, tinturas e oleatos - Loja Doce Limao\",\"isPartOf\":{\"@id\":\"https:\\\/\\\/docelimaoloja.com.br\\\/#website\"},\"primaryImageOfPage\":{\"@id\":\"https:\\\/\\\/docelimaoloja.com.br\\\/produto\\\/ervas-medicinais\\\/#primaryimage\"},\"image\":{\"@id\":\"https:\\\/\\\/docelimaoloja.com.br\\\/produto\\\/ervas-medicinais\\\/#primaryimage\"},\"thumbnailUrl\":\"https:\\\/\\\/docelimaoloja.com.br\\\/wp-content\\\/uploads\\\/2024\\\/06\\\/plantas-medicinais.jpeg\",\"datePublished\":\"2025-06-28T14:33:06+00:00\",\"dateModified\":\"2026-03-18T02:22:27+00:00\",\"description\":\"A natureza sempre foi uma fonte inesgot\u00e1vel de cura e rejuvenescimento. Desde tempos imemoriais, a humanidade tem se voltado para o reino vegetal em busca de rem\u00e9dios para uma variedade de achaques. Hoje, com o avan\u00e7o da ci\u00eancia e da tecnologia, estamos redescobrindo e validando muitos desses antigos rem\u00e9dios naturais, e as tinturas e ch\u00e1s de plantas est\u00e3o no centro dessas redescobertas.\",\"breadcrumb\":{\"@id\":\"https:\\\/\\\/docelimaoloja.com.br\\\/produto\\\/ervas-medicinais\\\/#breadcrumb\"},\"inLanguage\":\"en-US\",\"potentialAction\":[{\"@type\":\"ReadAction\",\"target\":[\"https:\\\/\\\/docelimaoloja.com.br\\\/produto\\\/ervas-medicinais\\\/\"]}]},{\"@type\":\"ImageObject\",\"inLanguage\":\"en-US\",\"@id\":\"https:\\\/\\\/docelimaoloja.com.br\\\/produto\\\/ervas-medicinais\\\/#primaryimage\",\"url\":\"https:\\\/\\\/docelimaoloja.com.br\\\/wp-content\\\/uploads\\\/2024\\\/06\\\/plantas-medicinais.jpeg\",\"contentUrl\":\"https:\\\/\\\/docelimaoloja.com.br\\\/wp-content\\\/uploads\\\/2024\\\/06\\\/plantas-medicinais.jpeg\",\"width\":1200,\"height\":1600},{\"@type\":\"BreadcrumbList\",\"@id\":\"https:\\\/\\\/docelimaoloja.com.br\\\/produto\\\/ervas-medicinais\\\/#breadcrumb\",\"itemListElement\":[{\"@type\":\"ListItem\",\"position\":1,\"name\":\"In\u00edcio\",\"item\":\"https:\\\/\\\/docelimaoloja.com.br\\\/\"},{\"@type\":\"ListItem\",\"position\":2,\"name\":\"Loja Virtual\",\"item\":\"https:\\\/\\\/docelimaoloja.com.br\\\/loja-virtual\\\/\"},{\"@type\":\"ListItem\",\"position\":3,\"name\":\"KIT com 4 Ervas para ch\u00e1s, banhos, tinturas e oleatos\"}]},{\"@type\":\"WebSite\",\"@id\":\"https:\\\/\\\/docelimaoloja.com.br\\\/#website\",\"url\":\"https:\\\/\\\/docelimaoloja.com.br\\\/\",\"name\":\"Loja Doce Limao\",\"description\":\"Loja Natural\",\"publisher\":{\"@id\":\"https:\\\/\\\/docelimaoloja.com.br\\\/#organization\"},\"potentialAction\":[{\"@type\":\"SearchAction\",\"target\":{\"@type\":\"EntryPoint\",\"urlTemplate\":\"https:\\\/\\\/docelimaoloja.com.br\\\/?s={search_term_string}\"},\"query-input\":{\"@type\":\"PropertyValueSpecification\",\"valueRequired\":true,\"valueName\":\"search_term_string\"}}],\"inLanguage\":\"en-US\"},{\"@type\":\"Organization\",\"@id\":\"https:\\\/\\\/docelimaoloja.com.br\\\/#organization\",\"name\":\"Loja Doce Limao\",\"url\":\"https:\\\/\\\/docelimaoloja.com.br\\\/\",\"logo\":{\"@type\":\"ImageObject\",\"inLanguage\":\"en-US\",\"@id\":\"https:\\\/\\\/docelimaoloja.com.br\\\/#\\\/schema\\\/logo\\\/image\\\/\",\"url\":\"https:\\\/\\\/docelimaoloja.com.br\\\/wp-content\\\/uploads\\\/2020\\\/08\\\/logo-doce-limao.png\",\"contentUrl\":\"https:\\\/\\\/docelimaoloja.com.br\\\/wp-content\\\/uploads\\\/2020\\\/08\\\/logo-doce-limao.png\",\"width\":1280,\"height\":653,\"caption\":\"Loja Doce Limao\"},\"image\":{\"@id\":\"https:\\\/\\\/docelimaoloja.com.br\\\/#\\\/schema\\\/logo\\\/image\\\/\"}}]}<\/script>\n<!-- \/ Yoast SEO plugin. -->","yoast_head_json":{"title":"KIT com 4 Ervas para ch\u00e1s, banhos, tinturas e oleatos - Loja Doce Limao","description":"A natureza sempre foi uma fonte inesgot\u00e1vel de cura e rejuvenescimento. Desde tempos imemoriais, a humanidade tem se voltado para o reino vegetal em busca de rem\u00e9dios para uma variedade de achaques. Hoje, com o avan\u00e7o da ci\u00eancia e da tecnologia, estamos redescobrindo e validando muitos desses antigos rem\u00e9dios naturais, e as tinturas e ch\u00e1s de plantas est\u00e3o no centro dessas redescobertas.","robots":{"index":"index","follow":"follow","max-snippet":"max-snippet:-1","max-image-preview":"max-image-preview:large","max-video-preview":"max-video-preview:-1"},"canonical":"https:\/\/docelimaoloja.com.br\/en\/product\/ervas-medicinais\/","og_locale":"en_US","og_type":"article","og_title":"KIT com 4 Ervas para ch\u00e1s, banhos, tinturas e oleatos - Loja Doce Limao","og_description":"A natureza sempre foi uma fonte inesgot\u00e1vel de cura e rejuvenescimento. Desde tempos imemoriais, a humanidade tem se voltado para o reino vegetal em busca de rem\u00e9dios para uma variedade de achaques. Hoje, com o avan\u00e7o da ci\u00eancia e da tecnologia, estamos redescobrindo e validando muitos desses antigos rem\u00e9dios naturais, e as tinturas e ch\u00e1s de plantas est\u00e3o no centro dessas redescobertas.","og_url":"https:\/\/docelimaoloja.com.br\/en\/product\/ervas-medicinais\/","og_site_name":"Loja Doce Limao","article_modified_time":"2026-03-18T02:22:27+00:00","og_image":[{"width":1200,"height":1600,"url":"https:\/\/docelimaoloja.com.br\/wp-content\/uploads\/2024\/06\/plantas-medicinais.jpeg","type":"image\/jpeg"}],"twitter_card":"summary_large_image","twitter_misc":{"Est. reading time":"6 minutes"},"schema":{"@context":"https:\/\/schema.org","@graph":[{"@type":"WebPage","@id":"https:\/\/docelimaoloja.com.br\/produto\/ervas-medicinais\/","url":"https:\/\/docelimaoloja.com.br\/produto\/ervas-medicinais\/","name":"KIT com 4 Ervas para ch\u00e1s, banhos, tinturas e oleatos - Loja Doce Limao","isPartOf":{"@id":"https:\/\/docelimaoloja.com.br\/#website"},"primaryImageOfPage":{"@id":"https:\/\/docelimaoloja.com.br\/produto\/ervas-medicinais\/#primaryimage"},"image":{"@id":"https:\/\/docelimaoloja.com.br\/produto\/ervas-medicinais\/#primaryimage"},"thumbnailUrl":"https:\/\/docelimaoloja.com.br\/wp-content\/uploads\/2024\/06\/plantas-medicinais.jpeg","datePublished":"2025-06-28T14:33:06+00:00","dateModified":"2026-03-18T02:22:27+00:00","description":"A natureza sempre foi uma fonte inesgot\u00e1vel de cura e rejuvenescimento. Desde tempos imemoriais, a humanidade tem se voltado para o reino vegetal em busca de rem\u00e9dios para uma variedade de achaques. Hoje, com o avan\u00e7o da ci\u00eancia e da tecnologia, estamos redescobrindo e validando muitos desses antigos rem\u00e9dios naturais, e as tinturas e ch\u00e1s de plantas est\u00e3o no centro dessas redescobertas.","breadcrumb":{"@id":"https:\/\/docelimaoloja.com.br\/produto\/ervas-medicinais\/#breadcrumb"},"inLanguage":"en-US","potentialAction":[{"@type":"ReadAction","target":["https:\/\/docelimaoloja.com.br\/produto\/ervas-medicinais\/"]}]},{"@type":"ImageObject","inLanguage":"en-US","@id":"https:\/\/docelimaoloja.com.br\/produto\/ervas-medicinais\/#primaryimage","url":"https:\/\/docelimaoloja.com.br\/wp-content\/uploads\/2024\/06\/plantas-medicinais.jpeg","contentUrl":"https:\/\/docelimaoloja.com.br\/wp-content\/uploads\/2024\/06\/plantas-medicinais.jpeg","width":1200,"height":1600},{"@type":"BreadcrumbList","@id":"https:\/\/docelimaoloja.com.br\/produto\/ervas-medicinais\/#breadcrumb","itemListElement":[{"@type":"ListItem","position":1,"name":"In\u00edcio","item":"https:\/\/docelimaoloja.com.br\/"},{"@type":"ListItem","position":2,"name":"Loja Virtual","item":"https:\/\/docelimaoloja.com.br\/loja-virtual\/"},{"@type":"ListItem","position":3,"name":"KIT com 4 Ervas para ch\u00e1s, banhos, tinturas e oleatos"}]},{"@type":"WebSite","@id":"https:\/\/docelimaoloja.com.br\/#website","url":"https:\/\/docelimaoloja.com.br\/","name":"Loja Doce Limao","description":"Loja Natural","publisher":{"@id":"https:\/\/docelimaoloja.com.br\/#organization"},"potentialAction":[{"@type":"SearchAction","target":{"@type":"EntryPoint","urlTemplate":"https:\/\/docelimaoloja.com.br\/?s={search_term_string}"},"query-input":{"@type":"PropertyValueSpecification","valueRequired":true,"valueName":"search_term_string"}}],"inLanguage":"en-US"},{"@type":"Organization","@id":"https:\/\/docelimaoloja.com.br\/#organization","name":"Loja Doce Limao","url":"https:\/\/docelimaoloja.com.br\/","logo":{"@type":"ImageObject","inLanguage":"en-US","@id":"https:\/\/docelimaoloja.com.br\/#\/schema\/logo\/image\/","url":"https:\/\/docelimaoloja.com.br\/wp-content\/uploads\/2020\/08\/logo-doce-limao.png","contentUrl":"https:\/\/docelimaoloja.com.br\/wp-content\/uploads\/2020\/08\/logo-doce-limao.png","width":1280,"height":653,"caption":"Loja Doce Limao"},"image":{"@id":"https:\/\/docelimaoloja.com.br\/#\/schema\/logo\/image\/"}}]}},"_links":{"self":[{"href":"https:\/\/docelimaoloja.com.br\/en\/wp-json\/wp\/v2\/product\/20596","targetHints":{"allow":["GET"]}}],"collection":[{"href":"https:\/\/docelimaoloja.com.br\/en\/wp-json\/wp\/v2\/product"}],"about":[{"href":"https:\/\/docelimaoloja.com.br\/en\/wp-json\/wp\/v2\/types\/product"}],"replies":[{"embeddable":true,"href":"https:\/\/docelimaoloja.com.br\/en\/wp-json\/wp\/v2\/comments?post=20596"}],"wp:featuredmedia":[{"embeddable":true,"href":"https:\/\/docelimaoloja.com.br\/en\/wp-json\/wp\/v2\/media\/20636"}],"wp:attachment":[{"href":"https:\/\/docelimaoloja.com.br\/en\/wp-json\/wp\/v2\/media?parent=20596"}],"wp:term":[{"taxonomy":"product_brand","embeddable":true,"href":"https:\/\/docelimaoloja.com.br\/en\/wp-json\/wp\/v2\/product_brand?post=20596"},{"taxonomy":"product_cat","embeddable":true,"href":"https:\/\/docelimaoloja.com.br\/en\/wp-json\/wp\/v2\/product_cat?post=20596"},{"taxonomy":"product_tag","embeddable":true,"href":"https:\/\/docelimaoloja.com.br\/en\/wp-json\/wp\/v2\/product_tag?post=20596"}],"curies":[{"name":"wp","href":"https:\/\/api.w.org\/{rel}","templated":true}]}}