{"id":19619,"date":"2025-06-05T20:00:14","date_gmt":"2025-06-05T20:00:14","guid":{"rendered":"https:\/\/docelimaoloja.com.br\/?post_type=product&#038;p=19619"},"modified":"2025-09-15T21:57:52","modified_gmt":"2025-09-15T21:57:52","slug":"fito-sal-do-feminino","status":"publish","type":"product","link":"https:\/\/docelimaoloja.com.br\/en\/product\/fito-sal-do-feminino\/","title":{"rendered":"Fito Sais do Feminino 70G"},"content":{"rendered":"<p>Todo alimento tem um Princ\u00edpio Vital, que \u00e9 determinante de sua express\u00e3o, for\u00e7a e atua\u00e7\u00e3o em nossos corpos. Este Princ\u00edpio Vital se refere \u00e0 for\u00e7a de vida contida no alimento. Alimentos frescos, plantados e colhidos no tempo certo, em solo f\u00e9rtil, s\u00e3o plenos em seus Princ\u00edpios Vitais, que nos beneficiam mais do que os que foram plantados fora da esta\u00e7\u00e3o, amadurecidos rapidamente e\/ou consumidos depois de um tempo maior de armazenagem.<\/p>\n<p>Por que FITOSSAIS? Porque o uso de plantas, como as listadas a seguir, ir\u00e3o ampliar, em sinergia, as potencias do sal integral e delas mesmas. Sinergia significa que 2 + 2 \u00e9 maior que 5\u2026<br \/>\n\u2013 As especiarias, riqu\u00edssimas em fitos antioxidantes, antiinflamat\u00f3rios, adstringentes, aromas, sabores, digestivas e por a\u00ed vamos;<br \/>\n\u2013 As ra\u00edzes e tub\u00e9rculos, riqu\u00edssimas nestes mesmos fitos, mas tamb\u00e9m de minerais: macro e micro (oligominerais);<br \/>\n\u2013 E todas as plantas aqui sugeridas nas f\u00f3rmulas dos fitosais s\u00e3o ricas de aromas (\u00f3leos essenciais) e sabores para l\u00e1 de ex\u00f3ticos, especiais\u2026<\/p>\n<p>Invadindo o tema \u2018mineraliza\u00e7\u00e3o humana\u2019 muito bem estudado pelo Jerry Brunetti, venho dar minha singela conclus\u00e3o, sugest\u00e3o e alerta; para que busquemos praticar, valorizar e incentivar que mais e mais agricultores familiares pratiquem t\u00e9cnicas de cultivo mais agroecol\u00f3gicas.<br \/>\nTamb\u00e9m que busquemos pelo consumo de um sal mais integral, artesanal e fresco, que contenha maior pluralidade destes minerais, mas que para maior assimila\u00e7\u00e3o dependem da associa\u00e7\u00e3o com alimentos que fa\u00e7am a sua quela\u00e7\u00e3o.<\/p>\n<p>No caso, estamos falando dos \u00e1cidos c\u00edtricos e m\u00e1lico, presentes nas frutas c\u00edtricas, em especial nos lim\u00f5es de todas as variedades: tahiti, cravo, galego e siciliano. Incluso as variedades mais r\u00fasticas que encontramos em biomas como restingas, mata atl\u00e2ntica, cerrado e amaz\u00f4nico: os lim\u00f5es PANC. indicado \u00e9 us\u00e1-los somente em finaliza\u00e7\u00f5es.<\/p>\n<p>De presente Ebook (via email) sobre Fito Sais Terap\u00eauticos para voc\u00ea aprender a fazer os seus<\/p>","protected":false},"excerpt":{"rendered":"<p>Estes Fito Sais s\u00e3o produzidos artesanalmente e suas f\u00f3rmulas foram desenvolvidas para cuidar do Feminino.<\/p>\n<ol>\n<li>Sagrado do Feminino: s\u00e3o 2 PANC muito m\u00e1icas&#8230; A tansagem (cuida do \u00fatero, ov\u00e1rios, sistema urin\u00e1rio) e a moringa (cuida dos intestinos). A estas 2 PANC adicionamos suco fresco de lim\u00e3o e sal integral e artesanal.<\/li>\n<li>NOVO &#8211; Modula\u00e7\u00e3o Hormonal: s\u00e3o 3 PANC ricas em fitoestr\u00f3genos que estimulam o corpo da mulher a se autoregular hormonalmente. S\u00e3o elas o URUCUM, o INHAME e o SARRACENO. A elas adicionamos suco fresco de lim\u00e3o e sal integral e artesanal.<\/li>\n<\/ol>\n<p>E desidratamos todos estes ingredientes juntos, em alquimia!<\/p>\n<p>Cada frasco cont\u00e9m 70 gramas\u2026 Um presente inesquec\u00edvel!<br \/>\nBrinde: Ebook (por email) sobre Fito Sais Terap\u00eauticos para voc\u00ea aprender a fazer os seus\u2026<\/p>","protected":false},"featured_media":23497,"comment_status":"open","ping_status":"closed","template":"","meta":[],"product_brand":[],"product_cat":[847],"product_tag":[],"class_list":{"0":"post-19619","1":"product","2":"type-product","3":"status-publish","4":"has-post-thumbnail","6":"product_cat-fito-sais","8":"first","9":"instock","10":"shipping-taxable","11":"purchasable","12":"product-type-variable"},"yoast_head":"<!-- This site is optimized with the Yoast SEO plugin v27.4 - https:\/\/yoast.com\/product\/yoast-seo-wordpress\/ -->\n<title>Fito Sais do Feminino 70G - Loja Doce Limao<\/title>\n<meta name=\"description\" content=\"Um Fitossal desenvolvido especialmente para cuidar das nossas amadas mulheres!\" \/>\n<meta name=\"robots\" content=\"index, follow, max-snippet:-1, max-image-preview:large, max-video-preview:-1\" \/>\n<link rel=\"canonical\" href=\"https:\/\/docelimaoloja.com.br\/en\/product\/fito-sal-do-feminino\/\" \/>\n<meta property=\"og:locale\" content=\"en_US\" \/>\n<meta property=\"og:type\" content=\"article\" \/>\n<meta property=\"og:title\" content=\"Fito Sais do Feminino 70G - Loja Doce Limao\" \/>\n<meta property=\"og:description\" content=\"Um Fitossal desenvolvido especialmente para cuidar das nossas amadas mulheres!\" \/>\n<meta property=\"og:url\" content=\"https:\/\/docelimaoloja.com.br\/en\/product\/fito-sal-do-feminino\/\" \/>\n<meta property=\"og:site_name\" content=\"Loja Doce Limao\" \/>\n<meta property=\"article:modified_time\" content=\"2025-09-15T21:57:52+00:00\" \/>\n<meta property=\"og:image\" content=\"https:\/\/docelimaoloja.com.br\/wp-content\/uploads\/2025\/06\/FITO-SAIS-FEMININO-70G.jpeg\" \/>\n\t<meta property=\"og:image:width\" content=\"1200\" \/>\n\t<meta property=\"og:image:height\" content=\"1600\" \/>\n\t<meta property=\"og:image:type\" content=\"image\/jpeg\" \/>\n<meta name=\"twitter:card\" content=\"summary_large_image\" \/>\n<meta name=\"twitter:label1\" content=\"Est. reading time\" \/>\n\t<meta name=\"twitter:data1\" content=\"2 minutes\" \/>\n<script type=\"application\/ld+json\" class=\"yoast-schema-graph\">{\"@context\":\"https:\\\/\\\/schema.org\",\"@graph\":[{\"@type\":\"WebPage\",\"@id\":\"https:\\\/\\\/docelimaoloja.com.br\\\/produto\\\/fito-sal-do-feminino\\\/\",\"url\":\"https:\\\/\\\/docelimaoloja.com.br\\\/produto\\\/fito-sal-do-feminino\\\/\",\"name\":\"Fito Sais do Feminino 70G - Loja Doce Limao\",\"isPartOf\":{\"@id\":\"https:\\\/\\\/docelimaoloja.com.br\\\/#website\"},\"primaryImageOfPage\":{\"@id\":\"https:\\\/\\\/docelimaoloja.com.br\\\/produto\\\/fito-sal-do-feminino\\\/#primaryimage\"},\"image\":{\"@id\":\"https:\\\/\\\/docelimaoloja.com.br\\\/produto\\\/fito-sal-do-feminino\\\/#primaryimage\"},\"thumbnailUrl\":\"https:\\\/\\\/docelimaoloja.com.br\\\/wp-content\\\/uploads\\\/2025\\\/06\\\/FITO-SAIS-FEMININO-70G.jpeg\",\"datePublished\":\"2025-06-05T20:00:14+00:00\",\"dateModified\":\"2025-09-15T21:57:52+00:00\",\"description\":\"Um Fitossal desenvolvido especialmente para cuidar das nossas amadas mulheres!\",\"breadcrumb\":{\"@id\":\"https:\\\/\\\/docelimaoloja.com.br\\\/produto\\\/fito-sal-do-feminino\\\/#breadcrumb\"},\"inLanguage\":\"en-US\",\"potentialAction\":[{\"@type\":\"ReadAction\",\"target\":[\"https:\\\/\\\/docelimaoloja.com.br\\\/produto\\\/fito-sal-do-feminino\\\/\"]}]},{\"@type\":\"ImageObject\",\"inLanguage\":\"en-US\",\"@id\":\"https:\\\/\\\/docelimaoloja.com.br\\\/produto\\\/fito-sal-do-feminino\\\/#primaryimage\",\"url\":\"https:\\\/\\\/docelimaoloja.com.br\\\/wp-content\\\/uploads\\\/2025\\\/06\\\/FITO-SAIS-FEMININO-70G.jpeg\",\"contentUrl\":\"https:\\\/\\\/docelimaoloja.com.br\\\/wp-content\\\/uploads\\\/2025\\\/06\\\/FITO-SAIS-FEMININO-70G.jpeg\",\"width\":1200,\"height\":1600},{\"@type\":\"BreadcrumbList\",\"@id\":\"https:\\\/\\\/docelimaoloja.com.br\\\/produto\\\/fito-sal-do-feminino\\\/#breadcrumb\",\"itemListElement\":[{\"@type\":\"ListItem\",\"position\":1,\"name\":\"In\u00edcio\",\"item\":\"https:\\\/\\\/docelimaoloja.com.br\\\/\"},{\"@type\":\"ListItem\",\"position\":2,\"name\":\"Loja Virtual\",\"item\":\"https:\\\/\\\/docelimaoloja.com.br\\\/loja-virtual\\\/\"},{\"@type\":\"ListItem\",\"position\":3,\"name\":\"Fito Sais do Feminino 70G\"}]},{\"@type\":\"WebSite\",\"@id\":\"https:\\\/\\\/docelimaoloja.com.br\\\/#website\",\"url\":\"https:\\\/\\\/docelimaoloja.com.br\\\/\",\"name\":\"Loja Doce Limao\",\"description\":\"Loja Natural\",\"publisher\":{\"@id\":\"https:\\\/\\\/docelimaoloja.com.br\\\/#organization\"},\"potentialAction\":[{\"@type\":\"SearchAction\",\"target\":{\"@type\":\"EntryPoint\",\"urlTemplate\":\"https:\\\/\\\/docelimaoloja.com.br\\\/?s={search_term_string}\"},\"query-input\":{\"@type\":\"PropertyValueSpecification\",\"valueRequired\":true,\"valueName\":\"search_term_string\"}}],\"inLanguage\":\"en-US\"},{\"@type\":\"Organization\",\"@id\":\"https:\\\/\\\/docelimaoloja.com.br\\\/#organization\",\"name\":\"Loja Doce Limao\",\"url\":\"https:\\\/\\\/docelimaoloja.com.br\\\/\",\"logo\":{\"@type\":\"ImageObject\",\"inLanguage\":\"en-US\",\"@id\":\"https:\\\/\\\/docelimaoloja.com.br\\\/#\\\/schema\\\/logo\\\/image\\\/\",\"url\":\"https:\\\/\\\/docelimaoloja.com.br\\\/wp-content\\\/uploads\\\/2020\\\/08\\\/logo-doce-limao.png\",\"contentUrl\":\"https:\\\/\\\/docelimaoloja.com.br\\\/wp-content\\\/uploads\\\/2020\\\/08\\\/logo-doce-limao.png\",\"width\":1280,\"height\":653,\"caption\":\"Loja Doce Limao\"},\"image\":{\"@id\":\"https:\\\/\\\/docelimaoloja.com.br\\\/#\\\/schema\\\/logo\\\/image\\\/\"}}]}<\/script>\n<!-- \/ Yoast SEO plugin. -->","yoast_head_json":{"title":"Fito Sais do Feminino 70G - Loja Doce Limao","description":"Um Fitossal desenvolvido especialmente para cuidar das nossas amadas mulheres!","robots":{"index":"index","follow":"follow","max-snippet":"max-snippet:-1","max-image-preview":"max-image-preview:large","max-video-preview":"max-video-preview:-1"},"canonical":"https:\/\/docelimaoloja.com.br\/en\/product\/fito-sal-do-feminino\/","og_locale":"en_US","og_type":"article","og_title":"Fito Sais do Feminino 70G - Loja Doce Limao","og_description":"Um Fitossal desenvolvido especialmente para cuidar das nossas amadas mulheres!","og_url":"https:\/\/docelimaoloja.com.br\/en\/product\/fito-sal-do-feminino\/","og_site_name":"Loja Doce Limao","article_modified_time":"2025-09-15T21:57:52+00:00","og_image":[{"width":1200,"height":1600,"url":"https:\/\/docelimaoloja.com.br\/wp-content\/uploads\/2025\/06\/FITO-SAIS-FEMININO-70G.jpeg","type":"image\/jpeg"}],"twitter_card":"summary_large_image","twitter_misc":{"Est. reading time":"2 minutes"},"schema":{"@context":"https:\/\/schema.org","@graph":[{"@type":"WebPage","@id":"https:\/\/docelimaoloja.com.br\/produto\/fito-sal-do-feminino\/","url":"https:\/\/docelimaoloja.com.br\/produto\/fito-sal-do-feminino\/","name":"Fito Sais do Feminino 70G - Loja Doce Limao","isPartOf":{"@id":"https:\/\/docelimaoloja.com.br\/#website"},"primaryImageOfPage":{"@id":"https:\/\/docelimaoloja.com.br\/produto\/fito-sal-do-feminino\/#primaryimage"},"image":{"@id":"https:\/\/docelimaoloja.com.br\/produto\/fito-sal-do-feminino\/#primaryimage"},"thumbnailUrl":"https:\/\/docelimaoloja.com.br\/wp-content\/uploads\/2025\/06\/FITO-SAIS-FEMININO-70G.jpeg","datePublished":"2025-06-05T20:00:14+00:00","dateModified":"2025-09-15T21:57:52+00:00","description":"Um Fitossal desenvolvido especialmente para cuidar das nossas amadas mulheres!","breadcrumb":{"@id":"https:\/\/docelimaoloja.com.br\/produto\/fito-sal-do-feminino\/#breadcrumb"},"inLanguage":"en-US","potentialAction":[{"@type":"ReadAction","target":["https:\/\/docelimaoloja.com.br\/produto\/fito-sal-do-feminino\/"]}]},{"@type":"ImageObject","inLanguage":"en-US","@id":"https:\/\/docelimaoloja.com.br\/produto\/fito-sal-do-feminino\/#primaryimage","url":"https:\/\/docelimaoloja.com.br\/wp-content\/uploads\/2025\/06\/FITO-SAIS-FEMININO-70G.jpeg","contentUrl":"https:\/\/docelimaoloja.com.br\/wp-content\/uploads\/2025\/06\/FITO-SAIS-FEMININO-70G.jpeg","width":1200,"height":1600},{"@type":"BreadcrumbList","@id":"https:\/\/docelimaoloja.com.br\/produto\/fito-sal-do-feminino\/#breadcrumb","itemListElement":[{"@type":"ListItem","position":1,"name":"In\u00edcio","item":"https:\/\/docelimaoloja.com.br\/"},{"@type":"ListItem","position":2,"name":"Loja Virtual","item":"https:\/\/docelimaoloja.com.br\/loja-virtual\/"},{"@type":"ListItem","position":3,"name":"Fito Sais do Feminino 70G"}]},{"@type":"WebSite","@id":"https:\/\/docelimaoloja.com.br\/#website","url":"https:\/\/docelimaoloja.com.br\/","name":"Loja Doce Limao","description":"Loja Natural","publisher":{"@id":"https:\/\/docelimaoloja.com.br\/#organization"},"potentialAction":[{"@type":"SearchAction","target":{"@type":"EntryPoint","urlTemplate":"https:\/\/docelimaoloja.com.br\/?s={search_term_string}"},"query-input":{"@type":"PropertyValueSpecification","valueRequired":true,"valueName":"search_term_string"}}],"inLanguage":"en-US"},{"@type":"Organization","@id":"https:\/\/docelimaoloja.com.br\/#organization","name":"Loja Doce Limao","url":"https:\/\/docelimaoloja.com.br\/","logo":{"@type":"ImageObject","inLanguage":"en-US","@id":"https:\/\/docelimaoloja.com.br\/#\/schema\/logo\/image\/","url":"https:\/\/docelimaoloja.com.br\/wp-content\/uploads\/2020\/08\/logo-doce-limao.png","contentUrl":"https:\/\/docelimaoloja.com.br\/wp-content\/uploads\/2020\/08\/logo-doce-limao.png","width":1280,"height":653,"caption":"Loja Doce Limao"},"image":{"@id":"https:\/\/docelimaoloja.com.br\/#\/schema\/logo\/image\/"}}]}},"_links":{"self":[{"href":"https:\/\/docelimaoloja.com.br\/en\/wp-json\/wp\/v2\/product\/19619","targetHints":{"allow":["GET"]}}],"collection":[{"href":"https:\/\/docelimaoloja.com.br\/en\/wp-json\/wp\/v2\/product"}],"about":[{"href":"https:\/\/docelimaoloja.com.br\/en\/wp-json\/wp\/v2\/types\/product"}],"replies":[{"embeddable":true,"href":"https:\/\/docelimaoloja.com.br\/en\/wp-json\/wp\/v2\/comments?post=19619"}],"wp:featuredmedia":[{"embeddable":true,"href":"https:\/\/docelimaoloja.com.br\/en\/wp-json\/wp\/v2\/media\/23497"}],"wp:attachment":[{"href":"https:\/\/docelimaoloja.com.br\/en\/wp-json\/wp\/v2\/media?parent=19619"}],"wp:term":[{"taxonomy":"product_brand","embeddable":true,"href":"https:\/\/docelimaoloja.com.br\/en\/wp-json\/wp\/v2\/product_brand?post=19619"},{"taxonomy":"product_cat","embeddable":true,"href":"https:\/\/docelimaoloja.com.br\/en\/wp-json\/wp\/v2\/product_cat?post=19619"},{"taxonomy":"product_tag","embeddable":true,"href":"https:\/\/docelimaoloja.com.br\/en\/wp-json\/wp\/v2\/product_tag?post=19619"}],"curies":[{"name":"wp","href":"https:\/\/api.w.org\/{rel}","templated":true}]}}