{"id":18620,"date":"2023-10-31T16:18:02","date_gmt":"2023-10-31T16:18:02","guid":{"rendered":"https:\/\/docelimaoloja.com.br\/?post_type=product&#038;p=18620"},"modified":"2026-04-09T16:58:59","modified_gmt":"2026-04-09T16:58:59","slug":"ebook-e-se-nao-houver-alimento","status":"publish","type":"product","link":"https:\/\/docelimaoloja.com.br\/en\/product\/ebook-e-se-nao-houver-alimento\/","title":{"rendered":"Ebook E Se N\u00e3o Houver Alimento"},"content":{"rendered":"<p>Trata-se de um chamado, porque assim senti, da Comunidade de Figueira\/MG e do Frei Artur, sobre como seguirmos conectados com a paz, com a terra, com os reinos e amparos, mesmo diante de Momentos de Emerg\u00eancia, de Escassez ou Caos.<\/p>\n<p>O t\u00edtulo \u00e9 instigante, abrangente e inclusivo:<\/p>\n<p>E se n\u00e3o houver alimento?<\/p>\n<p style=\"text-align: left;\"><strong>Um livro dedicado ao Planeta Terra e \u00e0s Sementes do Amanh\u00e3.\u00a0<\/strong><\/p>\n<p>Sobre a autora:<\/p>\n<p>Concei\u00e7\u00e3o Trucom \u2013 Bacharel em Qu\u00edmica pela UFRJ desde 1977, atuou por 24 anos na \u00e1rea da ci\u00eancia aplicada, em qu\u00edmica org\u00e2nica, inorg\u00e2nica e bioqu\u00edmica. Empres\u00e1ria, escritora e palestrante; atuou como Diretora de Pesquisa &amp; Desenvolvimento por 13 anos, e desde 2005 \u00e9 a respons\u00e1vel pelo Portal e m\u00eddias sociais Doce Lim\u00e3o. Autora de mais de 10 livros publicados, 12 ebooks e 15 cursos online, segue escrevendo e gerando formas de transbordar conhecimentos, porque desde 1997 permanece com o foco na especializa\u00e7\u00e3o nas seguintes \u00e1reas: alimenta\u00e7\u00e3o e medicina ayurv\u00e9dica, medicina tradicional chinesa, macrobi\u00f3tica, vegetarianismo e veganismo, alimenta\u00e7\u00e3o crud\u00edvora, fitoterapia, aromaterapia, medita\u00e7\u00e3o e estudos da mente.<\/p>\n<p>SUM\u00c1RIO<\/p>\n<p>Abertura&#8230;&#8230;&#8230;&#8230;&#8230;&#8230;&#8230;&#8230;&#8230;&#8230;&#8230;&#8230;&#8230;&#8230;&#8230;&#8230;&#8230;&#8230;&#8230;&#8230;&#8230;&#8230;&#8230;.12<br \/>\nIntrodu\u00e7\u00e3o&#8230;&#8230;&#8230;&#8230;&#8230;&#8230;&#8230;&#8230;&#8230;&#8230;&#8230;&#8230;&#8230;&#8230;&#8230;&#8230;&#8230;&#8230;&#8230;&#8230;&#8230;&#8230;.19<br \/>\nPor que uma cartilha?&#8230;&#8230;&#8230;&#8230;&#8230;&#8230;&#8230;&#8230;&#8230;&#8230;&#8230;&#8230;&#8230;&#8230;&#8230;&#8230;.28<\/p>\n<p>PARTE I<\/p>\n<p>Momentos de Emerg\u00eancia &amp; Sobreviv\u00eancia&#8230;&#8230;&#8230;&#8230;&#8230;.34<br \/>\nFatores agravante&#8230;&#8230;&#8230;&#8230;&#8230;&#8230;&#8230;&#8230;&#8230;&#8230;&#8230;&#8230;&#8230;&#8230;&#8230;&#8230;&#8230;&#8230;..39<br \/>\nTranscendendo o desastre&#8230;&#8230;&#8230;&#8230;&#8230;&#8230;&#8230;&#8230;&#8230;&#8230;&#8230;&#8230;&#8230;&#8230;.41<br \/>\nAs necessidades b\u00e1sicas em ordem de prioridade&#8230;&#8230;42<br \/>\nA Calma&#8230;&#8230;&#8230;&#8230;&#8230;&#8230;&#8230;&#8230;&#8230;&#8230;&#8230;&#8230;&#8230;&#8230;&#8230;&#8230;&#8230;&#8230;&#8230;&#8230;&#8230;43<br \/>\nA Paz&#8230;&#8230;&#8230;&#8230;&#8230;&#8230;&#8230;&#8230;&#8230;&#8230;&#8230;&#8230;&#8230;&#8230;&#8230;&#8230;&#8230;&#8230;&#8230;&#8230;&#8230;&#8230;.43<br \/>\nO Abrigo&#8230;&#8230;&#8230;&#8230;&#8230;&#8230;&#8230;&#8230;&#8230;&#8230;&#8230;&#8230;&#8230;&#8230;&#8230;&#8230;&#8230;&#8230;&#8230;&#8230;..45<br \/>\nA \u00c1gua&#8230;&#8230;&#8230;&#8230;&#8230;&#8230;&#8230;&#8230;&#8230;&#8230;&#8230;&#8230;&#8230;&#8230;&#8230;&#8230;&#8230;&#8230;&#8230;&#8230;&#8230;..46<br \/>\nOs Alimentos F\u00edsicos&#8230;&#8230;&#8230;&#8230;&#8230;&#8230;&#8230;&#8230;&#8230;&#8230;&#8230;&#8230;&#8230;&#8230;.47<br \/>\nOs Alimentos Sutis&#8230;&#8230;&#8230;&#8230;&#8230;&#8230;&#8230;&#8230;&#8230;&#8230;&#8230;&#8230;&#8230;&#8230;&#8230;.47<\/p>\n<p>PARTE II<\/p>\n<p>Alimento \u00c1gua&#8230;&#8230;&#8230;&#8230;&#8230;&#8230;&#8230;&#8230;&#8230;&#8230;&#8230;&#8230;&#8230;&#8230;&#8230;&#8230;&#8230;&#8230;&#8230;&#8230;&#8230;.50<br \/>\n\u00c1gua \u00e9 ESSENCIAL&#8230;&#8230;&#8230;&#8230;&#8230;&#8230;&#8230;&#8230;&#8230;&#8230;&#8230;&#8230;&#8230;&#8230;&#8230;&#8230;&#8230;&#8230;.52<br \/>\nDesidrata\u00e7\u00e3o&#8230;&#8230;&#8230;&#8230;&#8230;&#8230;&#8230;&#8230;&#8230;&#8230;&#8230;&#8230;&#8230;&#8230;&#8230;&#8230;&#8230;&#8230;&#8230;&#8230;&#8230;&#8230;54<br \/>\nInsola\u00e7\u00e3o&#8230;&#8230;&#8230;&#8230;&#8230;&#8230;&#8230;&#8230;&#8230;&#8230;&#8230;&#8230;&#8230;&#8230;&#8230;&#8230;&#8230;&#8230;&#8230;&#8230;&#8230;&#8230;&#8230;&#8230;54<br \/>\nComo Manter Fluidos no Corpo&#8230;&#8230;&#8230;&#8230;&#8230;&#8230;&#8230;&#8230;&#8230;&#8230;&#8230;&#8230;.55<br \/>\n\u00c1gua Pot\u00e1vel&#8230;&#8230;&#8230;&#8230;&#8230;&#8230;&#8230;&#8230;&#8230;&#8230;&#8230;&#8230;&#8230;&#8230;&#8230;&#8230;&#8230;&#8230;&#8230;&#8230;&#8230;&#8230;58<br \/>\nOnde encontrar \u00c1GUA?&#8230;&#8230;&#8230;&#8230;&#8230;&#8230;&#8230;&#8230;&#8230;&#8230;&#8230;&#8230;&#8230;59<br \/>\nAlgumas Dicas para Ajudar a Encontrar \u00e1gua&#8230;&#8230;&#8230;&#8230;&#8230;60<br \/>\nM\u00e9todos de Esteriliza\u00e7\u00e3o da \u00c1gua&#8230;&#8230;&#8230;&#8230;&#8230;&#8230;&#8230;..61<br \/>\nTratamento por filtra\u00e7\u00e3o n\u00e3o esterilizada, apenas<br \/>\nclarificada&#8230;&#8230;&#8230;&#8230;&#8230;&#8230;&#8230;&#8230;&#8230;&#8230;&#8230;&#8230;&#8230;&#8230;&#8230;&#8230;&#8230;&#8230;&#8230;&#8230;.62<br \/>\nFiltro Dom\u00e9stico&#8230;&#8230;&#8230;&#8230;&#8230;&#8230;&#8230;&#8230;&#8230;&#8230;&#8230;&#8230;&#8230;&#8230;&#8230;&#8230;&#8230;&#8230;&#8230;&#8230;.65<br \/>\nFervura&#8230;&#8230;&#8230;&#8230;&#8230;&#8230;&#8230;&#8230;&#8230;&#8230;&#8230;&#8230;&#8230;&#8230;&#8230;&#8230;&#8230;&#8230;&#8230;&#8230;&#8230;&#8230;&#8230;&#8230;&#8230;67<br \/>\nSolariza\u00e7\u00e3o &#8211; \u00c1gua Sola&#8230;&#8230;&#8230;&#8230;&#8230;&#8230;&#8230;&#8230;&#8230;&#8230;&#8230;&#8230;&#8230;&#8230;&#8230;&#8230;.68<br \/>\nDestila\u00e7\u00e3o&#8230;&#8230;&#8230;&#8230;&#8230;&#8230;&#8230;&#8230;&#8230;&#8230;&#8230;&#8230;&#8230;&#8230;&#8230;&#8230;&#8230;&#8230;&#8230;&#8230;&#8230;&#8230;&#8230;..75<br \/>\nTratamento Qu\u00edmico&#8230;&#8230;&#8230;&#8230;&#8230;&#8230;&#8230;&#8230;&#8230;&#8230;&#8230;&#8230;&#8230;&#8230;&#8230;&#8230;&#8230;&#8230;.79<br \/>\nOutras Fontes de \u00c1gua&#8230;&#8230;&#8230;&#8230;&#8230;&#8230;&#8230;&#8230;&#8230;&#8230;&#8230;&#8230;&#8230;&#8230;&#8230;&#8230;&#8230;85<br \/>\nFrutas e folhas suculentas&#8230;&#8230;&#8230;&#8230;&#8230;&#8230;&#8230;&#8230;&#8230;&#8230;&#8230;&#8230;&#8230;&#8230;&#8230;.85<br \/>\n\u00c1gua da Chuva: para banhos, irriga\u00e7\u00e3o e limpezas&#8230;&#8230;.88<br \/>\nConservando \u00c1gua&#8230;&#8230;&#8230;&#8230;&#8230;&#8230;&#8230;&#8230;&#8230;&#8230;&#8230;&#8230;&#8230;&#8230;&#8230;&#8230;&#8230;&#8230;&#8230;90<\/p>\n<p>PARTE III<\/p>\n<p>Alimentos F\u00edsicos&#8230;&#8230;&#8230;&#8230;&#8230;&#8230;&#8230;&#8230;&#8230;&#8230;&#8230;&#8230;&#8230;&#8230;&#8230;&#8230;&#8230;&#8230;..94<br \/>\nAlimenta\u00e7\u00e3o em momentos de emerg\u00eancia&#8230;&#8230;&#8230;&#8230;&#8230;.94<br \/>\nAlimentos F\u00edsicos&#8230;&#8230;&#8230;&#8230;&#8230;&#8230;&#8230;&#8230;&#8230;&#8230;&#8230;&#8230;&#8230;&#8230;&#8230;&#8230;&#8230;&#8230;&#8230;99<br \/>\nAs Frutas &amp; Folhas: companheiras perfeitas!&#8230;.99<br \/>\nAs Frutas Nativas s\u00e3o PANC&#8230;&#8230;&#8230;&#8230;&#8230;&#8230;&#8230;&#8230;&#8230;.100<br \/>\nAs Folhas e Hortali\u00e7as&#8230;&#8230;&#8230;&#8230;&#8230;&#8230;&#8230;&#8230;&#8230;&#8230;&#8230;&#8230;..106<br \/>\nOs Brotos&#8230;&#8230;&#8230;&#8230;&#8230;&#8230;&#8230;&#8230;&#8230;&#8230;&#8230;&#8230;&#8230;&#8230;&#8230;&#8230;&#8230;&#8230;&#8230;.108<br \/>\nAs Flores&#8230;&#8230;&#8230;&#8230;&#8230;&#8230;&#8230;&#8230;&#8230;&#8230;&#8230;&#8230;&#8230;&#8230;&#8230;&#8230;&#8230;&#8230;&#8230;..110<br \/>\nAlimentos que nos enraizam&#8230;&#8230;&#8230;&#8230;&#8230;&#8230;&#8230;&#8230;&#8230;&#8230;&#8230;&#8230;&#8230;111<br \/>\nAs Frutas Oleaginosas&#8230;&#8230;&#8230;&#8230;&#8230;&#8230;&#8230;&#8230;&#8230;&#8230;&#8230;&#8230;&#8230;&#8230;&#8230;&#8230;112<br \/>\nOs Feij\u00f5es ou Leguminosas&#8230;&#8230;&#8230;&#8230;&#8230;&#8230;&#8230;&#8230;&#8230;&#8230;&#8230;&#8230;&#8230;.114<br \/>\nOs Cereais ou Gr\u00e3os&#8230;&#8230;&#8230;&#8230;&#8230;&#8230;&#8230;&#8230;&#8230;&#8230;&#8230;&#8230;&#8230;&#8230;&#8230;&#8230;&#8230;117<br \/>\nAs Ra\u00edzes e Batatas&#8230;&#8230;&#8230;&#8230;&#8230;&#8230;&#8230;&#8230;&#8230;&#8230;&#8230;&#8230;&#8230;&#8230;&#8230;&#8230;&#8230;.118<\/p>\n<p>Banhos de Ar&#8230;&#8230;&#8230;&#8230;&#8230;&#8230;&#8230;&#8230;&#8230;&#8230;&#8230;&#8230;&#8230;&#8230;&#8230;&#8230;&#8230;&#8230;&#8230;&#8230;&#8230;154<br \/>\nExerc\u00edcios respirat\u00f3rios&#8230;&#8230;&#8230;&#8230;&#8230;&#8230;&#8230;&#8230;&#8230;&#8230;&#8230;&#8230;&#8230;&#8230;&#8230;..157<br \/>\nSitkari Pranayama -Alivia a Sede e Relaxa&#8230;&#8230;.157<br \/>\nMedita\u00e7\u00e3o da concentra\u00e7\u00e3o bem-aventurada&#8230;&#8230;&#8230;&#8230;.159<br \/>\nMeditando com Crop Circles&#8230;&#8230;&#8230;&#8230;&#8230;&#8230;&#8230;&#8230;&#8230;&#8230;&#8230;&#8230;&#8230;164<br \/>\nBanhos de Sol e Banhos de \u00c1guas&#8230;&#8230;&#8230;&#8230;&#8230;&#8230;&#8230;&#8230;&#8230;..165<br \/>\nBanhos de \u00c1guas&#8230;&#8230;&#8230;&#8230;&#8230;&#8230;&#8230;&#8230;&#8230;&#8230;&#8230;&#8230;&#8230;&#8230;&#8230;&#8230;&#8230;&#8230;&#8230;169<\/p>\n<p>Finalizando<br \/>\nArmazenamento?&#8230;&#8230;&#8230;&#8230;&#8230;&#8230;&#8230;&#8230;&#8230;&#8230;&#8230;&#8230;&#8230;&#8230;&#8230;&#8230;&#8230;&#8230;..172<\/p>\n<p>Posf\u00e1cio<br \/>\nE se n\u00e3o houver alimento?&#8230;&#8230;&#8230;&#8230;&#8230;&#8230;&#8230;&#8230;&#8230;&#8230;&#8230;&#8230;&#8230;..179<\/p>\n<p>Bibliografia&#8230;&#8230;&#8230;&#8230;&#8230;&#8230;&#8230;&#8230;&#8230;&#8230;&#8230;&#8230;&#8230;&#8230;&#8230;&#8230;&#8230;&#8230;&#8230;&#8230;&#8230;&#8230;.181<br \/>\nWebgrafia&#8230;&#8230;&#8230;&#8230;&#8230;&#8230;&#8230;&#8230;&#8230;&#8230;&#8230;&#8230;&#8230;&#8230;&#8230;&#8230;&#8230;&#8230;&#8230;&#8230;&#8230;&#8230;..183<\/p>\n<p>&nbsp;<\/p>","protected":false},"excerpt":{"rendered":"<p><strong>E se n\u00e3o houver alimento?<\/strong><\/p>\n<p>&nbsp;<\/p>\n<p>Trata-se de um chamado sobre como seguirmos conectados com a paz, com a terra, com os reinos e amparos, mesmo diante de Momentos de Emerg\u00eancia, de Escassez ou Caos.<\/p>\n<p>O t\u00edtulo \u00e9 instigante, abrangente e inclusivo:<\/p>\n<p>&nbsp;<\/p>\n<p style=\"text-align: left;\"><strong>Um livro dedicado ao Planeta Terra e \u00e0s Sementes do Amanh\u00e3.\u00a0<\/strong><\/p>\n<p>&nbsp;<\/p>\n<p>Porque todos, com seus diversos \u2018conceitos\u2019 sobre alimento ser\u00e3o for\u00e7ados a rever seus paradigmas do que \u00e9 o \u2018verdadeiro alimento\u2019 e refletir sobre escassez. Ou como consumir somente os alimentos da esta\u00e7\u00e3o e locais.<\/p>\n<p>&nbsp;<\/p>\n<p>Ebook\u00a0 da segunda edi\u00e7\u00e3o revisada e ampliada!<\/p>\n<p>&nbsp;<\/p>\n<p>P\u00e1ginas: 188 &#8211; Editora: IRDIN &#8211; Doce Lim\u00e3o<\/p>\n<p>&nbsp;<\/p>\n<p style=\"color: red;\">*<strong>Obs: O link para baixar o ebook ser\u00e1 enviado no corpo do e-mail de confirma\u00e7\u00e3o do pedido<\/strong><\/p>","protected":false},"featured_media":18628,"comment_status":"open","ping_status":"closed","template":"","meta":[],"product_brand":[],"product_cat":[910,743,124,936],"product_tag":[],"class_list":{"0":"post-18620","1":"product","2":"type-product","3":"status-publish","4":"has-post-thumbnail","6":"product_cat-ebooks","7":"product_cat-livros","8":"product_cat-livros-proprios-conceicao-trucom","9":"product_cat-livros-e-combos-com-livros","11":"first","12":"instock","13":"sale","14":"downloadable","15":"virtual","16":"sold-individually","17":"purchasable","18":"product-type-simple"},"yoast_head":"<!-- This site is optimized with the Yoast SEO plugin v27.4 - https:\/\/yoast.com\/product\/yoast-seo-wordpress\/ -->\n<title>Ebook E Se N\u00e3o Houver Alimento - Loja Doce Limao<\/title>\n<meta name=\"description\" content=\"Porque todos, com seus diversos \u2018conceitos\u2019 sobre alimento ser\u00e3o for\u00e7ados a rever seus paradigmas do que \u00e9 o \u2018verdadeiro alimento\u2019 e refletir sobre escassez.\" \/>\n<meta name=\"robots\" content=\"index, follow, max-snippet:-1, max-image-preview:large, max-video-preview:-1\" \/>\n<link rel=\"canonical\" href=\"https:\/\/docelimaoloja.com.br\/en\/product\/ebook-e-se-nao-houver-alimento\/\" \/>\n<meta property=\"og:locale\" content=\"en_US\" \/>\n<meta property=\"og:type\" content=\"article\" \/>\n<meta property=\"og:title\" content=\"Ebook E Se N\u00e3o Houver Alimento - Loja Doce Limao\" \/>\n<meta property=\"og:description\" content=\"Porque todos, com seus diversos \u2018conceitos\u2019 sobre alimento ser\u00e3o for\u00e7ados a rever seus paradigmas do que \u00e9 o \u2018verdadeiro alimento\u2019 e refletir sobre escassez.\" \/>\n<meta property=\"og:url\" content=\"https:\/\/docelimaoloja.com.br\/en\/product\/ebook-e-se-nao-houver-alimento\/\" \/>\n<meta property=\"og:site_name\" content=\"Loja Doce Limao\" \/>\n<meta property=\"article:modified_time\" content=\"2026-04-09T16:58:59+00:00\" \/>\n<meta property=\"og:image\" content=\"https:\/\/docelimaoloja.com.br\/wp-content\/uploads\/2023\/10\/e-se-nao-houver-alimento.png\" \/>\n\t<meta property=\"og:image:width\" content=\"900\" \/>\n\t<meta property=\"og:image:height\" content=\"900\" \/>\n\t<meta property=\"og:image:type\" content=\"image\/png\" \/>\n<meta name=\"twitter:card\" content=\"summary_large_image\" \/>\n<meta name=\"twitter:label1\" content=\"Est. reading time\" \/>\n\t<meta name=\"twitter:data1\" content=\"3 minutes\" \/>\n<script type=\"application\/ld+json\" class=\"yoast-schema-graph\">{\"@context\":\"https:\\\/\\\/schema.org\",\"@graph\":[{\"@type\":\"WebPage\",\"@id\":\"https:\\\/\\\/docelimaoloja.com.br\\\/produto\\\/ebook-e-se-nao-houver-alimento\\\/\",\"url\":\"https:\\\/\\\/docelimaoloja.com.br\\\/produto\\\/ebook-e-se-nao-houver-alimento\\\/\",\"name\":\"Ebook E Se N\u00e3o Houver Alimento - Loja Doce Limao\",\"isPartOf\":{\"@id\":\"https:\\\/\\\/docelimaoloja.com.br\\\/#website\"},\"primaryImageOfPage\":{\"@id\":\"https:\\\/\\\/docelimaoloja.com.br\\\/produto\\\/ebook-e-se-nao-houver-alimento\\\/#primaryimage\"},\"image\":{\"@id\":\"https:\\\/\\\/docelimaoloja.com.br\\\/produto\\\/ebook-e-se-nao-houver-alimento\\\/#primaryimage\"},\"thumbnailUrl\":\"https:\\\/\\\/docelimaoloja.com.br\\\/wp-content\\\/uploads\\\/2023\\\/10\\\/e-se-nao-houver-alimento.png\",\"datePublished\":\"2023-10-31T16:18:02+00:00\",\"dateModified\":\"2026-04-09T16:58:59+00:00\",\"description\":\"Porque todos, com seus diversos \u2018conceitos\u2019 sobre alimento ser\u00e3o for\u00e7ados a rever seus paradigmas do que \u00e9 o \u2018verdadeiro alimento\u2019 e refletir sobre escassez.\",\"breadcrumb\":{\"@id\":\"https:\\\/\\\/docelimaoloja.com.br\\\/produto\\\/ebook-e-se-nao-houver-alimento\\\/#breadcrumb\"},\"inLanguage\":\"en-US\",\"potentialAction\":[{\"@type\":\"ReadAction\",\"target\":[\"https:\\\/\\\/docelimaoloja.com.br\\\/produto\\\/ebook-e-se-nao-houver-alimento\\\/\"]}]},{\"@type\":\"ImageObject\",\"inLanguage\":\"en-US\",\"@id\":\"https:\\\/\\\/docelimaoloja.com.br\\\/produto\\\/ebook-e-se-nao-houver-alimento\\\/#primaryimage\",\"url\":\"https:\\\/\\\/docelimaoloja.com.br\\\/wp-content\\\/uploads\\\/2023\\\/10\\\/e-se-nao-houver-alimento.png\",\"contentUrl\":\"https:\\\/\\\/docelimaoloja.com.br\\\/wp-content\\\/uploads\\\/2023\\\/10\\\/e-se-nao-houver-alimento.png\",\"width\":900,\"height\":900},{\"@type\":\"BreadcrumbList\",\"@id\":\"https:\\\/\\\/docelimaoloja.com.br\\\/produto\\\/ebook-e-se-nao-houver-alimento\\\/#breadcrumb\",\"itemListElement\":[{\"@type\":\"ListItem\",\"position\":1,\"name\":\"In\u00edcio\",\"item\":\"https:\\\/\\\/docelimaoloja.com.br\\\/\"},{\"@type\":\"ListItem\",\"position\":2,\"name\":\"Loja Virtual\",\"item\":\"https:\\\/\\\/docelimaoloja.com.br\\\/loja-virtual\\\/\"},{\"@type\":\"ListItem\",\"position\":3,\"name\":\"Ebook E Se N\u00e3o Houver Alimento\"}]},{\"@type\":\"WebSite\",\"@id\":\"https:\\\/\\\/docelimaoloja.com.br\\\/#website\",\"url\":\"https:\\\/\\\/docelimaoloja.com.br\\\/\",\"name\":\"Loja Doce Limao\",\"description\":\"Loja Natural\",\"publisher\":{\"@id\":\"https:\\\/\\\/docelimaoloja.com.br\\\/#organization\"},\"potentialAction\":[{\"@type\":\"SearchAction\",\"target\":{\"@type\":\"EntryPoint\",\"urlTemplate\":\"https:\\\/\\\/docelimaoloja.com.br\\\/?s={search_term_string}\"},\"query-input\":{\"@type\":\"PropertyValueSpecification\",\"valueRequired\":true,\"valueName\":\"search_term_string\"}}],\"inLanguage\":\"en-US\"},{\"@type\":\"Organization\",\"@id\":\"https:\\\/\\\/docelimaoloja.com.br\\\/#organization\",\"name\":\"Loja Doce Limao\",\"url\":\"https:\\\/\\\/docelimaoloja.com.br\\\/\",\"logo\":{\"@type\":\"ImageObject\",\"inLanguage\":\"en-US\",\"@id\":\"https:\\\/\\\/docelimaoloja.com.br\\\/#\\\/schema\\\/logo\\\/image\\\/\",\"url\":\"https:\\\/\\\/docelimaoloja.com.br\\\/wp-content\\\/uploads\\\/2020\\\/08\\\/logo-doce-limao.png\",\"contentUrl\":\"https:\\\/\\\/docelimaoloja.com.br\\\/wp-content\\\/uploads\\\/2020\\\/08\\\/logo-doce-limao.png\",\"width\":1280,\"height\":653,\"caption\":\"Loja Doce Limao\"},\"image\":{\"@id\":\"https:\\\/\\\/docelimaoloja.com.br\\\/#\\\/schema\\\/logo\\\/image\\\/\"}}]}<\/script>\n<!-- \/ Yoast SEO plugin. -->","yoast_head_json":{"title":"Ebook E Se N\u00e3o Houver Alimento - Loja Doce Limao","description":"Porque todos, com seus diversos \u2018conceitos\u2019 sobre alimento ser\u00e3o for\u00e7ados a rever seus paradigmas do que \u00e9 o \u2018verdadeiro alimento\u2019 e refletir sobre escassez.","robots":{"index":"index","follow":"follow","max-snippet":"max-snippet:-1","max-image-preview":"max-image-preview:large","max-video-preview":"max-video-preview:-1"},"canonical":"https:\/\/docelimaoloja.com.br\/en\/product\/ebook-e-se-nao-houver-alimento\/","og_locale":"en_US","og_type":"article","og_title":"Ebook E Se N\u00e3o Houver Alimento - Loja Doce Limao","og_description":"Porque todos, com seus diversos \u2018conceitos\u2019 sobre alimento ser\u00e3o for\u00e7ados a rever seus paradigmas do que \u00e9 o \u2018verdadeiro alimento\u2019 e refletir sobre escassez.","og_url":"https:\/\/docelimaoloja.com.br\/en\/product\/ebook-e-se-nao-houver-alimento\/","og_site_name":"Loja Doce Limao","article_modified_time":"2026-04-09T16:58:59+00:00","og_image":[{"width":900,"height":900,"url":"https:\/\/docelimaoloja.com.br\/wp-content\/uploads\/2023\/10\/e-se-nao-houver-alimento.png","type":"image\/png"}],"twitter_card":"summary_large_image","twitter_misc":{"Est. reading time":"3 minutes"},"schema":{"@context":"https:\/\/schema.org","@graph":[{"@type":"WebPage","@id":"https:\/\/docelimaoloja.com.br\/produto\/ebook-e-se-nao-houver-alimento\/","url":"https:\/\/docelimaoloja.com.br\/produto\/ebook-e-se-nao-houver-alimento\/","name":"Ebook E Se N\u00e3o Houver Alimento - Loja Doce Limao","isPartOf":{"@id":"https:\/\/docelimaoloja.com.br\/#website"},"primaryImageOfPage":{"@id":"https:\/\/docelimaoloja.com.br\/produto\/ebook-e-se-nao-houver-alimento\/#primaryimage"},"image":{"@id":"https:\/\/docelimaoloja.com.br\/produto\/ebook-e-se-nao-houver-alimento\/#primaryimage"},"thumbnailUrl":"https:\/\/docelimaoloja.com.br\/wp-content\/uploads\/2023\/10\/e-se-nao-houver-alimento.png","datePublished":"2023-10-31T16:18:02+00:00","dateModified":"2026-04-09T16:58:59+00:00","description":"Porque todos, com seus diversos \u2018conceitos\u2019 sobre alimento ser\u00e3o for\u00e7ados a rever seus paradigmas do que \u00e9 o \u2018verdadeiro alimento\u2019 e refletir sobre escassez.","breadcrumb":{"@id":"https:\/\/docelimaoloja.com.br\/produto\/ebook-e-se-nao-houver-alimento\/#breadcrumb"},"inLanguage":"en-US","potentialAction":[{"@type":"ReadAction","target":["https:\/\/docelimaoloja.com.br\/produto\/ebook-e-se-nao-houver-alimento\/"]}]},{"@type":"ImageObject","inLanguage":"en-US","@id":"https:\/\/docelimaoloja.com.br\/produto\/ebook-e-se-nao-houver-alimento\/#primaryimage","url":"https:\/\/docelimaoloja.com.br\/wp-content\/uploads\/2023\/10\/e-se-nao-houver-alimento.png","contentUrl":"https:\/\/docelimaoloja.com.br\/wp-content\/uploads\/2023\/10\/e-se-nao-houver-alimento.png","width":900,"height":900},{"@type":"BreadcrumbList","@id":"https:\/\/docelimaoloja.com.br\/produto\/ebook-e-se-nao-houver-alimento\/#breadcrumb","itemListElement":[{"@type":"ListItem","position":1,"name":"In\u00edcio","item":"https:\/\/docelimaoloja.com.br\/"},{"@type":"ListItem","position":2,"name":"Loja Virtual","item":"https:\/\/docelimaoloja.com.br\/loja-virtual\/"},{"@type":"ListItem","position":3,"name":"Ebook E Se N\u00e3o Houver Alimento"}]},{"@type":"WebSite","@id":"https:\/\/docelimaoloja.com.br\/#website","url":"https:\/\/docelimaoloja.com.br\/","name":"Loja Doce Limao","description":"Loja Natural","publisher":{"@id":"https:\/\/docelimaoloja.com.br\/#organization"},"potentialAction":[{"@type":"SearchAction","target":{"@type":"EntryPoint","urlTemplate":"https:\/\/docelimaoloja.com.br\/?s={search_term_string}"},"query-input":{"@type":"PropertyValueSpecification","valueRequired":true,"valueName":"search_term_string"}}],"inLanguage":"en-US"},{"@type":"Organization","@id":"https:\/\/docelimaoloja.com.br\/#organization","name":"Loja Doce Limao","url":"https:\/\/docelimaoloja.com.br\/","logo":{"@type":"ImageObject","inLanguage":"en-US","@id":"https:\/\/docelimaoloja.com.br\/#\/schema\/logo\/image\/","url":"https:\/\/docelimaoloja.com.br\/wp-content\/uploads\/2020\/08\/logo-doce-limao.png","contentUrl":"https:\/\/docelimaoloja.com.br\/wp-content\/uploads\/2020\/08\/logo-doce-limao.png","width":1280,"height":653,"caption":"Loja Doce Limao"},"image":{"@id":"https:\/\/docelimaoloja.com.br\/#\/schema\/logo\/image\/"}}]}},"_links":{"self":[{"href":"https:\/\/docelimaoloja.com.br\/en\/wp-json\/wp\/v2\/product\/18620","targetHints":{"allow":["GET"]}}],"collection":[{"href":"https:\/\/docelimaoloja.com.br\/en\/wp-json\/wp\/v2\/product"}],"about":[{"href":"https:\/\/docelimaoloja.com.br\/en\/wp-json\/wp\/v2\/types\/product"}],"replies":[{"embeddable":true,"href":"https:\/\/docelimaoloja.com.br\/en\/wp-json\/wp\/v2\/comments?post=18620"}],"wp:featuredmedia":[{"embeddable":true,"href":"https:\/\/docelimaoloja.com.br\/en\/wp-json\/wp\/v2\/media\/18628"}],"wp:attachment":[{"href":"https:\/\/docelimaoloja.com.br\/en\/wp-json\/wp\/v2\/media?parent=18620"}],"wp:term":[{"taxonomy":"product_brand","embeddable":true,"href":"https:\/\/docelimaoloja.com.br\/en\/wp-json\/wp\/v2\/product_brand?post=18620"},{"taxonomy":"product_cat","embeddable":true,"href":"https:\/\/docelimaoloja.com.br\/en\/wp-json\/wp\/v2\/product_cat?post=18620"},{"taxonomy":"product_tag","embeddable":true,"href":"https:\/\/docelimaoloja.com.br\/en\/wp-json\/wp\/v2\/product_tag?post=18620"}],"curies":[{"name":"wp","href":"https:\/\/api.w.org\/{rel}","templated":true}]}}