{"id":14073,"date":"2025-12-01T10:23:37","date_gmt":"2025-12-01T10:23:37","guid":{"rendered":"https:\/\/docelimaoloja.com.br\/?post_type=product&#038;p=14073"},"modified":"2025-12-28T20:25:57","modified_gmt":"2025-12-28T20:25:57","slug":"fito-sais-da-vida-ebook","status":"publish","type":"product","link":"https:\/\/docelimaoloja.com.br\/en\/product\/fito-sais-da-vida-ebook\/","title":{"rendered":"Ebook &#8211; Fito Sais da Vida"},"content":{"rendered":"<p>Assista a seguir o v\u00eddeo sobre nossos Fito Sais:<\/p>\n<div class=\"iframe-container\">\n<p><iframe loading=\"lazy\" src=\"https:\/\/www.youtube.com\/embed\/R5DGnemHXCM?si=IfiPSXIlQSxpuMUR\" width=\"560\" height=\"315\" frameborder=\"0\" allowfullscreen=\"allowfullscreen\"><\/iframe><\/p>\n<\/div>","protected":false},"excerpt":{"rendered":"<p>O sal integral, artesanal e fresco, para maior assimila\u00e7\u00e3o dos minerais, dependem da associa\u00e7\u00e3o com alimentos que fa\u00e7am a sua quela\u00e7\u00e3o.<\/p>\n<p>Aprenda nesse ebook como usar plantas, especiarias, ra\u00edzes e tub\u00e9rculos para ampliar, em sinergia, as pot\u00eancias do sal integral e delas mesmas.<\/p>\n<p>S\u00e3o v\u00e1rias receitas formuladas e preparadas de forma alqu\u00edmica para voc\u00ea aprender a fazer os seus pr\u00f3prios Fito Sais, que uma vez dilu\u00eddos com as plantas, passam a ter uma concentra\u00e7\u00e3o salina em torno de 50%. Ou seja, al\u00e9m de sabores ex\u00f3ticos com funcionalidades nutricionais, voc\u00ea ainda reduz seu consumo de sal.<\/p>\n<p>&nbsp;<\/p>\n<p style=\"color: red;\">*<strong>Obs: O link para baixar o ebook ser\u00e1 enviado no corpo do e-mail de confirma\u00e7\u00e3o do pedido<\/strong><\/p>","protected":false},"featured_media":14074,"comment_status":"open","ping_status":"closed","template":"","meta":[],"product_brand":[],"product_cat":[910,847,124,936],"product_tag":[],"class_list":{"0":"post-14073","1":"product","2":"type-product","3":"status-publish","4":"has-post-thumbnail","6":"product_cat-ebooks","7":"product_cat-fito-sais","8":"product_cat-livros-proprios-conceicao-trucom","9":"product_cat-livros-e-combos-com-livros","11":"first","12":"instock","13":"featured","14":"downloadable","15":"virtual","16":"sold-individually","17":"purchasable","18":"product-type-simple"},"yoast_head":"<!-- This site is optimized with the Yoast SEO plugin v27.4 - https:\/\/yoast.com\/product\/yoast-seo-wordpress\/ -->\n<title>Ebook - Fito Sais da Vida - Loja Doce Limao<\/title>\n<meta name=\"description\" content=\"Aprenda nesse ebook como usar plantas, especiarias, ra\u00edzes e tub\u00e9rculos para ampliar, em sinergia, as pot\u00eancias do sal integral e delas mesmas.\" \/>\n<meta name=\"robots\" content=\"index, follow, max-snippet:-1, max-image-preview:large, max-video-preview:-1\" \/>\n<link rel=\"canonical\" href=\"https:\/\/docelimaoloja.com.br\/en\/product\/fito-sais-da-vida-ebook\/\" \/>\n<meta property=\"og:locale\" content=\"en_US\" \/>\n<meta property=\"og:type\" content=\"article\" \/>\n<meta property=\"og:title\" content=\"Ebook - Fito Sais da Vida - Loja Doce Limao\" \/>\n<meta property=\"og:description\" content=\"Aprenda nesse ebook como usar plantas, especiarias, ra\u00edzes e tub\u00e9rculos para ampliar, em sinergia, as pot\u00eancias do sal integral e delas mesmas.\" \/>\n<meta property=\"og:url\" content=\"https:\/\/docelimaoloja.com.br\/en\/product\/fito-sais-da-vida-ebook\/\" \/>\n<meta property=\"og:site_name\" content=\"Loja Doce Limao\" \/>\n<meta property=\"article:modified_time\" content=\"2025-12-28T20:25:57+00:00\" \/>\n<meta property=\"og:image\" content=\"https:\/\/docelimaoloja.com.br\/wp-content\/uploads\/2022\/11\/fito-sais-da-vida.jpg\" \/>\n\t<meta property=\"og:image:width\" content=\"1080\" \/>\n\t<meta property=\"og:image:height\" content=\"1080\" \/>\n\t<meta property=\"og:image:type\" content=\"image\/jpeg\" \/>\n<meta name=\"twitter:card\" content=\"summary_large_image\" \/>\n<meta name=\"twitter:label1\" content=\"Est. reading time\" \/>\n\t<meta name=\"twitter:data1\" content=\"1 minute\" \/>\n<script type=\"application\/ld+json\" class=\"yoast-schema-graph\">{\"@context\":\"https:\\\/\\\/schema.org\",\"@graph\":[{\"@type\":\"WebPage\",\"@id\":\"https:\\\/\\\/docelimaoloja.com.br\\\/produto\\\/fito-sais-da-vida-ebook\\\/\",\"url\":\"https:\\\/\\\/docelimaoloja.com.br\\\/produto\\\/fito-sais-da-vida-ebook\\\/\",\"name\":\"Ebook - Fito Sais da Vida - Loja Doce Limao\",\"isPartOf\":{\"@id\":\"https:\\\/\\\/docelimaoloja.com.br\\\/#website\"},\"primaryImageOfPage\":{\"@id\":\"https:\\\/\\\/docelimaoloja.com.br\\\/produto\\\/fito-sais-da-vida-ebook\\\/#primaryimage\"},\"image\":{\"@id\":\"https:\\\/\\\/docelimaoloja.com.br\\\/produto\\\/fito-sais-da-vida-ebook\\\/#primaryimage\"},\"thumbnailUrl\":\"https:\\\/\\\/docelimaoloja.com.br\\\/wp-content\\\/uploads\\\/2022\\\/11\\\/fito-sais-da-vida.jpg\",\"datePublished\":\"2025-12-01T10:23:37+00:00\",\"dateModified\":\"2025-12-28T20:25:57+00:00\",\"description\":\"Aprenda nesse ebook como usar plantas, especiarias, ra\u00edzes e tub\u00e9rculos para ampliar, em sinergia, as pot\u00eancias do sal integral e delas mesmas.\",\"breadcrumb\":{\"@id\":\"https:\\\/\\\/docelimaoloja.com.br\\\/produto\\\/fito-sais-da-vida-ebook\\\/#breadcrumb\"},\"inLanguage\":\"en-US\",\"potentialAction\":[{\"@type\":\"ReadAction\",\"target\":[\"https:\\\/\\\/docelimaoloja.com.br\\\/produto\\\/fito-sais-da-vida-ebook\\\/\"]}]},{\"@type\":\"ImageObject\",\"inLanguage\":\"en-US\",\"@id\":\"https:\\\/\\\/docelimaoloja.com.br\\\/produto\\\/fito-sais-da-vida-ebook\\\/#primaryimage\",\"url\":\"https:\\\/\\\/docelimaoloja.com.br\\\/wp-content\\\/uploads\\\/2022\\\/11\\\/fito-sais-da-vida.jpg\",\"contentUrl\":\"https:\\\/\\\/docelimaoloja.com.br\\\/wp-content\\\/uploads\\\/2022\\\/11\\\/fito-sais-da-vida.jpg\",\"width\":1080,\"height\":1080},{\"@type\":\"BreadcrumbList\",\"@id\":\"https:\\\/\\\/docelimaoloja.com.br\\\/produto\\\/fito-sais-da-vida-ebook\\\/#breadcrumb\",\"itemListElement\":[{\"@type\":\"ListItem\",\"position\":1,\"name\":\"In\u00edcio\",\"item\":\"https:\\\/\\\/docelimaoloja.com.br\\\/\"},{\"@type\":\"ListItem\",\"position\":2,\"name\":\"Loja Virtual\",\"item\":\"https:\\\/\\\/docelimaoloja.com.br\\\/loja-virtual\\\/\"},{\"@type\":\"ListItem\",\"position\":3,\"name\":\"Ebook &#8211; Fito Sais da Vida\"}]},{\"@type\":\"WebSite\",\"@id\":\"https:\\\/\\\/docelimaoloja.com.br\\\/#website\",\"url\":\"https:\\\/\\\/docelimaoloja.com.br\\\/\",\"name\":\"Loja Doce Limao\",\"description\":\"Loja Natural\",\"publisher\":{\"@id\":\"https:\\\/\\\/docelimaoloja.com.br\\\/#organization\"},\"potentialAction\":[{\"@type\":\"SearchAction\",\"target\":{\"@type\":\"EntryPoint\",\"urlTemplate\":\"https:\\\/\\\/docelimaoloja.com.br\\\/?s={search_term_string}\"},\"query-input\":{\"@type\":\"PropertyValueSpecification\",\"valueRequired\":true,\"valueName\":\"search_term_string\"}}],\"inLanguage\":\"en-US\"},{\"@type\":\"Organization\",\"@id\":\"https:\\\/\\\/docelimaoloja.com.br\\\/#organization\",\"name\":\"Loja Doce Limao\",\"url\":\"https:\\\/\\\/docelimaoloja.com.br\\\/\",\"logo\":{\"@type\":\"ImageObject\",\"inLanguage\":\"en-US\",\"@id\":\"https:\\\/\\\/docelimaoloja.com.br\\\/#\\\/schema\\\/logo\\\/image\\\/\",\"url\":\"https:\\\/\\\/docelimaoloja.com.br\\\/wp-content\\\/uploads\\\/2020\\\/08\\\/logo-doce-limao.png\",\"contentUrl\":\"https:\\\/\\\/docelimaoloja.com.br\\\/wp-content\\\/uploads\\\/2020\\\/08\\\/logo-doce-limao.png\",\"width\":1280,\"height\":653,\"caption\":\"Loja Doce Limao\"},\"image\":{\"@id\":\"https:\\\/\\\/docelimaoloja.com.br\\\/#\\\/schema\\\/logo\\\/image\\\/\"}}]}<\/script>\n<!-- \/ Yoast SEO plugin. -->","yoast_head_json":{"title":"Ebook - Fito Sais da Vida - Loja Doce Limao","description":"Aprenda nesse ebook como usar plantas, especiarias, ra\u00edzes e tub\u00e9rculos para ampliar, em sinergia, as pot\u00eancias do sal integral e delas mesmas.","robots":{"index":"index","follow":"follow","max-snippet":"max-snippet:-1","max-image-preview":"max-image-preview:large","max-video-preview":"max-video-preview:-1"},"canonical":"https:\/\/docelimaoloja.com.br\/en\/product\/fito-sais-da-vida-ebook\/","og_locale":"en_US","og_type":"article","og_title":"Ebook - Fito Sais da Vida - Loja Doce Limao","og_description":"Aprenda nesse ebook como usar plantas, especiarias, ra\u00edzes e tub\u00e9rculos para ampliar, em sinergia, as pot\u00eancias do sal integral e delas mesmas.","og_url":"https:\/\/docelimaoloja.com.br\/en\/product\/fito-sais-da-vida-ebook\/","og_site_name":"Loja Doce Limao","article_modified_time":"2025-12-28T20:25:57+00:00","og_image":[{"width":1080,"height":1080,"url":"https:\/\/docelimaoloja.com.br\/wp-content\/uploads\/2022\/11\/fito-sais-da-vida.jpg","type":"image\/jpeg"}],"twitter_card":"summary_large_image","twitter_misc":{"Est. reading time":"1 minute"},"schema":{"@context":"https:\/\/schema.org","@graph":[{"@type":"WebPage","@id":"https:\/\/docelimaoloja.com.br\/produto\/fito-sais-da-vida-ebook\/","url":"https:\/\/docelimaoloja.com.br\/produto\/fito-sais-da-vida-ebook\/","name":"Ebook - Fito Sais da Vida - Loja Doce Limao","isPartOf":{"@id":"https:\/\/docelimaoloja.com.br\/#website"},"primaryImageOfPage":{"@id":"https:\/\/docelimaoloja.com.br\/produto\/fito-sais-da-vida-ebook\/#primaryimage"},"image":{"@id":"https:\/\/docelimaoloja.com.br\/produto\/fito-sais-da-vida-ebook\/#primaryimage"},"thumbnailUrl":"https:\/\/docelimaoloja.com.br\/wp-content\/uploads\/2022\/11\/fito-sais-da-vida.jpg","datePublished":"2025-12-01T10:23:37+00:00","dateModified":"2025-12-28T20:25:57+00:00","description":"Aprenda nesse ebook como usar plantas, especiarias, ra\u00edzes e tub\u00e9rculos para ampliar, em sinergia, as pot\u00eancias do sal integral e delas mesmas.","breadcrumb":{"@id":"https:\/\/docelimaoloja.com.br\/produto\/fito-sais-da-vida-ebook\/#breadcrumb"},"inLanguage":"en-US","potentialAction":[{"@type":"ReadAction","target":["https:\/\/docelimaoloja.com.br\/produto\/fito-sais-da-vida-ebook\/"]}]},{"@type":"ImageObject","inLanguage":"en-US","@id":"https:\/\/docelimaoloja.com.br\/produto\/fito-sais-da-vida-ebook\/#primaryimage","url":"https:\/\/docelimaoloja.com.br\/wp-content\/uploads\/2022\/11\/fito-sais-da-vida.jpg","contentUrl":"https:\/\/docelimaoloja.com.br\/wp-content\/uploads\/2022\/11\/fito-sais-da-vida.jpg","width":1080,"height":1080},{"@type":"BreadcrumbList","@id":"https:\/\/docelimaoloja.com.br\/produto\/fito-sais-da-vida-ebook\/#breadcrumb","itemListElement":[{"@type":"ListItem","position":1,"name":"In\u00edcio","item":"https:\/\/docelimaoloja.com.br\/"},{"@type":"ListItem","position":2,"name":"Loja Virtual","item":"https:\/\/docelimaoloja.com.br\/loja-virtual\/"},{"@type":"ListItem","position":3,"name":"Ebook &#8211; Fito Sais da Vida"}]},{"@type":"WebSite","@id":"https:\/\/docelimaoloja.com.br\/#website","url":"https:\/\/docelimaoloja.com.br\/","name":"Loja Doce Limao","description":"Loja Natural","publisher":{"@id":"https:\/\/docelimaoloja.com.br\/#organization"},"potentialAction":[{"@type":"SearchAction","target":{"@type":"EntryPoint","urlTemplate":"https:\/\/docelimaoloja.com.br\/?s={search_term_string}"},"query-input":{"@type":"PropertyValueSpecification","valueRequired":true,"valueName":"search_term_string"}}],"inLanguage":"en-US"},{"@type":"Organization","@id":"https:\/\/docelimaoloja.com.br\/#organization","name":"Loja Doce Limao","url":"https:\/\/docelimaoloja.com.br\/","logo":{"@type":"ImageObject","inLanguage":"en-US","@id":"https:\/\/docelimaoloja.com.br\/#\/schema\/logo\/image\/","url":"https:\/\/docelimaoloja.com.br\/wp-content\/uploads\/2020\/08\/logo-doce-limao.png","contentUrl":"https:\/\/docelimaoloja.com.br\/wp-content\/uploads\/2020\/08\/logo-doce-limao.png","width":1280,"height":653,"caption":"Loja Doce Limao"},"image":{"@id":"https:\/\/docelimaoloja.com.br\/#\/schema\/logo\/image\/"}}]}},"_links":{"self":[{"href":"https:\/\/docelimaoloja.com.br\/en\/wp-json\/wp\/v2\/product\/14073","targetHints":{"allow":["GET"]}}],"collection":[{"href":"https:\/\/docelimaoloja.com.br\/en\/wp-json\/wp\/v2\/product"}],"about":[{"href":"https:\/\/docelimaoloja.com.br\/en\/wp-json\/wp\/v2\/types\/product"}],"replies":[{"embeddable":true,"href":"https:\/\/docelimaoloja.com.br\/en\/wp-json\/wp\/v2\/comments?post=14073"}],"wp:featuredmedia":[{"embeddable":true,"href":"https:\/\/docelimaoloja.com.br\/en\/wp-json\/wp\/v2\/media\/14074"}],"wp:attachment":[{"href":"https:\/\/docelimaoloja.com.br\/en\/wp-json\/wp\/v2\/media?parent=14073"}],"wp:term":[{"taxonomy":"product_brand","embeddable":true,"href":"https:\/\/docelimaoloja.com.br\/en\/wp-json\/wp\/v2\/product_brand?post=14073"},{"taxonomy":"product_cat","embeddable":true,"href":"https:\/\/docelimaoloja.com.br\/en\/wp-json\/wp\/v2\/product_cat?post=14073"},{"taxonomy":"product_tag","embeddable":true,"href":"https:\/\/docelimaoloja.com.br\/en\/wp-json\/wp\/v2\/product_tag?post=14073"}],"curies":[{"name":"wp","href":"https:\/\/api.w.org\/{rel}","templated":true}]}}