{"id":13613,"date":"2025-06-05T16:27:50","date_gmt":"2025-06-05T16:27:50","guid":{"rendered":"https:\/\/docelimaoloja.com.br\/?post_type=product&#038;p=13613"},"modified":"2026-04-15T11:05:07","modified_gmt":"2026-04-15T11:05:07","slug":"flor-de-sal","status":"publish","type":"product","link":"https:\/\/docelimaoloja.com.br\/en\/product\/flor-de-sal\/","title":{"rendered":"Flor de Sal &#8211; 70g"},"content":{"rendered":"<p>Assista os v\u00eddeos explicativos sobre as op\u00e7\u00f5es de embalagem:<\/p>\n<div style=\"width: 360px;\" class=\"wp-video\"><video class=\"wp-video-shortcode\" id=\"video-13613-1\" width=\"360\" height=\"640\" preload=\"metadata\" controls=\"controls\"><source type=\"video\/mp4\" src=\"https:\/\/docelimaoloja.com.br\/wp-content\/uploads\/2025\/02\/embalagem-vidro.mp4?_=1\" \/><a href=\"https:\/\/docelimaoloja.com.br\/wp-content\/uploads\/2025\/02\/embalagem-vidro.mp4\">https:\/\/docelimaoloja.com.br\/wp-content\/uploads\/2025\/02\/embalagem-vidro.mp4<\/a><\/video><\/div>\n<p>&nbsp;<\/p>\n<div style=\"width: 360px;\" class=\"wp-video\"><video class=\"wp-video-shortcode\" id=\"video-13613-2\" width=\"360\" height=\"640\" preload=\"metadata\" controls=\"controls\"><source type=\"video\/mp4\" src=\"https:\/\/docelimaoloja.com.br\/wp-content\/uploads\/2025\/02\/embalagem-sache.mp4?_=2\" \/><a href=\"https:\/\/docelimaoloja.com.br\/wp-content\/uploads\/2025\/02\/embalagem-sache.mp4\">https:\/\/docelimaoloja.com.br\/wp-content\/uploads\/2025\/02\/embalagem-sache.mp4<\/a><\/video><\/div>\n<p>&nbsp;<\/p>\n<p>Flor de Sal, ou Nata de Sal, \u00e9 um sal marinho e fresco (produzido 3-4 meses\/ano), o nome dado para a fina camada de cristais de sal que se forma na superf\u00edcie de cristalizadores especiais: rasos com pequenas dimens\u00f5es.<\/p>\n<p>Por isso o chamamos de Sal Artesanal porque sua forma\u00e7\u00e3o depende das condi\u00e7\u00f5es atmosf\u00e9ricas, da temperatura e da radia\u00e7\u00e3o solar, que precisam ser elevadas e o vento ser suave.<\/p>\n<p>Sua morfologia \u00e9 laminar, por isso a textura de flocos leves e soltos. Diferente do sal marinho n\u00e3o artesanal, que tem morfologia c\u00fabica, dura e cortante.<\/p>\n<p>Al\u00e9m de apresentar teores de s\u00f3dio mais baixos, e teores de magn\u00e9sio e c\u00e1lcio mais elevados se comparados ao sal comum.<\/p>\n<p>Sem passar por lavagens, moagens qualquer tipo de processamento, somente adi\u00e7\u00e3o de iodo conforme exig\u00eancia da Anvisa, a Flor de Sal \u00e9 embalada manualmente.<\/p>\n<p>Para conferir mais informa\u00e7\u00f5es sobre nosso Sal Premium e\u00a0 ensaios anal\u00edticos acesse: <a href=\"https:\/\/www.docelimao.com.br\/site\/de-bem-com-o-planeta\/agricultor-e-consumidor-conscientes\/3443-sal-premium-ensaios-analiticos.html\" target=\"_blank\" rel=\"noopener\">https:\/\/www.docelimao.com.br\/site\/de-bem-com-o-planeta\/agricultor-e-consumidor-conscientes\/3443-sal-premium-ensaios-analiticos.html<\/a><\/p>\n<p>Assista a seguir o v\u00eddeo sobre nossos Fito Sais:<\/p>\n<div class=\"iframe-container\">\n<p><iframe loading=\"lazy\" src=\"https:\/\/www.youtube.com\/embed\/R5DGnemHXCM?si=IfiPSXIlQSxpuMUR\" width=\"560\" height=\"315\" frameborder=\"0\" allowfullscreen=\"allowfullscreen\"><\/iframe><\/p>\n<\/div>","protected":false},"excerpt":{"rendered":"<p>Flor de Sal, ou Nata de Sal, \u00e9 um sal marinho e fresco, produzido de forma artesanal.<\/p>\n<p>Sua morfologia \u00e9 laminar, por isso a textura de flocos leves e soltos. Diferente do sal marinho n\u00e3o artesanal, que tem morfologia c\u00fabica, dura e cortante.<\/p>\n<p>Sem passar por lavagens, moagens qualquer tipo de processamento, somente adi\u00e7\u00e3o de iodo conforme exig\u00eancia da Anvisa, a Flor de Sal \u00e9 embalada manualmente. Ideal para uso gourmet ou finaliza\u00e7\u00f5es.<\/p>\n<p>Produzido em Macau\/RN &#8211; Embalado Doce Lim\u00e3o: 70 gramas<\/p>\n<p>Op\u00e7\u00f5es de embalagens no frasco de vidro ou apenas o sache refil.<\/p>\n<p>Para d\u00favidas sobre qual embalagem escolher, role a p\u00e1gina para baixo e assista os v\u00eddeos explicativos.<\/p>\n<p><a href=\"https:\/\/docelimaoloja.com.br\/wp-content\/uploads\/2022\/09\/selo-sal-costa-do-sol-rn.png\"><img loading=\"lazy\" decoding=\"async\" class=\"alignnone wp-image-14076\" src=\"https:\/\/docelimaoloja.com.br\/wp-content\/uploads\/2022\/09\/selo-sal-costa-do-sol-rn-300x51.png\" alt=\"\" width=\"253\" height=\"43\" srcset=\"https:\/\/docelimaoloja.com.br\/wp-content\/uploads\/2022\/09\/selo-sal-costa-do-sol-rn-300x51.png 300w, https:\/\/docelimaoloja.com.br\/wp-content\/uploads\/2022\/09\/selo-sal-costa-do-sol-rn.png 444w\" sizes=\"auto, (max-width: 253px) 100vw, 253px\" \/><\/a><\/p>\n<p>&nbsp;<\/p>","protected":false},"featured_media":13614,"comment_status":"open","ping_status":"closed","template":"","meta":[],"product_brand":[],"product_cat":[847],"product_tag":[],"class_list":{"0":"post-13613","1":"product","2":"type-product","3":"status-publish","4":"has-post-thumbnail","6":"product_cat-fito-sais","8":"first","9":"instock","10":"shipping-taxable","11":"purchasable","12":"product-type-variable"},"yoast_head":"<!-- This site is optimized with the Yoast SEO plugin v27.4 - https:\/\/yoast.com\/product\/yoast-seo-wordpress\/ -->\n<title>Flor de Sal - 70g - Loja Doce Limao<\/title>\n<meta name=\"description\" content=\"Flor de Sal, ou Nata de Sal, \u00e9 um sal marinho e fresco, produzido de forma artesanal. Sua morfologia \u00e9 laminar, por isso a textura de flocos leves e soltos. Ideal para uso gourmet ou finaliza\u00e7\u00f5es.\" \/>\n<meta name=\"robots\" content=\"index, follow, max-snippet:-1, max-image-preview:large, max-video-preview:-1\" \/>\n<link rel=\"canonical\" href=\"https:\/\/docelimaoloja.com.br\/en\/product\/flor-de-sal\/\" \/>\n<meta property=\"og:locale\" content=\"en_US\" \/>\n<meta property=\"og:type\" content=\"article\" \/>\n<meta property=\"og:title\" content=\"Flor de Sal - 70g - Loja Doce Limao\" \/>\n<meta property=\"og:description\" content=\"Flor de Sal, ou Nata de Sal, \u00e9 um sal marinho e fresco, produzido de forma artesanal. Sua morfologia \u00e9 laminar, por isso a textura de flocos leves e soltos. Ideal para uso gourmet ou finaliza\u00e7\u00f5es.\" \/>\n<meta property=\"og:url\" content=\"https:\/\/docelimaoloja.com.br\/en\/product\/flor-de-sal\/\" \/>\n<meta property=\"og:site_name\" content=\"Loja Doce Limao\" \/>\n<meta property=\"article:modified_time\" content=\"2026-04-15T11:05:07+00:00\" \/>\n<meta property=\"og:image\" content=\"https:\/\/docelimaoloja.com.br\/wp-content\/uploads\/2022\/09\/flor-de-sal-docel-limao.jpg\" \/>\n\t<meta property=\"og:image:width\" content=\"1080\" \/>\n\t<meta property=\"og:image:height\" content=\"1080\" \/>\n\t<meta property=\"og:image:type\" content=\"image\/jpeg\" \/>\n<meta name=\"twitter:card\" content=\"summary_large_image\" \/>\n<meta name=\"twitter:label1\" content=\"Est. reading time\" \/>\n\t<meta name=\"twitter:data1\" content=\"2 minutes\" \/>\n<script type=\"application\/ld+json\" class=\"yoast-schema-graph\">{\"@context\":\"https:\\\/\\\/schema.org\",\"@graph\":[{\"@type\":\"WebPage\",\"@id\":\"https:\\\/\\\/docelimaoloja.com.br\\\/produto\\\/flor-de-sal\\\/\",\"url\":\"https:\\\/\\\/docelimaoloja.com.br\\\/produto\\\/flor-de-sal\\\/\",\"name\":\"Flor de Sal - 70g - Loja Doce Limao\",\"isPartOf\":{\"@id\":\"https:\\\/\\\/docelimaoloja.com.br\\\/#website\"},\"primaryImageOfPage\":{\"@id\":\"https:\\\/\\\/docelimaoloja.com.br\\\/produto\\\/flor-de-sal\\\/#primaryimage\"},\"image\":{\"@id\":\"https:\\\/\\\/docelimaoloja.com.br\\\/produto\\\/flor-de-sal\\\/#primaryimage\"},\"thumbnailUrl\":\"https:\\\/\\\/docelimaoloja.com.br\\\/wp-content\\\/uploads\\\/2022\\\/09\\\/flor-de-sal-docel-limao.jpg\",\"datePublished\":\"2025-06-05T16:27:50+00:00\",\"dateModified\":\"2026-04-15T11:05:07+00:00\",\"description\":\"Flor de Sal, ou Nata de Sal, \u00e9 um sal marinho e fresco, produzido de forma artesanal. Sua morfologia \u00e9 laminar, por isso a textura de flocos leves e soltos. Ideal para uso gourmet ou finaliza\u00e7\u00f5es.\",\"breadcrumb\":{\"@id\":\"https:\\\/\\\/docelimaoloja.com.br\\\/produto\\\/flor-de-sal\\\/#breadcrumb\"},\"inLanguage\":\"en-US\",\"potentialAction\":[{\"@type\":\"ReadAction\",\"target\":[\"https:\\\/\\\/docelimaoloja.com.br\\\/produto\\\/flor-de-sal\\\/\"]}]},{\"@type\":\"ImageObject\",\"inLanguage\":\"en-US\",\"@id\":\"https:\\\/\\\/docelimaoloja.com.br\\\/produto\\\/flor-de-sal\\\/#primaryimage\",\"url\":\"https:\\\/\\\/docelimaoloja.com.br\\\/wp-content\\\/uploads\\\/2022\\\/09\\\/flor-de-sal-docel-limao.jpg\",\"contentUrl\":\"https:\\\/\\\/docelimaoloja.com.br\\\/wp-content\\\/uploads\\\/2022\\\/09\\\/flor-de-sal-docel-limao.jpg\",\"width\":1080,\"height\":1080},{\"@type\":\"BreadcrumbList\",\"@id\":\"https:\\\/\\\/docelimaoloja.com.br\\\/produto\\\/flor-de-sal\\\/#breadcrumb\",\"itemListElement\":[{\"@type\":\"ListItem\",\"position\":1,\"name\":\"In\u00edcio\",\"item\":\"https:\\\/\\\/docelimaoloja.com.br\\\/\"},{\"@type\":\"ListItem\",\"position\":2,\"name\":\"Loja Virtual\",\"item\":\"https:\\\/\\\/docelimaoloja.com.br\\\/loja-virtual\\\/\"},{\"@type\":\"ListItem\",\"position\":3,\"name\":\"Flor de Sal &#8211; 70g\"}]},{\"@type\":\"WebSite\",\"@id\":\"https:\\\/\\\/docelimaoloja.com.br\\\/#website\",\"url\":\"https:\\\/\\\/docelimaoloja.com.br\\\/\",\"name\":\"Loja Doce Limao\",\"description\":\"Loja Natural\",\"publisher\":{\"@id\":\"https:\\\/\\\/docelimaoloja.com.br\\\/#organization\"},\"potentialAction\":[{\"@type\":\"SearchAction\",\"target\":{\"@type\":\"EntryPoint\",\"urlTemplate\":\"https:\\\/\\\/docelimaoloja.com.br\\\/?s={search_term_string}\"},\"query-input\":{\"@type\":\"PropertyValueSpecification\",\"valueRequired\":true,\"valueName\":\"search_term_string\"}}],\"inLanguage\":\"en-US\"},{\"@type\":\"Organization\",\"@id\":\"https:\\\/\\\/docelimaoloja.com.br\\\/#organization\",\"name\":\"Loja Doce Limao\",\"url\":\"https:\\\/\\\/docelimaoloja.com.br\\\/\",\"logo\":{\"@type\":\"ImageObject\",\"inLanguage\":\"en-US\",\"@id\":\"https:\\\/\\\/docelimaoloja.com.br\\\/#\\\/schema\\\/logo\\\/image\\\/\",\"url\":\"https:\\\/\\\/docelimaoloja.com.br\\\/wp-content\\\/uploads\\\/2020\\\/08\\\/logo-doce-limao.png\",\"contentUrl\":\"https:\\\/\\\/docelimaoloja.com.br\\\/wp-content\\\/uploads\\\/2020\\\/08\\\/logo-doce-limao.png\",\"width\":1280,\"height\":653,\"caption\":\"Loja Doce Limao\"},\"image\":{\"@id\":\"https:\\\/\\\/docelimaoloja.com.br\\\/#\\\/schema\\\/logo\\\/image\\\/\"}}]}<\/script>\n<!-- \/ Yoast SEO plugin. -->","yoast_head_json":{"title":"Flor de Sal - 70g - Loja Doce Limao","description":"Flor de Sal, ou Nata de Sal, \u00e9 um sal marinho e fresco, produzido de forma artesanal. Sua morfologia \u00e9 laminar, por isso a textura de flocos leves e soltos. Ideal para uso gourmet ou finaliza\u00e7\u00f5es.","robots":{"index":"index","follow":"follow","max-snippet":"max-snippet:-1","max-image-preview":"max-image-preview:large","max-video-preview":"max-video-preview:-1"},"canonical":"https:\/\/docelimaoloja.com.br\/en\/product\/flor-de-sal\/","og_locale":"en_US","og_type":"article","og_title":"Flor de Sal - 70g - Loja Doce Limao","og_description":"Flor de Sal, ou Nata de Sal, \u00e9 um sal marinho e fresco, produzido de forma artesanal. Sua morfologia \u00e9 laminar, por isso a textura de flocos leves e soltos. Ideal para uso gourmet ou finaliza\u00e7\u00f5es.","og_url":"https:\/\/docelimaoloja.com.br\/en\/product\/flor-de-sal\/","og_site_name":"Loja Doce Limao","article_modified_time":"2026-04-15T11:05:07+00:00","og_image":[{"width":1080,"height":1080,"url":"https:\/\/docelimaoloja.com.br\/wp-content\/uploads\/2022\/09\/flor-de-sal-docel-limao.jpg","type":"image\/jpeg"}],"twitter_card":"summary_large_image","twitter_misc":{"Est. reading time":"2 minutes"},"schema":{"@context":"https:\/\/schema.org","@graph":[{"@type":"WebPage","@id":"https:\/\/docelimaoloja.com.br\/produto\/flor-de-sal\/","url":"https:\/\/docelimaoloja.com.br\/produto\/flor-de-sal\/","name":"Flor de Sal - 70g - Loja Doce Limao","isPartOf":{"@id":"https:\/\/docelimaoloja.com.br\/#website"},"primaryImageOfPage":{"@id":"https:\/\/docelimaoloja.com.br\/produto\/flor-de-sal\/#primaryimage"},"image":{"@id":"https:\/\/docelimaoloja.com.br\/produto\/flor-de-sal\/#primaryimage"},"thumbnailUrl":"https:\/\/docelimaoloja.com.br\/wp-content\/uploads\/2022\/09\/flor-de-sal-docel-limao.jpg","datePublished":"2025-06-05T16:27:50+00:00","dateModified":"2026-04-15T11:05:07+00:00","description":"Flor de Sal, ou Nata de Sal, \u00e9 um sal marinho e fresco, produzido de forma artesanal. Sua morfologia \u00e9 laminar, por isso a textura de flocos leves e soltos. Ideal para uso gourmet ou finaliza\u00e7\u00f5es.","breadcrumb":{"@id":"https:\/\/docelimaoloja.com.br\/produto\/flor-de-sal\/#breadcrumb"},"inLanguage":"en-US","potentialAction":[{"@type":"ReadAction","target":["https:\/\/docelimaoloja.com.br\/produto\/flor-de-sal\/"]}]},{"@type":"ImageObject","inLanguage":"en-US","@id":"https:\/\/docelimaoloja.com.br\/produto\/flor-de-sal\/#primaryimage","url":"https:\/\/docelimaoloja.com.br\/wp-content\/uploads\/2022\/09\/flor-de-sal-docel-limao.jpg","contentUrl":"https:\/\/docelimaoloja.com.br\/wp-content\/uploads\/2022\/09\/flor-de-sal-docel-limao.jpg","width":1080,"height":1080},{"@type":"BreadcrumbList","@id":"https:\/\/docelimaoloja.com.br\/produto\/flor-de-sal\/#breadcrumb","itemListElement":[{"@type":"ListItem","position":1,"name":"In\u00edcio","item":"https:\/\/docelimaoloja.com.br\/"},{"@type":"ListItem","position":2,"name":"Loja Virtual","item":"https:\/\/docelimaoloja.com.br\/loja-virtual\/"},{"@type":"ListItem","position":3,"name":"Flor de Sal &#8211; 70g"}]},{"@type":"WebSite","@id":"https:\/\/docelimaoloja.com.br\/#website","url":"https:\/\/docelimaoloja.com.br\/","name":"Loja Doce Limao","description":"Loja Natural","publisher":{"@id":"https:\/\/docelimaoloja.com.br\/#organization"},"potentialAction":[{"@type":"SearchAction","target":{"@type":"EntryPoint","urlTemplate":"https:\/\/docelimaoloja.com.br\/?s={search_term_string}"},"query-input":{"@type":"PropertyValueSpecification","valueRequired":true,"valueName":"search_term_string"}}],"inLanguage":"en-US"},{"@type":"Organization","@id":"https:\/\/docelimaoloja.com.br\/#organization","name":"Loja Doce Limao","url":"https:\/\/docelimaoloja.com.br\/","logo":{"@type":"ImageObject","inLanguage":"en-US","@id":"https:\/\/docelimaoloja.com.br\/#\/schema\/logo\/image\/","url":"https:\/\/docelimaoloja.com.br\/wp-content\/uploads\/2020\/08\/logo-doce-limao.png","contentUrl":"https:\/\/docelimaoloja.com.br\/wp-content\/uploads\/2020\/08\/logo-doce-limao.png","width":1280,"height":653,"caption":"Loja Doce Limao"},"image":{"@id":"https:\/\/docelimaoloja.com.br\/#\/schema\/logo\/image\/"}}]}},"_links":{"self":[{"href":"https:\/\/docelimaoloja.com.br\/en\/wp-json\/wp\/v2\/product\/13613","targetHints":{"allow":["GET"]}}],"collection":[{"href":"https:\/\/docelimaoloja.com.br\/en\/wp-json\/wp\/v2\/product"}],"about":[{"href":"https:\/\/docelimaoloja.com.br\/en\/wp-json\/wp\/v2\/types\/product"}],"replies":[{"embeddable":true,"href":"https:\/\/docelimaoloja.com.br\/en\/wp-json\/wp\/v2\/comments?post=13613"}],"wp:featuredmedia":[{"embeddable":true,"href":"https:\/\/docelimaoloja.com.br\/en\/wp-json\/wp\/v2\/media\/13614"}],"wp:attachment":[{"href":"https:\/\/docelimaoloja.com.br\/en\/wp-json\/wp\/v2\/media?parent=13613"}],"wp:term":[{"taxonomy":"product_brand","embeddable":true,"href":"https:\/\/docelimaoloja.com.br\/en\/wp-json\/wp\/v2\/product_brand?post=13613"},{"taxonomy":"product_cat","embeddable":true,"href":"https:\/\/docelimaoloja.com.br\/en\/wp-json\/wp\/v2\/product_cat?post=13613"},{"taxonomy":"product_tag","embeddable":true,"href":"https:\/\/docelimaoloja.com.br\/en\/wp-json\/wp\/v2\/product_tag?post=13613"}],"curies":[{"name":"wp","href":"https:\/\/api.w.org\/{rel}","templated":true}]}}