{"id":11783,"date":"2025-12-31T10:48:19","date_gmt":"2025-12-31T10:48:19","guid":{"rendered":"https:\/\/docelimaoloja.com.br\/?post_type=product&#038;p=11783"},"modified":"2026-04-02T13:09:13","modified_gmt":"2026-04-02T13:09:13","slug":"combo-academia-express","status":"publish","type":"product","link":"https:\/\/docelimaoloja.com.br\/en\/product\/combo-academia-express\/","title":{"rendered":"Combo Academia EXPRESS"},"content":{"rendered":"<p>Com orgulho e alegria, este combo representa um momento m\u00e1gico de uma escritora, que faz parte de uma fam\u00edlia editorial muito importante no Brasil e no mundo: a Planeta &#8211; selo Academia, que concentra autores renomados e t\u00edtulos sobre Sa\u00fade, Bem estar e Qualidade de Vida.<\/p>\n<p>Este combo cont\u00e9m 02 best sellers que convidam e amparam em pr\u00e1ticas de sa\u00fade preventiva, curativa e regenerativa, quando te facilitam, de forma consciente, simples e pr\u00e1tica, na transi\u00e7\u00e3o para um estilo de vida VIVA.<\/p>\n<p>S\u00e3o obras que apresento em forma de GUIAS para ter em sua cabeceira, consult\u00f3rio ou cl\u00ednica, e assim n\u00e3o se perder da pr\u00e1tica, que vai crescendo numa dire\u00e7\u00e3o de alegria e prazer por saber se reconhecer nas suas debilidades, e o que fazer para sair destes gatilhos!<\/p>\n<p>Vida que te quero VIVA&#8230;<\/p>","protected":false},"excerpt":{"rendered":"<p>Com orgulho e alegria, este combo representa este momento m\u00e1gico de uma escritora que faz parte de uma fam\u00edlia editorial muito importante no Brasil e no mundo: a editora Planeta &#8211; selo Academia, que concentra autores e t\u00edtulos sobre Sa\u00fade, Bem estar e Qualidade de Vida.<\/p>\n<p>Est\u00e1 incluso no combo:<\/p>\n<ul>\n<li>01 livro O poder de cura do lim\u00e3o &#8211; 2021: edi\u00e7\u00e3o ampliada e revisada. Best seller + 500 mil exemplares vendidos<\/li>\n<li>01 livro Alimenta\u00e7\u00e3o Desintoxicante &#8211; 2022: edi\u00e7\u00e3o ampliada e revisada. Best seller + 300 mil exemplares vendidos<\/li>\n<\/ul>\n<p>Brindes: 01 KIT coadores PFs 1,2 e 3.<br \/>\n01 Sach\u00ea 50 g FitoSal DIGEST\u00c3O<\/p>","protected":false},"featured_media":12088,"comment_status":"open","ping_status":"closed","template":"","meta":[],"product_brand":[],"product_cat":[125,124,936],"product_tag":[],"class_list":{"0":"post-11783","1":"product","2":"type-product","3":"status-publish","4":"has-post-thumbnail","6":"product_cat-combos-e-promocoes","7":"product_cat-livros-proprios-conceicao-trucom","8":"product_cat-livros-e-combos-com-livros","10":"first","11":"instock","12":"sale","13":"featured","14":"shipping-taxable","15":"purchasable","16":"product-type-simple"},"yoast_head":"<!-- This site is optimized with the Yoast SEO plugin v27.4 - https:\/\/yoast.com\/product\/yoast-seo-wordpress\/ -->\n<title>Combo Academia EXPRESS - Loja Doce Limao<\/title>\n<meta name=\"description\" content=\"Este combo cont\u00e9m 02 best sellers que convidam e amparam em pr\u00e1ticas de sa\u00fade preventiva, curativa e regenerativa, quando te facilitam, de forma consciente, simples e pr\u00e1tica, na transi\u00e7\u00e3o para um estilo de vida VIVA.\" \/>\n<meta name=\"robots\" content=\"index, follow, max-snippet:-1, max-image-preview:large, max-video-preview:-1\" \/>\n<link rel=\"canonical\" href=\"https:\/\/docelimaoloja.com.br\/en\/product\/combo-academia-express\/\" \/>\n<meta property=\"og:locale\" content=\"en_US\" \/>\n<meta property=\"og:type\" content=\"article\" \/>\n<meta property=\"og:title\" content=\"Combo Academia EXPRESS - Loja Doce Limao\" \/>\n<meta property=\"og:description\" content=\"Este combo cont\u00e9m 02 best sellers que convidam e amparam em pr\u00e1ticas de sa\u00fade preventiva, curativa e regenerativa, quando te facilitam, de forma consciente, simples e pr\u00e1tica, na transi\u00e7\u00e3o para um estilo de vida VIVA.\" \/>\n<meta property=\"og:url\" content=\"https:\/\/docelimaoloja.com.br\/en\/product\/combo-academia-express\/\" \/>\n<meta property=\"og:site_name\" content=\"Loja Doce Limao\" \/>\n<meta property=\"article:modified_time\" content=\"2026-04-02T13:09:13+00:00\" \/>\n<meta property=\"og:image\" content=\"https:\/\/docelimaoloja.com.br\/wp-content\/uploads\/2022\/03\/como-academia-sem-frete.jpg\" \/>\n\t<meta property=\"og:image:width\" content=\"1000\" \/>\n\t<meta property=\"og:image:height\" content=\"1000\" \/>\n\t<meta property=\"og:image:type\" content=\"image\/jpeg\" \/>\n<meta name=\"twitter:card\" content=\"summary_large_image\" \/>\n<meta name=\"twitter:label1\" content=\"Est. reading time\" \/>\n\t<meta name=\"twitter:data1\" content=\"1 minute\" \/>\n<script type=\"application\/ld+json\" class=\"yoast-schema-graph\">{\"@context\":\"https:\\\/\\\/schema.org\",\"@graph\":[{\"@type\":\"WebPage\",\"@id\":\"https:\\\/\\\/docelimaoloja.com.br\\\/produto\\\/combo-academia-express\\\/\",\"url\":\"https:\\\/\\\/docelimaoloja.com.br\\\/produto\\\/combo-academia-express\\\/\",\"name\":\"Combo Academia EXPRESS - Loja Doce Limao\",\"isPartOf\":{\"@id\":\"https:\\\/\\\/docelimaoloja.com.br\\\/#website\"},\"primaryImageOfPage\":{\"@id\":\"https:\\\/\\\/docelimaoloja.com.br\\\/produto\\\/combo-academia-express\\\/#primaryimage\"},\"image\":{\"@id\":\"https:\\\/\\\/docelimaoloja.com.br\\\/produto\\\/combo-academia-express\\\/#primaryimage\"},\"thumbnailUrl\":\"https:\\\/\\\/docelimaoloja.com.br\\\/wp-content\\\/uploads\\\/2022\\\/03\\\/como-academia-sem-frete.jpg\",\"datePublished\":\"2025-12-31T10:48:19+00:00\",\"dateModified\":\"2026-04-02T13:09:13+00:00\",\"description\":\"Este combo cont\u00e9m 02 best sellers que convidam e amparam em pr\u00e1ticas de sa\u00fade preventiva, curativa e regenerativa, quando te facilitam, de forma consciente, simples e pr\u00e1tica, na transi\u00e7\u00e3o para um estilo de vida VIVA.\",\"breadcrumb\":{\"@id\":\"https:\\\/\\\/docelimaoloja.com.br\\\/produto\\\/combo-academia-express\\\/#breadcrumb\"},\"inLanguage\":\"en-US\",\"potentialAction\":[{\"@type\":\"ReadAction\",\"target\":[\"https:\\\/\\\/docelimaoloja.com.br\\\/produto\\\/combo-academia-express\\\/\"]}]},{\"@type\":\"ImageObject\",\"inLanguage\":\"en-US\",\"@id\":\"https:\\\/\\\/docelimaoloja.com.br\\\/produto\\\/combo-academia-express\\\/#primaryimage\",\"url\":\"https:\\\/\\\/docelimaoloja.com.br\\\/wp-content\\\/uploads\\\/2022\\\/03\\\/como-academia-sem-frete.jpg\",\"contentUrl\":\"https:\\\/\\\/docelimaoloja.com.br\\\/wp-content\\\/uploads\\\/2022\\\/03\\\/como-academia-sem-frete.jpg\",\"width\":1000,\"height\":1000},{\"@type\":\"BreadcrumbList\",\"@id\":\"https:\\\/\\\/docelimaoloja.com.br\\\/produto\\\/combo-academia-express\\\/#breadcrumb\",\"itemListElement\":[{\"@type\":\"ListItem\",\"position\":1,\"name\":\"In\u00edcio\",\"item\":\"https:\\\/\\\/docelimaoloja.com.br\\\/\"},{\"@type\":\"ListItem\",\"position\":2,\"name\":\"Loja Virtual\",\"item\":\"https:\\\/\\\/docelimaoloja.com.br\\\/loja-virtual\\\/\"},{\"@type\":\"ListItem\",\"position\":3,\"name\":\"Combo Academia EXPRESS\"}]},{\"@type\":\"WebSite\",\"@id\":\"https:\\\/\\\/docelimaoloja.com.br\\\/#website\",\"url\":\"https:\\\/\\\/docelimaoloja.com.br\\\/\",\"name\":\"Loja Doce Limao\",\"description\":\"Loja Natural\",\"publisher\":{\"@id\":\"https:\\\/\\\/docelimaoloja.com.br\\\/#organization\"},\"potentialAction\":[{\"@type\":\"SearchAction\",\"target\":{\"@type\":\"EntryPoint\",\"urlTemplate\":\"https:\\\/\\\/docelimaoloja.com.br\\\/?s={search_term_string}\"},\"query-input\":{\"@type\":\"PropertyValueSpecification\",\"valueRequired\":true,\"valueName\":\"search_term_string\"}}],\"inLanguage\":\"en-US\"},{\"@type\":\"Organization\",\"@id\":\"https:\\\/\\\/docelimaoloja.com.br\\\/#organization\",\"name\":\"Loja Doce Limao\",\"url\":\"https:\\\/\\\/docelimaoloja.com.br\\\/\",\"logo\":{\"@type\":\"ImageObject\",\"inLanguage\":\"en-US\",\"@id\":\"https:\\\/\\\/docelimaoloja.com.br\\\/#\\\/schema\\\/logo\\\/image\\\/\",\"url\":\"https:\\\/\\\/docelimaoloja.com.br\\\/wp-content\\\/uploads\\\/2020\\\/08\\\/logo-doce-limao.png\",\"contentUrl\":\"https:\\\/\\\/docelimaoloja.com.br\\\/wp-content\\\/uploads\\\/2020\\\/08\\\/logo-doce-limao.png\",\"width\":1280,\"height\":653,\"caption\":\"Loja Doce Limao\"},\"image\":{\"@id\":\"https:\\\/\\\/docelimaoloja.com.br\\\/#\\\/schema\\\/logo\\\/image\\\/\"}}]}<\/script>\n<!-- \/ Yoast SEO plugin. -->","yoast_head_json":{"title":"Combo Academia EXPRESS - Loja Doce Limao","description":"Este combo cont\u00e9m 02 best sellers que convidam e amparam em pr\u00e1ticas de sa\u00fade preventiva, curativa e regenerativa, quando te facilitam, de forma consciente, simples e pr\u00e1tica, na transi\u00e7\u00e3o para um estilo de vida VIVA.","robots":{"index":"index","follow":"follow","max-snippet":"max-snippet:-1","max-image-preview":"max-image-preview:large","max-video-preview":"max-video-preview:-1"},"canonical":"https:\/\/docelimaoloja.com.br\/en\/product\/combo-academia-express\/","og_locale":"en_US","og_type":"article","og_title":"Combo Academia EXPRESS - Loja Doce Limao","og_description":"Este combo cont\u00e9m 02 best sellers que convidam e amparam em pr\u00e1ticas de sa\u00fade preventiva, curativa e regenerativa, quando te facilitam, de forma consciente, simples e pr\u00e1tica, na transi\u00e7\u00e3o para um estilo de vida VIVA.","og_url":"https:\/\/docelimaoloja.com.br\/en\/product\/combo-academia-express\/","og_site_name":"Loja Doce Limao","article_modified_time":"2026-04-02T13:09:13+00:00","og_image":[{"width":1000,"height":1000,"url":"https:\/\/docelimaoloja.com.br\/wp-content\/uploads\/2022\/03\/como-academia-sem-frete.jpg","type":"image\/jpeg"}],"twitter_card":"summary_large_image","twitter_misc":{"Est. reading time":"1 minute"},"schema":{"@context":"https:\/\/schema.org","@graph":[{"@type":"WebPage","@id":"https:\/\/docelimaoloja.com.br\/produto\/combo-academia-express\/","url":"https:\/\/docelimaoloja.com.br\/produto\/combo-academia-express\/","name":"Combo Academia EXPRESS - Loja Doce Limao","isPartOf":{"@id":"https:\/\/docelimaoloja.com.br\/#website"},"primaryImageOfPage":{"@id":"https:\/\/docelimaoloja.com.br\/produto\/combo-academia-express\/#primaryimage"},"image":{"@id":"https:\/\/docelimaoloja.com.br\/produto\/combo-academia-express\/#primaryimage"},"thumbnailUrl":"https:\/\/docelimaoloja.com.br\/wp-content\/uploads\/2022\/03\/como-academia-sem-frete.jpg","datePublished":"2025-12-31T10:48:19+00:00","dateModified":"2026-04-02T13:09:13+00:00","description":"Este combo cont\u00e9m 02 best sellers que convidam e amparam em pr\u00e1ticas de sa\u00fade preventiva, curativa e regenerativa, quando te facilitam, de forma consciente, simples e pr\u00e1tica, na transi\u00e7\u00e3o para um estilo de vida VIVA.","breadcrumb":{"@id":"https:\/\/docelimaoloja.com.br\/produto\/combo-academia-express\/#breadcrumb"},"inLanguage":"en-US","potentialAction":[{"@type":"ReadAction","target":["https:\/\/docelimaoloja.com.br\/produto\/combo-academia-express\/"]}]},{"@type":"ImageObject","inLanguage":"en-US","@id":"https:\/\/docelimaoloja.com.br\/produto\/combo-academia-express\/#primaryimage","url":"https:\/\/docelimaoloja.com.br\/wp-content\/uploads\/2022\/03\/como-academia-sem-frete.jpg","contentUrl":"https:\/\/docelimaoloja.com.br\/wp-content\/uploads\/2022\/03\/como-academia-sem-frete.jpg","width":1000,"height":1000},{"@type":"BreadcrumbList","@id":"https:\/\/docelimaoloja.com.br\/produto\/combo-academia-express\/#breadcrumb","itemListElement":[{"@type":"ListItem","position":1,"name":"In\u00edcio","item":"https:\/\/docelimaoloja.com.br\/"},{"@type":"ListItem","position":2,"name":"Loja Virtual","item":"https:\/\/docelimaoloja.com.br\/loja-virtual\/"},{"@type":"ListItem","position":3,"name":"Combo Academia EXPRESS"}]},{"@type":"WebSite","@id":"https:\/\/docelimaoloja.com.br\/#website","url":"https:\/\/docelimaoloja.com.br\/","name":"Loja Doce Limao","description":"Loja Natural","publisher":{"@id":"https:\/\/docelimaoloja.com.br\/#organization"},"potentialAction":[{"@type":"SearchAction","target":{"@type":"EntryPoint","urlTemplate":"https:\/\/docelimaoloja.com.br\/?s={search_term_string}"},"query-input":{"@type":"PropertyValueSpecification","valueRequired":true,"valueName":"search_term_string"}}],"inLanguage":"en-US"},{"@type":"Organization","@id":"https:\/\/docelimaoloja.com.br\/#organization","name":"Loja Doce Limao","url":"https:\/\/docelimaoloja.com.br\/","logo":{"@type":"ImageObject","inLanguage":"en-US","@id":"https:\/\/docelimaoloja.com.br\/#\/schema\/logo\/image\/","url":"https:\/\/docelimaoloja.com.br\/wp-content\/uploads\/2020\/08\/logo-doce-limao.png","contentUrl":"https:\/\/docelimaoloja.com.br\/wp-content\/uploads\/2020\/08\/logo-doce-limao.png","width":1280,"height":653,"caption":"Loja Doce Limao"},"image":{"@id":"https:\/\/docelimaoloja.com.br\/#\/schema\/logo\/image\/"}}]}},"_links":{"self":[{"href":"https:\/\/docelimaoloja.com.br\/en\/wp-json\/wp\/v2\/product\/11783","targetHints":{"allow":["GET"]}}],"collection":[{"href":"https:\/\/docelimaoloja.com.br\/en\/wp-json\/wp\/v2\/product"}],"about":[{"href":"https:\/\/docelimaoloja.com.br\/en\/wp-json\/wp\/v2\/types\/product"}],"replies":[{"embeddable":true,"href":"https:\/\/docelimaoloja.com.br\/en\/wp-json\/wp\/v2\/comments?post=11783"}],"wp:featuredmedia":[{"embeddable":true,"href":"https:\/\/docelimaoloja.com.br\/en\/wp-json\/wp\/v2\/media\/12088"}],"wp:attachment":[{"href":"https:\/\/docelimaoloja.com.br\/en\/wp-json\/wp\/v2\/media?parent=11783"}],"wp:term":[{"taxonomy":"product_brand","embeddable":true,"href":"https:\/\/docelimaoloja.com.br\/en\/wp-json\/wp\/v2\/product_brand?post=11783"},{"taxonomy":"product_cat","embeddable":true,"href":"https:\/\/docelimaoloja.com.br\/en\/wp-json\/wp\/v2\/product_cat?post=11783"},{"taxonomy":"product_tag","embeddable":true,"href":"https:\/\/docelimaoloja.com.br\/en\/wp-json\/wp\/v2\/product_tag?post=11783"}],"curies":[{"name":"wp","href":"https:\/\/api.w.org\/{rel}","templated":true}]}}