{"id":72,"date":"2018-08-24T01:24:09","date_gmt":"2018-08-24T01:24:09","guid":{"rendered":"http:\/\/demo.roadthemes.com\/greenfarm\/?page_id=13"},"modified":"2026-01-15T17:22:57","modified_gmt":"2026-01-15T17:22:57","slug":"sobre","status":"publish","type":"page","link":"https:\/\/docelimaoloja.com.br\/en\/sobre\/","title":{"rendered":"Sobre n\u00f3s"},"content":{"rendered":"<div class=\"wpb-content-wrapper\"><div class=\"vc_row wpb_row vc_row-fluid row-about-1 vc_custom_1592472487533\"><div class=\"wpb_column vc_column_container vc_col-sm-6\"><div class=\"vc_column-inner\"><div class=\"wpb_wrapper\"><h1 style=\"color: #4eaa34;text-align: center\" class=\"vc_custom_heading vc_do_custom_heading\" >Doce Lim\u00e3o<\/h1>\n\t<div class=\"wpb_raw_code wpb_raw_html wpb_content_element\" >\n\t\t<div class=\"wpb_wrapper\">\n\t\t\t<br>\n<div class=\"box-des-about\">\n<h4 style= \"text-transform: none;\">O Doce Lim\u00e3o d\u00e1 as boas-vindas a voc\u00ea que busca mais VIDA QUE TE QUERO VIVA!!!\n<\/h4>\n<br>\n<p>Criado em 2005, o Doce Lim\u00e3o, um site gratuito, chegou com a miss\u00e3o de esclarecer e informar a todos que aqui chegarem, com textos objetivos, pr\u00e1ticos e coerentes, para tornar poss\u00edvel: maior autonomia de escolhas e decis\u00f5es, ampliar percep\u00e7\u00f5es, perspectivas e ajudar voc\u00ea a al\u00e7ar v\u00f4os mais assertivos em dire\u00e7\u00e3o \u00e0 sa\u00fade plena e integral.\n<br><br>\nO Doce Lim\u00e3o \u00e9 um site din\u00e2mico, vivo, sempre em expans\u00e3o e amadurecimento dos seus prop\u00f3sitos, dando sustentabilidade a todos os demais trabalhos, estudos e t\u00edtulos da Concei\u00e7\u00e3o Trucom.\n\n<\/p>\n<\/div>\n\t\t<\/div>\n\t<\/div>\n<\/div><\/div><\/div><div class=\"wpb_column vc_column_container vc_col-sm-6\"><div class=\"vc_column-inner\"><div class=\"wpb_wrapper\">\n\t<div  class=\"wpb_single_image wpb_content_element vc_align_center wpb_content_element\">\n\t\t\n\t\t<figure class=\"wpb_wrapper vc_figure\">\n\t\t\t<div class=\"vc_single_image-wrapper   vc_box_border_grey\"><img loading=\"lazy\" decoding=\"async\" width=\"748\" height=\"540\" src=\"https:\/\/docelimaoloja.com.br\/wp-content\/uploads\/2020\/09\/conceicao-trucom.jpg\" class=\"vc_single_image-img attachment-full\" alt=\"conceicao-trucom\" title=\"conceicao-trucom\" srcset=\"https:\/\/docelimaoloja.com.br\/wp-content\/uploads\/2020\/09\/conceicao-trucom.jpg 748w, https:\/\/docelimaoloja.com.br\/wp-content\/uploads\/2020\/09\/conceicao-trucom-300x217.jpg 300w, https:\/\/docelimaoloja.com.br\/wp-content\/uploads\/2020\/09\/conceicao-trucom-600x433.jpg 600w\" sizes=\"auto, (max-width: 748px) 100vw, 748px\" \/><\/div>\n\t\t<\/figure>\n\t<\/div>\n<\/div><\/div><\/div><\/div><div class=\"vc_row wpb_row vc_row-fluid\"><div class=\"wpb_column vc_column_container vc_col-sm-12\"><div class=\"vc_column-inner\"><div class=\"wpb_wrapper\"><\/div><\/div><\/div><\/div><div class=\"vc_row wpb_row vc_row-fluid\"><div class=\"wpb_column vc_column_container vc_col-sm-6\"><div class=\"vc_column-inner\"><div class=\"wpb_wrapper\"><h1 style=\"color: #4eaa34;text-align: center\" class=\"vc_custom_heading vc_do_custom_heading\" >Concei\u00e7\u00e3o Trucom<\/h1>\n\t<div class=\"wpb_raw_code wpb_raw_html wpb_content_element\" >\n\t\t<div class=\"wpb_wrapper\">\n\t\t\t<div class=\"box-des-about\">\n<br>\n<p>Concei\u00e7\u00e3o Trucom \u00e9 Bacharel em Qu\u00edmica (UFRJ\/RJ 1977), cientista, palestrante e escritora sobre temas voltados para a alimenta\u00e7\u00e3o natural, qualidade de vida e bem-estar. A partir da primeira edi\u00e7\u00e3o em 2004 do seu livro O poder de cura do lim\u00e3o, constatou a necessidade de criar o Doce Lim\u00e3o. Em princ\u00edpio um site que transpirasse o prop\u00f3sito \"Doce\" de divulgar o consumo consciente deste fant\u00e1stico alimento solar que \u00e9 o \"Lim\u00e3o\"! \n<br><br>\n<b> \"O verdadeiro espiritualista \u00e9 aquele que jamais coloca seus\nconhecimentos e poderes a servi\u00e7o de aquisi\u00e7\u00f5es pessoais.\n\nEle tem por \u00fanico ideal aperfei\u00e7oar-se, trabalhar na luz e para a luz,\na fim de tornar-se um verdadeiro filho de Deus,\num benfeitor na humanidade.\" - P\u00e9rolas de A\u00efvanhov<\/b>\n<\/p>\n\n<\/div>\n\t\t<\/div>\n\t<\/div>\n<\/div><\/div><\/div><div class=\"wpb_column vc_column_container vc_col-sm-6\"><div class=\"vc_column-inner\"><div class=\"wpb_wrapper\">\n\t<div  class=\"wpb_single_image wpb_content_element vc_align_left wpb_content_element\">\n\t\t\n\t\t<figure class=\"wpb_wrapper vc_figure\">\n\t\t\t<div class=\"vc_single_image-wrapper   vc_box_border_grey\"><img loading=\"lazy\" decoding=\"async\" width=\"2560\" height=\"1920\" src=\"https:\/\/docelimaoloja.com.br\/wp-content\/uploads\/2020\/08\/conceicao-scaled.jpeg\" class=\"vc_single_image-img attachment-full\" alt=\"concei\u00e7\u00e3o trucom\" title=\"concei\u00e7\u00e3o\" srcset=\"https:\/\/docelimaoloja.com.br\/wp-content\/uploads\/2020\/08\/conceicao-scaled.jpeg 2560w, https:\/\/docelimaoloja.com.br\/wp-content\/uploads\/2020\/08\/conceicao-scaled-800x600.jpeg 800w, https:\/\/docelimaoloja.com.br\/wp-content\/uploads\/2020\/08\/conceicao-300x225.jpeg 300w, https:\/\/docelimaoloja.com.br\/wp-content\/uploads\/2020\/08\/conceicao-1024x768.jpeg 1024w, https:\/\/docelimaoloja.com.br\/wp-content\/uploads\/2020\/08\/conceicao-768x576.jpeg 768w, https:\/\/docelimaoloja.com.br\/wp-content\/uploads\/2020\/08\/conceicao-1536x1152.jpeg 1536w, https:\/\/docelimaoloja.com.br\/wp-content\/uploads\/2020\/08\/conceicao-2048x1536.jpeg 2048w, https:\/\/docelimaoloja.com.br\/wp-content\/uploads\/2020\/08\/conceicao-1170x878.jpeg 1170w\" sizes=\"auto, (max-width: 2560px) 100vw, 2560px\" \/><\/div>\n\t\t<\/figure>\n\t<\/div>\n<div class=\"vc_row wpb_row vc_inner vc_row-fluid\"><div class=\"wpb_column vc_column_container vc_col-sm-12\"><div class=\"vc_column-inner\"><div class=\"wpb_wrapper\"><\/div><\/div><\/div><\/div><\/div><\/div><\/div><\/div><div class=\"vc_row wpb_row vc_row-fluid\"><div class=\"wpb_column vc_column_container vc_col-sm-6\"><div class=\"vc_column-inner\"><div class=\"wpb_wrapper\"><h1 style=\"color: #4eaa34;text-align: center\" class=\"vc_custom_heading vc_do_custom_heading\" >Embalagens Recicladas<\/h1>\n\t<div class=\"wpb_raw_code wpb_raw_html wpb_content_element\" >\n\t\t<div class=\"wpb_wrapper\">\n\t\t\t<br>\n<figure class=\"wp-block-video aligncenter\"><video controls src=\"https:\/\/docelimaoloja.com.br\/wp-content\/uploads\/2021\/02\/video-embalagens-recicladas.mp4\"><\/video><\/figure>\n\t\t<\/div>\n\t<\/div>\n<\/div><\/div><\/div><div class=\"wpb_column vc_column_container vc_col-sm-6\"><div class=\"vc_column-inner\"><div class=\"wpb_wrapper\">\n\t<div class=\"wpb_text_column wpb_content_element\" >\n\t\t<div class=\"wpb_wrapper\">\n\t\t\t\n\t\t<\/div>\n\t<\/div>\n\n\t<div class=\"wpb_raw_code wpb_raw_html wpb_content_element\" >\n\t\t<div class=\"wpb_wrapper\">\n\t\t\t<br>\n\t\t<\/div>\n\t<\/div>\n\n\t<div class=\"wpb_text_column wpb_content_element\" >\n\t\t<div class=\"wpb_wrapper\">\n\t\t\t<p>O processo de reciclagem, al\u00e9m de preservar o meio ambiente, tamb\u00e9m <strong>gera riquezas<\/strong>. A reciclagem contribui para a diminui\u00e7\u00e3o significativa da polui\u00e7\u00e3o do solo, da \u00e1gua e do ar.<\/p>\n<p>Apesar do tempo de decomposi\u00e7\u00e3o do papel\u00e3o ser pequeno, sua reciclagem \u00e9 muito importante para o meio ambiente, j\u00e1 que quando reciclado, este res\u00edduo pode ser utilizado em novas embalagens, economizando \u00e1gua e preservando \u00e1rvores.<\/p>\n<p>Pense na quantidade de papel que voc\u00ea j\u00e1 jogou fora at\u00e9 hoje e imagine quantas \u00e1rvores voc\u00ea poderia ter ajudado a preservar.<\/p>\n<p>A Doce Lim\u00e3o contribui para o desenvolvimento sustent\u00e1vel e tomamos a reciclagem de papel\u00e3o como um ponto muito importante e super vi\u00e1vel para a diminui\u00e7\u00e3o de res\u00edduos.<\/p>\n\n\t\t<\/div>\n\t<\/div>\n<\/div><\/div><\/div><\/div><div class=\"vc_row wpb_row vc_row-fluid\"><div class=\"wpb_column vc_column_container vc_col-sm-12\"><div class=\"vc_column-inner\"><div class=\"wpb_wrapper\"><div class=\"heading-title style1\"><h3>Benef\u00edcios<\/h3><\/div><\/div><\/div><\/div><\/div><div class=\"vc_row wpb_row vc_row-fluid vc_custom_1584778849907\"><div class=\"wpb_column vc_column_container vc_col-sm-3\"><div class=\"vc_column-inner\"><div class=\"wpb_wrapper\"><div class=\"vc_icon_element vc_icon_element-outer vc_do_icon vc_icon_element-align-center\"><div class=\"vc_icon_element-inner vc_icon_element-color-green vc_icon_element-size-xl vc_icon_element-style- vc_icon_element-background-color-grey\" ><span class=\"vc_icon_element-icon fas fa-apple-alt\" ><\/span><\/div><\/div>\n\t<div class=\"wpb_raw_code wpb_raw_html wpb_content_element\" >\n\t\t<div class=\"wpb_wrapper\">\n\t\t\t<div class=\"box-about2\">\n<center><h4>Nutri\u00e7\u00e3o <\/h4>\n<p>Receitas e dicas saud\u00e1veis <\/p><\/center>\n<\/div>\n\t\t<\/div>\n\t<\/div>\n<\/div><\/div><\/div><div class=\"wpb_column vc_column_container vc_col-sm-3\"><div class=\"vc_column-inner\"><div class=\"wpb_wrapper\"><div class=\"vc_icon_element vc_icon_element-outer vc_do_icon vc_icon_element-align-center\"><div class=\"vc_icon_element-inner vc_icon_element-color-green vc_icon_element-size-xl vc_icon_element-style- vc_icon_element-background-color-grey\" ><span class=\"vc_icon_element-icon fas fa-utensils\" ><\/span><\/div><\/div>\n\t<div class=\"wpb_raw_code wpb_raw_html wpb_content_element\" >\n\t\t<div class=\"wpb_wrapper\">\n\t\t\t<div class=\"box-about2\">\n<center><h4>Produtos 100 % Naturais<\/h4>\n<p>Consumo consciente de alimentos<\/p><\/center>\n<\/div>\n\t\t<\/div>\n\t<\/div>\n<\/div><\/div><\/div><div class=\"wpb_column vc_column_container vc_col-sm-3\"><div class=\"vc_column-inner\"><div class=\"wpb_wrapper\"><div class=\"vc_icon_element vc_icon_element-outer vc_do_icon vc_icon_element-align-center\"><div class=\"vc_icon_element-inner vc_icon_element-color-green vc_icon_element-size-xl vc_icon_element-style- vc_icon_element-background-color-grey\" ><span class=\"vc_icon_element-icon fas fa-heartbeat\" ><\/span><\/div><\/div>\n\t<div class=\"wpb_raw_code wpb_raw_html wpb_content_element\" >\n\t\t<div class=\"wpb_wrapper\">\n\t\t\t<div class=\"box-about2\">\n<center><h4>Desintoxica\u00e7\u00e3o<\/h4>\n<p>Purifica\u00e7\u00e3o e alcaliniza\u00e7\u00e3o do corpo<\/p><\/center>\n<\/div>\n\t\t<\/div>\n\t<\/div>\n<\/div><\/div><\/div><div class=\"wpb_column vc_column_container vc_col-sm-3\"><div class=\"vc_column-inner\"><div class=\"wpb_wrapper\"><div class=\"vc_icon_element vc_icon_element-outer vc_do_icon vc_icon_element-align-center\"><div class=\"vc_icon_element-inner vc_icon_element-color-green vc_icon_element-size-xl vc_icon_element-style- vc_icon_element-background-color-grey\" ><span class=\"vc_icon_element-icon fab fa-pagelines\" ><\/span><\/div><\/div>\n\t<div class=\"wpb_raw_code wpb_raw_html wpb_content_element\" >\n\t\t<div class=\"wpb_wrapper\">\n\t\t\t<div class=\"box-about2\">\n<center><h4>Eco Sustentabilidade <\/h4>\n<p> Ser e estar de bem com a Natureza<\/p><\/center>\n<\/div>\n\t\t<\/div>\n\t<\/div>\n<\/div><\/div><\/div><div class=\"wpb_column vc_column_container vc_col-sm-12\"><div class=\"vc_column-inner\"><div class=\"wpb_wrapper\"><\/div><\/div><\/div><\/div><div class=\"vc_row wpb_row vc_row-fluid\"><div class=\"wpb_column vc_column_container vc_col-sm-12\"><div class=\"vc_column-inner\"><div class=\"wpb_wrapper\"><\/div><\/div><\/div><\/div>\n<\/div>","protected":false},"excerpt":{"rendered":"Doce Lim\u00e3o O Doce Lim\u00e3o d\u00e1 as boas-vindas a voc\u00ea que busca mais VIDA QUE TE QUERO VIVA!!! Criado em 2005, o Doce Lim\u00e3o, um site gratuito, chegou com a miss\u00e3o de esclarecer e informar a todos que aqui chegarem, com textos objetivos, pr\u00e1ticos e coerentes, para tornar poss\u00edvel: maior","protected":false},"author":1,"featured_media":0,"parent":0,"menu_order":0,"comment_status":"closed","ping_status":"closed","template":"page-templates\/about-page.php","meta":{"footnotes":""},"class_list":["post-72","page","type-page","status-publish","hentry"],"yoast_head":"<!-- This site is optimized with the Yoast SEO plugin v27.5 - https:\/\/yoast.com\/product\/yoast-seo-wordpress\/ -->\n<title>Sobre n\u00f3s - Loja Doce Limao<\/title>\n<meta name=\"robots\" content=\"index, follow, max-snippet:-1, max-image-preview:large, max-video-preview:-1\" \/>\n<link rel=\"canonical\" href=\"https:\/\/docelimaoloja.com.br\/en\/sobre\/\" \/>\n<meta property=\"og:locale\" content=\"en_US\" \/>\n<meta property=\"og:type\" content=\"article\" \/>\n<meta property=\"og:title\" content=\"Sobre n\u00f3s - Loja Doce Limao\" \/>\n<meta property=\"og:url\" content=\"https:\/\/docelimaoloja.com.br\/en\/sobre\/\" \/>\n<meta property=\"og:site_name\" content=\"Loja Doce Limao\" \/>\n<meta property=\"article:modified_time\" content=\"2026-01-15T17:22:57+00:00\" \/>\n<meta name=\"twitter:card\" content=\"summary_large_image\" \/>\n<meta name=\"twitter:label1\" content=\"Est. reading time\" \/>\n\t<meta name=\"twitter:data1\" content=\"2 minutes\" \/>\n<script type=\"application\/ld+json\" class=\"yoast-schema-graph\">{\"@context\":\"https:\\\/\\\/schema.org\",\"@graph\":[{\"@type\":\"WebPage\",\"@id\":\"https:\\\/\\\/docelimaoloja.com.br\\\/sobre\\\/\",\"url\":\"https:\\\/\\\/docelimaoloja.com.br\\\/sobre\\\/\",\"name\":\"Sobre n\u00f3s - Loja Doce Limao\",\"isPartOf\":{\"@id\":\"https:\\\/\\\/docelimaoloja.com.br\\\/#website\"},\"datePublished\":\"2018-08-24T01:24:09+00:00\",\"dateModified\":\"2026-01-15T17:22:57+00:00\",\"breadcrumb\":{\"@id\":\"https:\\\/\\\/docelimaoloja.com.br\\\/sobre\\\/#breadcrumb\"},\"inLanguage\":\"en-US\",\"potentialAction\":[{\"@type\":\"ReadAction\",\"target\":[\"https:\\\/\\\/docelimaoloja.com.br\\\/sobre\\\/\"]}]},{\"@type\":\"BreadcrumbList\",\"@id\":\"https:\\\/\\\/docelimaoloja.com.br\\\/sobre\\\/#breadcrumb\",\"itemListElement\":[{\"@type\":\"ListItem\",\"position\":1,\"name\":\"In\u00edcio\",\"item\":\"https:\\\/\\\/docelimaoloja.com.br\\\/\"},{\"@type\":\"ListItem\",\"position\":2,\"name\":\"Sobre n\u00f3s\"}]},{\"@type\":\"WebSite\",\"@id\":\"https:\\\/\\\/docelimaoloja.com.br\\\/#website\",\"url\":\"https:\\\/\\\/docelimaoloja.com.br\\\/\",\"name\":\"Loja Doce Limao\",\"description\":\"Loja Natural\",\"publisher\":{\"@id\":\"https:\\\/\\\/docelimaoloja.com.br\\\/#organization\"},\"potentialAction\":[{\"@type\":\"SearchAction\",\"target\":{\"@type\":\"EntryPoint\",\"urlTemplate\":\"https:\\\/\\\/docelimaoloja.com.br\\\/?s={search_term_string}\"},\"query-input\":{\"@type\":\"PropertyValueSpecification\",\"valueRequired\":true,\"valueName\":\"search_term_string\"}}],\"inLanguage\":\"en-US\"},{\"@type\":\"Organization\",\"@id\":\"https:\\\/\\\/docelimaoloja.com.br\\\/#organization\",\"name\":\"Loja Doce Limao\",\"url\":\"https:\\\/\\\/docelimaoloja.com.br\\\/\",\"logo\":{\"@type\":\"ImageObject\",\"inLanguage\":\"en-US\",\"@id\":\"https:\\\/\\\/docelimaoloja.com.br\\\/#\\\/schema\\\/logo\\\/image\\\/\",\"url\":\"https:\\\/\\\/docelimaoloja.com.br\\\/wp-content\\\/uploads\\\/2020\\\/08\\\/logo-doce-limao.png\",\"contentUrl\":\"https:\\\/\\\/docelimaoloja.com.br\\\/wp-content\\\/uploads\\\/2020\\\/08\\\/logo-doce-limao.png\",\"width\":1280,\"height\":653,\"caption\":\"Loja Doce Limao\"},\"image\":{\"@id\":\"https:\\\/\\\/docelimaoloja.com.br\\\/#\\\/schema\\\/logo\\\/image\\\/\"}}]}<\/script>\n<!-- \/ Yoast SEO plugin. -->","yoast_head_json":{"title":"Sobre n\u00f3s - Loja Doce Limao","robots":{"index":"index","follow":"follow","max-snippet":"max-snippet:-1","max-image-preview":"max-image-preview:large","max-video-preview":"max-video-preview:-1"},"canonical":"https:\/\/docelimaoloja.com.br\/en\/sobre\/","og_locale":"en_US","og_type":"article","og_title":"Sobre n\u00f3s - Loja Doce Limao","og_url":"https:\/\/docelimaoloja.com.br\/en\/sobre\/","og_site_name":"Loja Doce Limao","article_modified_time":"2026-01-15T17:22:57+00:00","twitter_card":"summary_large_image","twitter_misc":{"Est. reading time":"2 minutes"},"schema":{"@context":"https:\/\/schema.org","@graph":[{"@type":"WebPage","@id":"https:\/\/docelimaoloja.com.br\/sobre\/","url":"https:\/\/docelimaoloja.com.br\/sobre\/","name":"Sobre n\u00f3s - Loja Doce Limao","isPartOf":{"@id":"https:\/\/docelimaoloja.com.br\/#website"},"datePublished":"2018-08-24T01:24:09+00:00","dateModified":"2026-01-15T17:22:57+00:00","breadcrumb":{"@id":"https:\/\/docelimaoloja.com.br\/sobre\/#breadcrumb"},"inLanguage":"en-US","potentialAction":[{"@type":"ReadAction","target":["https:\/\/docelimaoloja.com.br\/sobre\/"]}]},{"@type":"BreadcrumbList","@id":"https:\/\/docelimaoloja.com.br\/sobre\/#breadcrumb","itemListElement":[{"@type":"ListItem","position":1,"name":"In\u00edcio","item":"https:\/\/docelimaoloja.com.br\/"},{"@type":"ListItem","position":2,"name":"Sobre n\u00f3s"}]},{"@type":"WebSite","@id":"https:\/\/docelimaoloja.com.br\/#website","url":"https:\/\/docelimaoloja.com.br\/","name":"Loja Doce Limao","description":"Loja Natural","publisher":{"@id":"https:\/\/docelimaoloja.com.br\/#organization"},"potentialAction":[{"@type":"SearchAction","target":{"@type":"EntryPoint","urlTemplate":"https:\/\/docelimaoloja.com.br\/?s={search_term_string}"},"query-input":{"@type":"PropertyValueSpecification","valueRequired":true,"valueName":"search_term_string"}}],"inLanguage":"en-US"},{"@type":"Organization","@id":"https:\/\/docelimaoloja.com.br\/#organization","name":"Loja Doce Limao","url":"https:\/\/docelimaoloja.com.br\/","logo":{"@type":"ImageObject","inLanguage":"en-US","@id":"https:\/\/docelimaoloja.com.br\/#\/schema\/logo\/image\/","url":"https:\/\/docelimaoloja.com.br\/wp-content\/uploads\/2020\/08\/logo-doce-limao.png","contentUrl":"https:\/\/docelimaoloja.com.br\/wp-content\/uploads\/2020\/08\/logo-doce-limao.png","width":1280,"height":653,"caption":"Loja Doce Limao"},"image":{"@id":"https:\/\/docelimaoloja.com.br\/#\/schema\/logo\/image\/"}}]}},"_links":{"self":[{"href":"https:\/\/docelimaoloja.com.br\/en\/wp-json\/wp\/v2\/pages\/72","targetHints":{"allow":["GET"]}}],"collection":[{"href":"https:\/\/docelimaoloja.com.br\/en\/wp-json\/wp\/v2\/pages"}],"about":[{"href":"https:\/\/docelimaoloja.com.br\/en\/wp-json\/wp\/v2\/types\/page"}],"author":[{"embeddable":true,"href":"https:\/\/docelimaoloja.com.br\/en\/wp-json\/wp\/v2\/users\/1"}],"replies":[{"embeddable":true,"href":"https:\/\/docelimaoloja.com.br\/en\/wp-json\/wp\/v2\/comments?post=72"}],"version-history":[{"count":1,"href":"https:\/\/docelimaoloja.com.br\/en\/wp-json\/wp\/v2\/pages\/72\/revisions"}],"predecessor-version":[{"id":24399,"href":"https:\/\/docelimaoloja.com.br\/en\/wp-json\/wp\/v2\/pages\/72\/revisions\/24399"}],"wp:attachment":[{"href":"https:\/\/docelimaoloja.com.br\/en\/wp-json\/wp\/v2\/media?parent=72"}],"curies":[{"name":"wp","href":"https:\/\/api.w.org\/{rel}","templated":true}]}}