{"id":3,"date":"2020-08-11T15:57:19","date_gmt":"2020-08-11T15:57:19","guid":{"rendered":"https:\/\/docelimaoloja.com.br\/?page_id=3"},"modified":"2020-10-13T15:27:34","modified_gmt":"2020-10-13T15:27:34","slug":"politicadeprivacidade","status":"publish","type":"page","link":"https:\/\/docelimaoloja.com.br\/en\/politicadeprivacidade\/","title":{"rendered":"Pol\u00edtica de Privacidade"},"content":{"rendered":"<h4 style=\"text-align: left;\"><span style=\"color: #008000;\"><strong>POL\u00cdTICA DE PRIVACIDADE &#8211; LOJA DOCE LIM\u00c3O<\/strong><\/span><\/h4>\n<p style=\"text-align: left;\">Este site \u00e9 mantido e operado por Loja Virtual Doce Lim\u00e3o.<br \/>N\u00f3s coletamos e utilizamos alguns dados pessoais que pertencem \u00e0queles que utilizam nosso site. Ao faz\u00ea-lo, agimos na qualidade de controlador desses dados e estamos sujeitos \u00e0s disposi\u00e7\u00f5es da Lei Federal n. 13.709\/2018 <span style=\"color: #008000;\"><strong><a style=\"color: #008000;\" href=\"http:\/\/www.planalto.gov.br\/ccivil_03\/_ato2015-2018\/2018\/lei\/l13709.htm\" target=\"_blank\" rel=\"noopener noreferrer\">(Lei Geral de Prote\u00e7\u00e3o de Dados Pessoais &#8211; LGPD)<\/a><\/strong><\/span>.<br \/>N\u00f3s cuidamos da prote\u00e7\u00e3o de seus dados pessoais e, por isso, disponibilizamos esta pol\u00edtica de privacidade, que cont\u00e9m informa\u00e7\u00f5es importantes sobre:<br \/>&#8211; Quem deve utilizar nosso site<br \/>&#8211; Quais dados coletamos e o que fazemos com eles;<br \/>&#8211; Seus direitos em rela\u00e7\u00e3o aos seus dados pessoais; e<br \/>&#8211; Como entrar em contato conosco.<\/p>\n<h4 style=\"text-align: left;\"><span style=\"color: #008000;\"><strong>1. Quem deve utilizar nosso site<\/strong><\/span><\/h4>\n<p style=\"text-align: left;\">Nosso site s\u00f3 deve ser utilizado por pessoas com mais de dezoito anos de idade. Sendo assim, crian\u00e7as e adolescentes n\u00e3o devem utiliz\u00e1-lo.<\/p>\n<h4 style=\"text-align: left;\"><span style=\"color: #008000;\"><strong>2. Dados que coletamos e motivos da coleta<\/strong><\/span><\/h4>\n<p style=\"text-align: left;\">Nosso site coleta e utiliza alguns dados pessoais de nossos usu\u00e1rios, de acordo como disposto nesta se\u00e7\u00e3o.<\/p>\n<p style=\"text-align: left;\"><strong>2.1. Dados pessoais fornecidos expressamente pelo usu\u00e1rio<\/strong><\/p>\n<p style=\"text-align: left;\">N\u00f3s coletamos os seguintes dados pessoais que nossos usu\u00e1rios nos fornecem expressamente ao utilizar nosso site:<\/p>\n<p><strong>Nome completo, CPF, endere\u00e7o, e-mail e n\u00famero de telefone.<\/strong><\/p>\n<p>A coleta destes dados ocorre nos seguintes momentos:<\/p>\n<p><strong>&#8211; Quando o usu\u00e1rio se cadastra no site ap\u00f3s realizar uma compra<\/strong><\/p>\n<p>Os dados fornecidos por nossos usu\u00e1rios s\u00e3o coletados com as seguintes<br \/>finalidades:<\/p>\n<p>&#8211; Para que o usu\u00e1rio possa adquirir produtos;<br \/>&#8211; Para que possamos enviar os produtos ao usu\u00e1rio cadastrado;<br \/>&#8211; Para que possamos enviar ofertas aos usu\u00e1rios cadastrados (opcional).<\/p>\n<p style=\"text-align: left;\"><strong><span style=\"color: #000000;\">2.2. Dados sens\u00edveis<\/span><\/strong><\/p>\n<p style=\"text-align: left;\">N\u00e3o ser\u00e3o coletados dados sens\u00edveis de nossos usu\u00e1rios, assim entendidos aqueles definidos nos arts. 11 e seguintes da Lei de Prote\u00e7\u00e3o de Dados Pessoais. Assim, n\u00e3o haver\u00e1 coleta de dados sobre origem racial ou \u00e9tnica, convic\u00e7\u00e3o religiosa, opini\u00e3o pol\u00edtica, filia\u00e7\u00e3o a sindicato ou a organiza\u00e7\u00e3o de car\u00e1ter religioso, filos\u00f3fico ou pol\u00edtico, dado referente \u00e0 sa\u00fade ou \u00e0 vida sexual, dado gen\u00e9tico ou biom\u00e9trico, quando vinculado a uma pessoa natural.<\/p>\n<p style=\"text-align: left;\"><strong><span style=\"color: #000000;\">2.3. Coleta de dados n\u00e3o previstos expressamente<\/span><\/strong><\/p>\n<p style=\"text-align: left;\">Eventualmente, outros tipos de dados n\u00e3o previstos expressamente nesta Pol\u00edtica de Privacidade poder\u00e3o ser coletados, desde que sejam fornecidos com o consentimento do usu\u00e1rio, ou, ainda, que a coleta seja permitida com fundamento em outra base legal prevista em lei.<\/p>\n<p>Em qualquer caso, a coleta de dados e as atividades de tratamento dela decorrentes ser\u00e3o informadas aos usu\u00e1rios do site.<\/p>\n<h4 style=\"text-align: left;\"><strong><span style=\"color: #008000;\">3. Compartilhamento de dados pessoais com terceiros<\/span><\/strong><\/h4>\n<p style=\"text-align: left;\">N\u00f3s n\u00e3o compartilhamos seus dados pessoais com terceiros. Apesar disso, \u00e9<br \/>poss\u00edvel que o fa\u00e7amos para cumprir alguma determina\u00e7\u00e3o legal ou regulat\u00f3ria, ou, ainda, para cumprir alguma ordem expedida por autoridade p\u00fablica.<\/p>\n<h4 style=\"text-align: left;\"><span style=\"color: #008000;\"><strong>4. Por quanto tempo seus dados pessoais ser\u00e3o armazenados<\/strong><\/span><\/h4>\n<p style=\"text-align: left;\">Os dados pessoais coletados pelo site s\u00e3o armazenados e utilizados por per\u00edodo de tempo que corresponda ao necess\u00e1rio para atingir as finalidades elencadas neste documento e que considere os direitos de seus titulares, os direitos do controlador do site e as disposi\u00e7\u00f5es legais ou regulat\u00f3rias aplic\u00e1veis.<\/p>\n<p style=\"text-align: left;\">Uma vez expirados os per\u00edodos de armazenamento dos dados pessoais, eles s\u00e3o removidos de nossas bases de dados ou anonimizados, salvo nos casos em que houver a possibilidade ou a necessidade de armazenamento em virtude de disposi\u00e7\u00e3o legal ou regulat\u00f3ria.<\/p>\n<h4 style=\"text-align: left;\"><strong><span style=\"color: #008000;\">5. Bases legais para o tratamento de dados pessoais<\/span><\/strong><\/h4>\n<p style=\"text-align: left;\">Uma base legal para o tratamento de dados pessoais nada mais \u00e9 que um<br \/>fundamento jur\u00eddico, previsto em lei, que o justifica. Assim, cada opera\u00e7\u00e3o de tratamento de dados pessoais precisa ter uma base legal a ela correspondente.<\/p>\n<p>N\u00f3s tratamos os dados pessoais de nossos usu\u00e1rios nas seguintes hip\u00f3teses:<\/p>\n<p>&#8211; Mediante o consentimento do titular dos dados pessoais;<br \/>&#8211; Para o cumprimento de obriga\u00e7\u00e3o legal ou regulat\u00f3ria pelo controlador;<br \/>&#8211; Para a execu\u00e7\u00e3o de contrato ou de procedimentos preliminares relacionados a contrato do qual seja parte o titular, a pedido do titular dos dados pessoais.<\/p>\n<p><strong>5.1. Consentimento<br \/><\/strong><br \/>Determinadas opera\u00e7\u00f5es de tratamento de dados pessoais realizadas em nosso site depender\u00e3o da pr\u00e9via concord\u00e2ncia do usu\u00e1rio, que dever\u00e1 manifest\u00e1-la de forma livre, informada e inequ\u00edvoca.<\/p>\n<p>O usu\u00e1rio poder\u00e1 revogar seu consentimento a qualquer momento, sendo que, n\u00e3o havendo hip\u00f3tese legal que permita ou que demande o armazenamento dos dados, os dados fornecidos mediante consentimento ser\u00e3o exclu\u00eddos.<\/p>\n<p>Al\u00e9m disso, se desejar, o usu\u00e1rio poder\u00e1 n\u00e3o concordar com alguma opera\u00e7\u00e3o de tratamento de dados pessoais baseada no consentimento. Nestes casos, por\u00e9m, \u00e9 poss\u00edvel que n\u00e3o possa utilizar alguma funcionalidade do site que dependa daquela opera\u00e7\u00e3o. As consequ\u00eancias da falta de consentimento para uma atividade espec\u00edfica s\u00e3o informadas previamente ao tratamento.<\/p>\n<p><strong>5.2. Cumprimento de obriga\u00e7\u00e3o legal ou regulat\u00f3ria pelo controlador<br \/><\/strong><br \/>Algumas opera\u00e7\u00f5es de tratamento de dados pessoais, sobretudo o armazenamento de dados, ser\u00e3o realizadas para que possamos cumprir obriga\u00e7\u00f5es previstas em lei ou em outras disposi\u00e7\u00f5es normativas aplic\u00e1veis \u00e0s nossas atividades.<\/p>\n<p><strong>5.3. Execu\u00e7\u00e3o de contrato<br \/><\/strong><br \/>Para a execu\u00e7\u00e3o de contrato de compra e venda ou de presta\u00e7\u00e3o de servi\u00e7os<br \/>eventualmente firmado entre o site e o usu\u00e1rio, poder\u00e3o ser coletados e<br \/>armazenados outros dados relacionados ou necess\u00e1rios a sua execu\u00e7\u00e3o, incluindo o teor de eventuais comunica\u00e7\u00f5es tidas com o usu\u00e1rio.<\/p>\n<h4 style=\"text-align: left;\"><strong><span style=\"color: #008000;\">6. Direitos do usu\u00e1rio<\/span><\/strong><\/h4>\n<p style=\"text-align: left;\">O usu\u00e1rio do site possui os seguintes direitos, conferidos pela Lei de Prote\u00e7\u00e3o de Dados Pessoais:<\/p>\n<p>&#8211; Confirma\u00e7\u00e3o da exist\u00eancia de tratamento;<br \/>&#8211; Acesso aos dados;<br \/>&#8211; Corre\u00e7\u00e3o de dados incompletos, inexatos ou desatualizados;<br \/>&#8211; Anonimiza\u00e7\u00e3o, bloqueio ou elimina\u00e7\u00e3o de dados desnecess\u00e1rios, excessivos ou tratados em desconformidade com o disposto na lei;<br \/>&#8211; Portabilidade dos dados a outro fornecedor de servi\u00e7o ou produto, mediante requisi\u00e7\u00e3o expressa, de acordo com a regulamenta\u00e7\u00e3o da autoridade nacional, observados os segredos comercial e industrial;<br \/>&#8211; Elimina\u00e7\u00e3o dos dados pessoais tratados com o consentimento do titular, exceto nos casos previstos em lei;<br \/>&#8211; Informa\u00e7\u00e3o das entidades p\u00fablicas e privadas com as quais o controlador<br \/>realizou uso compartilhado de dados;<br \/>&#8211; Informa\u00e7\u00e3o sobre a possibilidade de n\u00e3o fornecer consentimento e sobre as consequ\u00eancias da negativa;<br \/>&#8211; Revoga\u00e7\u00e3o do consentimento.<\/p>\n<p>\u00c9 importante destacar que, nos termos da LGPD, n\u00e3o existe um direito de elimina\u00e7\u00e3o de dados tratados com fundamento em bases legais distintas do consentimento, a menos que os dados seja desnecess\u00e1rios, excessivos ou tratados em desconformidade com o previsto na lei.<\/p>\n<p><strong>6.1. Como o titular pode exercer seus direitos<\/strong><\/p>\n<p>Para garantir que o usu\u00e1rio que pretende exercer seus direitos \u00e9, de fato, o titular dos dados pessoais objeto da requisi\u00e7\u00e3o, poderemos solicitar documentos ou outras informa\u00e7\u00f5es que possam auxiliar em sua correta identifica\u00e7\u00e3o, a fim de resguardar nossos direitos e os direitos de terceiros. Isto somente ser\u00e1 feito, por\u00e9m, se for absolutamente necess\u00e1rio, e o requerente receber\u00e1 todas as informa\u00e7\u00f5es relacionadas.<\/p>\n<h4 style=\"text-align: left;\"><strong><span style=\"color: #008000;\">7. Medidas de seguran\u00e7a no tratamento de dados pessoais<\/span><\/strong><\/h4>\n<p>Empregamos medidas t\u00e9cnicas e organizativas aptas a proteger os dados pessoais de acessos n\u00e3o autorizados e de situa\u00e7\u00f5es de destrui\u00e7\u00e3o, perda, extravio ou altera\u00e7\u00e3o desses dados.<\/p>\n<p>As medidas que utilizamos levam em considera\u00e7\u00e3o a natureza dos dados, o contexto e a finalidade do tratamento, os riscos que uma eventual viola\u00e7\u00e3o geraria para os direitos e liberdades do usu\u00e1rio, e os padr\u00f5es atualmente empregados no mercado por empresas semelhantes \u00e0 nossa.<\/p>\n<p>Entre as medidas de seguran\u00e7a adotadas por n\u00f3s, destacamos as seguintes:<\/p>\n<p>&#8211; Os dados de nossos usu\u00e1rios s\u00e3o armazenados em ambiente seguro;<br \/>&#8211; Limitamos o acesso aos dados de nossos usu\u00e1rios, de modo que terceiros n\u00e3o autorizados n\u00e3o possam acess\u00e1-los;<br \/>&#8211; Utilizamos certificado SSL (Secure Socket Layer), de modo que a transmiss\u00e3o de dados entre os dispositivos dos usu\u00e1rios e nossos servidores aconte\u00e7a de forma criptografada;<br \/>&#8211; Mantemos registros de todos aqueles que t\u00eam, de alguma forma, contato com nossos dados.<\/p>\n<p>Ainda que adote tudo o que est\u00e1 ao seu alcance para evitar incidentes de<br \/>seguran\u00e7a, \u00e9 poss\u00edvel que ocorra algum problema motivado exclusivamente por um terceiro &#8211; como em caso de ataques de hackers ou crackers ou, ainda, em caso de culpa exclusiva do usu\u00e1rio, que ocorre, por exemplo, quando ele mesmo transfere seus dados a terceiro. Assim, embora sejamos, em geral, respons\u00e1veis pelos dados pessoais que tratamos, nos eximimos de responsabilidade caso ocorra uma situa\u00e7\u00e3o excepcional como essas, sobre as quais n\u00e3o temos nenhum tipo de controle.<\/p>\n<p>De qualquer forma, caso ocorra qualquer tipo de incidente de seguran\u00e7a que possa gerar risco ou dano relevante para qualquer de nossos usu\u00e1rios, comunicaremos os afetados e a Autoridade Nacional de Prote\u00e7\u00e3o de Dados acerca do ocorrido, em conformidade com o disposto na<span style=\"color: #008000;\"><strong><a href=\"http:\/\/www.planalto.gov.br\/ccivil_03\/_ato2015-2018\/2018\/lei\/l13709.htm\" target=\"_blank\" rel=\"noopener noreferrer\"> Lei Geral de Prote\u00e7\u00e3o de Dados<\/a>.<\/strong><\/span><\/p>\n<h4 style=\"text-align: left;\"><strong><span style=\"color: #008000;\">8. Reclama\u00e7\u00e3o a uma autoridade de controle<\/span><\/strong><\/h4>\n<p>Sem preju\u00edzo de qualquer outra via de recurso administrativo ou judicial, os titulares de dados pessoais que se sentirem, de qualquer forma, lesados, podem apresentar reclama\u00e7\u00e3o \u00e0 Autoridade Nacional de Prote\u00e7\u00e3o de Dados.<\/p>\n<h4 style=\"text-align: left;\"><strong><span style=\"color: #008000;\">9. Altera\u00e7\u00f5es nesta pol\u00edtica<\/span><\/strong><\/h4>\n<p>A presente vers\u00e3o desta Pol\u00edtica de Privacidade foi atualizada pela \u00faltima vez em: 06\/10\/2020.<br \/>Nos reservamos o direito de modificar, a qualquer momento, as presentes normas, especialmente para adapt\u00e1-las \u00e0s eventuais altera\u00e7\u00f5es feitas em nosso site, seja pela disponibiliza\u00e7\u00e3o de novas funcionalidades, seja pela supress\u00e3o ou modifica\u00e7\u00e3o daquelas j\u00e1 existentes.<br \/>Sempre que houver uma modifi\u00e7\u00e3o, nossos usu\u00e1rios ser\u00e3o notificados acerca da mudan\u00e7a.<\/p>\n<h4 style=\"text-align: left;\"><strong><span style=\"color: #008000;\">10. Como entrar em contato conosco<\/span><\/strong><\/h4>\n<p>Para esclarecer quaisquer d\u00favidas sobre esta Pol\u00edtica de Privacidade ou sobre os dados pessoais que tratamos, entre em contato com nosso Encarregado de Prote\u00e7\u00e3o de Dados Pessoais, por algum dos canais mencionados abaixo:<br \/><span style=\"color: #008000;\"><strong>E-mail: faleconosco@docelimaoloja.com.br<\/strong><\/span><br \/><span style=\"color: #008000;\"><strong>Telefone: (11) 98867-6477<\/strong><\/span><br \/><span style=\"color: #008000;\"><strong>Endere\u00e7o postal: Rua Machado Bittencourt, 205 &#8211; S\u00e3o Paulo &#8211; CEP 04044-000<\/strong><\/span><\/p>\n\n\n<p><\/p>","protected":false},"excerpt":{"rendered":"<p>POL\u00cdTICA DE PRIVACIDADE &#8211; LOJA DOCE LIM\u00c3O Este site \u00e9 mantido e operado por Loja Virtual Doce Lim\u00e3o.N\u00f3s coletamos e utilizamos alguns dados pessoais que pertencem \u00e0queles que utilizam nosso site. Ao faz\u00ea-lo, agimos na qualidade de controlador desses dados e estamos sujeitos \u00e0s disposi\u00e7\u00f5es da Lei Federal n. 13.709\/2018<\/p>","protected":false},"author":1,"featured_media":0,"parent":0,"menu_order":0,"comment_status":"closed","ping_status":"open","template":"","meta":{"footnotes":""},"class_list":["post-3","page","type-page","status-publish","hentry"],"yoast_head":"<!-- This site is optimized with the Yoast SEO plugin v27.5 - https:\/\/yoast.com\/product\/yoast-seo-wordpress\/ -->\n<title>Pol\u00edtica de Privacidade - Loja Doce Limao<\/title>\n<meta name=\"description\" content=\"Pol\u00edtica de privacidade da Loja Virtual Doce Lim\u00e3o em de acordo com a Lei Geral de Prote\u00e7\u00e3o de Dados.\" \/>\n<meta name=\"robots\" content=\"index, follow, max-snippet:-1, max-image-preview:large, max-video-preview:-1\" \/>\n<link rel=\"canonical\" href=\"https:\/\/docelimaoloja.com.br\/en\/politicadeprivacidade\/\" \/>\n<meta property=\"og:locale\" content=\"en_US\" \/>\n<meta property=\"og:type\" content=\"article\" \/>\n<meta property=\"og:title\" content=\"Pol\u00edtica de Privacidade - Loja Doce Limao\" \/>\n<meta property=\"og:description\" content=\"Pol\u00edtica de privacidade da Loja Virtual Doce Lim\u00e3o em de acordo com a Lei Geral de Prote\u00e7\u00e3o de Dados.\" \/>\n<meta property=\"og:url\" content=\"https:\/\/docelimaoloja.com.br\/en\/politicadeprivacidade\/\" \/>\n<meta property=\"og:site_name\" content=\"Loja Doce Limao\" \/>\n<meta property=\"article:modified_time\" content=\"2020-10-13T15:27:34+00:00\" \/>\n<meta name=\"twitter:card\" content=\"summary_large_image\" \/>\n<meta name=\"twitter:label1\" content=\"Est. reading time\" \/>\n\t<meta name=\"twitter:data1\" content=\"9 minutes\" \/>\n<script type=\"application\/ld+json\" class=\"yoast-schema-graph\">{\"@context\":\"https:\\\/\\\/schema.org\",\"@graph\":[{\"@type\":\"WebPage\",\"@id\":\"https:\\\/\\\/docelimaoloja.com.br\\\/politicadeprivacidade\\\/\",\"url\":\"https:\\\/\\\/docelimaoloja.com.br\\\/politicadeprivacidade\\\/\",\"name\":\"Pol\u00edtica de Privacidade - Loja Doce Limao\",\"isPartOf\":{\"@id\":\"https:\\\/\\\/docelimaoloja.com.br\\\/#website\"},\"datePublished\":\"2020-08-11T15:57:19+00:00\",\"dateModified\":\"2020-10-13T15:27:34+00:00\",\"description\":\"Pol\u00edtica de privacidade da Loja Virtual Doce Lim\u00e3o em de acordo com a Lei Geral de Prote\u00e7\u00e3o de Dados.\",\"breadcrumb\":{\"@id\":\"https:\\\/\\\/docelimaoloja.com.br\\\/politicadeprivacidade\\\/#breadcrumb\"},\"inLanguage\":\"en-US\",\"potentialAction\":[{\"@type\":\"ReadAction\",\"target\":[\"https:\\\/\\\/docelimaoloja.com.br\\\/politicadeprivacidade\\\/\"]}]},{\"@type\":\"BreadcrumbList\",\"@id\":\"https:\\\/\\\/docelimaoloja.com.br\\\/politicadeprivacidade\\\/#breadcrumb\",\"itemListElement\":[{\"@type\":\"ListItem\",\"position\":1,\"name\":\"In\u00edcio\",\"item\":\"https:\\\/\\\/docelimaoloja.com.br\\\/\"},{\"@type\":\"ListItem\",\"position\":2,\"name\":\"Pol\u00edtica de Privacidade\"}]},{\"@type\":\"WebSite\",\"@id\":\"https:\\\/\\\/docelimaoloja.com.br\\\/#website\",\"url\":\"https:\\\/\\\/docelimaoloja.com.br\\\/\",\"name\":\"Loja Doce Limao\",\"description\":\"Loja Natural\",\"publisher\":{\"@id\":\"https:\\\/\\\/docelimaoloja.com.br\\\/#organization\"},\"potentialAction\":[{\"@type\":\"SearchAction\",\"target\":{\"@type\":\"EntryPoint\",\"urlTemplate\":\"https:\\\/\\\/docelimaoloja.com.br\\\/?s={search_term_string}\"},\"query-input\":{\"@type\":\"PropertyValueSpecification\",\"valueRequired\":true,\"valueName\":\"search_term_string\"}}],\"inLanguage\":\"en-US\"},{\"@type\":\"Organization\",\"@id\":\"https:\\\/\\\/docelimaoloja.com.br\\\/#organization\",\"name\":\"Loja Doce Limao\",\"url\":\"https:\\\/\\\/docelimaoloja.com.br\\\/\",\"logo\":{\"@type\":\"ImageObject\",\"inLanguage\":\"en-US\",\"@id\":\"https:\\\/\\\/docelimaoloja.com.br\\\/#\\\/schema\\\/logo\\\/image\\\/\",\"url\":\"https:\\\/\\\/docelimaoloja.com.br\\\/wp-content\\\/uploads\\\/2020\\\/08\\\/logo-doce-limao.png\",\"contentUrl\":\"https:\\\/\\\/docelimaoloja.com.br\\\/wp-content\\\/uploads\\\/2020\\\/08\\\/logo-doce-limao.png\",\"width\":1280,\"height\":653,\"caption\":\"Loja Doce Limao\"},\"image\":{\"@id\":\"https:\\\/\\\/docelimaoloja.com.br\\\/#\\\/schema\\\/logo\\\/image\\\/\"}}]}<\/script>\n<!-- \/ Yoast SEO plugin. -->","yoast_head_json":{"title":"Pol\u00edtica de Privacidade - Loja Doce Limao","description":"Pol\u00edtica de privacidade da Loja Virtual Doce Lim\u00e3o em de acordo com a Lei Geral de Prote\u00e7\u00e3o de Dados.","robots":{"index":"index","follow":"follow","max-snippet":"max-snippet:-1","max-image-preview":"max-image-preview:large","max-video-preview":"max-video-preview:-1"},"canonical":"https:\/\/docelimaoloja.com.br\/en\/politicadeprivacidade\/","og_locale":"en_US","og_type":"article","og_title":"Pol\u00edtica de Privacidade - Loja Doce Limao","og_description":"Pol\u00edtica de privacidade da Loja Virtual Doce Lim\u00e3o em de acordo com a Lei Geral de Prote\u00e7\u00e3o de Dados.","og_url":"https:\/\/docelimaoloja.com.br\/en\/politicadeprivacidade\/","og_site_name":"Loja Doce Limao","article_modified_time":"2020-10-13T15:27:34+00:00","twitter_card":"summary_large_image","twitter_misc":{"Est. reading time":"9 minutes"},"schema":{"@context":"https:\/\/schema.org","@graph":[{"@type":"WebPage","@id":"https:\/\/docelimaoloja.com.br\/politicadeprivacidade\/","url":"https:\/\/docelimaoloja.com.br\/politicadeprivacidade\/","name":"Pol\u00edtica de Privacidade - Loja Doce Limao","isPartOf":{"@id":"https:\/\/docelimaoloja.com.br\/#website"},"datePublished":"2020-08-11T15:57:19+00:00","dateModified":"2020-10-13T15:27:34+00:00","description":"Pol\u00edtica de privacidade da Loja Virtual Doce Lim\u00e3o em de acordo com a Lei Geral de Prote\u00e7\u00e3o de Dados.","breadcrumb":{"@id":"https:\/\/docelimaoloja.com.br\/politicadeprivacidade\/#breadcrumb"},"inLanguage":"en-US","potentialAction":[{"@type":"ReadAction","target":["https:\/\/docelimaoloja.com.br\/politicadeprivacidade\/"]}]},{"@type":"BreadcrumbList","@id":"https:\/\/docelimaoloja.com.br\/politicadeprivacidade\/#breadcrumb","itemListElement":[{"@type":"ListItem","position":1,"name":"In\u00edcio","item":"https:\/\/docelimaoloja.com.br\/"},{"@type":"ListItem","position":2,"name":"Pol\u00edtica de Privacidade"}]},{"@type":"WebSite","@id":"https:\/\/docelimaoloja.com.br\/#website","url":"https:\/\/docelimaoloja.com.br\/","name":"Loja Doce Limao","description":"Loja Natural","publisher":{"@id":"https:\/\/docelimaoloja.com.br\/#organization"},"potentialAction":[{"@type":"SearchAction","target":{"@type":"EntryPoint","urlTemplate":"https:\/\/docelimaoloja.com.br\/?s={search_term_string}"},"query-input":{"@type":"PropertyValueSpecification","valueRequired":true,"valueName":"search_term_string"}}],"inLanguage":"en-US"},{"@type":"Organization","@id":"https:\/\/docelimaoloja.com.br\/#organization","name":"Loja Doce Limao","url":"https:\/\/docelimaoloja.com.br\/","logo":{"@type":"ImageObject","inLanguage":"en-US","@id":"https:\/\/docelimaoloja.com.br\/#\/schema\/logo\/image\/","url":"https:\/\/docelimaoloja.com.br\/wp-content\/uploads\/2020\/08\/logo-doce-limao.png","contentUrl":"https:\/\/docelimaoloja.com.br\/wp-content\/uploads\/2020\/08\/logo-doce-limao.png","width":1280,"height":653,"caption":"Loja Doce Limao"},"image":{"@id":"https:\/\/docelimaoloja.com.br\/#\/schema\/logo\/image\/"}}]}},"_links":{"self":[{"href":"https:\/\/docelimaoloja.com.br\/en\/wp-json\/wp\/v2\/pages\/3","targetHints":{"allow":["GET"]}}],"collection":[{"href":"https:\/\/docelimaoloja.com.br\/en\/wp-json\/wp\/v2\/pages"}],"about":[{"href":"https:\/\/docelimaoloja.com.br\/en\/wp-json\/wp\/v2\/types\/page"}],"author":[{"embeddable":true,"href":"https:\/\/docelimaoloja.com.br\/en\/wp-json\/wp\/v2\/users\/1"}],"replies":[{"embeddable":true,"href":"https:\/\/docelimaoloja.com.br\/en\/wp-json\/wp\/v2\/comments?post=3"}],"version-history":[{"count":0,"href":"https:\/\/docelimaoloja.com.br\/en\/wp-json\/wp\/v2\/pages\/3\/revisions"}],"wp:attachment":[{"href":"https:\/\/docelimaoloja.com.br\/en\/wp-json\/wp\/v2\/media?parent=3"}],"curies":[{"name":"wp","href":"https:\/\/api.w.org\/{rel}","templated":true}]}}